{"id":28,"date":"2022-12-07T14:49:46","date_gmt":"2022-12-07T14:49:46","guid":{"rendered":"https:\/\/www.santafe.gob.ar\/ms\/aeropuerto-sauce-viejo\/?page_id=28"},"modified":"2025-12-07T18:04:09","modified_gmt":"2025-12-07T21:04:09","slug":"visitas-institucionales","status":"publish","type":"page","link":"https:\/\/www.santafe.gob.ar\/ms\/aeropuerto-sauce-viejo\/visitas-institucionales\/","title":{"rendered":"Visitas Institucionales"},"content":{"rendered":"\r\n<div class=\"wp-block-columns is-layout-flex wp-container-core-columns-is-layout-9d6595d7 wp-block-columns-is-layout-flex\">\r\n<div class=\"wp-block-column is-layout-flow wp-block-column-is-layout-flow\">\r\n<figure class=\"wp-block-image size-full\"><img decoding=\"async\" class=\"wp-image-122\" src=\"http:\/\/marcaviral.com.ar\/wp-content\/uploads\/2022\/07\/visitas.jpg\" alt=\"\" \/><\/figure>\r\n\r\n\r\n\r\n<h3 class=\"wp-block-heading\">Aeropuerto abierto a la comunidad.<\/h3>\r\n\r\n\r\n Si form\u00e1s parte de una organizaci\u00f3n social o instituci\u00f3n educativa y quer\u00e9s conocer el funcionamiento del <strong>Aeropuerto Sauce Viejo<\/strong>, complet\u00e1 el formulario y luego nos comunicaremos para coordinar una visita guiada. <\/div>\r\n\r\n\r\n\r\n<div class=\"wp-block-column is-layout-flow wp-block-column-is-layout-flow\">\r\n<div class=\"wp-block-contact-form-7-contact-form-selector\">\n<div class=\"wpcf7 no-js\" id=\"wpcf7-f193-o1\" lang=\"es-ES\" dir=\"ltr\" data-wpcf7-id=\"193\">\n<div class=\"screen-reader-response\"><p role=\"status\" aria-live=\"polite\" aria-atomic=\"true\"><\/p> <ul><\/ul><\/div>\n<form action=\"\/ms\/aeropuerto-sauce-viejo\/wp-json\/wp\/v2\/pages\/28#wpcf7-f193-o1\" method=\"post\" class=\"wpcf7-form init\" aria-label=\"Formulario de contacto\" novalidate=\"novalidate\" data-status=\"init\">\n<fieldset class=\"hidden-fields-container\"><input type=\"hidden\" name=\"_wpcf7\" value=\"193\" \/><input type=\"hidden\" name=\"_wpcf7_version\" value=\"6.1.5\" \/><input type=\"hidden\" name=\"_wpcf7_locale\" value=\"es_ES\" \/><input type=\"hidden\" name=\"_wpcf7_unit_tag\" value=\"wpcf7-f193-o1\" \/><input type=\"hidden\" name=\"_wpcf7_container_post\" value=\"0\" \/><input type=\"hidden\" name=\"_wpcf7_posted_data_hash\" value=\"\" \/>\n<\/fieldset>\n<div style=\"background-color:#0171bb;text-transform:uppercase;padding: 20px;\">\n\t<p><label> NOMBRE Y APELLIDO*<br \/>\n<span class=\"wpcf7-form-control-wrap\" data-name=\"nombre\"><input size=\"40\" maxlength=\"400\" class=\"wpcf7-form-control wpcf7-text wpcf7-validates-as-required\" aria-required=\"true\" aria-invalid=\"false\" value=\"\" type=\"text\" name=\"nombre\" \/><\/span> <\/label>\n\t<\/p>\n\t<p><label> EMAIL*<br \/>\n<span class=\"wpcf7-form-control-wrap\" data-name=\"email\"><input size=\"40\" maxlength=\"400\" class=\"wpcf7-form-control wpcf7-email wpcf7-validates-as-required wpcf7-text wpcf7-validates-as-email\" aria-required=\"true\" aria-invalid=\"false\" value=\"\" type=\"email\" name=\"email\" \/><\/span> <\/label>\n\t<\/p>\n\t<p><label> TEL\u00c9FONO*<br \/>\n<span class=\"wpcf7-form-control-wrap\" data-name=\"telefono\"><input size=\"40\" maxlength=\"400\" class=\"wpcf7-form-control wpcf7-tel wpcf7-text wpcf7-validates-as-tel\" aria-invalid=\"false\" value=\"\" type=\"tel\" name=\"telefono\" \/><\/span> <\/label>\n\t<\/p>\n\t<p><label> INSTITUCI\u00d3N<br \/>\n<span class=\"wpcf7-form-control-wrap\" data-name=\"institucion\"><input size=\"40\" maxlength=\"400\" class=\"wpcf7-form-control wpcf7-text\" aria-invalid=\"false\" value=\"\" type=\"text\" name=\"institucion\" \/><\/span> <\/label>\n\t<\/p>\n\t<p><label> FECHA DE RESERVA<br \/>\n<span class=\"wpcf7-form-control-wrap\" data-name=\"reserva\"><input class=\"wpcf7-form-control wpcf7-date wpcf7-validates-as-date\" aria-invalid=\"false\" value=\"\" type=\"date\" name=\"reserva\" \/><\/span> <\/label>\n\t<\/p>\n\t<p><input class=\"wpcf7-form-control wpcf7-submit has-spinner\" type=\"submit\" value=\"Enviar\" \/>\n\t<\/p>\n<\/div><div class=\"wpcf7-response-output\" aria-hidden=\"true\"><\/div>\n<\/form>\n<\/div>\n<\/div>\r\n<\/div>\r\n<\/div>\r\n","protected":false},"excerpt":{"rendered":"<p>Aeropuerto abierto a la comunidad. Si form\u00e1s parte de una organizaci\u00f3n social o instituci\u00f3n educativa y quer\u00e9s conocer el funcionamiento del Aeropuerto Sauce Viejo, complet\u00e1 [&hellip;]<\/p>\n","protected":false},"author":85734,"featured_media":0,"parent":0,"menu_order":0,"comment_status":"closed","ping_status":"closed","template":"","meta":{"_acf_changed":false,"footnotes":""},"class_list":["post-28","page","type-page","status-publish","hentry"],"acf":[],"_links":{"self":[{"href":"https:\/\/www.santafe.gob.ar\/ms\/aeropuerto-sauce-viejo\/wp-json\/wp\/v2\/pages\/28","targetHints":{"allow":["GET"]}}],"collection":[{"href":"https:\/\/www.santafe.gob.ar\/ms\/aeropuerto-sauce-viejo\/wp-json\/wp\/v2\/pages"}],"about":[{"href":"https:\/\/www.santafe.gob.ar\/ms\/aeropuerto-sauce-viejo\/wp-json\/wp\/v2\/types\/page"}],"author":[{"embeddable":true,"href":"https:\/\/www.santafe.gob.ar\/ms\/aeropuerto-sauce-viejo\/wp-json\/wp\/v2\/users\/85734"}],"replies":[{"embeddable":true,"href":"https:\/\/www.santafe.gob.ar\/ms\/aeropuerto-sauce-viejo\/wp-json\/wp\/v2\/comments?post=28"}],"version-history":[{"count":2,"href":"https:\/\/www.santafe.gob.ar\/ms\/aeropuerto-sauce-viejo\/wp-json\/wp\/v2\/pages\/28\/revisions"}],"predecessor-version":[{"id":195,"href":"https:\/\/www.santafe.gob.ar\/ms\/aeropuerto-sauce-viejo\/wp-json\/wp\/v2\/pages\/28\/revisions\/195"}],"wp:attachment":[{"href":"https:\/\/www.santafe.gob.ar\/ms\/aeropuerto-sauce-viejo\/wp-json\/wp\/v2\/media?parent=28"}],"curies":[{"name":"wp","href":"https:\/\/api.w.org\/{rel}","templated":true}]}}