{"id":8,"date":"2022-12-07T14:44:40","date_gmt":"2022-12-07T14:44:40","guid":{"rendered":"https:\/\/www.santafe.gob.ar\/ms\/aeropuerto-sauce-viejo\/?page_id=8"},"modified":"2025-12-07T18:03:51","modified_gmt":"2025-12-07T21:03:51","slug":"quienes-somos","status":"publish","type":"page","link":"https:\/\/www.santafe.gob.ar\/ms\/aeropuerto-sauce-viejo\/quienes-somos\/","title":{"rendered":"\u00bfQui\u00e9nes somos?"},"content":{"rendered":"<p>El\u00a0<b>Aeropuerto Sauce Viejo<\/b>, es patrimonio del Gobierno de la Provincia de Santa Fe y es administrado por un Directorio (Ley N\u00b0 13.704).<br \/>\nOrg\u00e1nicamente act\u00faa bajo la \u00f3rbita del Ministerio de Desarrollo Productivo, dentro de la Secretar\u00eda de Transporte.<\/p>\n<h2 class=\"title-single\">Misi\u00f3n y valores<\/h2>\n<p>El ASV busca la mejora permanente de la calidad de su servicio, aportando\u00a0<b>innovaci\u00f3n tecnol\u00f3gica, seguridad y experiencias que superen las expectativas del pasajero,<\/b>\u00a0a trav\u00e9s del compromiso con la calidad, mejorando la infraestructura en el \u00e1mbito del transporte a\u00e9reo, y fortaleciendo los conocimientos en forma continua para responder eficientemente a las necesidades de los diferentes actores de la industria aerocomercial del pa\u00eds y del mundo.<\/p>\n<h2 class=\"title-single\">Autoridades del aeropuerto<\/h2>\n<p>Dra. Gisela Riuli &#8211; Presidente del directorio<br \/>\nCPN Carlos Rafaelli &#8211; En representaci\u00f3n del Sector Privado &#8211; Comercial<br \/>\nDra. Mar\u00eda Eugenia Gonz\u00e1lez- En representaci\u00f3n de la Municipalidad de Santa Fe.<br \/>\nLic. Emanuel Haqu\u00edn &#8211; En representaci\u00f3n de la Municipalidad de Santo Tom\u00e9.<\/p>\n<p>Conformaci\u00f3n de la\u00a0<b>Comunidad Aeroportuaria,<\/b>\u00a0junto a organismos nacionales:<br \/>\nANAC &#8211; Administraci\u00f3n Nacional de Aviaci\u00f3n Civil. Jefe de Aeropuerto: Sr. Alejo Gustavo Carlen<br \/>\nEANA SE &#8211; Empresa Argentina de Navegaci\u00f3n A\u00e9rea. Jefe: Sr. Gast\u00f3n Andreani<br \/>\nPSA &#8211; Polic\u00eda de Seguridad Aeroportuaria. Jefe de Unidad Operacional Sauce Viejo: Insp. Diego Maldonado<\/p>\n","protected":false},"excerpt":{"rendered":"<p>El\u00a0Aeropuerto Sauce Viejo, es patrimonio del Gobierno de la Provincia de Santa Fe y es administrado por un Directorio (Ley N\u00b0 13.704). Org\u00e1nicamente act\u00faa bajo [&hellip;]<\/p>\n","protected":false},"author":85734,"featured_media":0,"parent":0,"menu_order":0,"comment_status":"closed","ping_status":"closed","template":"","meta":{"_acf_changed":false,"footnotes":""},"class_list":["post-8","page","type-page","status-publish","hentry"],"acf":[],"_links":{"self":[{"href":"https:\/\/www.santafe.gob.ar\/ms\/aeropuerto-sauce-viejo\/wp-json\/wp\/v2\/pages\/8","targetHints":{"allow":["GET"]}}],"collection":[{"href":"https:\/\/www.santafe.gob.ar\/ms\/aeropuerto-sauce-viejo\/wp-json\/wp\/v2\/pages"}],"about":[{"href":"https:\/\/www.santafe.gob.ar\/ms\/aeropuerto-sauce-viejo\/wp-json\/wp\/v2\/types\/page"}],"author":[{"embeddable":true,"href":"https:\/\/www.santafe.gob.ar\/ms\/aeropuerto-sauce-viejo\/wp-json\/wp\/v2\/users\/85734"}],"replies":[{"embeddable":true,"href":"https:\/\/www.santafe.gob.ar\/ms\/aeropuerto-sauce-viejo\/wp-json\/wp\/v2\/comments?post=8"}],"version-history":[{"count":7,"href":"https:\/\/www.santafe.gob.ar\/ms\/aeropuerto-sauce-viejo\/wp-json\/wp\/v2\/pages\/8\/revisions"}],"predecessor-version":[{"id":261,"href":"https:\/\/www.santafe.gob.ar\/ms\/aeropuerto-sauce-viejo\/wp-json\/wp\/v2\/pages\/8\/revisions\/261"}],"wp:attachment":[{"href":"https:\/\/www.santafe.gob.ar\/ms\/aeropuerto-sauce-viejo\/wp-json\/wp\/v2\/media?parent=8"}],"curies":[{"name":"wp","href":"https:\/\/api.w.org\/{rel}","templated":true}]}}