{"id":128,"date":"2024-11-29T20:29:52","date_gmt":"2024-11-29T23:29:52","guid":{"rendered":"https:\/\/www.santafe.gob.ar\/ms\/apsv\/?page_id=128"},"modified":"2025-08-09T17:12:19","modified_gmt":"2025-08-09T15:12:19","slug":"cursos-y-capacitaciones","status":"publish","type":"page","link":"https:\/\/www.santafe.gob.ar\/ms\/apsv\/cursos-y-capacitaciones\/","title":{"rendered":"Cursos y capacitaciones"},"content":{"rendered":"\n<main class=\"wp-block-group data-page_home is-layout-constrained wp-block-group-is-layout-constrained\" style=\"margin-top:125px;padding-top:0\">\n<div class=\"wp-block-group alignfull hero px-1rem-mob has-alternativo-color has-custom-4-d-4862-background-color has-text-color has-background has-link-color has-x-large-font-size wp-elements-0365e2de57a2547e2d1bc06dd8d2f033 is-layout-constrained wp-container-core-group-is-layout-4009fe68 wp-block-group-is-layout-constrained\" style=\"margin-top:0;margin-bottom:0;padding-top:75px;padding-right:0;padding-bottom:75px;padding-left:0\">\n<h1 class=\"wp-block-heading alignwide has-text-align-left has-3-x-large-font-size\" style=\"letter-spacing:-0.02em\">Cursos y capacitaciones<\/h1>\n<\/div>\n\n\n\n<section class=\"wp-block-group alignfull has-texto-color has-alternativo-background-color has-text-color has-background has-link-color wp-elements-f7baebc5c7d930e8dc9d669a5055bd90 is-content-justification-center is-layout-constrained wp-block-group-is-layout-constrained\" style=\"padding-top:50px;padding-bottom:50px\">\n<div class=\"wp-block-columns alignwide is-layout-flex wp-container-core-columns-is-layout-f5a44f5b wp-block-columns-is-layout-flex\">\n<div class=\"wp-block-column is-layout-flow wp-container-core-column-is-layout-5dafc681 wp-block-column-is-layout-flow\" style=\"flex-basis:40%\">\n<h2 class=\"wp-block-heading has-custom-4-d-4862-color has-text-color has-link-color has-x-large-font-size wp-elements-12ddfe524bce8c95173684446696826b\">Capacitaciones de la Agencia Provincial de Seguridad Vial<\/h2>\n<\/div>\n\n\n\n<div class=\"wp-block-column is-layout-flow wp-container-core-column-is-layout-9f77543f wp-block-column-is-layout-flow\" style=\"flex-basis:60%\">\n<p>La capacitaci\u00f3n de actores clave vinculados con la tem\u00e1tica de la seguridad vial es una tarea fundamental que lleva adelante la Agencia Provincial de Seguridad Vial desde sus inicios en el a\u00f1o 2008.<\/p>\n\n\n\n<p>De esta manera, se realizan jornadas de capacitaci\u00f3n para distintos actores que permitan fortalecer aptitudes, actualizar informaci\u00f3n y profesionalizar la tarea cotidiana.<\/p>\n\n\n\n<p>El objetivo es que municipios y comunas y los distintos grupos de actores cumplan con procedimientos uniformes, armonicen criterios y aborden la tem\u00e1tica vial en forma integral y multidisciplinaria. Se pretende adem\u00e1s fortalecer la funci\u00f3n social de los actores que intervienen en los procesos de construcci\u00f3n de una nueva cultura vial como garantes del respeto a las leyes y normas que ordenan la v\u00eda p\u00fablica y permiten una convivencia social m\u00e1s justa.<\/p>\n\n\n\n<p>La APSV brinda capacitaciones destinadas a:<\/p>\n\n\n\n<ul class=\"wp-block-list\">\n<li>Inspectores de tr\u00e1nsito<\/li>\n\n\n\n<li>Funcionarios de municipios y comunas<\/li>\n\n\n\n<li>Agentes de fiscalizaci\u00f3n y control<\/li>\n\n\n\n<li>Jueces de faltas<\/li>\n\n\n\n<li>Personal de los centros de emisi\u00f3n de licencia de conducir<\/li>\n\n\n\n<li>Comunicadores sociales y trabajadores de los medios<\/li>\n\n\n\n<li>Docentes (en conjunto con el Ministerio de Educaci\u00f3n)<\/li>\n\n\n\n<li>Personal de empresas<\/li>\n<\/ul>\n\n\n\n<p>Para solicitar alguna de estas capacitaciones comunicarse con el equipo de profesionales de APSV a formacionycomunicacionapsv@gmail.com o comunicacionsv@santafe.gov.ar<\/p>\n<\/div>\n<\/div>\n<\/section>\n<\/main>\n","protected":false},"excerpt":{"rendered":"<p>Cursos y capacitaciones Capacitaciones de la Agencia Provincial de Seguridad Vial La capacitaci\u00f3n de actores clave vinculados con la tem\u00e1tica de la seguridad vial es una tarea fundamental que lleva adelante la Agencia Provincial de Seguridad Vial desde sus inicios en el a\u00f1o 2008. De esta manera, se realizan jornadas de capacitaci\u00f3n para distintos actores [&hellip;]<\/p>\n","protected":false},"author":2,"featured_media":0,"parent":0,"menu_order":0,"comment_status":"closed","ping_status":"closed","template":"","meta":{"_acf_changed":false,"footnotes":""},"class_list":["post-128","page","type-page","status-publish","hentry"],"acf":[],"_links":{"self":[{"href":"https:\/\/www.santafe.gob.ar\/ms\/apsv\/wp-json\/wp\/v2\/pages\/128","targetHints":{"allow":["GET"]}}],"collection":[{"href":"https:\/\/www.santafe.gob.ar\/ms\/apsv\/wp-json\/wp\/v2\/pages"}],"about":[{"href":"https:\/\/www.santafe.gob.ar\/ms\/apsv\/wp-json\/wp\/v2\/types\/page"}],"author":[{"embeddable":true,"href":"https:\/\/www.santafe.gob.ar\/ms\/apsv\/wp-json\/wp\/v2\/users\/2"}],"replies":[{"embeddable":true,"href":"https:\/\/www.santafe.gob.ar\/ms\/apsv\/wp-json\/wp\/v2\/comments?post=128"}],"version-history":[{"count":3,"href":"https:\/\/www.santafe.gob.ar\/ms\/apsv\/wp-json\/wp\/v2\/pages\/128\/revisions"}],"predecessor-version":[{"id":618,"href":"https:\/\/www.santafe.gob.ar\/ms\/apsv\/wp-json\/wp\/v2\/pages\/128\/revisions\/618"}],"wp:attachment":[{"href":"https:\/\/www.santafe.gob.ar\/ms\/apsv\/wp-json\/wp\/v2\/media?parent=128"}],"curies":[{"name":"wp","href":"https:\/\/api.w.org\/{rel}","templated":true}]}}