{"id":148,"date":"2024-11-29T20:43:27","date_gmt":"2024-11-29T23:43:27","guid":{"rendered":"https:\/\/www.santafe.gob.ar\/ms\/apsv\/?page_id=148"},"modified":"2025-08-09T17:10:42","modified_gmt":"2025-08-09T15:10:42","slug":"controles","status":"publish","type":"page","link":"https:\/\/www.santafe.gob.ar\/ms\/apsv\/controles\/","title":{"rendered":"Controles"},"content":{"rendered":"\n<main class=\"wp-block-group data-page_home is-layout-constrained wp-block-group-is-layout-constrained\" style=\"margin-top:125px;padding-top:0\">\n<div class=\"wp-block-group alignfull hero px-1rem-mob has-alternativo-color has-custom-4-d-4862-background-color has-text-color has-background has-link-color has-x-large-font-size wp-elements-4291d8bfb4e8a069dc523fce3baaf710 is-layout-constrained wp-container-core-group-is-layout-4009fe68 wp-block-group-is-layout-constrained\" style=\"margin-top:0;margin-bottom:0;padding-top:75px;padding-right:0;padding-bottom:75px;padding-left:0\">\n<h1 class=\"wp-block-heading alignwide has-text-align-left has-3-x-large-font-size\" style=\"letter-spacing:-0.02em\">Controles<\/h1>\n<\/div>\n\n\n\n<section class=\"wp-block-group alignfull has-texto-color has-alternativo-background-color has-text-color has-background has-link-color wp-elements-dcab95f264d01355134ff583e1407fb8 is-content-justification-center is-layout-constrained wp-block-group-is-layout-constrained\" style=\"padding-top:50px;padding-bottom:50px\">\n<div class=\"wp-block-columns alignwide is-layout-flex wp-container-core-columns-is-layout-f5a44f5b wp-block-columns-is-layout-flex\">\n<div class=\"wp-block-column is-layout-flow wp-container-core-column-is-layout-5dafc681 wp-block-column-is-layout-flow\" style=\"flex-basis:40%\">\n<h2 class=\"wp-block-heading has-custom-4-d-4862-color has-text-color has-link-color has-x-large-font-size wp-elements-2579d4d57180aba6f1ca42b3f3b8a626\">Agencia Provincial de Seguridad Vial<\/h2>\n<\/div>\n\n\n\n<div class=\"wp-block-column is-layout-flow wp-container-core-column-is-layout-9f77543f wp-block-column-is-layout-flow\" style=\"flex-basis:60%\">\n<p>El&nbsp;<strong>Gobierno de la Provincia de Santa Fe<\/strong>&nbsp;considera como lineamiento estrat\u00e9gico de su gesti\u00f3n,&nbsp;<em>la<\/em>&nbsp;<em>implementaci\u00f3n de pol\u00edticas p\u00fablicas que garanticen la seguridad vial<\/em>&nbsp;y el tr\u00e1nsito en las rutas y caminos que atraviesan todo el territorio santafesino.<\/p>\n\n\n\n<p>La&nbsp;<strong>Agencia Provincial de Seguridad Vial<\/strong>, es la autoridad competente en todo aquello inherente a la fiscalizaci\u00f3n y juzgamiento de conductas infractoras a las leyes de tr\u00e1nsito y seguridad vial, cometidas en tramos de rutas nacionales y provinciales que atraviesan el territorio provincial.<\/p>\n\n\n\n<p><em>La Agencia Provincial de Seguridad Vial tiene la potestad de delegar la fiscalizaci\u00f3n y juzgamiento en Municipios y Comunas.<\/em><\/p>\n\n\n\n<p><a href=\"http:\/\/www.santafe.gob.ar\/index.php\/web\/content\/view\/full\/119883\/(subtema)\/93816\">http:\/\/www.santafe.gob.ar\/index.php\/web\/content\/view\/full\/119883\/(subtema)\/93816<\/a><\/p>\n<\/div>\n<\/div>\n<\/section>\n<\/main>\n","protected":false},"excerpt":{"rendered":"<p>Controles Agencia Provincial de Seguridad Vial El&nbsp;Gobierno de la Provincia de Santa Fe&nbsp;considera como lineamiento estrat\u00e9gico de su gesti\u00f3n,&nbsp;la&nbsp;implementaci\u00f3n de pol\u00edticas p\u00fablicas que garanticen la seguridad vial&nbsp;y el tr\u00e1nsito en las rutas y caminos que atraviesan todo el territorio santafesino. La&nbsp;Agencia Provincial de Seguridad Vial, es la autoridad competente en todo aquello inherente a la [&hellip;]<\/p>\n","protected":false},"author":2,"featured_media":0,"parent":0,"menu_order":0,"comment_status":"closed","ping_status":"closed","template":"","meta":{"_acf_changed":false,"footnotes":""},"class_list":["post-148","page","type-page","status-publish","hentry"],"acf":[],"_links":{"self":[{"href":"https:\/\/www.santafe.gob.ar\/ms\/apsv\/wp-json\/wp\/v2\/pages\/148","targetHints":{"allow":["GET"]}}],"collection":[{"href":"https:\/\/www.santafe.gob.ar\/ms\/apsv\/wp-json\/wp\/v2\/pages"}],"about":[{"href":"https:\/\/www.santafe.gob.ar\/ms\/apsv\/wp-json\/wp\/v2\/types\/page"}],"author":[{"embeddable":true,"href":"https:\/\/www.santafe.gob.ar\/ms\/apsv\/wp-json\/wp\/v2\/users\/2"}],"replies":[{"embeddable":true,"href":"https:\/\/www.santafe.gob.ar\/ms\/apsv\/wp-json\/wp\/v2\/comments?post=148"}],"version-history":[{"count":7,"href":"https:\/\/www.santafe.gob.ar\/ms\/apsv\/wp-json\/wp\/v2\/pages\/148\/revisions"}],"predecessor-version":[{"id":615,"href":"https:\/\/www.santafe.gob.ar\/ms\/apsv\/wp-json\/wp\/v2\/pages\/148\/revisions\/615"}],"wp:attachment":[{"href":"https:\/\/www.santafe.gob.ar\/ms\/apsv\/wp-json\/wp\/v2\/media?parent=148"}],"curies":[{"name":"wp","href":"https:\/\/api.w.org\/{rel}","templated":true}]}}