{"id":528,"date":"2024-11-29T18:15:05","date_gmt":"2024-11-29T21:15:05","guid":{"rendered":"https:\/\/www.santafe.gob.ar\/ms\/apsv\/?page_id=38"},"modified":"2025-08-09T17:11:12","modified_gmt":"2025-08-09T15:11:12","slug":"la-agencia","status":"publish","type":"page","link":"https:\/\/www.santafe.gob.ar\/ms\/apsv\/la-agencia\/","title":{"rendered":"La Agencia"},"content":{"rendered":"\n<main class=\"wp-block-group data-page_home is-layout-constrained wp-block-group-is-layout-constrained\" style=\"margin-top:125px;padding-top:0\">\n<div class=\"wp-block-group alignfull hero px-1rem-mob has-alternativo-color has-custom-4-d-4862-background-color has-text-color has-background has-link-color has-x-large-font-size wp-elements-9d2bd34e0492c8b3606d8f92043c4947 is-layout-constrained wp-container-core-group-is-layout-4009fe68 wp-block-group-is-layout-constrained\" style=\"margin-top:0;margin-bottom:0;padding-top:75px;padding-right:0;padding-bottom:75px;padding-left:0\">\n<h1 class=\"wp-block-heading alignwide has-text-align-left has-3-x-large-font-size\" style=\"letter-spacing:-0.02em\">La Agencia<\/h1>\n<\/div>\n\n\n\n<section class=\"wp-block-group alignfull has-texto-color has-alternativo-background-color has-text-color has-background has-link-color wp-elements-665fc76211f7d5832989be9ec46bcd6e is-content-justification-center is-layout-constrained wp-block-group-is-layout-constrained\" style=\"padding-top:50px;padding-bottom:50px\">\n<div class=\"wp-block-columns alignwide is-layout-flex wp-container-core-columns-is-layout-f5a44f5b wp-block-columns-is-layout-flex\">\n<div class=\"wp-block-column is-layout-flow wp-container-core-column-is-layout-5dafc681 wp-block-column-is-layout-flow\" style=\"flex-basis:40%\">\n<h2 class=\"wp-block-heading has-custom-4-d-4862-color has-text-color has-link-color has-x-large-font-size wp-elements-4b3c8323c10079e7658773cd3ab983c0\">Sobre nosotros<\/h2>\n<\/div>\n\n\n\n<div class=\"wp-block-column is-layout-flow wp-container-core-column-is-layout-9f77543f wp-block-column-is-layout-flow\" style=\"flex-basis:60%\">\n<p>La&nbsp;<strong>Agencia Provincial de Seguridad Vial (APSV)<\/strong>, creada en 2008, tiene el objetivo de preservar la vida, la integridad f\u00edsica y los bienes de las personas que circulan por las rutas y caminos del territorio provincial, entendiendo que la seguridad vial es parte integrante de la seguridad p\u00fablica.<\/p>\n\n\n\n<p>En este marco acompa\u00f1a, asesora y capacita a los gobiernos locales por ser quienes tienen competencia directa sobre el ordenamiento, crecimiento y desarrollo del territorio, considerando sus particularidades y brindado las herramientas t\u00e9cnicas y de gesti\u00f3n necesarias para su adecuado desenvolvimiento.<\/p>\n\n\n\n<p>Este abordaje pone de manifiesto la necesidad de afrontar tensiones, cambios y transformaciones a trav\u00e9s de la implementaci\u00f3n de instrumentos de planificaci\u00f3n, gesti\u00f3n y ordenamiento del territorio que aporten a mejorar progresivamente la calidad de vida de los ciudadanos.<\/p>\n\n\n\n<p><strong>La APSV depende del Ministerio de Justicia y Seguridad.<\/strong><\/p>\n\n\n\n<p>Su titular es el&nbsp;<strong>Secretario Carlos Torres<\/strong>.<\/p>\n\n\n\n<p>Cuenta con tres Direcciones Provinciales:<\/p>\n\n\n\n<ul class=\"wp-block-list\">\n<li style=\"margin-top:0;margin-bottom:0\"><strong>Direcci\u00f3n Provincial de Coordinaci\u00f3n Interjurisdiccional<\/strong>&nbsp;a cargo de Mauro Bertorino<\/li>\n\n\n\n<li style=\"margin-top:0;margin-bottom:0\"><strong>Direcci\u00f3n provincial de Formaci\u00f3n y Comunicaci\u00f3n<\/strong>&nbsp;a cargo de Sebasti\u00e1n Kelman<\/li>\n\n\n\n<li style=\"margin-top:0;margin-bottom:0\"><strong>Direcci\u00f3n Provincial del Observatorio Vial<\/strong>&nbsp;a cargo de de Sebasti\u00e1n Kelman<\/li>\n\n\n\n<li style=\"margin-top:0;margin-bottom:0\"><strong>Direcci\u00f3n Provincial de Sistemas T\u00e9cnicos y Administrativos<\/strong>&nbsp;a cargo de Roberto Bruera<\/li>\n<\/ul>\n\n\n\n<p><strong>Datos de las oficinas:<\/strong><\/p>\n\n\n\n<ul class=\"wp-block-list\">\n<li>Sede Santa Fe\n<ul class=\"wp-block-list\">\n<li>25 de Mayo 2251 2do piso (Galer\u00eda Santa Fe) Santa Fe<\/li>\n\n\n\n<li>Tel: 0342 4815575<\/li>\n<\/ul>\n<\/li>\n\n\n\n<li>Sede Rosario\n<ul class=\"wp-block-list\">\n<li>Santa Fe 1950 2do piso ala Moreno<\/li>\n\n\n\n<li>Tel:&nbsp; 0341 4721526\/86<\/li>\n<\/ul>\n<\/li>\n<\/ul>\n<\/div>\n<\/div>\n<\/section>\n<\/main>\n","protected":false},"excerpt":{"rendered":"<p>La Agencia Sobre nosotros La&nbsp;Agencia Provincial de Seguridad Vial (APSV), creada en 2008, tiene el objetivo de preservar la vida, la integridad f\u00edsica y los bienes de las personas que circulan por las rutas y caminos del territorio provincial, entendiendo que la seguridad vial es parte integrante de la seguridad p\u00fablica. En este marco acompa\u00f1a, [&hellip;]<\/p>\n","protected":false},"author":2,"featured_media":0,"parent":0,"menu_order":0,"comment_status":"closed","ping_status":"closed","template":"","meta":{"_acf_changed":false,"footnotes":""},"class_list":["post-528","page","type-page","status-publish","hentry"],"acf":[],"_links":{"self":[{"href":"https:\/\/www.santafe.gob.ar\/ms\/apsv\/wp-json\/wp\/v2\/pages\/528","targetHints":{"allow":["GET"]}}],"collection":[{"href":"https:\/\/www.santafe.gob.ar\/ms\/apsv\/wp-json\/wp\/v2\/pages"}],"about":[{"href":"https:\/\/www.santafe.gob.ar\/ms\/apsv\/wp-json\/wp\/v2\/types\/page"}],"author":[{"embeddable":true,"href":"https:\/\/www.santafe.gob.ar\/ms\/apsv\/wp-json\/wp\/v2\/users\/2"}],"replies":[{"embeddable":true,"href":"https:\/\/www.santafe.gob.ar\/ms\/apsv\/wp-json\/wp\/v2\/comments?post=528"}],"version-history":[{"count":3,"href":"https:\/\/www.santafe.gob.ar\/ms\/apsv\/wp-json\/wp\/v2\/pages\/528\/revisions"}],"predecessor-version":[{"id":616,"href":"https:\/\/www.santafe.gob.ar\/ms\/apsv\/wp-json\/wp\/v2\/pages\/528\/revisions\/616"}],"wp:attachment":[{"href":"https:\/\/www.santafe.gob.ar\/ms\/apsv\/wp-json\/wp\/v2\/media?parent=528"}],"curies":[{"name":"wp","href":"https:\/\/api.w.org\/{rel}","templated":true}]}}