{"id":529,"date":"2024-11-29T20:38:56","date_gmt":"2024-11-29T23:38:56","guid":{"rendered":"https:\/\/www.santafe.gob.ar\/ms\/apsv\/?page_id=140"},"modified":"2025-08-09T17:11:50","modified_gmt":"2025-08-09T15:11:50","slug":"estadisticas","status":"publish","type":"page","link":"https:\/\/www.santafe.gob.ar\/ms\/apsv\/estadisticas\/","title":{"rendered":"Estad\u00edsticas"},"content":{"rendered":"\n<main class=\"wp-block-group data-page_home is-layout-constrained wp-block-group-is-layout-constrained\" style=\"margin-top:125px;padding-top:0\">\n<div class=\"wp-block-group alignfull hero px-1rem-mob has-alternativo-color has-custom-4-d-4862-background-color has-text-color has-background has-link-color has-x-large-font-size wp-elements-59a340c8876c0cfae5a3c44185349def is-layout-constrained wp-container-core-group-is-layout-4009fe68 wp-block-group-is-layout-constrained\" style=\"margin-top:0;margin-bottom:0;padding-top:75px;padding-right:0;padding-bottom:75px;padding-left:0\">\n<h1 class=\"wp-block-heading alignwide has-text-align-left has-3-x-large-font-size\" style=\"letter-spacing:-0.02em\">Estad\u00edsticas<\/h1>\n<\/div>\n\n\n\n<section class=\"wp-block-group alignfull has-texto-color has-alternativo-background-color has-text-color has-background has-link-color wp-elements-76201b7ddc64de4d996548dedb3b43f9 is-content-justification-center is-layout-constrained wp-block-group-is-layout-constrained\" style=\"padding-top:50px;padding-bottom:50px\">\n<div class=\"wp-block-columns alignwide is-layout-flex wp-container-core-columns-is-layout-f5a44f5b wp-block-columns-is-layout-flex\">\n<div class=\"wp-block-column is-layout-flow wp-container-core-column-is-layout-5dafc681 wp-block-column-is-layout-flow\" style=\"flex-basis:40%\">\n<h2 class=\"wp-block-heading has-custom-4-d-4862-color has-text-color has-link-color has-x-large-font-size wp-elements-2579d4d57180aba6f1ca42b3f3b8a626\">Agencia Provincial de Seguridad Vial<\/h2>\n<\/div>\n\n\n\n<div class=\"wp-block-column is-layout-flow wp-container-core-column-is-layout-9f77543f wp-block-column-is-layout-flow\" style=\"flex-basis:60%\">\n<p>La&nbsp;<strong>Direcci\u00f3n Provincial del Observatorio Vial&nbsp;<\/strong>(DPOV) dependiente de la Agencia Provincial de Seguridad Vial (APSV) es el \u00e1rea encargada de generar las&nbsp;<strong>estad\u00edsticas oficiales en materia de siniestralidad vial con lesionados y fallecidos de la provincia de Santa Fe.<\/strong><\/p>\n\n\n\n<p>Es un \u00e1rea que, mediante una organizaci\u00f3n propia, sus procesos y sus sistemas de informaci\u00f3n recaba datos sobre los incidentes en el tr\u00e1nsito, analiza sus efectos m\u00e1s frecuentes y graves, para generar informaci\u00f3n oportuna, objetiva y confiable que contribuya a concientizar a la sociedad y permita tomar decisiones estrat\u00e9gicas para enfrentar la siniestralidad vial sobre la base de enfoque y aportes multidisciplinarios.<\/p>\n\n\n\n<p>Asimismo, elabora relevamientos, an\u00e1lisis e informes de infraestructura vial con el fin de sugerir mejoras que contribuyan a la seguridad vial o contribuir a proyectos de radarizaci\u00f3n en todas sus etapas: instalaci\u00f3n, verificaci\u00f3n y monitoreo, tanto de su localizaci\u00f3n como tambi\u00e9n de la disposici\u00f3n de los esquemas de se\u00f1alizaci\u00f3n pertinentes.<\/p>\n\n\n\n<h3 class=\"wp-block-heading\" style=\"margin-top:var(--wp--preset--spacing--110)\">Datos responsables<\/h3>\n\n\n\n<blockquote class=\"wp-block-quote is-layout-flow wp-block-quote-is-layout-flow\">\n<p>La importancia de las estad\u00edsticas para el dise\u00f1o de pol\u00edticas p\u00fablicas de seguridad vial.<\/p>\n<\/blockquote>\n\n\n\n<p>La Direcci\u00f3n Provincial del Observatorio Vial (DPOV) avanza hacia la m\u00e1xima profesionalizaci\u00f3n de sus procesos, utilizando todos los recursos existentes (humanos y tecnol\u00f3gicos) para obtener datos s\u00f3lidos de siniestralidad vial, de consecuencias de los hechos para las personas y de factores de riesgo e intervenciones vinculados a la infraestructura vial, buscando realizar an\u00e1lisis integrales y multidisciplinarios de seguridad vial, acortar tiempos de relevamientos y de procesamiento de la informaci\u00f3n definitiva. Asimismo, se ha consolidado en el Sistema Estad\u00edstico Nacional (SEN) como organismo provincial encargado de elaborar, recopilar, interpretar y divulgar estad\u00edsticas oficiales.<\/p>\n\n\n\n<h3 class=\"wp-block-heading\" style=\"margin-top:var(--wp--preset--spacing--110)\">Sistema Estad\u00edstico de Siniestralidad Vial de la Provincia de Santa Fe<\/h3>\n\n\n\n<p>El principal objetivo que motoriz\u00f3 la creaci\u00f3n del Observatorio de Seguridad vial radica en obtener informaci\u00f3n relevante de la siniestralidad vial del territorio, para presentar de manera confiable, oportuna y fehaciente. Para ello se utiliza el&nbsp;<strong>Formulario Amarillo (FA)&nbsp;<\/strong>como instrumento de recolecci\u00f3n de datos de siniestros viales con lesionados y fallecidos (HLF), el cual es completado por la Polic\u00eda de la Provincia.<\/p>\n\n\n\n<p>\u00bfC\u00f3mo funciona? El FA registra los datos del \u201checho\u201d (fecha, ubicaci\u00f3n, tipo de hecho, descripci\u00f3n del lugar, etc.), de los \u201cveh\u00edculos\u201d (tipo de veh\u00edculo, dominio, marca, modelo, etc.) y de las \u201cpersonas\u201d (nombre, DNI, si result\u00f3 ileso, lesionado o fallecido, lugar de internaci\u00f3n, licencia de conducir, etc). Los datos de cada FA se encuentran avalados con la firma del responsable de cada seccional o comisar\u00eda, son recolectados por la unidad regional de polic\u00eda competente y luego enviados a la DPOV con regularidad mensual. En la DPOV los datos son cargados al Sistema de Datos de Hechos de Tr\u00e1nsito de la Provincia de Santa Fe (SIDAHTFE), permitiendo realizar cualquier consulta al mismo con el fin de analizar y evaluar la problem\u00e1tica de la Provincia en materia de siniestralidad vial.<\/p>\n\n\n\n<h3 class=\"wp-block-heading\" style=\"margin-top:var(--wp--preset--spacing--110)\">La calidad de los \u201cdatos\u201d<\/h3>\n\n\n\n<p>A partir de la informaci\u00f3n obtenida, anualmente se revisa la adecuaci\u00f3n de variables incluidas en el FA, con el fin de proponer mejoras o actualizaciones en la informaci\u00f3n a recolectar, en caso de que sea necesario. Algunos ejemplos de esto, son la incorporaci\u00f3n de la categor\u00eda \u201cPolarizado\u201d y de \u201cCamiones\u201d en sus diferentes tipos. Al mismo tiempo, se realiza la evaluaci\u00f3n de la eficacia del SIDAHTFE para proponer mejoras en cuanto a la informaci\u00f3n obtenida<a href=\"http:\/\/www.santafe.gob.ar\/index.php\/web\/content\/view\/full\/119887\/(subtema)\/93816#sdfootnote1sym\" target=\"_blank\" rel=\"noreferrer noopener\">1<\/a>.<\/p>\n\n\n\n<p>Con el fin de uniformar criterios de carga en la capacitaci\u00f3n del mismo, se sistematizaron procesos y se elaboraron instructivos de carga de FA al SIDAHTFE. Esto facilit\u00f3 el aumento en el volumen de carga diaria&nbsp;<em>preliminar<\/em>&nbsp;de FA de Hechos con Lesionados (HL) y la disminuci\u00f3n del tiempo de&nbsp;<em>consolidaci\u00f3n&nbsp;<\/em>de los datos, es decir, en el entrecruzamiento con otras fuentes de informaci\u00f3n.<\/p>\n\n\n\n<p>Se profundizaron las relaciones con la Divisi\u00f3n Operaciones de la Polic\u00eda (D3) con el fin de obtener informaci\u00f3n oportuna sobre fallecidos en siniestros viales, para ponerla a disposici\u00f3n de las otras \u00e1reas de la APSV, a la vez de cumplir con los est\u00e1ndares propuestos por Gobierno Abierto de mejorar la transparencia y facilitar el acceso de los ciudadanos a la informaci\u00f3n p\u00fablica. Para esto, adem\u00e1s de registrar diariamente las personas fallecidas para disponer de&nbsp;<em>datos pre preliminares<\/em>&nbsp;inmediatos y certeros, se pone a disposici\u00f3n de la comunidad esa informaci\u00f3n georreferenciada en mapas interactivos on-line en la p\u00e1gina web de la provincia desde el a\u00f1o 2017.<\/p>\n<\/div>\n<\/div>\n<\/section>\n<\/main>\n","protected":false},"excerpt":{"rendered":"<p>Estad\u00edsticas Agencia Provincial de Seguridad Vial La&nbsp;Direcci\u00f3n Provincial del Observatorio Vial&nbsp;(DPOV) dependiente de la Agencia Provincial de Seguridad Vial (APSV) es el \u00e1rea encargada de generar las&nbsp;estad\u00edsticas oficiales en materia de siniestralidad vial con lesionados y fallecidos de la provincia de Santa Fe. Es un \u00e1rea que, mediante una organizaci\u00f3n propia, sus procesos y sus [&hellip;]<\/p>\n","protected":false},"author":2,"featured_media":0,"parent":0,"menu_order":0,"comment_status":"closed","ping_status":"closed","template":"","meta":{"_acf_changed":false,"footnotes":""},"class_list":["post-529","page","type-page","status-publish","hentry"],"acf":[],"_links":{"self":[{"href":"https:\/\/www.santafe.gob.ar\/ms\/apsv\/wp-json\/wp\/v2\/pages\/529","targetHints":{"allow":["GET"]}}],"collection":[{"href":"https:\/\/www.santafe.gob.ar\/ms\/apsv\/wp-json\/wp\/v2\/pages"}],"about":[{"href":"https:\/\/www.santafe.gob.ar\/ms\/apsv\/wp-json\/wp\/v2\/types\/page"}],"author":[{"embeddable":true,"href":"https:\/\/www.santafe.gob.ar\/ms\/apsv\/wp-json\/wp\/v2\/users\/2"}],"replies":[{"embeddable":true,"href":"https:\/\/www.santafe.gob.ar\/ms\/apsv\/wp-json\/wp\/v2\/comments?post=529"}],"version-history":[{"count":3,"href":"https:\/\/www.santafe.gob.ar\/ms\/apsv\/wp-json\/wp\/v2\/pages\/529\/revisions"}],"predecessor-version":[{"id":617,"href":"https:\/\/www.santafe.gob.ar\/ms\/apsv\/wp-json\/wp\/v2\/pages\/529\/revisions\/617"}],"wp:attachment":[{"href":"https:\/\/www.santafe.gob.ar\/ms\/apsv\/wp-json\/wp\/v2\/media?parent=529"}],"curies":[{"name":"wp","href":"https:\/\/api.w.org\/{rel}","templated":true}]}}