{"id":6,"date":"2024-11-29T13:38:32","date_gmt":"2024-11-29T16:38:32","guid":{"rendered":"https:\/\/www.santafe.gob.ar\/ms\/apsv\/?page_id=6"},"modified":"2025-08-26T17:37:03","modified_gmt":"2025-08-26T15:37:03","slug":"agencia-provincial-seguridad-vial","status":"publish","type":"page","link":"https:\/\/www.santafe.gob.ar\/ms\/apsv\/","title":{"rendered":"Agencia Provincial de Seguridad Vial"},"content":{"rendered":"\n<main class=\"wp-block-group data-page_home pt-header is-layout-constrained wp-block-group-is-layout-constrained\">\n<section class=\"wp-block-cover alignfull is-light home-hero px-1rem-mob py-3rem-mob pt-5rem-mob\" style=\"margin-top:0;margin-bottom:0;padding-top:180px;padding-bottom:100px\"><img loading=\"lazy\" decoding=\"async\" width=\"1024\" height=\"576\" class=\"wp-block-cover__image-background wp-image-645 size-large\" alt=\"\" src=\"https:\/\/www.santafe.gob.ar\/ms\/apsv\/wp-content\/uploads\/sites\/51\/2025\/08\/image-127-full-1024x576.webp\" data-object-fit=\"cover\" srcset=\"https:\/\/www.santafe.gob.ar\/ms\/apsv\/wp-content\/uploads\/sites\/51\/2025\/08\/image-127-full-1024x576.webp 1024w, https:\/\/www.santafe.gob.ar\/ms\/apsv\/wp-content\/uploads\/sites\/51\/2025\/08\/image-127-full-300x169.webp 300w, https:\/\/www.santafe.gob.ar\/ms\/apsv\/wp-content\/uploads\/sites\/51\/2025\/08\/image-127-full-768x432.webp 768w, https:\/\/www.santafe.gob.ar\/ms\/apsv\/wp-content\/uploads\/sites\/51\/2025\/08\/image-127-full.webp 1351w\" sizes=\"auto, (max-width: 1024px) 100vw, 1024px\" \/><span aria-hidden=\"true\" class=\"wp-block-cover__background has-background-dim-0 has-background-dim\" style=\"background-color:#e2b887\"><\/span><div class=\"wp-block-cover__inner-container is-layout-constrained wp-block-cover-is-layout-constrained\">\n<div class=\"wp-block-group alignwide container is-content-justification-right is-layout-constrained wp-container-core-group-is-layout-9cde0056 wp-block-group-is-layout-constrained\">\n<div class=\"wp-block-group text-center is-layout-constrained wp-block-group-is-layout-constrained\">\n<h2 class=\"wp-block-heading has-text-align-center hero__title text-53px-mob child-mark-bg-none has-text-color has-link-color has-inter-font-family wp-elements-96a976420be7aa23daf184b9cf62d0e4\" style=\"color:#565656;font-size:100px;font-style:normal;font-weight:900;letter-spacing:-0.04em;line-height:.85;text-transform:uppercase\">Hacete <br><mark style=\"color:#fff\" class=\"has-inline-color\">ver<\/mark><\/h2>\n\n\n\n<p class=\"hero__subtitle text-20px-mob text-balance has-text-color has-link-color has-inter-font-family has-large-font-size wp-elements-b2294dfef8eba489b6ac8a46232a7e56\" style=\"color:#565656;margin-top:40px;margin-bottom:0;font-style:normal;font-weight:700;line-height:1.25;text-transform:uppercase\">Conducci\u00f3n segura para ciclistas<\/p>\n\n\n\n<div class=\"wp-block-buttons hero__btns mt-40px-mob is-content-justification-center is-layout-flex wp-container-core-buttons-is-layout-dbb66db7 wp-block-buttons-is-layout-flex\" style=\"margin-top:80px;margin-bottom:0\">\n<div class=\"wp-block-button hero__btn w-full-mob child-a-w-full-mob btn-hover-inverter-alt-bg-white c--naranja\"><a class=\"wp-block-button__link has-custom-naranja-background-color has-background has-border-color has-custom-naranja-border-color has-inter-font-family has-semi-normal-font-size has-custom-font-size wp-element-button\" href=\"https:\/\/www.santafe.gob.ar\/ms\/apsv\/hacete-ver\/\" style=\"border-width:2px;border-radius:4px;padding-top:14px;padding-right:var(--wp--preset--spacing--100);padding-bottom:14px;padding-left:var(--wp--preset--spacing--100);font-style:normal;font-weight:700;letter-spacing:0.05em;line-height:1.25;text-transform:uppercase\">M\u00e1s informaci\u00f3n<\/a><\/div>\n<\/div>\n<\/div>\n<\/div>\n<\/div><\/section>\n\n\n\n<figure class=\"wp-block-embed alignfull is-type-video is-provider-youtube wp-block-embed-youtube wp-embed-aspect-16-9 wp-has-aspect-ratio\"><div class=\"wp-block-embed__wrapper\">\n<iframe loading=\"lazy\" title=\"Lanzamiento de la campa\u00f1a &quot;Hacete Ver&quot;\" width=\"500\" height=\"281\" src=\"https:\/\/www.youtube.com\/embed\/D1aAjXfds9g?feature=oembed\" frameborder=\"0\" allow=\"accelerometer; autoplay; clipboard-write; encrypted-media; gyroscope; picture-in-picture; web-share\" referrerpolicy=\"strict-origin-when-cross-origin\" allowfullscreen><\/iframe>\n<\/div><\/figure>\n\n\n\n<section class=\"wp-block-group alignfull block-info px-1rem-mob py-3rem-mob has-custom-gris-color has-alternativo-background-color has-text-color has-background has-link-color wp-elements-f5e35a1ca9f891f2e37c3948f439b6e5 is-layout-constrained wp-container-core-group-is-layout-a32261b0 wp-block-group-is-layout-constrained\" style=\"margin-top:0;margin-bottom:0;padding-top:100px;padding-right:0;padding-bottom:100px;padding-left:0\">\n<div class=\"wp-block-group alignwide container is-layout-constrained wp-block-group-is-layout-constrained\">\n<div class=\"wp-block-columns alignfull block__cols flex-col-reverse-mob is-layout-flex wp-container-core-columns-is-layout-be177830 wp-block-columns-is-layout-flex\">\n<div class=\"wp-block-column is-layout-flow wp-block-column-is-layout-flow\" style=\"flex-basis:40%\">\n<figure class=\"wp-block-image size-full is-style-default\"><img loading=\"lazy\" decoding=\"async\" width=\"626\" height=\"433\" src=\"https:\/\/www.santafe.gob.ar\/ms\/apsv\/wp-content\/uploads\/sites\/51\/2025\/08\/image-130.webp\" alt=\"\" class=\"wp-image-646\" srcset=\"https:\/\/www.santafe.gob.ar\/ms\/apsv\/wp-content\/uploads\/sites\/51\/2025\/08\/image-130.webp 626w, https:\/\/www.santafe.gob.ar\/ms\/apsv\/wp-content\/uploads\/sites\/51\/2025\/08\/image-130-300x208.webp 300w\" sizes=\"auto, (max-width: 626px) 100vw, 626px\" \/><\/figure>\n<\/div>\n\n\n\n<div class=\"wp-block-column is-layout-flow wp-block-column-is-layout-flow\" style=\"flex-basis:60%\">\n<div class=\"wp-block-group is-vertical is-layout-flex wp-container-core-group-is-layout-fe9cc265 wp-block-group-is-layout-flex\">\n<div class=\"wp-block-group box-title text-75px-mob has-custom-4-d-4862-color has-text-color has-link-color wp-elements-5002385897a7bba7488e2ed5eac49fe5 is-layout-constrained wp-container-core-group-is-layout-6beeff2f wp-block-group-is-layout-constrained\" style=\"margin-top:0;margin-bottom:0;padding-top:0;padding-right:0;padding-bottom:0;padding-left:0;font-size:100px;text-transform:uppercase\">\n<p class=\"has-text-color has-link-color wp-elements-b44c94e0003d818676a5fb42861ae0b0\" style=\"color:#ee8801;font-size:0.25em;font-style:normal;font-weight:600\">Campa\u00f1a<\/p>\n\n\n\n<h3 class=\"wp-block-heading has-text-align-left block__title has-text-color has-link-color has-inter-font-family wp-elements-ffd8c32e2042bac1f4095ab7ce294511\" style=\"color:#565656;font-size:1em;font-style:normal;font-weight:900;letter-spacing:-0.04em;line-height:.85;text-transform:uppercase\">Hacete <mark style=\"color:#fff\" class=\"has-inline-color\">ver<\/mark><\/h3>\n<\/div>\n\n\n\n<div class=\"wp-block-group mt-30px-mob has-custom-gris-color has-text-color has-link-color has-normal-font-size wp-elements-45b398c59fd4479d411f40a79ebfc5b2 is-layout-constrained wp-container-core-group-is-layout-0f9f2eae wp-block-group-is-layout-constrained\" style=\"margin-top:60px;font-style:normal;font-weight:400;letter-spacing:-0.01em;line-height:1.45\">\n<p>En el D\u00eda Mundial de la Bicicleta que se conmemor\u00f3 el pasado 3 de junio y con el objetivo de mejorar la seguridad de los ciclistas en la v\u00eda p\u00fablica, la Agencia Provincial de Seguridad Vial, dependiente del Ministerio de Justicia y Seguridad, present\u00f3 una campa\u00f1a de comunicaci\u00f3n que busca promover h\u00e1bitos y conductas responsables en el uso de la bicicleta.<\/p>\n\n\n\n<p>Seg\u00fan un informe del Observatorio Vial de la APSV, si tomamos el total de v\u00edctimas fatales registradas de 2021 a 2024 (1706) los ciclistas fueron 111, es decir un 6,5 del total, mientras que seg\u00fan datos preliminares de 2025, de 93 v\u00edctimas fatales registradas 8 corresponden a ciclistas, lo que representa el 9% del total, el valor m\u00e1s alto hasta el momento, lo que requiere la implementaci\u00f3n de medidas preventivas para evitar la siniestralidad en este tipo de conductoresvulnerables.<\/p>\n<\/div>\n<\/div>\n<\/div>\n<\/div>\n<\/div>\n<\/section>\n\n\n\n<section class=\"wp-block-group data-section_apsv is-layout-constrained wp-block-group-is-layout-constrained\">\n<div class=\"wp-block-group data-block_grid is-layout-constrained wp-block-group-is-layout-constrained\">\n<div class=\"wp-block-group data-area_container is-layout-constrained wp-block-group-is-layout-constrained\">\n<div class=\"wp-block-group data-wrapper_image is-layout-constrained wp-block-group-is-layout-constrained\">\n<figure class=\"wp-block-image size-full\"><img loading=\"lazy\" decoding=\"async\" width=\"867\" height=\"855\" src=\"https:\/\/www.santafe.gob.ar\/ms\/apsv\/wp-content\/uploads\/sites\/51\/2024\/12\/image-03.webp\" alt=\"\" class=\"wp-image-541\" srcset=\"https:\/\/www.santafe.gob.ar\/ms\/apsv\/wp-content\/uploads\/sites\/51\/2024\/12\/image-03.webp 867w, https:\/\/www.santafe.gob.ar\/ms\/apsv\/wp-content\/uploads\/sites\/51\/2024\/12\/image-03-300x296.webp 300w, https:\/\/www.santafe.gob.ar\/ms\/apsv\/wp-content\/uploads\/sites\/51\/2024\/12\/image-03-768x757.webp 768w\" sizes=\"auto, (max-width: 867px) 100vw, 867px\" \/><\/figure>\n<\/div>\n\n\n\n<div class=\"wp-block-group data-wrapper_data is-layout-constrained wp-block-group-is-layout-constrained\">\n<div class=\"wp-block-group data-block_logo is-layout-constrained wp-block-group-is-layout-constrained\">\n<figure class=\"wp-block-image size-full\"><img decoding=\"async\" src=\"https:\/\/www.santafe.gob.ar\/ms\/apsv\/wp-content\/uploads\/sites\/51\/2024\/12\/logo-light.svg\" alt=\"\" class=\"wp-image-559\" \/><\/figure>\n<\/div>\n\n\n\n<div class=\"wp-block-group data-component_text is-layout-constrained wp-block-group-is-layout-constrained\">\n<p>La Agencia Provincial de Seguridad Vial (APSV) es un organismo del Ministerio de Justicia y Seguridad enfocado en la reducci\u00f3n de la siniestralidad vial en la provincia de Santa Fe, a trav\u00e9s de la elaboraci\u00f3n y coordinaci\u00f3n de estrategias integrales de control, educaci\u00f3n, formaci\u00f3n y comunicaci\u00f3n para reducir la exposici\u00f3n a riesgos y trabajar en la prevenci\u00f3n.<\/p>\n\n\n\n<p>En este marco acompa\u00f1a, asesora y capacita a los gobiernos locales &nbsp;considerando sus particularidades y brindado las herramientas t\u00e9cnicas y de gesti\u00f3n necesarias para su adecuado desenvolvimiento.<\/p>\n<\/div>\n<\/div>\n<\/div>\n<\/div>\n<\/section>\n<\/main>\n","protected":false},"excerpt":{"rendered":"<p>Campa\u00f1a Hacete ver En el D\u00eda Mundial de la Bicicleta que se conmemor\u00f3 el pasado 3 de junio y con el objetivo de mejorar la seguridad de los ciclistas en la v\u00eda p\u00fablica, la Agencia Provincial de Seguridad Vial, dependiente del Ministerio de Justicia y Seguridad, present\u00f3 una campa\u00f1a de comunicaci\u00f3n que busca promover h\u00e1bitos [&hellip;]<\/p>\n","protected":false},"author":2,"featured_media":0,"parent":0,"menu_order":0,"comment_status":"closed","ping_status":"closed","template":"","meta":{"_acf_changed":false,"footnotes":""},"class_list":["post-6","page","type-page","status-publish","hentry"],"acf":[],"_links":{"self":[{"href":"https:\/\/www.santafe.gob.ar\/ms\/apsv\/wp-json\/wp\/v2\/pages\/6","targetHints":{"allow":["GET"]}}],"collection":[{"href":"https:\/\/www.santafe.gob.ar\/ms\/apsv\/wp-json\/wp\/v2\/pages"}],"about":[{"href":"https:\/\/www.santafe.gob.ar\/ms\/apsv\/wp-json\/wp\/v2\/types\/page"}],"author":[{"embeddable":true,"href":"https:\/\/www.santafe.gob.ar\/ms\/apsv\/wp-json\/wp\/v2\/users\/2"}],"replies":[{"embeddable":true,"href":"https:\/\/www.santafe.gob.ar\/ms\/apsv\/wp-json\/wp\/v2\/comments?post=6"}],"version-history":[{"count":14,"href":"https:\/\/www.santafe.gob.ar\/ms\/apsv\/wp-json\/wp\/v2\/pages\/6\/revisions"}],"predecessor-version":[{"id":649,"href":"https:\/\/www.santafe.gob.ar\/ms\/apsv\/wp-json\/wp\/v2\/pages\/6\/revisions\/649"}],"wp:attachment":[{"href":"https:\/\/www.santafe.gob.ar\/ms\/apsv\/wp-json\/wp\/v2\/media?parent=6"}],"curies":[{"name":"wp","href":"https:\/\/api.w.org\/{rel}","templated":true}]}}