
{"id":12,"date":"2020-11-20T00:00:10","date_gmt":"2020-11-19T23:00:10","guid":{"rendered":"https:\/\/www.santafe.gob.ar\/ms\/cajajubilaciones\/?page_id=12"},"modified":"2020-11-20T17:53:44","modified_gmt":"2020-11-20T16:53:44","slug":"quienes-somos","status":"publish","type":"page","link":"https:\/\/www.santafe.gob.ar\/ms\/cajajubilaciones\/quienes-somos\/","title":{"rendered":"\u00bfQui\u00e9nes somos?"},"content":{"rendered":"<div class=\"text-justify\"><span style=\"font-weight: 400\">La Caja de Jubilaciones y Pensiones de la Provincia de Santa Fe, como Organismo Aut\u00e1rquico, es la encargada de administrar el r\u00e9gimen de jubilaciones y pensiones provincial.<\/span><\/div>\r\n<div class=\"text-justify\"><span style=\"font-weight: 400\">Este r\u00e9gimen previsional, que brinda protecci\u00f3n a la vejez, invalidez y muerte, est\u00e1 basado en un sistema p\u00fablico, de reparto, y solidario.<\/span><\/div>","protected":false},"excerpt":{"rendered":"<p>La Caja de Jubilaciones y Pensiones de la Provincia de Santa Fe, como Organismo Aut\u00e1rquico, es la encargada de administrar el r\u00e9gimen de jubilaciones y pensiones provincial. Este r\u00e9gimen previsional, que brinda protecci\u00f3n a la vejez, invalidez y muerte, est\u00e1 basado en un sistema p\u00fablico, de reparto, y solidario.<\/p>\n","protected":false},"author":20203,"featured_media":0,"parent":0,"menu_order":0,"comment_status":"closed","ping_status":"closed","template":"templates\/quienes_somos.php","meta":{"_acf_changed":false,"footnotes":""},"class_list":["post-12","page","type-page","status-publish","hentry"],"acf":[],"_links":{"self":[{"href":"https:\/\/www.santafe.gob.ar\/ms\/cajajubilaciones\/wp-json\/wp\/v2\/pages\/12","targetHints":{"allow":["GET"]}}],"collection":[{"href":"https:\/\/www.santafe.gob.ar\/ms\/cajajubilaciones\/wp-json\/wp\/v2\/pages"}],"about":[{"href":"https:\/\/www.santafe.gob.ar\/ms\/cajajubilaciones\/wp-json\/wp\/v2\/types\/page"}],"author":[{"embeddable":true,"href":"https:\/\/www.santafe.gob.ar\/ms\/cajajubilaciones\/wp-json\/wp\/v2\/users\/20203"}],"replies":[{"embeddable":true,"href":"https:\/\/www.santafe.gob.ar\/ms\/cajajubilaciones\/wp-json\/wp\/v2\/comments?post=12"}],"version-history":[{"count":3,"href":"https:\/\/www.santafe.gob.ar\/ms\/cajajubilaciones\/wp-json\/wp\/v2\/pages\/12\/revisions"}],"predecessor-version":[{"id":82,"href":"https:\/\/www.santafe.gob.ar\/ms\/cajajubilaciones\/wp-json\/wp\/v2\/pages\/12\/revisions\/82"}],"wp:attachment":[{"href":"https:\/\/www.santafe.gob.ar\/ms\/cajajubilaciones\/wp-json\/wp\/v2\/media?parent=12"}],"curies":[{"name":"wp","href":"https:\/\/api.w.org\/{rel}","templated":true}]}}