
{"id":16,"date":"2020-11-20T00:01:02","date_gmt":"2020-11-19T23:01:02","guid":{"rendered":"https:\/\/www.santafe.gob.ar\/ms\/cajajubilaciones\/?page_id=16"},"modified":"2020-11-20T17:37:06","modified_gmt":"2020-11-20T16:37:06","slug":"certificacion-negativa","status":"publish","type":"page","link":"https:\/\/www.santafe.gob.ar\/ms\/cajajubilaciones\/certificacion-negativa\/","title":{"rendered":"Certificaci\u00f3n negativa"},"content":{"rendered":"<div class=\"text-justify\"><span style=\"font-weight: 400\">A trav\u00e9s de este servicio, podr\u00e1s obtener la constancia que acredita si posees o no un beneficio acordado en este organismo previsional, como as\u00ed tambi\u00e9n si iniciaste un tr\u00e1mite en nuestro Organismo.<\/span><\/div>","protected":false},"excerpt":{"rendered":"<p>A trav\u00e9s de este servicio, podr\u00e1s obtener la constancia que acredita si posees o no un beneficio acordado en este organismo previsional, como as\u00ed tambi\u00e9n si iniciaste un tr\u00e1mite en nuestro Organismo.<\/p>\n","protected":false},"author":20203,"featured_media":0,"parent":0,"menu_order":0,"comment_status":"closed","ping_status":"closed","template":"templates\/certificacion_negativa.php","meta":{"_acf_changed":false,"footnotes":""},"class_list":["post-16","page","type-page","status-publish","hentry"],"acf":[],"_links":{"self":[{"href":"https:\/\/www.santafe.gob.ar\/ms\/cajajubilaciones\/wp-json\/wp\/v2\/pages\/16","targetHints":{"allow":["GET"]}}],"collection":[{"href":"https:\/\/www.santafe.gob.ar\/ms\/cajajubilaciones\/wp-json\/wp\/v2\/pages"}],"about":[{"href":"https:\/\/www.santafe.gob.ar\/ms\/cajajubilaciones\/wp-json\/wp\/v2\/types\/page"}],"author":[{"embeddable":true,"href":"https:\/\/www.santafe.gob.ar\/ms\/cajajubilaciones\/wp-json\/wp\/v2\/users\/20203"}],"replies":[{"embeddable":true,"href":"https:\/\/www.santafe.gob.ar\/ms\/cajajubilaciones\/wp-json\/wp\/v2\/comments?post=16"}],"version-history":[{"count":2,"href":"https:\/\/www.santafe.gob.ar\/ms\/cajajubilaciones\/wp-json\/wp\/v2\/pages\/16\/revisions"}],"predecessor-version":[{"id":78,"href":"https:\/\/www.santafe.gob.ar\/ms\/cajajubilaciones\/wp-json\/wp\/v2\/pages\/16\/revisions\/78"}],"wp:attachment":[{"href":"https:\/\/www.santafe.gob.ar\/ms\/cajajubilaciones\/wp-json\/wp\/v2\/media?parent=16"}],"curies":[{"name":"wp","href":"https:\/\/api.w.org\/{rel}","templated":true}]}}