
{"id":30,"date":"2020-11-20T00:02:55","date_gmt":"2020-11-19T23:02:55","guid":{"rendered":"https:\/\/www.santafe.gob.ar\/ms\/cajajubilaciones\/?page_id=30"},"modified":"2025-02-14T12:11:40","modified_gmt":"2025-02-14T15:11:40","slug":"politica-de-calidad","status":"publish","type":"page","link":"https:\/\/www.santafe.gob.ar\/ms\/cajajubilaciones\/politica-de-calidad\/","title":{"rendered":"Visi\u00f3n, misi\u00f3n y valores"},"content":{"rendered":"Asumimos un compromiso con la satisfacci\u00f3n de las necesidades y expectativas de los ciudadanos, el cumplimiento de la legislaci\u00f3n vigente, y la mejora continua de la eficacia y eficiencia de nuestros procesos.\n\nLa Direcci\u00f3n demuestra este compromiso proporcionando los recursos necesarios y estableciendo la siguiente misi\u00f3n, visi\u00f3n y valores:","protected":false},"excerpt":{"rendered":"<p>Asumimos un compromiso con la satisfacci\u00f3n de las necesidades y expectativas de los ciudadanos, el cumplimiento de la legislaci\u00f3n vigente, y la mejora continua de la eficacia y eficiencia de nuestros procesos. La Direcci\u00f3n demuestra este compromiso proporcionando los recursos necesarios y estableciendo la siguiente misi\u00f3n, visi\u00f3n y valores:<\/p>\n","protected":false},"author":20203,"featured_media":0,"parent":0,"menu_order":0,"comment_status":"closed","ping_status":"closed","template":"templates\/politica_calidad.php","meta":{"_acf_changed":false,"footnotes":""},"class_list":["post-30","page","type-page","status-publish","hentry"],"acf":[],"_links":{"self":[{"href":"https:\/\/www.santafe.gob.ar\/ms\/cajajubilaciones\/wp-json\/wp\/v2\/pages\/30","targetHints":{"allow":["GET"]}}],"collection":[{"href":"https:\/\/www.santafe.gob.ar\/ms\/cajajubilaciones\/wp-json\/wp\/v2\/pages"}],"about":[{"href":"https:\/\/www.santafe.gob.ar\/ms\/cajajubilaciones\/wp-json\/wp\/v2\/types\/page"}],"author":[{"embeddable":true,"href":"https:\/\/www.santafe.gob.ar\/ms\/cajajubilaciones\/wp-json\/wp\/v2\/users\/20203"}],"replies":[{"embeddable":true,"href":"https:\/\/www.santafe.gob.ar\/ms\/cajajubilaciones\/wp-json\/wp\/v2\/comments?post=30"}],"version-history":[{"count":10,"href":"https:\/\/www.santafe.gob.ar\/ms\/cajajubilaciones\/wp-json\/wp\/v2\/pages\/30\/revisions"}],"predecessor-version":[{"id":4800,"href":"https:\/\/www.santafe.gob.ar\/ms\/cajajubilaciones\/wp-json\/wp\/v2\/pages\/30\/revisions\/4800"}],"wp:attachment":[{"href":"https:\/\/www.santafe.gob.ar\/ms\/cajajubilaciones\/wp-json\/wp\/v2\/media?parent=30"}],"curies":[{"name":"wp","href":"https:\/\/api.w.org\/{rel}","templated":true}]}}