
{"id":32,"date":"2020-11-20T00:03:08","date_gmt":"2020-11-19T23:03:08","guid":{"rendered":"https:\/\/www.santafe.gob.ar\/ms\/cajajubilaciones\/?page_id=32"},"modified":"2025-11-01T12:43:48","modified_gmt":"2025-11-01T15:43:48","slug":"prestaciones","status":"publish","type":"page","link":"https:\/\/www.santafe.gob.ar\/ms\/cajajubilaciones\/prestaciones\/","title":{"rendered":"Prestaciones"},"content":{"rendered":"El sistema previsional de la Provincia de\u00a0 Santa Fe cubre las contingencias de vejez, invalidez y desamparo por muerte. As\u00ed, el sistema asegura un ingreso a quienes ya no pueden generarlo debido a la edad, discapacidad o la p\u00e9rdida del sost\u00e9n econ\u00f3mico del hogar.\n\nExisten distintos tipos de prestaciones:","protected":false},"excerpt":{"rendered":"<p>El sistema previsional de la Provincia de\u00a0 Santa Fe cubre las contingencias de vejez, invalidez y desamparo por muerte. As\u00ed, el sistema asegura un ingreso a quienes ya no pueden generarlo debido a la edad, discapacidad o la p\u00e9rdida del sost\u00e9n econ\u00f3mico del hogar. Existen distintos tipos de prestaciones:<\/p>\n","protected":false},"author":20203,"featured_media":0,"parent":0,"menu_order":0,"comment_status":"closed","ping_status":"closed","template":"templates\/prestaciones.php","meta":{"_acf_changed":false,"footnotes":""},"class_list":["post-32","page","type-page","status-publish","hentry"],"acf":[],"_links":{"self":[{"href":"https:\/\/www.santafe.gob.ar\/ms\/cajajubilaciones\/wp-json\/wp\/v2\/pages\/32","targetHints":{"allow":["GET"]}}],"collection":[{"href":"https:\/\/www.santafe.gob.ar\/ms\/cajajubilaciones\/wp-json\/wp\/v2\/pages"}],"about":[{"href":"https:\/\/www.santafe.gob.ar\/ms\/cajajubilaciones\/wp-json\/wp\/v2\/types\/page"}],"author":[{"embeddable":true,"href":"https:\/\/www.santafe.gob.ar\/ms\/cajajubilaciones\/wp-json\/wp\/v2\/users\/20203"}],"replies":[{"embeddable":true,"href":"https:\/\/www.santafe.gob.ar\/ms\/cajajubilaciones\/wp-json\/wp\/v2\/comments?post=32"}],"version-history":[{"count":21,"href":"https:\/\/www.santafe.gob.ar\/ms\/cajajubilaciones\/wp-json\/wp\/v2\/pages\/32\/revisions"}],"predecessor-version":[{"id":6258,"href":"https:\/\/www.santafe.gob.ar\/ms\/cajajubilaciones\/wp-json\/wp\/v2\/pages\/32\/revisions\/6258"}],"wp:attachment":[{"href":"https:\/\/www.santafe.gob.ar\/ms\/cajajubilaciones\/wp-json\/wp\/v2\/media?parent=32"}],"curies":[{"name":"wp","href":"https:\/\/api.w.org\/{rel}","templated":true}]}}