
{"id":3610,"date":"2024-11-07T08:38:38","date_gmt":"2024-11-07T11:38:38","guid":{"rendered":"https:\/\/www.santafe.gob.ar\/ms\/cajajubilaciones\/?page_id=3610"},"modified":"2026-02-24T11:39:46","modified_gmt":"2026-02-24T14:39:46","slug":"jubilacion-ordinaria","status":"publish","type":"page","link":"https:\/\/www.santafe.gob.ar\/ms\/cajajubilaciones\/jubilacion-ordinaria\/","title":{"rendered":"Jubilaci\u00f3n Ordinaria"},"content":{"rendered":"<p style=\"line-height: 2;margin-bottom: 1px\">Realizando este tr\u00e1mite podr\u00e1s obtener el beneficio de <strong>Jubilaci\u00f3n Ordinaria<\/strong>.<\/p>\n<p style=\"line-height: 2;margin-bottom: 1px\">Esta prestaci\u00f3n previsional te corresponde si alcanzase la edad y a\u00f1os de servicios con aportes que exige la Ley.<\/p>\n\n\n<!-- Secci\u00f3n: Requisitos -->\n<h2 class=\"wp-block-heading\" style=\"margin-top: 60px\"><i class=\"fa-solid fa-list-ul\" style=\"margin-right: 8px\"><\/i> Requisitos<\/h2>\n<p style=\"line-height: 2;margin-bottom: 1px\">Las <strong>mujeres<\/strong> deben tener, como m\u00ednimo, sesenta (60) a\u00f1os de edad y treinta (30) a\u00f1os de servicios aportados al sistema previsional.<\/p>\n<p style=\"line-height: 2;margin-bottom: 1px\">Los <strong>varones<\/strong> deben tener, como m\u00ednimo, sesenta y cinco (65) a\u00f1os de edad y treinta (30) a\u00f1os de servicios aportados al sistema previsional.<\/p>\n<p style=\"line-height: 2;margin-bottom: 1px\">Para alcanzar los requisitos, se podr\u00e1 <strong>compensar<\/strong> el exceso de edad con la falta de servicios: dos (2) a\u00f1os de excedente de edad pueden compensar un (1) a\u00f1o de servicio faltante.<\/p>\n\n\n<!-- Secci\u00f3n: D\u00f3nde se realiza el tr\u00e1mite -->\n<h2 class=\"wp-block-heading\" style=\"margin-top: 60px\"><i class=\"fa-regular fa-building\" style=\"margin-right: 8px\"><\/i> \u00bfD\u00f3nde se realiza el tr\u00e1mite?<\/h2>\nPara iniciar este tr\u00e1mite debes solicitar turno por nuestra p\u00e1gina web y concurrir personalmente con toda la documentaci\u00f3n, el d\u00eda y en el horario que elegiste.\n<ul>\n \t<li style=\"list-style-type: none\">\n<ul><!-- Contenedor para centrar los botones y controlar su ancho --><\/ul>\n<\/li>\n<\/ul>\n<div style=\"flex-direction: column;align-items: center;margin-top: 20px\"><!-- Primer bot\u00f3n con ancho de 300px -->\n<div class=\"wp-block-button is-style-fill\" style=\"width: 400px\"><a class=\"wp-block-button__link wp-element-button\" style=\"background-color: #e9ecef;border: 1pt solid #DEE2E6;border-radius: 5px;color: #4a4a4a;width: 100%;padding: 6px 10px;padding-left: 20px;align-items: center;justify-content: flex-start;text-align: left\" href=\"https:\/\/turnos.santafe.gov.ar\/turnos\/web\/frontend.php\" target=\"_blank\" rel=\"noreferrer noopener\">\n<i class=\"fa-solid fa-clock\" style=\"margin-right: 8px;color: #4a4a4a\"><\/i> Solicitar turno\n<\/a><\/div>\n<!-- BOT\u00d3N -->\n<div class=\"wp-block-button is-style-fill\" style=\"width: 400px;margin-top: 10px\">\n  <a id=\"popup-button\" class=\"wp-block-button__link wp-element-button\" style=\"background-color: #e9ecef;border: 1pt solid #DEE2E6;border-radius: 5px;color: #4a4a4a;width: 100%;padding: 6px 10px;padding-left: 20px;align-items: center;justify-content: flex-start;text-align: left\" href=\"https:\/\/www.santafe.gob.ar\/ms\/cajajubilaciones\/wp-content\/uploads\/sites\/42\/2024\/11\/turnos.pdf\" target=\"_blank\" rel=\"noreferrer noopener\">\n    <i class=\"fa-solid fa-file-alt\" style=\"margin-right: 8px;color: #4a4a4a\"><\/i> Ver instructivo para solicitar turno\n  <\/a>\n<\/div>\n\n<!-- Secci\u00f3n: Preguntas frecuentes -->\n<h2 class=\"wp-block-heading\" style=\"margin-top: 60px\"><i class=\"fa-solid fa-list-ol\" style=\"margin-right: 4px\"><\/i> \u00bfQu\u00e9 documentaci\u00f3n necesito? Instructivo paso a paso<\/h2>\n\n<div style=\"justify-content: center;margin-top: 20px\">\n<div class=\"wp-block-button is-style-fill\" style=\"width: 400px\"><a class=\"wp-block-button__link wp-element-button\" style=\"background-color: #e9ecef;border: 1pt solid #DEE2E6;border-radius: 5px;color: #4a4a4a;width: 100%;padding: 6px 10px;padding-left: 20px;align-items: center;justify-content: flex-start;text-align: left\" href=\"https:\/\/www.santafe.gob.ar\/ms\/cajajubilaciones\/wp-content\/uploads\/sites\/42\/2026\/02\/I03-Jubilacion-Ordinaria-Regimen-Opcional-Docente-Edad-Avanzada-Rev.20-Feb.-2026.pdf\" target=\"_blank\" rel=\"noreferrer noopener\">\n<i class=\"fa-solid fa-file-alt\" style=\"margin-right: 8px;color: #4a4a4a\"><\/i> Ver instructivo de <strong>Jubilaci\u00f3n Ordinaria<\/strong>\n<\/a><\/div>\n<div><\/div>\n<\/div>\n<h2 class=\"wp-block-heading\" style=\"margin-top: 60px\"><i class=\"fa-regular fa-file-lines\" style=\"margin-right: 8px\">\n<\/i> Formularios necesarios<\/h2>\nDescarg\u00e1 y complet\u00e1 los siguientes formularios, ten\u00e9 en cuenta que tambi\u00e9n pod\u00e9s llenarlos desde tu computadora. Record\u00e1 que tu firma debe estar certificada; esta certificaci\u00f3n s\u00f3lo puede hacerse ante personal de esta Caja, organismo competente, escriban\u00eda o Poder Judicial.\n<ul>\n \t<li style=\"list-style-type: none\">\n<ul><!-- MARGEN DE BOT\u00d3N --><\/ul>\n<\/li>\n<\/ul>\n<div style=\"justify-content: center;margin-top: 20px\"><!-- BOT\u00d3N -->\n<div class=\"wp-block-button is-style-fill\" style=\"width: 800px\"><a class=\"wp-block-button__link wp-element-button\" style=\"background-color: #e9ecef;border: 1pt solid #DEE2E6;border-radius: 5px;color: #4a4a4a;width: 100%;padding: 6px 10px;padding-left: 20px;align-items: center;justify-content: flex-start;text-align: left\" href=\"https:\/\/www.santafe.gob.ar\/ms\/cajajubilaciones\/wp-content\/uploads\/sites\/42\/2026\/02\/F01-Solicitud-de-Jubilacion-o-Retiro-Rev.12-Feb.-2026.pdf\" target=\"_blank\" rel=\"noreferrer noopener\">\n<i class=\"fa-regular fa-file-lines\" style=\"margin-right: 8px;color: #4a4a4a\"><\/i> Solicitud de Jubilaci\u00f3n o Retiro &#8211; Formulario F01\n<\/a><\/div>\n<\/div>\n<!-- MARGEN DE BOT\u00d3N -->\n<div style=\"justify-content: center;margin-top: 8px\"><!-- BOT\u00d3N -->\n<div class=\"wp-block-button is-style-fill\" style=\"width: 800px\"><a class=\"wp-block-button__link wp-element-button\" style=\"background-color: #e9ecef;border: 1pt solid #DEE2E6;border-radius: 5px;color: #4a4a4a;width: 100%;padding: 6px 10px;padding-left: 20px;align-items: center;justify-content: flex-start;text-align: left\" href=\"https:\/\/www.santafe.gob.ar\/ms\/cajajubilaciones\/wp-content\/uploads\/sites\/42\/2025\/02\/F25-Solicitud-de-Antecedentes-Previsionales-ANSES-Rev.5-Oct.-2024.pdf\" target=\"_blank\" rel=\"noreferrer noopener\">\n<i class=\"fa-regular fa-file-lines\" style=\"margin-right: 8px;color: #4a4a4a\"><\/i> Solicitud de Antecedentes Previsionales &#8211; ANSeS &#8211; Formulario F25\n<\/a><\/div>\n<\/div>\n<!-- MARGEN DE BOT\u00d3N -->\n<div style=\"justify-content: center;margin-top: 8px\"><!-- BOT\u00d3N -->\n<div class=\"wp-block-button is-style-fill\" style=\"width: 800px\"><a class=\"wp-block-button__link wp-element-button\" style=\"background-color: #e9ecef;border: 1pt solid #DEE2E6;border-radius: 5px;color: #4a4a4a;width: 100%;padding: 6px 10px;padding-left: 20px;align-items: center;justify-content: flex-start;text-align: left\" href=\"https:\/\/www.santafe.gob.ar\/ms\/cajajubilaciones\/wp-content\/uploads\/sites\/42\/2025\/02\/F26-Solicitud-de-Antecedentes-Previsional-Otras-Cajas-Rev.4-Oct.-2024.pdf\" target=\"_blank\" rel=\"noreferrer noopener\">\n<i class=\"fa-regular fa-file-lines\" style=\"margin-right: 8px;color: #4a4a4a\"><\/i> Solicitud de Antecedentes Previsionales &#8211; Otras Cajas &#8211; Formulario F26\n<\/a><\/div>\n<\/div>\n<!-- MARGEN DE BOT\u00d3N -->\n<div style=\"justify-content: center;margin-top: 8px\"><!-- BOT\u00d3N -->\n<div class=\"wp-block-button is-style-fill\" style=\"width: 800px\"><a class=\"wp-block-button__link wp-element-button\" style=\"background-color: #e9ecef;border: 1pt solid #DEE2E6;border-radius: 5px;color: #4a4a4a;width: 100%;padding: 6px 10px;padding-left: 20px;align-items: center;justify-content: flex-start;text-align: left\" href=\"https:\/\/www.santafe.gob.ar\/ms\/cajajubilaciones\/wp-content\/uploads\/sites\/42\/2025\/02\/F44-Declaracion-Jurada-sobre-Servicios-con-Aportes-a-otros-regimenes-Rev.3-Oct.-2024.pdf\" target=\"_blank\" rel=\"noreferrer noopener\">\n<i class=\"fa-regular fa-file-lines\" style=\"margin-right: 8px;color: #4a4a4a\"><\/i> Declaraci\u00f3n Jurada sobre Servicios con Aportes a otros reg\u00edmenes &#8211; Formulario F44\n<\/a><\/div>\n<\/div>\n\n<!-- Secci\u00f3n: Otros instructivos y formularios -->\n<h2 class=\"wp-block-heading\" style=\"margin-top: 60px;margin-bottom: 16px\">\n  <i class=\"fa-regular fa-file\" style=\"margin-right: 8px\"><\/i> Otros instructivos y formularios relacionados\n<\/h2>\n<!-- Botones con estilos aplicados directamente -->\n<div style=\"justify-content: center;align-items: center;gap: 15px;margin: 20px 0\">\n  <a href=\"https:\/\/www.santafe.gob.ar\/ms\/cajajubilaciones\/wp-content\/uploads\/sites\/42\/2024\/12\/I15-Asignaciones-Familiares-Rev.11-Oct-2024.xls\" target=\"_blank\" style=\"background-color: #e9ecef;border: 1px solid #DEE2E6;border-radius: 5px;color: #4a4a4a;padding: 6px 10px;text-align: left;text-decoration: none;width: 520px;min-width: 520px\" rel=\"noopener\">\n    <i class=\"fa-regular fa-file-lines\" style=\"margin-right: 10px;color: #4a4a4a\"><\/i>\n    Instructivo Asignaciones Familiares &#8211; I15\n  <\/a>\n<\/div>\n\n<div style=\"justify-content: center;align-items: center;gap: 15px;margin: 20px 0\">\n  <a href=\"https:\/\/www.santafe.gob.ar\/ms\/cajajubilaciones\/wp-content\/uploads\/sites\/42\/2025\/02\/I22-Poderes-para-Tramitar-Rev.12-Oct.-2024.pdf\" target=\"_blank\" style=\"background-color: #e9ecef;border: 1px solid #DEE2E6;border-radius: 5px;color: #4a4a4a;padding: 6px 10px;text-align: left;text-decoration: none;width: 520px;min-width: 520px\" rel=\"noopener\">\n    <i class=\"fa-regular fa-file-lines\" style=\"margin-right: 10px;color: #4a4a4a\"><\/i>\n    Instructivo Poderes para tramitar &#8211; I22\n  <\/a>\n  <i class=\"fa-solid fa-chevron-right\" style=\"font-size: 20px;color: #4a4a4a;margin-left: 10px;flex-shrink: 0\"><\/i>\n  <a href=\"https:\/\/www.santafe.gob.ar\/ms\/cajajubilaciones\/wp-content\/uploads\/sites\/42\/2025\/02\/F21-Carta-Poder-para-TRAMITAR-Rev.-9-Oct.-2024.pdf\" target=\"_blank\" style=\"background-color: #e9ecef;border: 1px solid #DEE2E6;border-radius: 5px;color: #4a4a4a;padding: 6px 10px;text-align: left;text-decoration: none;width: 520px;min-width: 520px\" rel=\"noopener\">\n    <i class=\"fa-regular fa-file-lines\" style=\"margin-right: 10px;color: #4a4a4a\"><\/i>\n    Poder para tramitar &#8211; Formulario F21\n  <\/a>\n<\/div>\n\n<div style=\"justify-content: center;align-items: center;gap: 15px;margin: 20px 0\">\n  <a href=\"https:\/\/www.santafe.gob.ar\/ms\/cajajubilaciones\/wp-content\/uploads\/sites\/42\/2025\/02\/I23-Poderes-para-Percibir-Rev.9-Oct.-2024.pdf\" target=\"_blank\" style=\"background-color: #e9ecef;border: 1px solid #DEE2E6;border-radius: 5px;color: #4a4a4a;padding: 6px 10px;text-align: left;text-decoration: none;width: 520px;min-width: 520px\" rel=\"noopener\">\n    <i class=\"fa-regular fa-file-lines\" style=\"margin-right: 10px;color: #4a4a4a\"><\/i>\n    Instructivo Poderes para percibir &#8211; I23\n  <\/a>\n  <i class=\"fa-solid fa-chevron-right\" style=\"font-size: 20px;color: #4a4a4a;margin-left: 10px;flex-shrink: 0\"><\/i>\n  <a href=\"https:\/\/www.santafe.gob.ar\/ms\/cajajubilaciones\/wp-content\/uploads\/sites\/42\/2025\/02\/F22-Carta-Poder-para-PERCIBIR-Rev.7-Oct.-2024.pdf\" target=\"_blank\" style=\"background-color: #e9ecef;border: 1px solid #DEE2E6;border-radius: 5px;color: #4a4a4a;padding: 6px 10px;text-align: left;text-decoration: none;width: 520px;min-width: 520px\" rel=\"noopener\">\n    <i class=\"fa-regular fa-file-lines\" style=\"margin-right: 10px;color: #4a4a4a\"><\/i>\n    Poder para percibir &#8211; Formulario F22\n  <\/a>\n<\/div>\n\n<!-- Secci\u00f3n: Costo del tr\u00e1mite -->\n<h2 class=\"wp-block-heading\" style=\"margin-top: 60px\"><i class=\"fa-solid fa-dollar-sign\" style=\"margin-right: 8px\"><\/i> \u00bfQu\u00e9 costo tiene el tr\u00e1mite?<\/h2>\nEl tr\u00e1mite es gratuito, sencillo y pod\u00e9s hacerlo de forma personal.\n\n<!-- Secci\u00f3n: Seguimiento del tr\u00e1mite -->\n<h2 class=\"wp-block-heading\" style=\"margin-top: 60px\"><i class=\"fa-solid fa-desktop\" style=\"margin-right: 8px\"><\/i> Seguimiento del tr\u00e1mite<\/h2>\n<div style=\"align-items: center;flex-wrap: nowrap;gap: 10px\">\n  <p style=\"margin-bottom: 10px\">Pod\u00e9s consultar el estado de tu tr\u00e1mite ingresando al siguiente enlace:<\/p>\n  <div class=\"wp-block-button is-style-fill\" style=\"margin: 10px 0\">\n    <a class=\"wp-block-button__link wp-element-button\" style=\"background-color: #e9ecef;border: 1pt solid #DEE2E6;border-radius: 5px;color: #4a4a4a;padding: 6px 10px;align-items: center;justify-content: center\" href=\"https:\/\/www.santafe.gov.ar\/expedientes-web\/\" target=\"_blank\" rel=\"noreferrer noopener\">\n      <i class=\"fa-solid fa-arrow-up-right-from-square\" style=\"margin-right: 5px;color: #4a4a4a\"><\/i> Consultar expediente\n    <\/a>\n  <\/div>\n  <p>Vas a necesitar tener a mano tu n\u00famero de expediente para acceder a la informaci\u00f3n.<\/p>\n<\/div>\n\n<!-- Secci\u00f3n: Notificaci\u00f3n del tr\u00e1mite -->\n<h2 class=\"wp-block-heading\" style=\"margin-top: 60px\"><i class=\"fa-regular fa-circle-check\" style=\"margin-right: 8px\"><\/i> Notificaci\u00f3n del tr\u00e1mite<\/h2>\n<p>Las comunicaciones sobre tu tr\u00e1mite se realizar\u00e1n por correo electr\u00f3nico. Es importante que en el formulario de solicitud de Jubilaci\u00f3n proporciones un e-mail, ya que todas las notificaciones enviadas a esa direcci\u00f3n ser\u00e1n consideradas v\u00e1lidas.<\/p>\n<\/br>\n\n","protected":false},"excerpt":{"rendered":"<p>Realizando este tr\u00e1mite podr\u00e1s obtener el beneficio de Jubilaci\u00f3n Ordinaria. Esta prestaci\u00f3n previsional te corresponde si alcanzase la edad y a\u00f1os de servicios con aportes que exige la Ley. Requisitos Las mujeres deben tener, como m\u00ednimo, sesenta (60) a\u00f1os de edad y treinta (30) a\u00f1os de servicios aportados al sistema previsional. Los varones deben tener, [&hellip;]<\/p>\n","protected":false},"author":103636,"featured_media":0,"parent":0,"menu_order":0,"comment_status":"closed","ping_status":"closed","template":"templates\/pagina_simple.php","meta":{"_acf_changed":false,"footnotes":""},"class_list":["post-3610","page","type-page","status-publish","hentry"],"acf":[],"_links":{"self":[{"href":"https:\/\/www.santafe.gob.ar\/ms\/cajajubilaciones\/wp-json\/wp\/v2\/pages\/3610","targetHints":{"allow":["GET"]}}],"collection":[{"href":"https:\/\/www.santafe.gob.ar\/ms\/cajajubilaciones\/wp-json\/wp\/v2\/pages"}],"about":[{"href":"https:\/\/www.santafe.gob.ar\/ms\/cajajubilaciones\/wp-json\/wp\/v2\/types\/page"}],"author":[{"embeddable":true,"href":"https:\/\/www.santafe.gob.ar\/ms\/cajajubilaciones\/wp-json\/wp\/v2\/users\/103636"}],"replies":[{"embeddable":true,"href":"https:\/\/www.santafe.gob.ar\/ms\/cajajubilaciones\/wp-json\/wp\/v2\/comments?post=3610"}],"version-history":[{"count":214,"href":"https:\/\/www.santafe.gob.ar\/ms\/cajajubilaciones\/wp-json\/wp\/v2\/pages\/3610\/revisions"}],"predecessor-version":[{"id":6176,"href":"https:\/\/www.santafe.gob.ar\/ms\/cajajubilaciones\/wp-json\/wp\/v2\/pages\/3610\/revisions\/6176"}],"wp:attachment":[{"href":"https:\/\/www.santafe.gob.ar\/ms\/cajajubilaciones\/wp-json\/wp\/v2\/media?parent=3610"}],"curies":[{"name":"wp","href":"https:\/\/api.w.org\/{rel}","templated":true}]}}