
{"id":3905,"date":"2024-11-28T12:20:10","date_gmt":"2024-11-28T15:20:10","guid":{"rendered":"https:\/\/www.santafe.gob.ar\/ms\/cajajubilaciones\/?page_id=3905"},"modified":"2026-02-24T11:40:07","modified_gmt":"2026-02-24T14:40:07","slug":"jubilacion-por-invalidez","status":"publish","type":"page","link":"https:\/\/www.santafe.gob.ar\/ms\/cajajubilaciones\/jubilacion-por-invalidez\/","title":{"rendered":"Jubilaci\u00f3n por Invalidez"},"content":{"rendered":"<p style=\"line-height: 2\">Realizando este tr\u00e1mite podr\u00e1s obtener el beneficio de <strong>Jubilaci\u00f3n por Invalidez<\/strong>.<\/p>\n\n<p style=\"line-height: 2;margin-bottom: 1px\">Esta prestaci\u00f3n previsional est\u00e1 destinada a trabajadores que, por razones de salud, no pueden desempe\u00f1ar tareas compatibles con su profesi\u00f3n o empleo habitual.<\/p>\n<p style=\"line-height: 2;margin-bottom: 1px\">Cubre las situaciones de incapacidad que ocurren durante el per\u00edodo de relaci\u00f3n laboral.<\/p>\n\n<!-- Secci\u00f3n: Requisitos -->\n<h2 class=\"wp-block-heading\" style=\"margin-top: 60px\"><i class=\"fa-solid fa-list-ul\" style=\"margin-right: 8px\"><\/i> Requisitos<\/h2>\n<p style=\"line-height: 2;margin-bottom: 3px\">\nPara acceder a esta prestaci\u00f3n, es necesario acreditar un porcentaje de invalidez total y permanente del 66% o m\u00e1s.\n<\/br>\nLa evaluaci\u00f3n del porcentaje ser\u00e1 realizada exclusivamente por la Junta M\u00e9dica de la Caja de Jubilaciones.\n\n<!-- Secci\u00f3n: D\u00f3nde se realiza el tr\u00e1mite -->\n<h2 class=\"wp-block-heading\" style=\"margin-top: 60px\"><i class=\"fa-regular fa-building\" style=\"margin-right: 8px\"><\/i> \u00bfD\u00f3nde se realiza el tr\u00e1mite?<\/h2>\nPara iniciar este tr\u00e1mite debes solicitar turno por nuestra p\u00e1gina web y concurrir personalmente con <strong>toda la documentaci\u00f3n<\/strong>, el d\u00eda y en el horario que elegiste.\n<ul>\n \t<li style=\"list-style-type: none\">\n<ul><!-- Contenedor para centrar los botones y controlar su ancho --><\/ul>\n<\/li>\n<\/ul>\n<div style=\"flex-direction: column;align-items: center;margin-top: 20px\"><!-- Primer bot\u00f3n con ancho de 300px -->\n<div class=\"wp-block-button is-style-fill\" style=\"width: 400px\"><a class=\"wp-block-button__link wp-element-button\" style=\"background-color: #e9ecef;border: 1pt solid #DEE2E6;border-radius: 5px;color: #4a4a4a;width: 100%;padding: 6px 10px;padding-left: 20px;align-items: center;justify-content: flex-start;text-align: left\" href=\"https:\/\/turnos.santafe.gov.ar\/turnos\/web\/frontend.php\" target=\"_blank\" rel=\"noreferrer noopener\">\n<i class=\"fa-solid fa-clock\" style=\"margin-right: 8px;color: #4a4a4a\"><\/i> Solicitar turno\n<\/a><\/div>\n<!-- BOT\u00d3N -->\n<div class=\"wp-block-button is-style-fill\" style=\"width: 400px;margin-top: 10px\">\n  <a id=\"popup-button\" class=\"wp-block-button__link wp-element-button\" style=\"background-color: #e9ecef;border: 1pt solid #DEE2E6;border-radius: 5px;color: #4a4a4a;width: 100%;padding: 6px 10px;padding-left: 20px;align-items: center;justify-content: flex-start;text-align: left\" href=\"https:\/\/www.santafe.gob.ar\/ms\/cajajubilaciones\/wp-content\/uploads\/sites\/42\/2024\/11\/turnos.pdf\" target=\"_blank\" rel=\"noreferrer noopener\">\n    <i class=\"fa-solid fa-file-alt\" style=\"margin-right: 8px;color: #4a4a4a\"><\/i> Ver instructivo para solicitar turno\n  <\/a>\n<\/div>\n\n<!-- Secci\u00f3n: Documentaci\u00f3n necesaria -->\n<h2 class=\"wp-block-heading\" style=\"margin-top: 60px\"><i class=\"fa-solid fa-list-ol\" style=\"margin-right: 8px\"><\/i> \u00bfQu\u00e9 documentaci\u00f3n necesito? Instructivo paso a paso<\/h2>\n<div style=\"justify-content: center;margin-top: 20px\">\n<div class=\"wp-block-button is-style-fill\" style=\"width: 485px\"><a class=\"wp-block-button__link wp-element-button\" style=\"background-color: #e9ecef;border: 1pt solid #DEE2E6;border-radius: 5px;color: #4a4a4a;width: 100%;padding: 6px 10px;padding-left: 20px;align-items: center;justify-content: flex-start;text-align: left\" href=\"https:\/\/www.santafe.gob.ar\/ms\/cajajubilaciones\/wp-content\/uploads\/sites\/42\/2026\/02\/I05-Jubilacion-por-Invalidez-Rev.18-Feb.-2026.pdf\" target=\"_blank\" rel=\"noreferrer noopener\">\n<i class=\"fa-solid fa-file-alt\" style=\"margin-right: 8px;color: #4a4a4a\"><\/i> Ver instructivo de <strong>Jubilaci\u00f3n por Invalidez<\/strong>\n<\/a><\/div>\n<div><\/div>\n<\/div>\n\n<h2 class=\"wp-block-heading\" style=\"margin-top: 60px\"><i class=\"fa-regular fa-file-lines\" style=\"margin-right: 8px\"><\/i> Formularios necesarios<\/h2>\nDescarg\u00e1 y complet\u00e1 los siguientes formularios, ten\u00e9 en cuenta que tambi\u00e9n pod\u00e9s llenarlos desde tu computadora. Record\u00e1 que tu firma debe estar certificada; esta certificaci\u00f3n s\u00f3lo puede hacerse ante personal de esta Caja, organismo competente, escriban\u00eda o Poder Judicial.\n<ul>\n \t<li style=\"list-style-type: none\">\n<ul><!-- MARGEN DE BOT\u00d3N --><\/ul>\n<\/li>\n<\/ul>\n<div style=\"justify-content: center;margin-top: 20px\"><!-- BOT\u00d3N -->\n<div class=\"wp-block-button is-style-fill\" style=\"width: 800px\"><a class=\"wp-block-button__link wp-element-button\" style=\"background-color: #e9ecef;border: 1pt solid #DEE2E6;border-radius: 5px;color: #4a4a4a;width: 100%;padding: 6px 10px;padding-left: 20px;align-items: center;justify-content: flex-start;text-align: left\" href=\"https:\/\/www.santafe.gob.ar\/ms\/cajajubilaciones\/wp-content\/uploads\/sites\/42\/2026\/02\/F01-Solicitud-de-Jubilacion-o-Retiro-Rev.12-Feb.-2026.pdf\" target=\"_blank\" rel=\"noreferrer noopener\">\n<i class=\"fa-regular fa-file-lines\" style=\"margin-right: 8px;color: #4a4a4a\"><\/i> Solicitud de Jubilaci\u00f3n o Retiro &#8211; Formulario F01\n<\/a><\/div>\n<\/div>\n<!-- MARGEN DE BOT\u00d3N -->\n<div style=\"justify-content: center;margin-top: 8px\"><!-- BOT\u00d3N -->\n<div class=\"wp-block-button is-style-fill\" style=\"width: 800px\"><a class=\"wp-block-button__link wp-element-button\" style=\"background-color: #e9ecef;border: 1pt solid #DEE2E6;border-radius: 5px;color: #4a4a4a;width: 100%;padding: 6px 10px;padding-left: 20px;align-items: center;justify-content: flex-start;text-align: left\" href=\"https:\/\/www.santafe.gob.ar\/ms\/cajajubilaciones\/wp-content\/uploads\/sites\/42\/2025\/02\/F25-Solicitud-de-Antecedentes-Previsionales-ANSES-Rev.5-Oct.-2024.pdf\" target=\"_blank\" rel=\"noreferrer noopener\">\n<i class=\"fa-regular fa-file-lines\" style=\"margin-right: 8px;color: #4a4a4a\"><\/i> Solicitud de Antecedentes Previsionales &#8211; ANSeS &#8211; Formulario F25\n<\/a><\/div>\n<\/div>\n<!-- MARGEN DE BOT\u00d3N -->\n<div style=\"justify-content: center;margin-top: 8px\"><!-- BOT\u00d3N -->\n<div class=\"wp-block-button is-style-fill\" style=\"width: 800px\"><a class=\"wp-block-button__link wp-element-button\" style=\"background-color: #e9ecef;border: 1pt solid #DEE2E6;border-radius: 5px;color: #4a4a4a;width: 100%;padding: 6px 10px;padding-left: 20px;align-items: center;justify-content: flex-start;text-align: left\" href=\"https:\/\/www.santafe.gob.ar\/ms\/cajajubilaciones\/wp-content\/uploads\/sites\/42\/2025\/02\/F26-Solicitud-de-Antecedentes-Previsional-Otras-Cajas-Rev.4-Oct.-2024.pdf\" target=\"_blank\" rel=\"noreferrer noopener\">\n<i class=\"fa-regular fa-file-lines\" style=\"margin-right: 8px;color: #4a4a4a\"><\/i> Solicitud de Antecedentes Previsionales &#8211; Otras Cajas &#8211; Formulario F26\n<\/a><\/div>\n<\/div>\n<!-- MARGEN DE BOT\u00d3N -->\n<div style=\"justify-content: center;margin-top: 8px\"><!-- BOT\u00d3N -->\n<div class=\"wp-block-button is-style-fill\" style=\"width: 800px\"><a class=\"wp-block-button__link wp-element-button\" style=\"background-color: #e9ecef;border: 1pt solid #DEE2E6;border-radius: 5px;color: #4a4a4a;width: 100%;padding: 6px 10px;padding-left: 20px;align-items: center;justify-content: flex-start;text-align: left\" href=\"https:\/\/www.santafe.gob.ar\/ms\/cajajubilaciones\/wp-content\/uploads\/sites\/42\/2025\/02\/F44-Declaracion-Jurada-sobre-Servicios-con-Aportes-a-otros-regimenes-Rev.3-Oct.-2024.pdf\" target=\"_blank\" rel=\"noreferrer noopener\">\n<i class=\"fa-regular fa-file-lines\" style=\"margin-right: 8px;color: #4a4a4a\"><\/i> Declaraci\u00f3n Jurada sobre Servicios con Aportes a otros reg\u00edmenes &#8211; Formulario F44\n<\/a><\/div>\n<\/div>\n\n<!-- Secci\u00f3n: Otros instructivos y formularios -->\n<h2 class=\"wp-block-heading\" style=\"margin-top: 60px;margin-bottom: 16px\">\n  <i class=\"fa-regular fa-file\" style=\"margin-right: 8px\"><\/i> Otros instructivos y formularios relacionados\n<\/h2>\n<!-- Botones con estilos aplicados directamente -->\n<div style=\"justify-content: center;align-items: center;gap: 15px;margin: 20px 0\">\n  <a href=\"https:\/\/www.santafe.gob.ar\/ms\/cajajubilaciones\/wp-content\/uploads\/sites\/42\/2024\/12\/I15-Asignaciones-Familiares-Rev.11-Oct-2024.xls\" target=\"_blank\" style=\"background-color: #e9ecef;border: 1px solid #DEE2E6;border-radius: 5px;color: #4a4a4a;padding: 6px 10px;text-align: left;text-decoration: none;width: 520px;min-width: 520px\" rel=\"noopener\">\n    <i class=\"fa-regular fa-file-lines\" style=\"margin-right: 10px;color: #4a4a4a\"><\/i>\n    Instructivo Asignaciones Familiares &#8211; I15\n  <\/a>\n<\/div>\n\n<div style=\"justify-content: center;align-items: center;gap: 15px;margin: 20px 0\">\n  <a href=\"https:\/\/www.santafe.gob.ar\/ms\/cajajubilaciones\/wp-content\/uploads\/sites\/42\/2025\/02\/I22-Poderes-para-Tramitar-Rev.12-Oct.-2024.pdf\" target=\"_blank\" style=\"background-color: #e9ecef;border: 1px solid #DEE2E6;border-radius: 5px;color: #4a4a4a;padding: 6px 10px;text-align: left;text-decoration: none;width: 520px;min-width: 520px\" rel=\"noopener\">\n    <i class=\"fa-regular fa-file-lines\" style=\"margin-right: 10px;color: #4a4a4a\"><\/i>\n    Instructivo Poderes para tramitar &#8211; I22\n  <\/a>\n  <i class=\"fa-solid fa-chevron-right\" style=\"font-size: 20px;color: #4a4a4a;margin-left: 10px;flex-shrink: 0\"><\/i>\n  <a href=\"https:\/\/www.santafe.gob.ar\/ms\/cajajubilaciones\/wp-content\/uploads\/sites\/42\/2025\/02\/F21-Carta-Poder-para-TRAMITAR-Rev.-9-Oct.-2024.pdf\" target=\"_blank\" style=\"background-color: #e9ecef;border: 1px solid #DEE2E6;border-radius: 5px;color: #4a4a4a;padding: 6px 10px;text-align: left;text-decoration: none;width: 520px;min-width: 520px\" rel=\"noopener\">\n    <i class=\"fa-regular fa-file-lines\" style=\"margin-right: 10px;color: #4a4a4a\"><\/i>\n    Poder para tramitar &#8211; Formulario F21\n  <\/a>\n<\/div>\n\n<div style=\"justify-content: center;align-items: center;gap: 15px;margin: 20px 0\">\n  <a href=\"https:\/\/www.santafe.gob.ar\/ms\/cajajubilaciones\/wp-content\/uploads\/sites\/42\/2025\/02\/I23-Poderes-para-Percibir-Rev.9-Oct.-2024.pdf\" target=\"_blank\" style=\"background-color: #e9ecef;border: 1px solid #DEE2E6;border-radius: 5px;color: #4a4a4a;padding: 6px 10px;text-align: left;text-decoration: none;width: 520px;min-width: 520px\" rel=\"noopener\">\n    <i class=\"fa-regular fa-file-lines\" style=\"margin-right: 10px;color: #4a4a4a\"><\/i>\n    Instructivo Poderes para percibir &#8211; I23\n  <\/a>\n  <i class=\"fa-solid fa-chevron-right\" style=\"font-size: 20px;color: #4a4a4a;margin-left: 10px;flex-shrink: 0\"><\/i>\n  <a href=\"https:\/\/www.santafe.gob.ar\/ms\/cajajubilaciones\/wp-content\/uploads\/sites\/42\/2025\/02\/F22-Carta-Poder-para-PERCIBIR-Rev.7-Oct.-2024.pdf\" target=\"_blank\" style=\"background-color: #e9ecef;border: 1px solid #DEE2E6;border-radius: 5px;color: #4a4a4a;padding: 6px 10px;text-align: left;text-decoration: none;width: 520px;min-width: 520px\" rel=\"noopener\">\n    <i class=\"fa-regular fa-file-lines\" style=\"margin-right: 10px;color: #4a4a4a\"><\/i>\n    Poder para percibir &#8211; Formulario F22\n  <\/a>\n<\/div>\n\n<!-- Secci\u00f3n: Costo del tr\u00e1mite -->\n<h2 class=\"wp-block-heading\" style=\"margin-top: 60px\"><i class=\"fa-solid fa-dollar-sign\" style=\"margin-right: 8px\"><\/i> \u00bfQu\u00e9 costo tiene el tr\u00e1mite?<\/h2>\nEl tr\u00e1mite es gratuito, sencillo y pod\u00e9s hacerlo de forma personal.\n\n<!-- Secci\u00f3n: Seguimiento del tr\u00e1mite -->\n<h2 class=\"wp-block-heading\" style=\"margin-top: 60px\"><i class=\"fa-solid fa-desktop\" style=\"margin-right: 8px\"><\/i> Seguimiento del tr\u00e1mite<\/h2>\n<div style=\"align-items: center;flex-wrap: nowrap;gap: 10px\">\n  <p style=\"margin-bottom: 10px\">Pod\u00e9s consultar el estado de tu tr\u00e1mite ingresando al siguiente enlace:<\/p>\n  <div class=\"wp-block-button is-style-fill\" style=\"margin: 10px 0\">\n    <a class=\"wp-block-button__link wp-element-button\" style=\"background-color: #e9ecef;border: 1pt solid #DEE2E6;border-radius: 5px;color: #4a4a4a;padding: 6px 10px;align-items: center;justify-content: center\" href=\"https:\/\/www.santafe.gov.ar\/expedientes-web\/\" target=\"_blank\" rel=\"noreferrer noopener\">\n      <i class=\"fa-solid fa-arrow-up-right-from-square\" style=\"margin-right: 5px;color: #4a4a4a\"><\/i> Consultar expediente\n    <\/a>\n  <\/div>\n  <p>Vas a necesitar tener a mano tu n\u00famero de expediente para acceder a la informaci\u00f3n.<\/p>\n<\/div>\n\n<!-- Secci\u00f3n: Notificaci\u00f3n del tr\u00e1mite -->\n<h2 class=\"wp-block-heading\" style=\"margin-top: 60px\"><i class=\"fa-regular fa-circle-check\" style=\"margin-right: 8px\"><\/i> Notificaci\u00f3n del tr\u00e1mite<\/h2>\n<p>Las comunicaciones sobre tu tr\u00e1mite se realizar\u00e1n por correo electr\u00f3nico. Es importante que en el formulario de Jubilaci\u00f3n proporciones un e-mail, ya que todas las notificaciones enviadas a esa direcci\u00f3n ser\u00e1n consideradas v\u00e1lidas.<\/p>\n<\/br>","protected":false},"excerpt":{"rendered":"<p>Realizando este tr\u00e1mite podr\u00e1s obtener el beneficio de Jubilaci\u00f3n por Invalidez. Esta prestaci\u00f3n previsional est\u00e1 destinada a trabajadores que, por razones de salud, no pueden desempe\u00f1ar tareas compatibles con su profesi\u00f3n o empleo habitual. Cubre las situaciones de incapacidad que ocurren durante el per\u00edodo de relaci\u00f3n laboral. Requisitos Para acceder a esta prestaci\u00f3n, es necesario [&hellip;]<\/p>\n","protected":false},"author":103636,"featured_media":0,"parent":0,"menu_order":0,"comment_status":"closed","ping_status":"closed","template":"templates\/pagina_simple.php","meta":{"_acf_changed":false,"footnotes":""},"class_list":["post-3905","page","type-page","status-publish","hentry"],"acf":[],"_links":{"self":[{"href":"https:\/\/www.santafe.gob.ar\/ms\/cajajubilaciones\/wp-json\/wp\/v2\/pages\/3905","targetHints":{"allow":["GET"]}}],"collection":[{"href":"https:\/\/www.santafe.gob.ar\/ms\/cajajubilaciones\/wp-json\/wp\/v2\/pages"}],"about":[{"href":"https:\/\/www.santafe.gob.ar\/ms\/cajajubilaciones\/wp-json\/wp\/v2\/types\/page"}],"author":[{"embeddable":true,"href":"https:\/\/www.santafe.gob.ar\/ms\/cajajubilaciones\/wp-json\/wp\/v2\/users\/103636"}],"replies":[{"embeddable":true,"href":"https:\/\/www.santafe.gob.ar\/ms\/cajajubilaciones\/wp-json\/wp\/v2\/comments?post=3905"}],"version-history":[{"count":38,"href":"https:\/\/www.santafe.gob.ar\/ms\/cajajubilaciones\/wp-json\/wp\/v2\/pages\/3905\/revisions"}],"predecessor-version":[{"id":6177,"href":"https:\/\/www.santafe.gob.ar\/ms\/cajajubilaciones\/wp-json\/wp\/v2\/pages\/3905\/revisions\/6177"}],"wp:attachment":[{"href":"https:\/\/www.santafe.gob.ar\/ms\/cajajubilaciones\/wp-json\/wp\/v2\/media?parent=3905"}],"curies":[{"name":"wp","href":"https:\/\/api.w.org\/{rel}","templated":true}]}}