
{"id":3927,"date":"2024-11-28T12:38:46","date_gmt":"2024-11-28T15:38:46","guid":{"rendered":"https:\/\/www.santafe.gob.ar\/ms\/cajajubilaciones\/?page_id=3927"},"modified":"2026-02-24T11:39:40","modified_gmt":"2026-02-24T14:39:40","slug":"regimen-opcional-docente","status":"publish","type":"page","link":"https:\/\/www.santafe.gob.ar\/ms\/cajajubilaciones\/regimen-opcional-docente\/","title":{"rendered":"Jubilaci\u00f3n R\u00e9gimen Opcional Docente"},"content":{"rendered":"<p style=\"line-height: 2;margin-bottom: 1px\">Realizando este tr\u00e1mite podr\u00e1s obtener el beneficio de <strong>Jubilaci\u00f3n Ordinaria &#8211; R\u00e9gimen opcional para el personal Docente<\/strong>.<\/p>\n<p style=\"line-height: 2;margin-bottom: 1px\">Esta prestaci\u00f3n previsional te corresponde si sos docente y cumpl\u00eds con los siguientes requisitos:<\/p>\n<p><!-- Secci\u00f3n: Requisitos --><\/p>\n<h2 class=\"wp-block-heading\" style=\"margin-top: 60px\"><i class=\"fa-solid fa-list-ul\" style=\"margin-right: 8px\"><\/i> Requisitos<\/h2>\n<p>Hay dos opciones para acceder al beneficio:<\/p>\n<p><strong>Opci\u00f3n 1<\/strong><\/p>\n<ul>\n<li><span style=\"color: initial\">Tanto mujeres como varones deben tener, como m\u00ednimo, cincuenta y siete (57) a\u00f1os de edad.<\/span><\/li>\n<li>Contar con 30 a\u00f1os de servicios docentes, prestados en su totalidad frente al aula en niveles inicial, primario, secundario y\/o terciario no universitarios, en instituciones p\u00fablicas o privadas incorporados a la ense\u00f1anza oficial.<\/li>\n<li>Para los niveles secundario y\/o terciario no universitarios:\n<ul>\n<li>Tener como m\u00ednimo 30 horas c\u00e1tedra durante los \u00faltimos 120 meses (10 a\u00f1os) inmediatamente anteriores a la fecha del cese laboral, <strong>y \/o<\/strong><\/li>\n<li>Haber ocupado cargos directivos o de supervisi\u00f3n en estas instituciones.<\/li>\n<\/ul>\n<\/li>\n<\/ul>\n<p><strong>Opci\u00f3n 2<\/strong><\/p>\n<p>Podr\u00e1n acceder al beneficio tanto mujeres como varones que tengan, como m\u00ednimo, sesenta (60) a\u00f1os de edad y treinta (30) a\u00f1os de servicios docentes prestados en establecimientos p\u00fablicos o privados incorporados a la ense\u00f1anza oficial no universitaria.<\/p>\n<p>En ambas opciones, para alcanzar los requisitos se podr\u00e1 compensar el exceso de edad con la falta de servicios: dos (2) a\u00f1os de excedente de edad pueden compensar un (1) a\u00f1o de servicio faltante.<\/p>\n<p><!-- Secci\u00f3n: D\u00f3nde se realiza el tr\u00e1mite --><\/p>\n<h2 class=\"wp-block-heading\" style=\"margin-top: 60px\"><i class=\"fa-regular fa-building\" style=\"margin-right: 8px\"><\/i> \u00bfD\u00f3nde se realiza el tr\u00e1mite?<\/h2>\n<p>Para iniciar este tr\u00e1mite debes solicitar turno por nuestra p\u00e1gina web y concurrir personalmente con toda la documentaci\u00f3n, el d\u00eda y en el horario que elegiste.<\/p>\n<ul>\n<li style=\"list-style-type: none\">\n<ul><!-- Contenedor para centrar los botones y controlar su ancho --><\/ul>\n<\/li>\n<\/ul>\n<div style=\"flex-direction: column;align-items: center;margin-top: 20px\"><!-- Primer bot\u00f3n con ancho de 300px -->\n<div class=\"wp-block-button is-style-fill\" style=\"width: 400px\"><a class=\"wp-block-button__link wp-element-button\" style=\"background-color: #e9ecef;border: 1pt solid #DEE2E6;border-radius: 5px;color: #4a4a4a;width: 100%;padding: 6px 10px;padding-left: 20px;align-items: center;justify-content: flex-start;text-align: left\" href=\"https:\/\/turnos.santafe.gov.ar\/turnos\/web\/frontend.php\" target=\"_blank\" rel=\"noreferrer noopener\">Solicitar turno<br \/><\/a><\/div>\n<p><!-- BOT\u00d3N --><\/p>\n<div class=\"wp-block-button is-style-fill\" style=\"width: 400px;margin-top: 10px\"><a id=\"popup-button\" class=\"wp-block-button__link wp-element-button\" style=\"background-color: #e9ecef;border: 1pt solid #DEE2E6;border-radius: 5px;color: #4a4a4a;width: 100%;padding: 6px 10px;padding-left: 20px;align-items: center;justify-content: flex-start;text-align: left\" href=\"https:\/\/www.santafe.gob.ar\/ms\/cajajubilaciones\/wp-content\/uploads\/sites\/42\/2024\/11\/turnos.pdf\" target=\"_blank\" rel=\"noreferrer noopener\">Ver instructivo para solicitar turno<br \/><\/a><\/div>\n<p><!-- Secci\u00f3n: Documentaci\u00f3n necesaria --><\/p>\n<h2 class=\"wp-block-heading\" style=\"margin-top: 60px\"><i class=\"fa-solid fa-list-ol\" style=\"margin-right: 8px\"><\/i> \u00bfQu\u00e9 documentaci\u00f3n necesito? Instructivo paso a paso<\/h2>\n<div style=\"justify-content: center;margin-top: 20px\">\n<div class=\"wp-block-button is-style-fill\" style=\"width: 558px\"><a class=\"wp-block-button__link wp-element-button\" style=\"background-color: #e9ecef;border: 1pt solid #DEE2E6;border-radius: 5px;color: #4a4a4a;width: 100%;padding: 6px 10px;padding-left: 20px;align-items: center;justify-content: flex-start;text-align: left\" href=\"https:\/\/www.santafe.gob.ar\/ms\/cajajubilaciones\/wp-content\/uploads\/sites\/42\/2026\/02\/I03-Jubilacion-Ordinaria-Regimen-Opcional-Docente-Edad-Avanzada-Rev.20-Feb.-2026.pdf\" target=\"_blank\" rel=\"noreferrer noopener\">Ver instructivo de <strong>Jubilaci\u00f3n R\u00e9gimen Opcional Docente<\/strong><br \/><\/a><\/div>\n<div>\u00a0<\/div>\n<\/div>\n<h2 class=\"wp-block-heading\" style=\"margin-top: 60px\"><i class=\"fa-regular fa-file-lines\" style=\"margin-right: 8px\"><\/i> Formularios necesarios<\/h2>\n<p>Descarg\u00e1 y complet\u00e1 los siguientes formularios, ten\u00e9 en cuenta que tambi\u00e9n pod\u00e9s llenarlos desde tu computadora. Record\u00e1 que tu firma debe estar certificada; esta certificaci\u00f3n s\u00f3lo puede hacerse ante personal de esta Caja, organismo competente, escriban\u00eda o Poder Judicial.<\/p>\n<ul>\n<li style=\"list-style-type: none\">\n<ul><!-- MARGEN DE BOT\u00d3N --><\/ul>\n<\/li>\n<\/ul>\n<div style=\"justify-content: center;margin-top: 20px\"><!-- BOT\u00d3N -->\n<div class=\"wp-block-button is-style-fill\" style=\"width: 800px\"><a class=\"wp-block-button__link wp-element-button\" style=\"background-color: #e9ecef;border: 1pt solid #DEE2E6;border-radius: 5px;color: #4a4a4a;width: 100%;padding: 6px 10px;padding-left: 20px;align-items: center;justify-content: flex-start;text-align: left\" href=\"https:\/\/www.santafe.gob.ar\/ms\/cajajubilaciones\/wp-content\/uploads\/sites\/42\/2026\/02\/F01-Solicitud-de-Jubilacion-o-Retiro-Rev.12-Feb.-2026.pdf\" target=\"_blank\" rel=\"noreferrer noopener\">Solicitud de Jubilaci\u00f3n o Retiro &#8211; Formulario F01<br \/><\/a><\/div>\n<\/div>\n<p><!-- MARGEN DE BOT\u00d3N --><\/p>\n<div style=\"justify-content: center;margin-top: 8px\"><!-- BOT\u00d3N -->\n<div class=\"wp-block-button is-style-fill\" style=\"width: 800px\"><a class=\"wp-block-button__link wp-element-button\" style=\"background-color: #e9ecef;border: 1pt solid #DEE2E6;border-radius: 5px;color: #4a4a4a;width: 100%;padding: 6px 10px;padding-left: 20px;align-items: center;justify-content: flex-start;text-align: left\" href=\"https:\/\/www.santafe.gob.ar\/ms\/cajajubilaciones\/wp-content\/uploads\/sites\/42\/2025\/02\/F25-Solicitud-de-Antecedentes-Previsionales-ANSES-Rev.5-Oct.-2024.pdf\" target=\"_blank\" rel=\"noreferrer noopener\">Solicitud de Antecedentes Previsionales &#8211; ANSeS &#8211; Formulario F25<br \/><\/a><\/div>\n<\/div>\n<p><!-- MARGEN DE BOT\u00d3N --><\/p>\n<div style=\"justify-content: center;margin-top: 8px\"><!-- BOT\u00d3N -->\n<div class=\"wp-block-button is-style-fill\" style=\"width: 800px\"><a class=\"wp-block-button__link wp-element-button\" style=\"background-color: #e9ecef;border: 1pt solid #DEE2E6;border-radius: 5px;color: #4a4a4a;width: 100%;padding: 6px 10px;padding-left: 20px;align-items: center;justify-content: flex-start;text-align: left\" href=\"https:\/\/www.santafe.gob.ar\/ms\/cajajubilaciones\/wp-content\/uploads\/sites\/42\/2025\/02\/F26-Solicitud-de-Antecedentes-Previsional-Otras-Cajas-Rev.4-Oct.-2024.pdf\" target=\"_blank\" rel=\"noreferrer noopener\">Solicitud de Antecedentes Previsionales &#8211; Otras Cajas &#8211; Formulario F26<br \/><\/a><\/div>\n<\/div>\n<p><!-- MARGEN DE BOT\u00d3N --><\/p>\n<div style=\"justify-content: center;margin-top: 8px\"><!-- BOT\u00d3N -->\n<div class=\"wp-block-button is-style-fill\" style=\"width: 800px\"><a class=\"wp-block-button__link wp-element-button\" style=\"background-color: #e9ecef;border: 1pt solid #DEE2E6;border-radius: 5px;color: #4a4a4a;width: 100%;padding: 6px 10px;padding-left: 20px;align-items: center;justify-content: flex-start;text-align: left\" href=\"https:\/\/www.santafe.gob.ar\/ms\/cajajubilaciones\/wp-content\/uploads\/sites\/42\/2025\/02\/F44-Declaracion-Jurada-sobre-Servicios-con-Aportes-a-otros-regimenes-Rev.3-Oct.-2024.pdf\" target=\"_blank\" rel=\"noreferrer noopener\">Declaraci\u00f3n Jurada sobre Servicios con Aportes a otros reg\u00edmenes &#8211; Formulario F44<br \/><\/a><\/div>\n<\/div>\n<p><!-- Secci\u00f3n: Otros instructivos y formularios --><\/p>\n<h2 class=\"wp-block-heading\" style=\"margin-top: 60px;margin-bottom: 16px\"><i class=\"fa-regular fa-file\" style=\"margin-right: 8px\"><\/i> Otros instructivos y formularios relacionados<\/h2>\n<p><!-- Botones con estilos aplicados directamente --><\/p>\n<div style=\"justify-content: center;align-items: center;gap: 15px;margin: 20px 0\"><a style=\"background-color: #e9ecef;border: 1px solid #DEE2E6;border-radius: 5px;color: #4a4a4a;padding: 6px 10px;text-align: left;text-decoration: none;width: 520px;min-width: 520px\" href=\"https:\/\/www.santafe.gob.ar\/ms\/cajajubilaciones\/wp-content\/uploads\/sites\/42\/2024\/12\/I15-Asignaciones-Familiares-Rev.11-Oct-2024.xls\" target=\"_blank\" rel=\"noopener\">Instructivo Asignaciones Familiares &#8211; I15<\/a><br \/><br \/><\/div>\n<div style=\"justify-content: center;align-items: center;gap: 15px;margin: 20px 0\"><a style=\"background-color: #e9ecef;border: 1px solid #DEE2E6;border-radius: 5px;color: #4a4a4a;padding: 6px 10px;text-align: left;text-decoration: none;width: 520px;min-width: 520px\" href=\"https:\/\/www.santafe.gob.ar\/ms\/cajajubilaciones\/wp-content\/uploads\/sites\/42\/2025\/02\/I22-Poderes-para-Tramitar-Rev.12-Oct.-2024.pdf\" target=\"_blank\" rel=\"noopener\">Instructivo Poderes para tramitar &#8211; I22\u00a0<\/a> <img loading=\"lazy\" decoding=\"async\" class=\"alignnone size-full wp-image-4557\" src=\"https:\/\/www.santafe.gob.ar\/ms\/cajajubilaciones\/wp-content\/uploads\/sites\/42\/2024\/12\/right-chevron.png\" alt=\"\" width=\"16\" height=\"16\" \/> <a style=\"background-color: #e9ecef;border: 1px solid #DEE2E6;border-radius: 5px;color: #4a4a4a;padding: 6px 10px;text-align: left;text-decoration: none;width: 520px;min-width: 520px\" href=\"https:\/\/www.santafe.gob.ar\/ms\/cajajubilaciones\/wp-content\/uploads\/sites\/42\/2025\/02\/F21-Carta-Poder-para-TRAMITAR-Rev.-9-Oct.-2024.pdf\" target=\"_blank\" rel=\"noopener\">Poder para tramitar &#8211; Formulario F21<br \/><\/a><\/div>\n<div style=\"justify-content: center;align-items: center;gap: 15px;margin: 20px 0\"><a style=\"background-color: #e9ecef;border: 1px solid #DEE2E6;border-radius: 5px;color: #4a4a4a;padding: 6px 10px;text-align: left;text-decoration: none;width: 520px;min-width: 520px\" href=\"https:\/\/www.santafe.gob.ar\/ms\/cajajubilaciones\/wp-content\/uploads\/sites\/42\/2025\/02\/I23-Poderes-para-Percibir-Rev.9-Oct.-2024.pdf\" target=\"_blank\" rel=\"noopener\">Instructivo Poderes para percibir &#8211; I23<\/a> <img loading=\"lazy\" decoding=\"async\" class=\"alignnone size-full wp-image-4557\" src=\"https:\/\/www.santafe.gob.ar\/ms\/cajajubilaciones\/wp-content\/uploads\/sites\/42\/2024\/12\/right-chevron.png\" alt=\"\" width=\"16\" height=\"16\" \/>\u00a0<a style=\"background-color: #e9ecef;border: 1px solid #DEE2E6;border-radius: 5px;color: #4a4a4a;padding: 6px 10px;text-align: left;text-decoration: none;width: 520px;min-width: 520px\" href=\"https:\/\/www.santafe.gob.ar\/ms\/cajajubilaciones\/wp-content\/uploads\/sites\/42\/2025\/02\/F22-Carta-Poder-para-PERCIBIR-Rev.7-Oct.-2024.pdf\" target=\"_blank\" rel=\"noopener\">Poder para percibir &#8211; Formulario F22<br \/><\/a><\/div>\n<p><!-- Secci\u00f3n: Costo del tr\u00e1mite --><\/p>\n<h2 class=\"wp-block-heading\" style=\"margin-top: 60px\"><i class=\"fa-solid fa-dollar-sign\" style=\"margin-right: 8px\"><\/i> \u00bfQu\u00e9 costo tiene el tr\u00e1mite?<\/h2>\n<p>El tr\u00e1mite es gratuito, sencillo y pod\u00e9s hacerlo de forma personal.<\/p>\n<p><!-- Secci\u00f3n: Seguimiento del tr\u00e1mite --><\/p>\n<h2 class=\"wp-block-heading\" style=\"margin-top: 60px\"><i class=\"fa-solid fa-desktop\" style=\"margin-right: 8px\"><\/i> Seguimiento del tr\u00e1mite<\/h2>\n<div style=\"align-items: center;flex-wrap: nowrap;gap: 10px\">\n<p style=\"margin-bottom: 10px\">Pod\u00e9s consultar el estado de tu tr\u00e1mite ingresando al siguiente enlace:<\/p>\n<div class=\"wp-block-button is-style-fill\" style=\"margin: 10px 0\"><a class=\"wp-block-button__link wp-element-button\" style=\"background-color: #e9ecef;border: 1pt solid #DEE2E6;border-radius: 5px;color: #4a4a4a;padding: 6px 10px;align-items: center;justify-content: center\" href=\"https:\/\/www.santafe.gov.ar\/expedientes-web\/\" target=\"_blank\" rel=\"noreferrer noopener\">Consultar expediente<br \/><\/a><\/div>\n<p>Vas a necesitar tener a mano tu n\u00famero de expediente para acceder a la informaci\u00f3n.<\/p>\n<\/div>\n<p><!-- Secci\u00f3n: Notificaci\u00f3n del tr\u00e1mite --><\/p>\n<h2 class=\"wp-block-heading\" style=\"margin-top: 60px\"><i class=\"fa-regular fa-circle-check\" style=\"margin-right: 8px\"><\/i> Notificaci\u00f3n del tr\u00e1mite<\/h2>\n<p>Las comunicaciones sobre tu tr\u00e1mite se realizar\u00e1n por correo electr\u00f3nico. Es importante que en el formulario de la Jubilaci\u00f3n proporciones un e-mail, ya que todas las notificaciones enviadas a esa direcci\u00f3n ser\u00e1n consideradas v\u00e1lidas.<\/p>\n<\/div>\n\n\n\n\n<div class=\"wp-block-group has-small-font-size is-vertical is-layout-flex wp-container-core-group-is-layout-8cf370e7 wp-block-group-is-layout-flex\"><\/div>\n\n\n\n<p><\/p>\n","protected":false},"excerpt":{"rendered":"<p>Realizando este tr\u00e1mite podr\u00e1s obtener el beneficio de Jubilaci\u00f3n Ordinaria &#8211; R\u00e9gimen opcional para el personal Docente. Esta prestaci\u00f3n previsional te corresponde si sos docente y cumpl\u00eds con los siguientes requisitos: Requisitos Hay dos opciones para acceder al beneficio: Opci\u00f3n 1 Tanto mujeres como varones deben tener, como m\u00ednimo, cincuenta y siete (57) a\u00f1os de [&hellip;]<\/p>\n","protected":false},"author":103636,"featured_media":0,"parent":0,"menu_order":0,"comment_status":"closed","ping_status":"closed","template":"templates\/pagina_simple.php","meta":{"_acf_changed":false,"footnotes":""},"class_list":["post-3927","page","type-page","status-publish","hentry"],"acf":[],"_links":{"self":[{"href":"https:\/\/www.santafe.gob.ar\/ms\/cajajubilaciones\/wp-json\/wp\/v2\/pages\/3927","targetHints":{"allow":["GET"]}}],"collection":[{"href":"https:\/\/www.santafe.gob.ar\/ms\/cajajubilaciones\/wp-json\/wp\/v2\/pages"}],"about":[{"href":"https:\/\/www.santafe.gob.ar\/ms\/cajajubilaciones\/wp-json\/wp\/v2\/types\/page"}],"author":[{"embeddable":true,"href":"https:\/\/www.santafe.gob.ar\/ms\/cajajubilaciones\/wp-json\/wp\/v2\/users\/103636"}],"replies":[{"embeddable":true,"href":"https:\/\/www.santafe.gob.ar\/ms\/cajajubilaciones\/wp-json\/wp\/v2\/comments?post=3927"}],"version-history":[{"count":71,"href":"https:\/\/www.santafe.gob.ar\/ms\/cajajubilaciones\/wp-json\/wp\/v2\/pages\/3927\/revisions"}],"predecessor-version":[{"id":6175,"href":"https:\/\/www.santafe.gob.ar\/ms\/cajajubilaciones\/wp-json\/wp\/v2\/pages\/3927\/revisions\/6175"}],"wp:attachment":[{"href":"https:\/\/www.santafe.gob.ar\/ms\/cajajubilaciones\/wp-json\/wp\/v2\/media?parent=3927"}],"curies":[{"name":"wp","href":"https:\/\/api.w.org\/{rel}","templated":true}]}}