
{"id":4160,"date":"2024-11-29T10:48:41","date_gmt":"2024-11-29T13:48:41","guid":{"rendered":"https:\/\/www.santafe.gob.ar\/ms\/cajajubilaciones\/?page_id=4160"},"modified":"2025-06-04T12:45:49","modified_gmt":"2025-06-04T15:45:49","slug":"reconocimiento-de-servicios","status":"publish","type":"page","link":"https:\/\/www.santafe.gob.ar\/ms\/cajajubilaciones\/reconocimiento-de-servicios\/","title":{"rendered":"Reconocimiento de Servicios"},"content":{"rendered":"<p style=\"line-height: 2;margin-bottom: 1px\">Realizando este tr\u00e1mite podr\u00e1s obtener el reconocimiento de los servicios que has aportado a la provincia de Santa Fe. <br> Este reconocimiento puede ser utilizado en otros reg\u00edmenes previsionales.<\/p>\n\n<!-- Secci\u00f3n: Requisitos -->\n<h2 class=\"wp-block-heading\" style=\"margin-top: 60px\">\n  <i class=\"fa-solid fa-list-ul\" style=\"margin-right: 8px\"><\/i> Requisitos\n<\/h2>\n\n<ul style=\"line-height: 1.75;padding-left: 20px;margin-bottom: 3px\">\n  <li style=\"margin-bottom: 8px\">Tener aportes a la Caja de Jubilaciones y Pensiones de la Provincia.<\/li>\n  <li><strong>Tramitar la Foja de Servicios y Montos<\/strong>: para obtener esta documentaci\u00f3n, es necesario que te dirijas a tu organismo empleador y solicites que confeccionen tu Foja de Servicios y Montos. Ten\u00e9 en cuenta que deber\u00e1s ir a cada uno de los organismos donde trabajaste.<\/li>\n<\/ul>\n\n<p style=\"line-height: 1.75;margin-top: 20px;margin-bottom: 1px;font-family: 'Inter', sans-serif;font-weight: 300\">\n  <i class=\"fa-solid fa-circle-exclamation\" style=\"margin-right: 3px;color: #494963\"><\/i>\n  La Foja de Servicios y Montos se presenta en formato digital y ser\u00e1 enviada directamente a la Caja por cada organismo empleador. En caso de que cuentes con la documentaci\u00f3n en formato papel, deber\u00e1s adjuntarla o presentarla al momento de iniciar el tr\u00e1mite.\n<\/p>\n\n\n<!-- Secci\u00f3n: D\u00f3nde se realiza el tr\u00e1mite -->\n<h2 class=\"wp-block-heading\" style=\"margin-top: 60px\"><i class=\"fa-regular fa-building\" style=\"margin-right: 8px\"><\/i> \u00bfD\u00f3nde y c\u00f3mo se realiza el tr\u00e1mite?<\/h2>\n\n<i class=\"fa-solid fa-circle-exclamation\" style=\"margin-right: 3px;color: #494963\"><\/i>\nRecord\u00e1 que antes de iniciar el tr\u00e1mite, primero deb\u00e9s gestionar la Foja de Servicios y Montos en tu organismo empleador.\n<\/p>\nA partir de Junio de 2025, este tr\u00e1mite puede realizarse de dos maneras:\n\n<!-- Espacio controlado con div vac\u00edo -->\n<div style=\"width: 100%;margin-bottom: 40px;margin-top: 25px\">\n\n  <!-- COLUMNA 1 -->\n  <div style=\"float: left;width: 400px;max-width: 100%;margin-right: 48px\">\n\n    <div style=\"align-items: center;gap: 12px;margin-bottom: 16px;overflow: visible\">\n      <div style=\"width: 48px;height: 60px;border-radius: 8px;border: 3px solid #494963;color: #494963;font-weight: bold;font-size: 36px;text-align: center;line-height: 60px;position: relative;top: -2px;overflow: visible\">\n        1\n      <\/div>\n      <div style=\"font-weight: bold;color: #494963;padding-top: 8px\">\n        <span style=\"font-size: 18px\">ATENCI\u00d3N VIRTUAL<\/span><br>\n        <span style=\"font-weight: normal\">\n          A trav\u00e9s de la plataforma Timb\u00f3, debiendo ingresar con tu ID Ciudadana al siguiente link:\n        <\/span>\n      <\/div>\n    <\/div>\n\n    <div class=\"wp-block-button is-style-fill\" style=\"max-width: 100%\">\n      <a class=\"wp-block-button__link wp-element-button\" href=\"https:\/\/atencionvirtual.santafe.gob.ar\/\" target=\"_blank\" rel=\"noreferrer noopener\" style=\"align-items: center;justify-content: flex-start;text-align: left;background-color: #e9ecef;border: 1pt solid #DEE2E6;border-radius: 5px;color: #4a4a4a;padding: 6px 10px 6px 20px;width: 100%\">\n        <i class=\"fa-solid fa-arrow-up-right-from-square\" style=\"margin-right: 8px;color: #4a4a4a\"><\/i>\n        Atenci\u00f3n virtual\n      <\/a>\n    <\/div>\n\n  <\/div>\n\n  <!-- COLUMNA 2 -->\n  <div style=\"float: left;width: 400px;max-width: 100%\">\n\n    <div style=\"align-items: center;gap: 12px;margin-bottom: 16px;overflow: visible\">\n      <div style=\"width: 48px;height: 60px;border-radius: 8px;border: 3px solid #494963;color: #494963;font-weight: bold;font-size: 36px;text-align: center;line-height: 60px;position: relative;top: -2px;overflow: visible\">\n        2\n      <\/div>\n      <div style=\"font-weight: bold;color: #494963;padding-top: 8px\">\n        <span style=\"font-size: 18px\">ATENCI\u00d3N PRESENCIAL<\/span><br>\n        <span style=\"font-weight: normal\">\n          En mesa de inicio, presentando tu DNI.\n<br><\/br>\n        <\/span>\n      <\/div>\n    <\/div>\n\n    <div class=\"wp-block-button is-style-fill\" style=\"max-width: 100%\">\n      <a class=\"wp-block-button__link wp-element-button\" href=\"https:\/\/www.santafe.gob.ar\/ms\/cajajubilaciones\/oficinas-de-atencion-al-publico\/\" target=\"_blank\" rel=\"noreferrer noopener\" style=\"align-items: center;justify-content: flex-start;text-align: left;background-color: #e9ecef;border: 1pt solid #DEE2E6;border-radius: 5px;color: #4a4a4a;padding: 6px 10px 6px 20px;width: 100%\">\n        <i class=\"fa-solid fa-building\" style=\"margin-right: 8px;color: #4a4a4a\"><\/i>\n        Delegaciones\n      <\/a>\n    <\/div>\n\n  <\/div>\n\n  <!-- Limpiamos los floats para que el siguiente contenido no se \u201csuba\u201d -->\n  <div style=\"clear: both\"><\/div>\n<\/div>\n\n<!-- Secci\u00f3n: Documentaci\u00f3n necesaria -->\n<h2 class=\"wp-block-heading\" style=\"margin-top: 60px\"><i class=\"fa-solid fa-list-ol\" style=\"margin-right: 8px\"><\/i> \u00bfQu\u00e9 documentaci\u00f3n necesito? Instructivo paso a paso<\/h2>\n<div style=\"justify-content: center;margin-top: 20px\">\n<div class=\"wp-block-button is-style-fill\" style=\"width: 730px\"><a class=\"wp-block-button__link wp-element-button\" style=\"background-color: #e9ecef;border: 1pt solid #DEE2E6;border-radius: 5px;color: #4a4a4a;width: 100%;padding: 6px 10px;padding-left: 20px;align-items: center;justify-content: flex-start;text-align: left\" href=\"https:\/\/www.santafe.gob.ar\/ms\/cajajubilaciones\/wp-content\/uploads\/sites\/42\/2025\/06\/I10-Reconocimiento-de-Servicios-Atencion-Presencial-Rev.13-Jun.-2025.pdf\" target=\"_blank\" rel=\"noreferrer noopener\">\n<i class=\"fa-solid fa-file-alt\" style=\"margin-right: 8px;color: #4a4a4a\"><\/i> Ver instructivo de <strong>Reconocimiento de Servicios &#8211; Atenci\u00f3n PRESENCIAL &#8211; I10<\/strong>\n<\/a><\/div>\n<div><\/div>\n<\/div>\n\n<div style=\"justify-content: center;margin-top: 10px\">\n<div class=\"wp-block-button is-style-fill\" style=\"width: 730px\"><a class=\"wp-block-button__link wp-element-button\" style=\"background-color: #e9ecef;border: 1pt solid #DEE2E6;border-radius: 5px;color: #4a4a4a;width: 100%;padding: 6px 10px;padding-left: 20px;align-items: center;justify-content: flex-start;text-align: left\" href=\"https:\/\/www.santafe.gob.ar\/ms\/cajajubilaciones\/wp-content\/uploads\/sites\/42\/2025\/06\/I35-Reconocimiento-de-Servicios-Atencion-Virtual-Rev.0-Jun.-2025.pdf\" target=\"_blank\" rel=\"noreferrer noopener\">\n<i class=\"fa-solid fa-file-alt\" style=\"margin-right: 8px;color: #4a4a4a\"><\/i> Ver instructivo de <strong>Reconocimiento de Servicios &#8211; Atenci\u00f3n VIRTUAL- I35<\/strong>\n<\/a><\/div>\n<div><\/div>\n<\/div>\n\n\n<!-- Secci\u00f3n: Otros instructivos y formularios -->\n<h2 class=\"wp-block-heading\" style=\"margin-top: 60px;margin-bottom: 16px\">\n  <i class=\"fa-regular fa-file\" style=\"margin-right: 8px\"><\/i> Otros instructivos y formularios relacionados\n<\/h2>\n<div style=\"justify-content: center;align-items: center;gap: 15px;margin: 20px 0\">\n  <a href=\"https:\/\/www.santafe.gob.ar\/ms\/cajajubilaciones\/wp-content\/uploads\/sites\/42\/2025\/02\/I22-Poderes-para-Tramitar-Rev.12-Oct.-2024.pdf\" target=\"_blank\" style=\"background-color: #e9ecef;border: 1px solid #DEE2E6;border-radius: 5px;color: #4a4a4a;padding: 6px 10px;text-align: left;text-decoration: none;width: 520px;min-width: 520px\" rel=\"noopener\">\n    <i class=\"fa-regular fa-file-lines\" style=\"margin-right: 10px;color: #4a4a4a\"><\/i>\n    Instructivo Poderes para tramitar &#8211; I22\n  <\/a>\n  <i class=\"fa-solid fa-chevron-right\" style=\"font-size: 20px;color: #4a4a4a;margin-left: 10px;flex-shrink: 0\"><\/i>\n  <a href=\"https:\/\/www.santafe.gob.ar\/ms\/cajajubilaciones\/wp-content\/uploads\/sites\/42\/2025\/02\/F21-Carta-Poder-para-TRAMITAR-Rev.-9-Oct.-2024.pdf\" target=\"_blank\" style=\"background-color: #e9ecef;border: 1px solid #DEE2E6;border-radius: 5px;color: #4a4a4a;padding: 6px 10px;text-align: left;text-decoration: none;width: 520px;min-width: 520px\" rel=\"noopener\">\n    <i class=\"fa-regular fa-file-lines\" style=\"margin-right: 10px;color: #4a4a4a\"><\/i>\n    Poder para tramitar &#8211; Formulario F21\n  <\/a>\n<\/div>\n\n<!-- Secci\u00f3n: Costo del tr\u00e1mite -->\n<h2 class=\"wp-block-heading\" style=\"margin-top: 60px\"><i class=\"fa-solid fa-dollar-sign\" style=\"margin-right: 8px\"><\/i> \u00bfQu\u00e9 costo tiene el tr\u00e1mite?<\/h2>\nEl tr\u00e1mite es gratuito, sencillo y pod\u00e9s hacerlo de forma personal.\n\n<!-- Secci\u00f3n: Notificaci\u00f3n del tr\u00e1mite -->\n<h2 class=\"wp-block-heading\" style=\"margin-top: 60px\"><i class=\"fa-regular fa-circle-check\" style=\"margin-right: 8px\"><\/i> Notificaci\u00f3n del tr\u00e1mite<\/h2>\n<p>Las comunicaciones sobre tu tr\u00e1mite se realizar\u00e1n por correo electr\u00f3nico. Es importante que en el formulario de solicitud de Reconocimiento de Servicios, proporciones un e-mail, ya que todas las notificaciones enviadas a esa direcci\u00f3n ser\u00e1n consideradas v\u00e1lidas.<\/p>\n<\/br>\n","protected":false},"excerpt":{"rendered":"<p>Realizando este tr\u00e1mite podr\u00e1s obtener el reconocimiento de los servicios que has aportado a la provincia de Santa Fe. Este reconocimiento puede ser utilizado en otros reg\u00edmenes previsionales. Requisitos Tener aportes a la Caja de Jubilaciones y Pensiones de la Provincia. Tramitar la Foja de Servicios y Montos: para obtener esta documentaci\u00f3n, es necesario que [&hellip;]<\/p>\n","protected":false},"author":103636,"featured_media":0,"parent":0,"menu_order":0,"comment_status":"closed","ping_status":"closed","template":"templates\/pagina_simple.php","meta":{"_acf_changed":false,"footnotes":""},"class_list":["post-4160","page","type-page","status-publish","hentry"],"acf":[],"_links":{"self":[{"href":"https:\/\/www.santafe.gob.ar\/ms\/cajajubilaciones\/wp-json\/wp\/v2\/pages\/4160","targetHints":{"allow":["GET"]}}],"collection":[{"href":"https:\/\/www.santafe.gob.ar\/ms\/cajajubilaciones\/wp-json\/wp\/v2\/pages"}],"about":[{"href":"https:\/\/www.santafe.gob.ar\/ms\/cajajubilaciones\/wp-json\/wp\/v2\/types\/page"}],"author":[{"embeddable":true,"href":"https:\/\/www.santafe.gob.ar\/ms\/cajajubilaciones\/wp-json\/wp\/v2\/users\/103636"}],"replies":[{"embeddable":true,"href":"https:\/\/www.santafe.gob.ar\/ms\/cajajubilaciones\/wp-json\/wp\/v2\/comments?post=4160"}],"version-history":[{"count":121,"href":"https:\/\/www.santafe.gob.ar\/ms\/cajajubilaciones\/wp-json\/wp\/v2\/pages\/4160\/revisions"}],"predecessor-version":[{"id":5604,"href":"https:\/\/www.santafe.gob.ar\/ms\/cajajubilaciones\/wp-json\/wp\/v2\/pages\/4160\/revisions\/5604"}],"wp:attachment":[{"href":"https:\/\/www.santafe.gob.ar\/ms\/cajajubilaciones\/wp-json\/wp\/v2\/media?parent=4160"}],"curies":[{"name":"wp","href":"https:\/\/api.w.org\/{rel}","templated":true}]}}