
{"id":5817,"date":"2025-10-31T08:17:10","date_gmt":"2025-10-31T11:17:10","guid":{"rendered":"https:\/\/www.santafe.gob.ar\/ms\/cajajubilaciones\/?page_id=5817"},"modified":"2026-03-06T08:53:39","modified_gmt":"2026-03-06T11:53:39","slug":"reajuste-por-razonable-proporcionalidad","status":"publish","type":"page","link":"https:\/\/www.santafe.gob.ar\/ms\/cajajubilaciones\/reajuste-por-razonable-proporcionalidad\/","title":{"rendered":"Reajuste por Razonable Proporcionalidad"},"content":{"rendered":"<p style=\"line-height: 2;margin-bottom: 1px\">Realizando este tr\u00e1mite, podr\u00e1s solicitar el ajuste de tus haberes previsionales conforme al criterio de razonable proporcionalidad.\n\n<h2 class=\"wp-block-heading\" style=\"margin-top: 60px\">\n  <i class=\"fa-solid fa-list-ul\" style=\"margin-right: 8px\"><\/i> Requisitos\n<\/h2>\n\n<ul style=\"line-height: 1.75;padding-left: 20px;margin-bottom: 3px\">\n  <li style=\"margin-bottom: 8px\">Ser beneficiario de la <strong>Caja de Jubilaciones y Pensiones de la Provincia de Santa Fe<\/strong>.<\/li>\n<\/ul>\n\n<h2 class=\"wp-block-heading\" style=\"margin-top: 60px\">\n  <i class=\"fa-regular fa-laptop\" style=\"margin-right: 8px\"><\/i> \u00bfD\u00f3nde y c\u00f3mo se realiza el tr\u00e1mite?\n<\/h2>\n\n<p>A partir de <strong>Noviembre de 2025<\/strong>, este tr\u00e1mite se realiza \u00fanicamente de forma virtual:<\/p>\n\n<div style=\"width: 100%;margin-bottom: 40px;margin-top: 25px\">\n\n  <div style=\"width: 400px;max-width: 100%;margin: 0\">\n\n    <div style=\"align-items: flex-start;gap: 12px;margin-bottom: 16px\">\n      <div style=\"font-weight: bold;color: #494963\">\n        <span style=\"font-size: 18px\">ATENCI\u00d3N VIRTUAL<\/span><br>\n        <span style=\"font-weight: normal\">\n          A trav\u00e9s de la plataforma Timb\u00f3, debiendo ingresar con tu ID Ciudadana al siguiente link:\n        <\/span>\n      <\/div>\n    <\/div>\n\n    <div class=\"wp-block-button is-style-fill\" style=\"max-width: 100%\">\n      <a class=\"wp-block-button__link wp-element-button\" href=\"https:\/\/atencionvirtual.santafe.gob.ar\/\" target=\"_blank\" rel=\"noreferrer noopener\" style=\"align-items: center;justify-content: flex-start;text-align: left;background-color: #e9ecef;border: 1pt solid #DEE2E6;border-radius: 5px;color: #4a4a4a;padding: 6px 10px 6px 20px;width: 100%\">\n        <i class=\"fa-solid fa-arrow-up-right-from-square\" style=\"margin-right: 8px;color: #4a4a4a\"><\/i>\n        Atenci\u00f3n virtual\n      <\/a>\n    <\/div>\n\n  <\/div>\n<\/div>\n\n<p style=\"line-height: 1.75;margin-top: 20px;margin-bottom: 1px;font-family: 'Inter', sans-serif;font-weight: 300\">\n  <i class=\"fa-solid fa-circle-exclamation\" style=\"margin-right: 3px;color: #494963\"><\/i>\n  <a href=\"https:\/\/youtu.be\/Eo_XR-eZxP8\" target=\"_blank\" rel=\"noopener noreferrer\" style=\"color: #E42153;text-decoration: none\">\n    \u00bfC\u00f3mo dar de alta mi cuenta de ID Ciudadana? \/ \u00bfQu\u00e9 hacer si olvid\u00e9 mi contrase\u00f1a?\n  <\/a>\n<\/p>\n\n<h2 class=\"wp-block-heading\" style=\"margin-top: 60px\">\n  <i class=\"fa-solid fa-list-ol\" style=\"margin-right: 8px\"><\/i>\n  \u00bfQu\u00e9 documentaci\u00f3n necesito? Instructivo paso a paso\n<\/h2>\n\n<div style=\"justify-content: center;margin-top: 20px\">\n  <div class=\"wp-block-button is-style-fill\" style=\"width: 100%;max-width: 805px\">\n    <a class=\"wp-block-button__link wp-element-button\" style=\"background-color: #e9ecef;border: 1pt solid #DEE2E6;border-radius: 5px;color: #4a4a4a;width: 100%;padding: 10px 16px;align-items: center;justify-content: flex-start;text-align: left;flex-wrap: wrap\" href=\"https:\/\/www.santafe.gob.ar\/ms\/cajajubilaciones\/wp-content\/uploads\/sites\/42\/2025\/11\/I36-Instructivo-de-Solicitud-de-Reajuste-por-Razonable-Proporcionalidad-Atencion-Virtual-Rev.0-Jul.-2025.pdf\" target=\"_blank\" rel=\"noreferrer noopener\">\n      <i class=\"fa-solid fa-file-alt\" style=\"margin-right: 8px;color: #4a4a4a\"><\/i>\n      Ver instructivo de <strong>Reajuste por Razonable Proporcionalidad &#8211; Atenci\u00f3n VIRTUAL &#8211; I36<\/strong>\n    <\/a>\n  <\/div>\n<\/div>\n\n<h2 class=\"wp-block-heading\" style=\"margin-top: 60px;margin-bottom: 16px\">\n  <i class=\"fa-regular fa-file\" style=\"margin-right: 8px\"><\/i> Otros instructivos y formularios relacionados\n<\/h2>\n<div style=\"justify-content: center;align-items: center;gap: 15px;margin: 20px 0\">\n  <a href=\"https:\/\/www.santafe.gob.ar\/ms\/cajajubilaciones\/wp-content\/uploads\/sites\/42\/2025\/02\/I22-Poderes-para-Tramitar-Rev.12-Oct.-2024.pdf\" target=\"_blank\" style=\"background-color: #e9ecef;border: 1px solid #DEE2E6;border-radius: 5px;color: #4a4a4a;padding: 6px 10px;text-align: left;text-decoration: none;width: 520px;min-width: 520px\" rel=\"noopener\">\n    <i class=\"fa-regular fa-file-lines\" style=\"margin-right: 10px;color: #4a4a4a\"><\/i>\n    Instructivo Poderes para tramitar &#8211; I22\n  <\/a>\n  <i class=\"fa-solid fa-chevron-right\" style=\"font-size: 20px;color: #4a4a4a;margin-left: 10px;flex-shrink: 0\"><\/i>\n  <a href=\"https:\/\/www.santafe.gob.ar\/ms\/cajajubilaciones\/wp-content\/uploads\/sites\/42\/2025\/02\/F21-Carta-Poder-para-TRAMITAR-Rev.-9-Oct.-2024.pdf\" target=\"_blank\" style=\"background-color: #e9ecef;border: 1px solid #DEE2E6;border-radius: 5px;color: #4a4a4a;padding: 6px 10px;text-align: left;text-decoration: none;width: 520px;min-width: 520px\" rel=\"noopener\">\n    <i class=\"fa-regular fa-file-lines\" style=\"margin-right: 10px;color: #4a4a4a\"><\/i>\n    Poder para tramitar &#8211; Formulario F21\n  <\/a>\n<\/div>\n\n<h2 class=\"wp-block-heading\" style=\"margin-top: 60px\"><i class=\"fa-solid fa-dollar-sign\" style=\"margin-right: 8px\"><\/i> \u00bfQu\u00e9 costo tiene el tr\u00e1mite?<\/h2>\nEl tr\u00e1mite es gratuito, sencillo y pod\u00e9s hacerlo \u00fanicamente de forma virtual.\n\n<h2 class=\"wp-block-heading\" style=\"margin-top: 60px\"><i class=\"fa-regular fa-circle-check\" style=\"margin-right: 8px\"><\/i> Notificaci\u00f3n del tr\u00e1mite<\/h2>\n<p>Las comunicaciones sobre tu tr\u00e1mite se realizar\u00e1n por correo electr\u00f3nico. Es importante que en el formulario de solicitud de reajuste por razonable proporcionalidad, indiques un e-mail, ya que todas las notificaciones enviadas a esa direcci\u00f3n ser\u00e1n consideradas v\u00e1lidas.<\/p>\n<\/br>","protected":false},"excerpt":{"rendered":"<p>Realizando este tr\u00e1mite, podr\u00e1s solicitar el ajuste de tus haberes previsionales conforme al criterio de razonable proporcionalidad. Requisitos Ser beneficiario de la Caja de Jubilaciones y Pensiones de la Provincia de Santa Fe. \u00bfD\u00f3nde y c\u00f3mo se realiza el tr\u00e1mite? A partir de Noviembre de 2025, este tr\u00e1mite se realiza \u00fanicamente de forma virtual: ATENCI\u00d3N [&hellip;]<\/p>\n","protected":false},"author":103636,"featured_media":0,"parent":0,"menu_order":0,"comment_status":"closed","ping_status":"closed","template":"templates\/pagina_simple.php","meta":{"_acf_changed":false,"footnotes":""},"class_list":["post-5817","page","type-page","status-publish","hentry"],"acf":[],"_links":{"self":[{"href":"https:\/\/www.santafe.gob.ar\/ms\/cajajubilaciones\/wp-json\/wp\/v2\/pages\/5817","targetHints":{"allow":["GET"]}}],"collection":[{"href":"https:\/\/www.santafe.gob.ar\/ms\/cajajubilaciones\/wp-json\/wp\/v2\/pages"}],"about":[{"href":"https:\/\/www.santafe.gob.ar\/ms\/cajajubilaciones\/wp-json\/wp\/v2\/types\/page"}],"author":[{"embeddable":true,"href":"https:\/\/www.santafe.gob.ar\/ms\/cajajubilaciones\/wp-json\/wp\/v2\/users\/103636"}],"replies":[{"embeddable":true,"href":"https:\/\/www.santafe.gob.ar\/ms\/cajajubilaciones\/wp-json\/wp\/v2\/comments?post=5817"}],"version-history":[{"count":58,"href":"https:\/\/www.santafe.gob.ar\/ms\/cajajubilaciones\/wp-json\/wp\/v2\/pages\/5817\/revisions"}],"predecessor-version":[{"id":6310,"href":"https:\/\/www.santafe.gob.ar\/ms\/cajajubilaciones\/wp-json\/wp\/v2\/pages\/5817\/revisions\/6310"}],"wp:attachment":[{"href":"https:\/\/www.santafe.gob.ar\/ms\/cajajubilaciones\/wp-json\/wp\/v2\/media?parent=5817"}],"curies":[{"name":"wp","href":"https:\/\/api.w.org\/{rel}","templated":true}]}}