
{"id":6184,"date":"2026-02-27T09:35:36","date_gmt":"2026-02-27T12:35:36","guid":{"rendered":"https:\/\/www.santafe.gob.ar\/ms\/cajajubilaciones\/?page_id=6184"},"modified":"2026-05-04T11:11:16","modified_gmt":"2026-05-04T14:11:16","slug":"pension-por-fallecimiento-de-pasivo","status":"publish","type":"page","link":"https:\/\/www.santafe.gob.ar\/ms\/cajajubilaciones\/pension-por-fallecimiento-de-pasivo\/","title":{"rendered":"Pensi\u00f3n por fallecimiento de pasivo"},"content":{"rendered":"<p style=\"line-height: 2;margin-bottom: 20px\">Realizando este tr\u00e1mite, los familiares de un jubilado fallecido pueden acceder al beneficio de una pensi\u00f3n derivada de su jubilaci\u00f3n.<\/p>\n\n<table style=\"width: 100%;border: 2px solid #494963;border-radius: 5px;background-color: white;margin: 0 0 20px 0;border-spacing: 0;border-collapse: separate\">\n<tbody>\n<tr>\n<td style=\"width: 60px;vertical-align: top;padding: 20px 0 20px 20px;border: none;text-align: center\"><span style=\"color: #494963;font-size: 24px\">\n<i class=\"fa-solid fa-circle-exclamation\"><\/i>\n<\/span><\/td>\n<td style=\"vertical-align: top;padding: 20px;border: none;color: #494963;font-family: inherit;font-size: 16px;line-height: 1.5\"><strong>Para tramitaci\u00f3n por apoderado, el inicio de atenci\u00f3n virtual es con el ID ciudadana de este.<\/strong> En caso de inicio por hijo menor o incapaz, con ID ciudadana del Padre, Madre, tutor, curador o representante legal, seg\u00fan corresponda.<\/td>\n<\/tr>\n<\/tbody>\n<\/table>\n<!-- Secci\u00f3n: Requisitos -->\n<h2 class=\"wp-block-heading\" style=\"margin-top: 60px\"><i class=\"fa-solid fa-list-ul\" style=\"margin-right: 8px\"><\/i> Requisitos<\/h2>\n<p style=\"line-height: 2;margin-bottom: 1px\">Para obtener este beneficio, es necesario tener derecho a acceder a la pensi\u00f3n.<\/p>\n<p style=\"line-height: 2;margin-bottom: 1px\"><strong>Para saber qui\u00e9nes son las personas que tienen derecho, <\/strong> seg\u00fan lo establecido por la ley vigente, hace clic aqu\u00ed.<\/p>\n\n<ul>\n \t<li style=\"list-style-type: none\">\n<ul><!-- Contenedor para centrar los botones y controlar su ancho --><\/ul>\n<\/li>\n<\/ul>\n<div style=\"flex-direction: column;align-items: center;margin-top: 20px\"><!-- Primer bot\u00f3n con ancho de 300px -->\n<div class=\"wp-block-button is-style-fill\" style=\"width: 400px\"><a class=\"wp-block-button__link wp-element-button\" style=\"background-color: #e9ecef;border: 1pt solid #DEE2E6;border-radius: 5px;color: #4a4a4a;width: 100%;padding: 6px 10px;padding-left: 20px;align-items: center;justify-content: flex-start;text-align: left\" href=\"https:\/\/www.santafe.gob.ar\/ms\/cajajubilaciones\/wp-content\/uploads\/sites\/42\/2024\/12\/derechohabientes_pension.pdf\" target=\"_blank\" rel=\"noreferrer noopener\">\n<i class=\"fa-solid fa-users\" style=\"margin-right: 8px;color: #4a4a4a\"><\/i> Derechohabientes\n<\/a><\/div>\n<!-- Secci\u00f3n: D\u00f3nde se realiza el tr\u00e1mite -->\n<h2 class=\"wp-block-heading\" style=\"margin-top: 60px\"><i class=\"fa-regular fa-laptop\" style=\"margin-right: 8px\"><\/i> \u00bfD\u00f3nde y c\u00f3mo se realiza el tr\u00e1mite?<\/h2>\nA partir del <strong>Lunes 9 de marzo de 2026<\/strong>, este tr\u00e1mite se realiza \u00fanicamente de forma virtual:\n\n<!-- Contenedor principal -->\n<div style=\"width: 100%;margin-bottom: 40px;margin-top: 25px\">\n\n<!-- COLUMNA \u00daNICA (alineada a la izquierda) -->\n<div style=\"width: 400px;max-width: 100%;margin: 0\">\n<div style=\"align-items: flex-start;gap: 12px;margin-bottom: 16px\">\n<div style=\"font-weight: bold;color: #494963\"><span style=\"font-size: 18px\">ATENCI\u00d3N VIRTUAL<\/span>\n<span style=\"font-weight: normal\">\nA trav\u00e9s de la plataforma Timb\u00f3, debiendo ingresar con tu ID Ciudadana al siguiente link:\n<\/span><\/div>\n<\/div>\n<div class=\"wp-block-button is-style-fill\" style=\"max-width: 100%\"><a class=\"wp-block-button__link wp-element-button\" style=\"align-items: center;justify-content: flex-start;text-align: left;background-color: #e9ecef;border: 1pt solid #DEE2E6;border-radius: 5px;color: #4a4a4a;padding: 6px 10px 6px 20px;width: 100%\" href=\"https:\/\/atencionvirtual.santafe.gob.ar\/procedures\/available\/chat\/?procedure=69a967aa791f21a32f6c48f6\" target=\"_blank\" rel=\"noreferrer noopener\">\n<i class=\"fa-solid fa-arrow-up-right-from-square\" style=\"margin-right: 8px;color: #4a4a4a\"><\/i>\nAtenci\u00f3n virtual\n<\/a><\/div>\n<\/div>\n<\/div>\n<p style=\"line-height: 1.75;margin-top: 20px;margin-bottom: 1px;font-family: 'Inter', sans-serif;font-weight: 300\"><i class=\"fa-solid fa-circle-exclamation\" style=\"margin-right: 3px;color: #494963\"><\/i>\n<a style=\"color: #e42153;text-decoration: none\" href=\"https:\/\/youtu.be\/Eo_XR-eZxP8\" target=\"_blank\" rel=\"noopener noreferrer\">\n\u00bfC\u00f3mo dar de alta mi cuenta de ID Ciudadana? \/ \u00bfQu\u00e9 hacer si olvid\u00e9 mi contrase\u00f1a?\n<\/a><\/p>\n<!-- Secci\u00f3n: Documentaci\u00f3n necesaria -->\n<h2 class=\"wp-block-heading\" style=\"margin-top: 60px\"><i class=\"fa-solid fa-list-ol\" style=\"margin-right: 8px\"><\/i> \u00bfQu\u00e9 documentaci\u00f3n necesito? Instructivo paso a paso<\/h2>\n<div style=\"justify-content: center;margin-top: 20px\">\n<div class=\"wp-block-button is-style-fill\" style=\"width: 400px\">\n<i class=\"fa-solid fa-file-alt\" style=\"margin-right: 8px;color: #4a4a4a\"><\/i> Ver instructivo de <strong>Pensi\u00f3n<\/strong>\n<\/div>\n<div><\/div>\n<\/div>\n<!-- Secci\u00f3n: Otros instructivos y formularios -->\n<h2 class=\"wp-block-heading\" style=\"margin-top: 60px;margin-bottom: 16px\"><i class=\"fa-regular fa-file\" style=\"margin-right: 8px\"><\/i> Otros instructivos y formularios relacionados<\/h2>\n<h4 style=\"color: #494963\"><strong>Instructivos<\/strong><\/h4>\n<!-- Botones con estilos aplicados directamente -->\n<div style=\"justify-content: center;align-items: center;gap: 15px;margin: 20px 0\"><a style=\"background-color: #e9ecef;border: 1px solid #DEE2E6;border-radius: 5px;color: #4a4a4a;padding: 6px 10px;text-align: left;text-decoration: none;width: 520px;min-width: 520px\" href=\"https:\/\/www.santafe.gob.ar\/ms\/cajajubilaciones\/wp-content\/uploads\/sites\/42\/2024\/12\/I15-Asignaciones-Familiares-Rev.11-Oct-2024.xls\" target=\"_blank\" rel=\"noopener\">\n<i class=\"fa-regular fa-file-lines\" style=\"margin-right: 10px;color: #4a4a4a\"><\/i>\nInstructivo Asignaciones Familiares &#8211; I15\n<\/a><\/div>\n<div style=\"justify-content: center;align-items: center;gap: 15px;margin: 20px 0\"><a style=\"background-color: #e9ecef;border: 1px solid #DEE2E6;border-radius: 5px;color: #4a4a4a;padding: 6px 10px;text-align: left;text-decoration: none;width: 520px;min-width: 520px\" href=\"https:\/\/www.santafe.gob.ar\/ms\/cajajubilaciones\/wp-content\/uploads\/sites\/42\/2026\/03\/I27-Pension-Conyuges-con-diferencia-de-domicilio-Rev.6-Feb.-2026.pdf\" target=\"_blank\" rel=\"noopener\">\n<i class=\"fa-regular fa-file-lines\" style=\"margin-right: 10px;color: #4a4a4a\"><\/i>\nInstructivo C\u00f3nyuges con diferencia de domicilio &#8211; I27\n<\/a><\/div>\n<div style=\"justify-content: center;align-items: center;gap: 15px;margin: 20px 0\"><a style=\"background-color: #e9ecef;border: 1px solid #DEE2E6;border-radius: 5px;color: #4a4a4a;padding: 6px 10px;text-align: left;text-decoration: none;width: 520px;min-width: 520px\" href=\"https:\/\/www.santafe.gob.ar\/ms\/cajajubilaciones\/wp-content\/uploads\/sites\/42\/2026\/03\/I28-Pension-Matrimonio-in-extremis-Rev.5-Feb.-2026.pdf\" target=\"_blank\" rel=\"noopener\">\n<i class=\"fa-regular fa-file-lines\" style=\"margin-right: 10px;color: #4a4a4a\"><\/i>\nInstructivo Matrimonio In Extremis &#8211; I28\n<\/a><\/div>\n<div style=\"justify-content: center;align-items: center;gap: 15px;margin: 20px 0\"><a style=\"background-color: #e9ecef;border: 1px solid #DEE2E6;border-radius: 5px;color: #4a4a4a;padding: 6px 10px;text-align: left;text-decoration: none;width: 520px;min-width: 520px\" href=\"https:\/\/www.santafe.gob.ar\/ms\/cajajubilaciones\/wp-content\/uploads\/sites\/42\/2026\/03\/I30-Pension-Derechohabientes-que-perciben-alimentos-Rev.5-Feb.-2026.pdf\" target=\"_blank\" rel=\"noopener\">\n<i class=\"fa-regular fa-file-lines\" style=\"margin-right: 10px;color: #4a4a4a\"><\/i>\nInstructivo Derechohabientes que perciben alimentos &#8211; I30\n<\/a><\/div>\n<div style=\"justify-content: center;align-items: center;gap: 15px;margin: 20px 0\"><a style=\"background-color: #e9ecef;border: 1px solid #DEE2E6;border-radius: 5px;color: #4a4a4a;padding: 6px 10px;text-align: left;text-decoration: none;width: 520px;min-width: 520px\" href=\"https:\/\/www.santafe.gob.ar\/ms\/cajajubilaciones\/wp-content\/uploads\/sites\/42\/2026\/03\/I31-Pension-Convivientes-Rev.6-Feb.-2026.pdf\" target=\"_blank\" rel=\"noopener\">\n<i class=\"fa-regular fa-file-lines\" style=\"margin-right: 10px;color: #4a4a4a\"><\/i>\nInstructivo Convivientes &#8211; I31\n<\/a><\/div>\n<div style=\"justify-content: center;align-items: center;gap: 15px;margin: 20px 0\"><a style=\"background-color: #e9ecef;border: 1px solid #DEE2E6;border-radius: 5px;color: #4a4a4a;padding: 6px 10px;text-align: left;text-decoration: none;width: 520px;min-width: 520px\" href=\"https:\/\/www.santafe.gob.ar\/ms\/cajajubilaciones\/wp-content\/uploads\/sites\/42\/2026\/03\/I32-Pension-Hijas-os-Rev.7-Feb.-2026.pdf\" target=\"_blank\" rel=\"noopener\">\n<i class=\"fa-regular fa-file-lines\" style=\"margin-right: 10px;color: #4a4a4a\"><\/i>\nInstructivo Hijas\/os &#8211; I32\n<\/a><\/div>\n<div style=\"justify-content: center;align-items: center;gap: 15px;margin: 20px 0\"><a style=\"background-color: #e9ecef;border: 1px solid #DEE2E6;border-radius: 5px;color: #4a4a4a;padding: 6px 10px;text-align: left;text-decoration: none;width: 520px;min-width: 520px\" href=\"https:\/\/www.santafe.gob.ar\/ms\/cajajubilaciones\/wp-content\/uploads\/sites\/42\/2025\/02\/I33-Pension-Solicitantes-con-Derecho-a-percibir-Jubilacion-o-Retiro-SUBROGACION-Rev.5-Oct.-2024.pdf\" target=\"_blank\" rel=\"noopener\">\n<i class=\"fa-regular fa-file-lines\" style=\"margin-right: 10px;color: #4a4a4a\"><\/i>\nInstructivo Solicitante con Derecho a percibir Jubilaci\u00f3n o Retiro en lugar de una persona retirada o inhabilitada (Subrogaci\u00f3n) &#8211; I33\n<\/a><\/div>\n<div style=\"height: 30px\"><\/div>\n<h4 style=\"color: #494963\"><strong>Formularios<\/strong><\/h4>\n<div style=\"justify-content: center;align-items: center;gap: 15px;margin: 20px 0\"><a style=\"background-color: #e9ecef;border: 1px solid #DEE2E6;border-radius: 5px;color: #4a4a4a;padding: 6px 10px;text-align: left;text-decoration: none;width: 600px;min-width: 0px\" href=\"https:\/\/www.santafe.gob.ar\/ms\/cajajubilaciones\/wp-content\/uploads\/sites\/42\/2025\/02\/F47-Personas-Inhabilitadas-Rev.3-Oct.-2024.pdf\" target=\"_blank\" rel=\"noopener\">\n<i class=\"fa-regular fa-file-lines\" style=\"margin-right: 10px;color: #4a4a4a\"><\/i>\nPersonas Inhabilitadas &#8211; Formulario F47\n<\/a><\/div>\n<div style=\"height: 30px\"><\/div>\n<h4 style=\"color: #494963\"><strong>Instructivos y Formularios: Poderes<\/strong><\/h4>\n<div style=\"justify-content: center;align-items: center;gap: 15px;margin: 20px 0\"><a style=\"background-color: #e9ecef;border: 1px solid #DEE2E6;border-radius: 5px;color: #4a4a4a;padding: 6px 10px;text-align: left;text-decoration: none;width: 520px;min-width: 520px\" href=\"https:\/\/www.santafe.gob.ar\/ms\/cajajubilaciones\/wp-content\/uploads\/sites\/42\/2025\/02\/I22-Poderes-para-Tramitar-Rev.12-Oct.-2024.pdf\" target=\"_blank\" rel=\"noopener\">\n<i class=\"fa-regular fa-file-lines\" style=\"margin-right: 10px;color: #4a4a4a\"><\/i>\nInstructivo Poderes para tramitar &#8211; I22\n<\/a>\n<i class=\"fa-solid fa-chevron-right\" style=\"font-size: 20px;color: #4a4a4a;margin-left: 10px;flex-shrink: 0\"><\/i>\n<a style=\"background-color: #e9ecef;border: 1px solid #DEE2E6;border-radius: 5px;color: #4a4a4a;padding: 6px 10px;text-align: left;text-decoration: none;width: 520px;min-width: 520px\" href=\"https:\/\/www.santafe.gob.ar\/ms\/cajajubilaciones\/wp-content\/uploads\/sites\/42\/2025\/02\/F21-Carta-Poder-para-TRAMITAR-Rev.-9-Oct.-2024.pdf\" target=\"_blank\" rel=\"noopener\">\n<i class=\"fa-regular fa-file-lines\" style=\"margin-right: 10px;color: #4a4a4a\"><\/i>\nPoder para tramitar &#8211; Formulario F21\n<\/a><\/div>\n<div style=\"justify-content: center;align-items: center;gap: 15px;margin: 20px 0\"><a style=\"background-color: #e9ecef;border: 1px solid #DEE2E6;border-radius: 5px;color: #4a4a4a;padding: 6px 10px;text-align: left;text-decoration: none;width: 520px;min-width: 520px\" href=\"https:\/\/www.santafe.gob.ar\/ms\/cajajubilaciones\/wp-content\/uploads\/sites\/42\/2025\/02\/I23-Poderes-para-Percibir-Rev.9-Oct.-2024.pdf\" target=\"_blank\" rel=\"noopener\">\n<i class=\"fa-regular fa-file-lines\" style=\"margin-right: 10px;color: #4a4a4a\"><\/i>\nInstructivo Poderes para percibir &#8211; I23\n<\/a>\n<i class=\"fa-solid fa-chevron-right\" style=\"font-size: 20px;color: #4a4a4a;margin-left: 10px;flex-shrink: 0\"><\/i>\n<a style=\"background-color: #e9ecef;border: 1px solid #DEE2E6;border-radius: 5px;color: #4a4a4a;padding: 6px 10px;text-align: left;text-decoration: none;width: 520px;min-width: 520px\" href=\"https:\/\/www.santafe.gob.ar\/ms\/cajajubilaciones\/wp-content\/uploads\/sites\/42\/2025\/02\/F22-Carta-Poder-para-PERCIBIR-Rev.7-Oct.-2024.pdf\" target=\"_blank\" rel=\"noopener\">\n<i class=\"fa-regular fa-file-lines\" style=\"margin-right: 10px;color: #4a4a4a\"><\/i>\nPoder para percibir &#8211; Formulario F22\n<\/a><\/div>\n<!-- Secci\u00f3n: Costo del tr\u00e1mite -->\n<h2 class=\"wp-block-heading\" style=\"margin-top: 60px\"><i class=\"fa-solid fa-dollar-sign\" style=\"margin-right: 8px\"><\/i> \u00bfQu\u00e9 costo tiene el tr\u00e1mite?<\/h2>\nEl tr\u00e1mite es gratuito, sencillo y pod\u00e9s hacerlo \u00fanicamente de forma virtual.\n\n<!-- Secci\u00f3n: Notificaci\u00f3n del tr\u00e1mite -->\n<h2 class=\"wp-block-heading\" style=\"margin-top: 60px\"><i class=\"fa-regular fa-circle-check\" style=\"margin-right: 8px\"><\/i> Notificaci\u00f3n del tr\u00e1mite<\/h2>\nLas comunicaciones sobre tu tr\u00e1mite se realizar\u00e1n por correo electr\u00f3nico. Es importante que en el formulario de solicitud de pensi\u00f3n indiques un e-mail, ya que todas las notificaciones enviadas a esa direcci\u00f3n ser\u00e1n consideradas v\u00e1lidas.\n\n&nbsp;\n\n<\/div>","protected":false},"excerpt":{"rendered":"<p>Realizando este tr\u00e1mite, los familiares de un jubilado fallecido pueden acceder al beneficio de una pensi\u00f3n derivada de su jubilaci\u00f3n. Para tramitaci\u00f3n por apoderado, el inicio de atenci\u00f3n virtual es con el ID ciudadana de este. En caso de inicio por hijo menor o incapaz, con ID ciudadana del Padre, Madre, tutor, curador o representante [&hellip;]<\/p>\n","protected":false},"author":103636,"featured_media":0,"parent":0,"menu_order":0,"comment_status":"closed","ping_status":"closed","template":"templates\/pagina_simple.php","meta":{"_acf_changed":false,"footnotes":""},"class_list":["post-6184","page","type-page","status-publish","hentry"],"acf":[],"_links":{"self":[{"href":"https:\/\/www.santafe.gob.ar\/ms\/cajajubilaciones\/wp-json\/wp\/v2\/pages\/6184","targetHints":{"allow":["GET"]}}],"collection":[{"href":"https:\/\/www.santafe.gob.ar\/ms\/cajajubilaciones\/wp-json\/wp\/v2\/pages"}],"about":[{"href":"https:\/\/www.santafe.gob.ar\/ms\/cajajubilaciones\/wp-json\/wp\/v2\/types\/page"}],"author":[{"embeddable":true,"href":"https:\/\/www.santafe.gob.ar\/ms\/cajajubilaciones\/wp-json\/wp\/v2\/users\/103636"}],"replies":[{"embeddable":true,"href":"https:\/\/www.santafe.gob.ar\/ms\/cajajubilaciones\/wp-json\/wp\/v2\/comments?post=6184"}],"version-history":[{"count":15,"href":"https:\/\/www.santafe.gob.ar\/ms\/cajajubilaciones\/wp-json\/wp\/v2\/pages\/6184\/revisions"}],"predecessor-version":[{"id":6397,"href":"https:\/\/www.santafe.gob.ar\/ms\/cajajubilaciones\/wp-json\/wp\/v2\/pages\/6184\/revisions\/6397"}],"wp:attachment":[{"href":"https:\/\/www.santafe.gob.ar\/ms\/cajajubilaciones\/wp-json\/wp\/v2\/media?parent=6184"}],"curies":[{"name":"wp","href":"https:\/\/api.w.org\/{rel}","templated":true}]}}