
{"id":715,"date":"2021-03-30T15:08:01","date_gmt":"2021-03-30T13:08:01","guid":{"rendered":"https:\/\/www.santafe.gob.ar\/ms\/cajajubilaciones\/?page_id=715"},"modified":"2025-03-31T12:10:19","modified_gmt":"2025-03-31T15:10:19","slug":"impuesto-a-las-ganancias","status":"publish","type":"page","link":"https:\/\/www.santafe.gob.ar\/ms\/cajajubilaciones\/impuesto-a-las-ganancias\/","title":{"rendered":"Impuesto a las Ganancias"},"content":{"rendered":"\n<p class=\"has-medium-font-size\">La ley N\u00b0 20.628 establece que las jubilaciones, pensiones, retiros o cualquier subsidio con origen en el trabajo personal <strong>percibidas<\/strong> en el a\u00f1o fiscal, el cual va del 1\u00b0 de enero al 31 de diciembre, son ganancias a los fines de la determinaci\u00f3n del impuesto.<\/p>\n\n\n\n<div style=\"height:10px\" aria-hidden=\"true\" class=\"wp-block-spacer\"><\/div>\n\n\n\n<h2 class=\"wp-block-heading\">\u00bfDesde qu\u00e9 monto mensual se paga Impuesto a las Ganancias por el per\u00edodo enero a junio de 2025?<\/h2>\n\n\n\n<div style=\"height:20px\" aria-hidden=\"true\" class=\"wp-block-spacer\"><\/div>\n\n\n\n<ol class=\"wp-block-list\" style=\"list-style-type:lower-alpha\">\n    <li class=\"has-medium-font-size\">M\u00ednimo no imponible [Art\u00edculo 30, inciso a)]: $326.355,70<\/li>\n    <li class=\"has-medium-font-size\">Cargas de familia [Art\u00edculo 30, inciso b)]:\n        <ul>\n            <li class=\"has-medium-font-size\">C\u00f3nyuge: $307.361,61<\/li>\n            <li class=\"has-medium-font-size\">Hijo: $155.003,58<\/li>\n            <li class=\"has-medium-font-size\">Hijo incapacitado para el trabajo: $310.007,16<\/li>\n        <\/ul>\n    <\/li>\n    <li class=\"has-medium-font-size\">Deducci\u00f3n Especial [Art\u00edculo 30, inciso c), Apartado 2]: $1.566.507,35<\/li>\n    <li class=\"has-medium-font-size\">Deducci\u00f3n Especial Doceava parte del total de deducciones de la suma de los incisos a), b), y c) apartado 2: Seg\u00fan las deducciones computables del contribuyente.<\/li>\n<\/ol>\n\n\n\n<div style=\"height:20px\" aria-hidden=\"true\" class=\"wp-block-spacer\"><\/div>\n\n\n\n<p class=\"has-medium-font-size\">Por lo tanto, un jubilado o pensionado sin deducciones por familiares o por gastos quedar\u00e1 alcanzado por el impuesto a las ganancias con un haber neto de $2.050.601,63.<\/p>\n\n\n\n<p class=\"has-medium-font-size\">Para aquellos que por ejemplo deduzcan como cargas de familia al c\u00f3nyuge y un hijo quedar\u00e1n alcanzados por el impuesto con un haber neto de $2.551.497,26.<\/p>\n\n\n\n<p class=\"has-medium-font-size\"><strong>Las cargas de familia se deben informar completando el F572 web en la p\u00e1gina web de Arca ingresando con clave fiscal al servicio Siradig -Trabajador.<\/strong><\/p>\n\n\n\n<div style=\"height:20px\" aria-hidden=\"true\" class=\"wp-block-spacer\"><\/div>\n\n\n\n<h2 class=\"wp-block-heading\">Deducci\u00f3n espec\u00edfica para jubilados<\/h2>\n\n\n\n<div style=\"height:22px\" aria-hidden=\"true\" class=\"wp-block-spacer\"><\/div>\n\n\n\n<p class=\"has-medium-font-size\">Cuando se trate de las rentas provenientes de jubilaciones, pensiones, retiros o subsidios de cualquier especie, las deducciones por ganancias no imponibles y deducci\u00f3n especial ser\u00e1n reemplazadas por una deducci\u00f3n espec\u00edfica equivalente a 8 veces la suma de los haberes m\u00ednimos garantizados definidos en el art\u00edculo 125 de la ley 24.241, siempre que esta \u00faltima suma resulte superior a la suma de las deducciones antedichas.<\/p>\n\n\n\n<div style=\"height:10px\" aria-hidden=\"true\" class=\"wp-block-spacer\"><\/div>\n\n\n\n<p class=\"has-medium-font-size\">A tal fin, cada mes se deben sumar los importes de los haberes m\u00ednimos garantizados que estuvieron vigentes en cada uno de los per\u00edodos mensuales transcurridos desde el inicio del a\u00f1o y multiplicarlos por ocho. Teniendo en cuenta el haber m\u00ednimo establecido por la ANSeS en cada periodo, la deducci\u00f3n espec\u00edfica para jubilados equivalente a ocho haberes m\u00ednimos asciende a:<\/p>\n\n\n\n<div style=\"height:10px\" aria-hidden=\"true\" class=\"wp-block-spacer\"><\/div>\n\n\n\n<p class=\"has-medium-font-size\">Resoluci\u00f3n N\u00b0 1247\/24 haber m\u00ednimo enero\/25: $265.907,01 &#8211; deducci\u00f3n espec\u00edfica enero\/25: $2.127.256,08.<\/p>\n\n\n\n<p class=\"has-medium-font-size\">Resoluci\u00f3n N\u00b0 0066\/25 haber m\u00ednimo febrero\/25: $273.086,50 &#8211; deducci\u00f3n espec\u00edfica a febrero\/25: $4.311.948,08.<\/p>\n\n\n\n<p class=\"has-medium-font-size\">Resoluci\u00f3n N\u00b0 0145\/25 haber m\u00ednimo marzo\/25: $279.121,71 &#8211; deducci\u00f3n espec\u00edfica a marzo\/25: $6.544.921,76.<\/p>\n\n\n<p><\/br><\/p>\n\n\n<p class=\"has-medium-font-size\">Esta deducci\u00f3n espec\u00edfica no ser\u00e1 de aplicaci\u00f3n respecto de aquellos sujetos que perciban y\/u obtengan ingresos distintos a los all\u00ed previstos superiores a la ganancia no imponible, ni para quienes se encuentren obligados a tributar el impuesto sobre los bienes personales, siempre y cuando esta obligaci\u00f3n no surja exclusivamente de la tenencia de un inmueble para vivienda \u00fanica.<\/p>\n\n\n\n<p class=\"has-medium-font-size\"><strong><p class=\"has-medium-font-size\">Para acceder al beneficio, el jubilado\/pensionado deber\u00e1 presentar TODOS LOS MESES hasta el d\u00eda 15 el F572 web indicando que cumple con los requisitos mencionados previamente. Podr\u00e1 completar el formulario en la p\u00e1gina web de ARCA ingresando con clave fiscal al servicio Siradig -Trabajador.<\/p><\/strong><\/p>\n\n\n\n<h2 class=\"wp-block-heading\">Instructivo Formulario F572 &#8211; web<\/h2>\n\n\n\n<figure class=\"wp-block-video\"><video height=\"360\" style=\"aspect-ratio: 640 \/ 360;\" width=\"640\" autoplay controls src=\"https:\/\/www.santafe.gob.ar\/ms\/cajajubilaciones\/wp-content\/uploads\/sites\/42\/2025\/03\/Instructivo-AFIP-Impuesto-a-las-Ganancias.mp4\"><\/video><\/figure>\n","protected":false},"excerpt":{"rendered":"<p>La ley N\u00b0 20.628 establece que las jubilaciones, pensiones, retiros o cualquier subsidio con origen en el trabajo personal percibidas en el a\u00f1o fiscal, el cual va del 1\u00b0 de enero al 31 de diciembre, son ganancias a los fines de la determinaci\u00f3n del impuesto. \u00bfDesde qu\u00e9 monto mensual se paga Impuesto a las Ganancias [&hellip;]<\/p>\n","protected":false},"author":16493,"featured_media":0,"parent":0,"menu_order":0,"comment_status":"closed","ping_status":"closed","template":"templates\/pagina_simple.php","meta":{"_acf_changed":false,"footnotes":""},"class_list":["post-715","page","type-page","status-publish","hentry"],"acf":[],"_links":{"self":[{"href":"https:\/\/www.santafe.gob.ar\/ms\/cajajubilaciones\/wp-json\/wp\/v2\/pages\/715","targetHints":{"allow":["GET"]}}],"collection":[{"href":"https:\/\/www.santafe.gob.ar\/ms\/cajajubilaciones\/wp-json\/wp\/v2\/pages"}],"about":[{"href":"https:\/\/www.santafe.gob.ar\/ms\/cajajubilaciones\/wp-json\/wp\/v2\/types\/page"}],"author":[{"embeddable":true,"href":"https:\/\/www.santafe.gob.ar\/ms\/cajajubilaciones\/wp-json\/wp\/v2\/users\/16493"}],"replies":[{"embeddable":true,"href":"https:\/\/www.santafe.gob.ar\/ms\/cajajubilaciones\/wp-json\/wp\/v2\/comments?post=715"}],"version-history":[{"count":87,"href":"https:\/\/www.santafe.gob.ar\/ms\/cajajubilaciones\/wp-json\/wp\/v2\/pages\/715\/revisions"}],"predecessor-version":[{"id":5199,"href":"https:\/\/www.santafe.gob.ar\/ms\/cajajubilaciones\/wp-json\/wp\/v2\/pages\/715\/revisions\/5199"}],"wp:attachment":[{"href":"https:\/\/www.santafe.gob.ar\/ms\/cajajubilaciones\/wp-json\/wp\/v2\/media?parent=715"}],"curies":[{"name":"wp","href":"https:\/\/api.w.org\/{rel}","templated":true}]}}