{"id":214,"date":"2024-07-17T17:11:21","date_gmt":"2024-07-17T15:11:21","guid":{"rendered":"https:\/\/www.santafe.gob.ar\/ms\/congresoproteccioncivil\/?page_id=214"},"modified":"2024-07-25T13:53:22","modified_gmt":"2024-07-25T11:53:22","slug":"simulacros","status":"publish","type":"page","link":"https:\/\/www.santafe.gob.ar\/ms\/congresoproteccioncivil\/simulacros\/","title":{"rendered":"Simulacros"},"content":{"rendered":"<p>[et_pb_section fb_built=\u00bb1&#8243; _builder_version=\u00bb4.19.0&#8243; _module_preset=\u00bbdefault\u00bb background_image=\u00bbhttps:\/\/www.santafe.gob.ar\/ms\/congresoproteccioncivil\/wp-content\/uploads\/sites\/73\/2024\/07\/Web-28.png\u00bb locked=\u00bboff\u00bb global_colors_info=\u00bb{}\u00bb][et_pb_row _builder_version=\u00bb4.19.0&#8243; _module_preset=\u00bbdefault\u00bb global_colors_info=\u00bb{}\u00bb][et_pb_column type=\u00bb4_4&#8243; _builder_version=\u00bb4.19.0&#8243; _module_preset=\u00bbdefault\u00bb global_colors_info=\u00bb{}\u00bb][et_pb_text _builder_version=\u00bb4.19.0&#8243; _module_preset=\u00bbdefault\u00bb header_font_size=\u00bb42px\u00bb background_layout=\u00bbdark\u00bb global_colors_info=\u00bb{}\u00bb]<\/p>\n<h1>Simulacros<\/h1>\n<p>[\/et_pb_text][\/et_pb_column][\/et_pb_row][\/et_pb_section][et_pb_section fb_built=\u00bb1&#8243; _builder_version=\u00bb4.19.0&#8243; _module_preset=\u00bbdefault\u00bb global_colors_info=\u00bb{}\u00bb][et_pb_row _builder_version=\u00bb4.19.0&#8243; _module_preset=\u00bbdefault\u00bb global_colors_info=\u00bb{}\u00bb][et_pb_column type=\u00bb4_4&#8243; _builder_version=\u00bb4.19.0&#8243; _module_preset=\u00bbdefault\u00bb global_colors_info=\u00bb{}\u00bb][et_pb_text _builder_version=\u00bb4.19.0&#8243; _module_preset=\u00bbdefault\u00bb hover_enabled=\u00bb0&#8243; global_colors_info=\u00bb{}\u00bb sticky_enabled=\u00bb0&#8243;]<\/p>\n<h3>\u00bfQu\u00e9 es un Simulacro?<\/h3>\n<p>Un simulacro es una actividad planificada que se lleva a cabo para evaluar y mejorar la capacidad de respuesta ante situaciones de emergencia. Estos ejercicios pr\u00e1cticos permiten que los equipos de respuesta a emergencias practiquen sus roles y acciones en un ambiente controlado que imita una situaci\u00f3n de emergencia real. El prop\u00f3sito principal de los simulacros es asegurar que todos los participantes est\u00e9n preparados y coordinados para enfrentar incidentes reales de manera eficaz y segura.<\/p>\n<p>&nbsp;<\/p>\n<h3>\u00bfPara qu\u00e9 Sirve un Simulacro?<\/h3>\n<p>Los simulacros sirven para:<\/p>\n<ol>\n<li><strong>Evaluar la Respuesta:<\/strong> Permiten observar y medir la efectividad de los procedimientos y protocolos de emergencia.<\/li>\n<li><strong>Mejorar la Coordinaci\u00f3n:<\/strong> Fomentan la colaboraci\u00f3n entre diferentes equipos y divisiones de emergencia.<\/li>\n<li><strong>Practicar Protocolos:<\/strong> Proveen una oportunidad para ensayar t\u00e9cnicas de mitigaci\u00f3n, rescate, y descontaminaci\u00f3n.<\/li>\n<li><strong>Identificar \u00c1reas de Mejora:<\/strong> Facilitan la detecci\u00f3n de debilidades en los planes de emergencia y permiten realizar ajustes necesarios.<\/li>\n<li><strong>Aumentar la Conciencia y la Preparaci\u00f3n:<\/strong> Ayudan a todos los participantes a familiarizarse con sus roles y responsabilidades durante una emergencia real.<\/li>\n<\/ol>\n<p>[\/et_pb_text][\/et_pb_column][\/et_pb_row][et_pb_row _builder_version=\u00bb4.19.0&#8243; _module_preset=\u00bbdefault\u00bb hover_enabled=\u00bb0&#8243; global_colors_info=\u00bb{}\u00bb border_width_all=\u00bb2px\u00bb border_color_all=\u00bb#cccccc\u00bb border_radii=\u00bbon|6px|6px|6px|6px\u00bb custom_padding=\u00bb|30px||30px|false|true\u00bb custom_padding_last_edited=\u00bbon|phone\u00bb sticky_enabled=\u00bb0&#8243; custom_padding_phone=\u00bb|20px||20px|false|true\u00bb custom_padding_tablet=\u00bb|30px||30px|false|true\u00bb][et_pb_column type=\u00bb4_4&#8243; _builder_version=\u00bb4.19.0&#8243; _module_preset=\u00bbdefault\u00bb global_colors_info=\u00bb{}\u00bb][et_pb_text _builder_version=\u00bb4.19.0&#8243; _module_preset=\u00bbdefault\u00bb hover_enabled=\u00bb0&#8243; global_colors_info=\u00bb{}\u00bb sticky_enabled=\u00bb0&#8243;]<\/p>\n<h3>Simulacro de Materiales Peligrosos<\/h3>\n<p><strong>Fecha del Evento:<\/strong> Viernes 2 de agosto de 2024<\/p>\n<p><strong>Ubicaci\u00f3n:<\/strong> Predio Ex Rural, ciudad de Rosario.<\/p>\n<p>&nbsp;<\/p>\n<h3>Escenario del Simulacro<\/h3>\n<p><strong>Incidente:<\/strong> Un cami\u00f3n que transporta un agroqu\u00edmico t\u00f3xico colision\u00f3 con un veh\u00edculo de menor porte en una ruta, causando una fuga. Hay m\u00faltiples v\u00edctimas afectadas por la sustancia t\u00f3xica. Durante la operaci\u00f3n una v\u00edctima del autom\u00f3vil se descompensa producto de los gases emanados por el producto y necesita ser descontaminado y trasladado por helic\u00f3ptero sanitario. El resto de las v\u00edctimas es afectada pero con da\u00f1os menores.<\/p>\n<p>&nbsp;<\/p>\n<h3>Participantes<\/h3>\n<ul>\n<li>Brigada Provincial de Materiales Peligros de la Federaci\u00f3n Santafesina de Bomberos Voluntarios.<\/li>\n<li>Dotaci\u00f3n de la Agrupaci\u00f3n Bomberos Zapadores de la Provincia de Santa Fe.<\/li>\n<li>Compa\u00f1\u00eda QBN y Apoyo a la Emergencia 601. Ejercito Argentino.<\/li>\n<li>Divisi\u00f3n de Comunicaci\u00f3n y Tecnolog\u00eda de la Federaci\u00f3n Santafesina de Bomberos Voluntarios.<\/li>\n<li>Helic\u00f3ptero sanitario &#8211; UTV.<\/li>\n<li>SIES (Sistema Integrado de Emergencias Sanitarias)<\/li>\n<\/ul>\n<p>[\/et_pb_text][\/et_pb_column][\/et_pb_row][\/et_pb_section]<\/p>\n","protected":false},"excerpt":{"rendered":"<p>Simulacros\u00bfQu\u00e9 es un Simulacro? Un simulacro es una actividad planificada que se lleva a cabo para evaluar y mejorar la capacidad de respuesta ante situaciones de emergencia. Estos ejercicios pr\u00e1cticos permiten que los equipos de respuesta a emergencias practiquen sus roles y acciones en un ambiente controlado que imita una situaci\u00f3n de emergencia real. El [&hellip;]<\/p>\n","protected":false},"author":82961,"featured_media":0,"parent":0,"menu_order":0,"comment_status":"closed","ping_status":"closed","template":"","meta":{"_acf_changed":false,"_et_pb_use_builder":"on","_et_pb_old_content":"","_et_gb_content_width":"","footnotes":""},"class_list":["post-214","page","type-page","status-publish","hentry"],"acf":[],"_links":{"self":[{"href":"https:\/\/www.santafe.gob.ar\/ms\/congresoproteccioncivil\/wp-json\/wp\/v2\/pages\/214","targetHints":{"allow":["GET"]}}],"collection":[{"href":"https:\/\/www.santafe.gob.ar\/ms\/congresoproteccioncivil\/wp-json\/wp\/v2\/pages"}],"about":[{"href":"https:\/\/www.santafe.gob.ar\/ms\/congresoproteccioncivil\/wp-json\/wp\/v2\/types\/page"}],"author":[{"embeddable":true,"href":"https:\/\/www.santafe.gob.ar\/ms\/congresoproteccioncivil\/wp-json\/wp\/v2\/users\/82961"}],"replies":[{"embeddable":true,"href":"https:\/\/www.santafe.gob.ar\/ms\/congresoproteccioncivil\/wp-json\/wp\/v2\/comments?post=214"}],"version-history":[{"count":7,"href":"https:\/\/www.santafe.gob.ar\/ms\/congresoproteccioncivil\/wp-json\/wp\/v2\/pages\/214\/revisions"}],"predecessor-version":[{"id":254,"href":"https:\/\/www.santafe.gob.ar\/ms\/congresoproteccioncivil\/wp-json\/wp\/v2\/pages\/214\/revisions\/254"}],"wp:attachment":[{"href":"https:\/\/www.santafe.gob.ar\/ms\/congresoproteccioncivil\/wp-json\/wp\/v2\/media?parent=214"}],"curies":[{"name":"wp","href":"https:\/\/api.w.org\/{rel}","templated":true}]}}