{"id":141,"date":"2024-12-09T03:31:39","date_gmt":"2024-12-09T02:31:39","guid":{"rendered":"https:\/\/www.santafe.gob.ar\/ms\/dengue\/?page_id=141"},"modified":"2024-12-09T03:34:05","modified_gmt":"2024-12-09T02:34:05","slug":"turismo","status":"publish","type":"page","link":"https:\/\/www.santafe.gob.ar\/ms\/dengue\/turismo\/","title":{"rendered":"Turismo"},"content":{"rendered":"<p>Para brindar la mejor experiencia a quienes visitan la Provincia de Santa Fe durante el verano 2024-2025, en el marco de Objetivo Dengue, se cuenta con una estrategia de prevenci\u00f3n junto al sector hotelero y gastron\u00f3mico.<\/p>\n<p>En ese marco se brindan <strong>recomendaciones a turistas<\/strong>, en particular si provienen de provincias o pa\u00edses donde hay circulaci\u00f3n del virus.<\/p>\n<ul>\n<li>Usar repelente en aerosol, crema, spray; repetir el uso luego de mojarse y reforzar seg\u00fan indicaciones en la etiqueta del producto.<\/li>\n<li>Llevar pastillas y aparato para mosquitos.<\/li>\n<li>En caso de visitar lugares de mucha exposici\u00f3n a mosquitos (islas, lagunas, reservas naturales, parques nacionales u otros espacios abiertos) hacer uso de prendas apropiadas que minimicen la exposici\u00f3n de la piel (pantalones y camisas de manga larga) y calzado cerrado.<\/li>\n<\/ul>\n<h3>Recomendaciones para alojamientos y prestadores tur\u00edsticos<\/h3>\n<ul>\n<li>Desechar objetos que acumulen agua.<\/li>\n<li>Mantener patios, jardines y canteros desmalezados, limpios y ordenados.<\/li>\n<li>Poner bajo techo recipientes que sean de utilidad.<\/li>\n<li>Limpiar y cepillar los bordes de bebederos de animales, floreros, recipientes de agua desechada por heladeras y aires acondicionados, dispenser, entre otros.<\/li>\n<li>Dar vuelta objetos que puedan acumular agua, como envases vac\u00edos (se recomienda no tener floreros, ni plantas acu\u00e1ticas).<\/li>\n<li>Limpiar desag\u00fces y canaletas.<\/li>\n<li>Colocar telas mosquiteras en puertas y ventanas.<\/li>\n<li>Tapar tanques y cerrar dep\u00f3sitos herm\u00e9ticamente.<\/li>\n<li>Brindar informaci\u00f3n a los turistas antes de su llegada.<\/li>\n<\/ul>\n<p>Encontr\u00e1 m\u00e1s<strong> recomendaciones para el sector tur\u00edstico<\/strong> en el Protocolo, que incluye medidas a tomar en guarder\u00edas de lancha y kayaks, y qu\u00e9 hacer si un turista presenta s\u00edntomas o tuvo dengue, entre otras: <a href=\"https:\/\/www.santafe.gob.ar\/ms\/dengue\/wp-content\/uploads\/sites\/75\/2024\/12\/Dengue_Protocolo-Turismo.pdf\" target=\"_blank\" rel=\"noopener\">Documento para descargar<\/a><\/p>\n","protected":false},"excerpt":{"rendered":"<p>Para brindar la mejor experiencia a quienes visitan la Provincia de Santa Fe durante el verano 2024-2025, en el marco de Objetivo Dengue, se cuenta con una estrategia de prevenci\u00f3n junto al sector hotelero y gastron\u00f3mico. En ese marco se brindan recomendaciones a turistas, en particular si provienen de provincias o pa\u00edses donde hay circulaci\u00f3n [&hellip;]<\/p>\n","protected":false},"author":90527,"featured_media":0,"parent":0,"menu_order":0,"comment_status":"closed","ping_status":"closed","template":"","meta":{"_acf_changed":false,"_et_pb_use_builder":"","_et_pb_old_content":"","_et_gb_content_width":"","footnotes":""},"class_list":["post-141","page","type-page","status-publish","hentry"],"acf":[],"_links":{"self":[{"href":"https:\/\/www.santafe.gob.ar\/ms\/dengue\/wp-json\/wp\/v2\/pages\/141","targetHints":{"allow":["GET"]}}],"collection":[{"href":"https:\/\/www.santafe.gob.ar\/ms\/dengue\/wp-json\/wp\/v2\/pages"}],"about":[{"href":"https:\/\/www.santafe.gob.ar\/ms\/dengue\/wp-json\/wp\/v2\/types\/page"}],"author":[{"embeddable":true,"href":"https:\/\/www.santafe.gob.ar\/ms\/dengue\/wp-json\/wp\/v2\/users\/90527"}],"replies":[{"embeddable":true,"href":"https:\/\/www.santafe.gob.ar\/ms\/dengue\/wp-json\/wp\/v2\/comments?post=141"}],"version-history":[{"count":4,"href":"https:\/\/www.santafe.gob.ar\/ms\/dengue\/wp-json\/wp\/v2\/pages\/141\/revisions"}],"predecessor-version":[{"id":146,"href":"https:\/\/www.santafe.gob.ar\/ms\/dengue\/wp-json\/wp\/v2\/pages\/141\/revisions\/146"}],"wp:attachment":[{"href":"https:\/\/www.santafe.gob.ar\/ms\/dengue\/wp-json\/wp\/v2\/media?parent=141"}],"curies":[{"name":"wp","href":"https:\/\/api.w.org\/{rel}","templated":true}]}}