{"id":166,"date":"2025-02-19T14:18:46","date_gmt":"2025-02-19T13:18:46","guid":{"rendered":"https:\/\/www.santafe.gob.ar\/ms\/dengue\/?page_id=166"},"modified":"2025-04-14T12:36:50","modified_gmt":"2025-04-14T10:36:50","slug":"cuidados-durante-el-embarazo","status":"publish","type":"page","link":"https:\/\/www.santafe.gob.ar\/ms\/dengue\/salud\/cuidados-durante-el-embarazo\/","title":{"rendered":"Cuidados durante el embarazo"},"content":{"rendered":"<h4>\u00bfQu\u00e9 puede pasar si est\u00e1s embarazada y ten\u00e9s dengue?<\/h4>\n<p>En la mayor\u00eda de los casos, todo estar\u00e1 bien.\u00a0Sin embargo, puede haber complicaciones para vos o para tu beb\u00e9.<\/p>\n<p>Si ten\u00e9s fiebre, dolor de cabeza, manchas en la piel o dolores musculares, consulta siempre a un centro de salud e informales que est\u00e1s embarazada para recibir un control especial.<\/p>\n<h4>\u00bfTu beb\u00e9 puede enfermarse si tuviste dengue durante el embarazo?<\/h4>\n<p>Existe riesgo de que el virus pase al beb\u00e9, especialmente si tuviste la enfermedad 15 d\u00edas antes del nacimiento.<\/p>\n<p>La mayor\u00eda de los beb\u00e9s estar\u00e1n sanos, pero algunos pueden presentar s\u00edntomas dentro de las 2 semanas.\u00a0Por eso, si se sospecha o se confirma que tuviste dengue, tu beb\u00e9 quedar\u00e1 internado por algunos (12) d\u00edas para estar mejor controlado.<\/p>\n<h4>\u00bfQu\u00e9 hay que hacer si se confirma que ten\u00e9s dengue durante el embarazo?<\/h4>\n<p>En el centro de salud evaluar\u00e1n si es necesario que te internes o si pod\u00e9s volver a tu casa, manteniendo controles diarios.<\/p>\n<p><strong>Si volv\u00e9s a tu casa:<\/strong><\/p>\n<ul>\n<li>Segu\u00ed las recomendaciones y cumpl\u00ed con los controles que te indique el equipo de salud. Si no aparecen complicaciones, estos controles deben hacerse todos los d\u00edas, y hasta que pasen, por lo menos 3 d\u00edas despu\u00e9s de que pase la fiebre.<\/li>\n<li>Descans\u00e1 todo lo que necesites.<\/li>\n<li>Tom\u00e1 mucho l\u00edquido (hasta 3 litros por d\u00eda).<\/li>\n<\/ul>\n<p>No tomes medicamentos sin consultar con el equipo de salud. Record\u00e1 que no pod\u00e9s tomar aspirina ni ibuprofeno.<\/p>\n<p>Prest\u00e1 atenci\u00f3n a la aparici\u00f3n de s\u00edntomas que pueden indicar agravamiento de la enfermedad.<\/p>\n<h4>\u00bfCu\u00e1ndo hay m\u00e1s posibilidad de que puedas tener complicaciones por dengue en el embarazo?<\/h4>\n<p>Las complicaciones son m\u00e1s frecuentes cuando:<\/p>\n<ul>\n<li>Los s\u00edntomas son intensos.<\/li>\n<li>Si ya tuviste dengue (aunque no lo sepas).<\/li>\n<li>Cuando ten\u00e9s diabetes, hipertensi\u00f3n o alguna otra enfermedad.<\/li>\n<\/ul>\n<h4>\u00bfCu\u00e1ndo deber\u00edas consultar a una guardia?<\/h4>\n<p>Debes consultar de forma urgente a la guardia de un hospital si aparecen:<\/p>\n<ul>\n<li>Dolores de panza fuertes o permanentes.<\/li>\n<li>V\u00f3mitos persistentes.<\/li>\n<li>Diarrea intensa o que se hace m\u00e1s frecuente.<\/li>\n<li>Mareos o desmayos,\u00a0irritabilidad o nerviosismo.<\/li>\n<li>Sangrado vaginal de cualquier tipo (en las enc\u00edas, orina o la nariz), color o cantidad.<\/li>\n<li>Contracciones (la panza se pone dura), p\u00e9rdida de l\u00edquido por la vagina, o si no sent\u00eds que el beb\u00e9 se mueve.<\/li>\n<li>Cualquier otro s\u00edntoma que te llame la atenci\u00f3n o te preocupe.<\/li>\n<\/ul>\n<h4>Evit\u00e1 las picaduras de mosquitos:<\/h4>\n<ul>\n<li>Ponete repelente cada 6 horas en todas las zonas de la piel que est\u00e9n descubiertas (incluyendo orejas, tobillos, pies).<\/li>\n<li>Us\u00e1 ropa clara y suelta que cubra brazos y piernas.<\/li>\n<li>Coloc\u00e1 telas mosquiteras en ventanas y tul en la cuna o cochecito del beb\u00e9.<\/li>\n<li>Pod\u00e9s ponerte repelente sobre la ropa.<\/li>\n<li>Us\u00e1 espirales y tabletas.<\/li>\n<\/ul>\n<h4>Si hay alguien con dengue en tu casa o barrio, \u00bfqu\u00e9 hay que hacer?<\/h4>\n<p>No hace falta que la persona con dengue est\u00e9 aislada totalmente, pero debe utilizar siempre repelente para no ser picada nuevamente por mosquitos infectados.<\/p>\n<p>Si ten\u00e9s dudas, hac\u00e9 la consulta en el Centro de Salud m\u00e1s cercano.<\/p>\n","protected":false},"excerpt":{"rendered":"<p>\u00bfQu\u00e9 puede pasar si est\u00e1s embarazada y ten\u00e9s dengue? En la mayor\u00eda de los casos, todo estar\u00e1 bien.\u00a0Sin embargo, puede haber complicaciones para vos o para tu beb\u00e9. Si ten\u00e9s fiebre, dolor de cabeza, manchas en la piel o dolores musculares, consulta siempre a un centro de salud e informales que est\u00e1s embarazada para recibir [&hellip;]<\/p>\n","protected":false},"author":82961,"featured_media":0,"parent":91,"menu_order":0,"comment_status":"closed","ping_status":"closed","template":"","meta":{"_acf_changed":false,"_et_pb_use_builder":"","_et_pb_old_content":"","_et_gb_content_width":"","footnotes":""},"class_list":["post-166","page","type-page","status-publish","hentry"],"acf":[],"_links":{"self":[{"href":"https:\/\/www.santafe.gob.ar\/ms\/dengue\/wp-json\/wp\/v2\/pages\/166","targetHints":{"allow":["GET"]}}],"collection":[{"href":"https:\/\/www.santafe.gob.ar\/ms\/dengue\/wp-json\/wp\/v2\/pages"}],"about":[{"href":"https:\/\/www.santafe.gob.ar\/ms\/dengue\/wp-json\/wp\/v2\/types\/page"}],"author":[{"embeddable":true,"href":"https:\/\/www.santafe.gob.ar\/ms\/dengue\/wp-json\/wp\/v2\/users\/82961"}],"replies":[{"embeddable":true,"href":"https:\/\/www.santafe.gob.ar\/ms\/dengue\/wp-json\/wp\/v2\/comments?post=166"}],"version-history":[{"count":4,"href":"https:\/\/www.santafe.gob.ar\/ms\/dengue\/wp-json\/wp\/v2\/pages\/166\/revisions"}],"predecessor-version":[{"id":172,"href":"https:\/\/www.santafe.gob.ar\/ms\/dengue\/wp-json\/wp\/v2\/pages\/166\/revisions\/172"}],"up":[{"embeddable":true,"href":"https:\/\/www.santafe.gob.ar\/ms\/dengue\/wp-json\/wp\/v2\/pages\/91"}],"wp:attachment":[{"href":"https:\/\/www.santafe.gob.ar\/ms\/dengue\/wp-json\/wp\/v2\/media?parent=166"}],"curies":[{"name":"wp","href":"https:\/\/api.w.org\/{rel}","templated":true}]}}