{"id":91,"date":"2024-10-01T19:51:50","date_gmt":"2024-10-01T17:51:50","guid":{"rendered":"https:\/\/www.santafe.gob.ar\/ms\/dengue\/?page_id=91"},"modified":"2025-10-30T23:01:16","modified_gmt":"2025-10-30T22:01:16","slug":"salud","status":"publish","type":"page","link":"https:\/\/www.santafe.gob.ar\/ms\/dengue\/salud\/","title":{"rendered":"Salud"},"content":{"rendered":"<h3>\u00bfQu\u00e9 es el dengue?<\/h3>\n<p>Es una enfermedad viral que se propaga principalmente por la picadura de la hembra del mosquito Aedes aegypti, que tambi\u00e9n transmite otras enfermedades como chikungunya y zika, entre otras.<\/p>\n<p>Estos mosquitos se alimentan de n\u00e9ctar y savia, pero necesitan de prote\u00ednas de la sangre para el desarrollo de sus huevos. Cuando pican a una persona enferma, adquieren el virus y luego de una semana, lo pueden transmitir a otras personas.<\/p>\n<p>Por la manera en que se reproduce el mosquito, el dengue es un problema de los modos de vida urbano y su abordaje debe ser integral e intersectorial.<\/p>\n<h3>\u00bfC\u00f3mo se reproduce el mosquito?<\/h3>\n<p>El Aedes aegypti vive en y cerca de las casas. Se reproduce en recipientes artificiales como bebederos de mascotas, tapitas, floreros, neum\u00e1ticos y baldes, entre otros; pero tambi\u00e9n puede hacerlo en reservorios naturales como huecos en los troncos, por ejemplo.<\/p>\n<p>Las larvas del mosquito pueden permanecer durante un a\u00f1o adheridas a las paredes de los objetos, a temperatura bajo cero,, por eso es importante descacharrar todo el a\u00f1o para eliminar los posibles criaderos.<\/p>\n<p><em><img loading=\"lazy\" decoding=\"async\" class=\"alignnone wp-image-122 size-full\" src=\"https:\/\/www.santafe.gob.ar\/ms\/dengue\/wp-content\/uploads\/sites\/75\/2024\/10\/infografia_AedesAegypti-01.png\" alt=\"\" width=\"1748\" height=\"1066\" srcset=\"https:\/\/www.santafe.gob.ar\/ms\/dengue\/wp-content\/uploads\/sites\/75\/2024\/10\/infografia_AedesAegypti-01.png 1748w, https:\/\/www.santafe.gob.ar\/ms\/dengue\/wp-content\/uploads\/sites\/75\/2024\/10\/infografia_AedesAegypti-01-1280x781.png 1280w, https:\/\/www.santafe.gob.ar\/ms\/dengue\/wp-content\/uploads\/sites\/75\/2024\/10\/infografia_AedesAegypti-01-980x598.png 980w, https:\/\/www.santafe.gob.ar\/ms\/dengue\/wp-content\/uploads\/sites\/75\/2024\/10\/infografia_AedesAegypti-01-480x293.png 480w\" sizes=\"auto, (min-width: 0px) and (max-width: 480px) 480px, (min-width: 481px) and (max-width: 980px) 980px, (min-width: 981px) and (max-width: 1280px) 1280px, (min-width: 1281px) 1748px, 100vw\" \/><\/em><\/p>\n<h3>\u00bfC\u00f3mo prevenirlo?<\/h3>\n<p>La medida m\u00e1s efectiva para prevenir la enfermedad es evitar que el mosquito se reproduzca.<\/p>\n<p>Por eso es importante:<\/p>\n<ul>\n<li>Desechar objetos que acumulen agua.<\/li>\n<li>Dar vuelta objetos en uso y que puedan acumular agua, como envases vac\u00edos.<\/li>\n<li>Cambiar peri\u00f3dicamente el agua de floreros.<\/li>\n<li>Limpiar, cepillando los bordes, bebederos de animales, recipientes de agua desechada por heladeras y aires acondicionados.<\/li>\n<li>Mantener desmalezados y limpios los patios, jardines y canteros.<\/li>\n<li>Limpiar desag\u00fces y canaletas.<\/li>\n<li>Tapar tanques y dep\u00f3sitos herm\u00e9ticamente.<\/li>\n<li>Colocar telas mosquiteras en puertas y ventanas.<\/li>\n<\/ul>\n<h3>\u00bfCu\u00e1les son los s\u00edntomas del dengue?<\/h3>\n<ul>\n<li>Fiebre.<\/li>\n<li>Dolores musculares.<\/li>\n<li>Dolores articulares.<\/li>\n<li>Dolor detr\u00e1s de los ojos y de cabeza.<\/li>\n<li>Diarrea.<\/li>\n<li>Falta de apetito.<\/li>\n<li>Sarpullido que puede picar.<\/li>\n<li>Cansancio.<\/li>\n<\/ul>\n<p>Ante la aparici\u00f3n de alguno de estos s\u00edntomas, realizar la consulta m\u00e9dica. En la salud p\u00fablica, pod\u00e9s hacerlo en forma gratuita en el Centro de Salud m\u00e1s cercano a tu casa.<\/p>\n<h3>\u00bfCu\u00e1les son las medidas de cuidado durante la enfermedad?<\/h3>\n<p>Es importante seguir las indicaciones m\u00e9dicas y tener en cuenta estas medidas de cuidado:<\/p>\n<ul>\n<li>Tomar s\u00f3lo paracetamol ante la fiebre. NO tomar ibuprofeno, aspirinas o realizar inyectables.<\/li>\n<li>Realizar ba\u00f1os tibios o colocar pa\u00f1os en frente y nuca.<\/li>\n<li>Tomar m\u00e1s de 2 litros de agua por d\u00eda.<\/li>\n<li>Usar repelente durante toda la enfermedad para evitar seguir propag\u00e1ndola, repitiendo la aplicaci\u00f3n cada 6 horas.<\/li>\n<li>Mantener reposo.<\/li>\n<\/ul>\n<p><a href=\"https:\/\/www.santafe.gob.ar\/ms\/dengue\/salud\/cuidados-durante-el-embarazo\/\"><img loading=\"lazy\" decoding=\"async\" class=\"alignnone size-full wp-image-165\" src=\"https:\/\/www.santafe.gob.ar\/ms\/dengue\/wp-content\/uploads\/sites\/75\/2025\/02\/SF-Provincia_ObjetivoDengue_WEB_bnnr-cuidados-embarazo.png\" alt=\"\" width=\"1875\" height=\"313\" srcset=\"https:\/\/www.santafe.gob.ar\/ms\/dengue\/wp-content\/uploads\/sites\/75\/2025\/02\/SF-Provincia_ObjetivoDengue_WEB_bnnr-cuidados-embarazo.png 1875w, https:\/\/www.santafe.gob.ar\/ms\/dengue\/wp-content\/uploads\/sites\/75\/2025\/02\/SF-Provincia_ObjetivoDengue_WEB_bnnr-cuidados-embarazo-1280x214.png 1280w, https:\/\/www.santafe.gob.ar\/ms\/dengue\/wp-content\/uploads\/sites\/75\/2025\/02\/SF-Provincia_ObjetivoDengue_WEB_bnnr-cuidados-embarazo-980x164.png 980w, https:\/\/www.santafe.gob.ar\/ms\/dengue\/wp-content\/uploads\/sites\/75\/2025\/02\/SF-Provincia_ObjetivoDengue_WEB_bnnr-cuidados-embarazo-480x80.png 480w\" sizes=\"auto, (min-width: 0px) and (max-width: 480px) 480px, (min-width: 481px) and (max-width: 980px) 980px, (min-width: 981px) and (max-width: 1280px) 1280px, (min-width: 1281px) 1875px, 100vw\" \/><\/a><\/p>\n<h3>\u00bfCu\u00e1les son los signos de alarma?<\/h3>\n<p>Se debe acudir de inmediato a una Guardia de Hospital ante la aparici\u00f3n de alguna de estas se\u00f1ales:<\/p>\n<ul>\n<li>V\u00f3mitos persistentes.<\/li>\n<li>Dolor abdominal (de panza) intenso y continuo.<\/li>\n<li>Irritabilidad, mareos, desmayos u obnubilaci\u00f3n.<\/li>\n<li>Sangrados (por nariz, enc\u00edas, menstruaciones abundantes).<\/li>\n<li>Dificultad para respirar.<\/li>\n<\/ul>\n<h3>Estrategia de Vacunaci\u00f3n<\/h3>\n<p>La vacuna contra el dengue se brinda en forma gratuita en Ia salud p\u00fablica de la Provincia de Santa Fe, en \u00e1reas priorizadas de acuerdo a recomendaciones de la Comisi\u00f3n Nacional de Inmunizaci\u00f3n y como parte del Programa Objetivo Dengue. En ese marco se incorpor\u00f3 como una herramienta m\u00e1s junto a las estrategias para controlar al mosquito que transmite la enfermedad.<\/p>\n<p>Con la inmunizaci\u00f3n se busca protecci\u00f3n de la enfermedad, sobre todo de las formas graves que requieren internaci\u00f3n.<\/p>\n<p>La implementaci\u00f3n de la estrategia avanza en efectores p\u00fablicos, de acuerdo con los siguientes criterios:<\/p>\n<h6><strong>Etapa 1.<\/strong><\/h6>\n<p>J\u00f3venes que tienen entre 15\u00a0y 19 a\u00f1os, que viven en los departamentos General Obligado, San Crist\u00f3bal y 9 de Julio; y en \u00e1reas priorizadas de las ciudades Santa Fe, Rosario y Rafaela.<\/p>\n<h6><strong>Etapas 2 y 3<\/strong><\/h6>\n<p><strong>Personal de salud<\/strong>, <strong>bomberos<\/strong>, <strong>polic\u00edas <\/strong>y <strong>personal penitenciario<\/strong>, entre 20 y 59 a\u00f1os, de toda la provincia.<\/p>\n<h6><strong>Etapa 4.<\/strong><\/h6>\n<p>Integrantes de <strong>equipos de municipios y comunas<\/strong> que participan en <strong>operativos territoriales de dengue<\/strong>, que tienen entre 20 y 59 a\u00f1os.<\/p>\n<p><strong>Etapa 5.<\/strong><\/p>\n<p>Integrantes de las <strong>fuerzas federales<\/strong> que participan del Plan Bandera, en el Departamento Rosario, hasta los 59 a\u00f1os de edad: Gendarmer\u00eda Nacional, Prefectura Naval Argentina, Polic\u00eda de Seguridad Aeroportuaria, Polic\u00eda Federal.<br \/>\nVacunatorio: Hospital Geri\u00e1trico Provincial, Rosario.<\/p>\n<p><strong>Para quienes tuvieron dengue<\/strong><br \/>\nPersonas entre 15 y 59 a\u00f1os, de toda la provincia de Santa Fe, tanto si cursaron la enfermedad de manera ambulatoria como si requirieron internaci\u00f3n en el sector p\u00fablico o en el privado, en 2023, 2024 \u00f3 en 2025, seg\u00fan el registro del Sistema de Informaci\u00f3n Sanitaria Argentina (SISA).\u00a0 Para consultas escribir a pairegionsur@santafe.gov.ar<\/p>\n<p><strong>Vacunatorios\u00a0\u00a0<\/strong><\/p>\n<p><strong>Santa Fe<\/strong>. Centro de Especialidades M\u00e9dicas (Cemaf\u00e9, Mendoza 2419). Atenci\u00f3n en el Vacunatorio: lunes a viernes, de 7 a 18.30 horas.<\/p>\n<p><strong>Rosario<\/strong>. Hospital Provincial Geri\u00e1trico (Ayolas 141). Vacunatorio M. Nuccetelli. Atenci\u00f3n de lunes a viernes, de 9 a 14 horas.<\/p>\n<p><strong>Otras localidades<\/strong>. En el efector m\u00e1s cercano a su domicilio.<\/p>\n<p><strong>RECORD\u00c1!<\/strong> <em>el Ministerio de Salud de la Provincia de Santa Fe no contacta a trav\u00e9s de llamados telef\u00f3nicos para ofrecer turnos de vacunaci\u00f3n, ni solicita datos personales o claves. Cada equipo de salud informa a quienes tienen disponible la vacuna para que puedan acercarse en forma gratuita al vacunatorio m\u00e1s cercano.<\/em><\/p>\n<h3>Producci\u00f3n p\u00fablica de repelente<\/h3>\n<p><em><img loading=\"lazy\" decoding=\"async\" class=\"alignnone size-full wp-image-124\" src=\"https:\/\/www.santafe.gob.ar\/ms\/dengue\/wp-content\/uploads\/sites\/75\/2024\/10\/RepelenteLIF.jpg\" alt=\"\" width=\"1920\" height=\"1280\" srcset=\"https:\/\/www.santafe.gob.ar\/ms\/dengue\/wp-content\/uploads\/sites\/75\/2024\/10\/RepelenteLIF.jpg 1920w, https:\/\/www.santafe.gob.ar\/ms\/dengue\/wp-content\/uploads\/sites\/75\/2024\/10\/RepelenteLIF-1280x853.jpg 1280w, https:\/\/www.santafe.gob.ar\/ms\/dengue\/wp-content\/uploads\/sites\/75\/2024\/10\/RepelenteLIF-980x653.jpg 980w, https:\/\/www.santafe.gob.ar\/ms\/dengue\/wp-content\/uploads\/sites\/75\/2024\/10\/RepelenteLIF-480x320.jpg 480w\" sizes=\"auto, (min-width: 0px) and (max-width: 480px) 480px, (min-width: 481px) and (max-width: 980px) 980px, (min-width: 981px) and (max-width: 1280px) 1280px, (min-width: 1281px) 1920px, 100vw\" \/><\/em><\/p>\n<p>El Laboratorio Industrial Farmac\u00e9utico (LIF) es una fortaleza de la salud p\u00fablica santafesina. Como parte de Objetivo Dengue, el Gobierno de la Provincia destina recursos para la producci\u00f3n del Repelente, que es elaborado y envasado \u00edntegramente en la planta ubicada en la ciudad de Santa Fe.<\/p>\n<p>Este insumo estrat\u00e9gico para prevenir el Dengue y las enfermedades transmitidas por el mosquito Aedes aegypti, se realiza a partir de una formulaci\u00f3n propia que desarroll\u00f3 el equipo t\u00e9cnico del LIF. El producto tiene una concentraci\u00f3n del 25% DEET, que ofrece una protecci\u00f3n de larga duraci\u00f3n (entre 6 y 8 horas) ante el mosquito e insectos.<\/p>\n<p>Actualmente, el Repelente LIF se dispensa de manera gratuita en Centros de Salud y Hospitales p\u00fablicos de la provincia, siguiendo criterios sanitarios establecidos por el Ministerio de Salud de Santa Fe. El protocolo establece los criterios de distribuci\u00f3n del repelente para la prevenci\u00f3n de enfermedades transmitidas por las picaduras de mosquitos, estipulando las l\u00edneas de acci\u00f3n para responder ante casos sospechosos, casos confirmados y operativos de bloqueo ante eventuales brotes.<\/p>\n","protected":false},"excerpt":{"rendered":"<p>\u00bfQu\u00e9 es el dengue? Es una enfermedad viral que se propaga principalmente por la picadura de la hembra del mosquito Aedes aegypti, que tambi\u00e9n transmite otras enfermedades como chikungunya y zika, entre otras. Estos mosquitos se alimentan de n\u00e9ctar y savia, pero necesitan de prote\u00ednas de la sangre para el desarrollo de sus huevos. Cuando [&hellip;]<\/p>\n","protected":false},"author":82961,"featured_media":0,"parent":0,"menu_order":0,"comment_status":"closed","ping_status":"closed","template":"","meta":{"_acf_changed":false,"_et_pb_use_builder":"","_et_pb_old_content":"","_et_gb_content_width":"","footnotes":""},"class_list":["post-91","page","type-page","status-publish","hentry"],"acf":[],"_links":{"self":[{"href":"https:\/\/www.santafe.gob.ar\/ms\/dengue\/wp-json\/wp\/v2\/pages\/91","targetHints":{"allow":["GET"]}}],"collection":[{"href":"https:\/\/www.santafe.gob.ar\/ms\/dengue\/wp-json\/wp\/v2\/pages"}],"about":[{"href":"https:\/\/www.santafe.gob.ar\/ms\/dengue\/wp-json\/wp\/v2\/types\/page"}],"author":[{"embeddable":true,"href":"https:\/\/www.santafe.gob.ar\/ms\/dengue\/wp-json\/wp\/v2\/users\/82961"}],"replies":[{"embeddable":true,"href":"https:\/\/www.santafe.gob.ar\/ms\/dengue\/wp-json\/wp\/v2\/comments?post=91"}],"version-history":[{"count":23,"href":"https:\/\/www.santafe.gob.ar\/ms\/dengue\/wp-json\/wp\/v2\/pages\/91\/revisions"}],"predecessor-version":[{"id":182,"href":"https:\/\/www.santafe.gob.ar\/ms\/dengue\/wp-json\/wp\/v2\/pages\/91\/revisions\/182"}],"wp:attachment":[{"href":"https:\/\/www.santafe.gob.ar\/ms\/dengue\/wp-json\/wp\/v2\/media?parent=91"}],"curies":[{"name":"wp","href":"https:\/\/api.w.org\/{rel}","templated":true}]}}