{"id":96,"date":"2024-10-01T20:00:19","date_gmt":"2024-10-01T18:00:19","guid":{"rendered":"https:\/\/www.santafe.gob.ar\/ms\/dengue\/?page_id=96"},"modified":"2024-10-01T20:00:19","modified_gmt":"2024-10-01T18:00:19","slug":"ambiente","status":"publish","type":"page","link":"https:\/\/www.santafe.gob.ar\/ms\/dengue\/ambiente\/","title":{"rendered":"Ambiente"},"content":{"rendered":"<p>Nuestro compromiso es con el ambiente por eso recomendamos a las localidades tener una gesti\u00f3n correcta de los residuos.<\/p>\n<p>Deben informar a los vecinos y vecinas sobre horarios y modalidades para cuidar la higiene urbana evitando la generaci\u00f3n de microbasurales.<\/p>\n<p>Las localidades deben disponer de los residuos en sitios seguros para prevenir basurales a cielo abierto. El Ministerio de Ambiente y Cambio Clim\u00e1tico, brindar\u00e1 asesoramiento t\u00e9cnico necesario para que las localidades mejoren su gesti\u00f3n de residuos en caso de que lo requieran.<\/p>\n<p>A partir del mes de septiembre estar\u00e1 disponible el m\u00f3dulo de Dengue en la Capacitaci\u00f3n por Ley Yolanda y este material ser\u00e1 descargable y estar\u00e1 en la p\u00e1gina de la provincia.<\/p>\n<p>Tambi\u00e9n comenzaremos a crear una red de v\u00ednculos con empresas, organizaciones, colegios profesionales, cooperativas, y otras instituciones que requieran capacitarse para mejorar la gesti\u00f3n de posibles lugares de reproducci\u00f3n del mosquito del Dengue.<\/p>\n","protected":false},"excerpt":{"rendered":"<p>Nuestro compromiso es con el ambiente por eso recomendamos a las localidades tener una gesti\u00f3n correcta de los residuos. Deben informar a los vecinos y vecinas sobre horarios y modalidades para cuidar la higiene urbana evitando la generaci\u00f3n de microbasurales. Las localidades deben disponer de los residuos en sitios seguros para prevenir basurales a cielo [&hellip;]<\/p>\n","protected":false},"author":82961,"featured_media":0,"parent":0,"menu_order":0,"comment_status":"closed","ping_status":"closed","template":"","meta":{"_acf_changed":false,"_et_pb_use_builder":"","_et_pb_old_content":"","_et_gb_content_width":"","footnotes":""},"class_list":["post-96","page","type-page","status-publish","hentry"],"acf":[],"_links":{"self":[{"href":"https:\/\/www.santafe.gob.ar\/ms\/dengue\/wp-json\/wp\/v2\/pages\/96","targetHints":{"allow":["GET"]}}],"collection":[{"href":"https:\/\/www.santafe.gob.ar\/ms\/dengue\/wp-json\/wp\/v2\/pages"}],"about":[{"href":"https:\/\/www.santafe.gob.ar\/ms\/dengue\/wp-json\/wp\/v2\/types\/page"}],"author":[{"embeddable":true,"href":"https:\/\/www.santafe.gob.ar\/ms\/dengue\/wp-json\/wp\/v2\/users\/82961"}],"replies":[{"embeddable":true,"href":"https:\/\/www.santafe.gob.ar\/ms\/dengue\/wp-json\/wp\/v2\/comments?post=96"}],"version-history":[{"count":1,"href":"https:\/\/www.santafe.gob.ar\/ms\/dengue\/wp-json\/wp\/v2\/pages\/96\/revisions"}],"predecessor-version":[{"id":97,"href":"https:\/\/www.santafe.gob.ar\/ms\/dengue\/wp-json\/wp\/v2\/pages\/96\/revisions\/97"}],"wp:attachment":[{"href":"https:\/\/www.santafe.gob.ar\/ms\/dengue\/wp-json\/wp\/v2\/media?parent=96"}],"curies":[{"name":"wp","href":"https:\/\/api.w.org\/{rel}","templated":true}]}}