{"id":16,"date":"2024-04-08T16:07:07","date_gmt":"2024-04-08T16:07:07","guid":{"rendered":"https:\/\/onlines.ar\/eficiencia-energetica\/?page_id=16"},"modified":"2025-10-23T19:34:46","modified_gmt":"2025-10-23T17:34:46","slug":"pagina-principal","status":"publish","type":"page","link":"https:\/\/www.santafe.gob.ar\/ms\/eficienciaenergetica\/","title":{"rendered":"P\u00e1gina principal"},"content":{"rendered":"\n<div class=\"wp-block-group main-home is-layout-constrained wp-block-group-is-layout-constrained\">\n<section class=\"wp-block-cover alignfull hero\" style=\"margin-top:0;margin-bottom:0;padding-top:var(--wp--preset--spacing--60);padding-right:1rem;padding-bottom:var(--wp--preset--spacing--60);padding-left:1rem;min-height:600px;aspect-ratio:unset;\"><img loading=\"lazy\" decoding=\"async\" width=\"1024\" height=\"683\" class=\"wp-block-cover__image-background wp-image-1040 size-large\" alt=\"\" src=\"https:\/\/www.santafe.gob.ar\/ms\/eficienciaenergetica\/wp-content\/uploads\/sites\/76\/2025\/10\/HOME-OK-min-1024x683.jpg\" data-object-fit=\"cover\" srcset=\"https:\/\/www.santafe.gob.ar\/ms\/eficienciaenergetica\/wp-content\/uploads\/sites\/76\/2025\/10\/HOME-OK-min-1024x683.jpg 1024w, https:\/\/www.santafe.gob.ar\/ms\/eficienciaenergetica\/wp-content\/uploads\/sites\/76\/2025\/10\/HOME-OK-min-300x200.jpg 300w, https:\/\/www.santafe.gob.ar\/ms\/eficienciaenergetica\/wp-content\/uploads\/sites\/76\/2025\/10\/HOME-OK-min-768x513.jpg 768w, https:\/\/www.santafe.gob.ar\/ms\/eficienciaenergetica\/wp-content\/uploads\/sites\/76\/2025\/10\/HOME-OK-min-1536x1025.jpg 1536w, https:\/\/www.santafe.gob.ar\/ms\/eficienciaenergetica\/wp-content\/uploads\/sites\/76\/2025\/10\/HOME-OK-min-2048x1367.jpg 2048w\" sizes=\"auto, (max-width: 1024px) 100vw, 1024px\" \/><span aria-hidden=\"true\" class=\"wp-block-cover__background has-background-dim-0 has-background-dim\" style=\"background-color:#69632c\"><\/span><div class=\"wp-block-cover__inner-container is-layout-constrained wp-container-core-cover-is-layout-2fd81852 wp-block-cover-is-layout-constrained\">\n<div class=\"wp-block-group alignwide container is-layout-constrained wp-block-group-is-layout-constrained\">\n<div class=\"wp-block-columns alignwide cols is-layout-flex wp-container-core-columns-is-layout-28f84493 wp-block-columns-is-layout-flex\">\n<div class=\"wp-block-column col content is-layout-flow wp-block-column-is-layout-flow\" style=\"flex-basis:50%\">\n<h2 class=\"wp-block-heading alignfull has-text-align-left hero__title\" style=\"padding-top:0;padding-right:0rem;padding-bottom:0;padding-left:0rem;font-size:4.5rem;line-height:1.05\">Eficiencia Energ\u00e9tica<\/h2>\n\n\n\n<div class=\"wp-block-group text is-layout-constrained wp-container-core-group-is-layout-382f87b0 wp-block-group-is-layout-constrained\" style=\"margin-top:2em\">\n<p>En cada actividad que realizamos, utilizamos energ\u00eda, desde la que obtenemos de nuestros alimentos para vivir, hasta la que utilizamos para hacer funcionar nuestros celulares, autom\u00f3viles, instalaciones de edificios y f\u00e1bricas, entre otros.<\/p>\n\n\n\n<p>Los equipos tecnol\u00f3gicos que utilizamos necesitan de la energ\u00eda para brindarnos el servicio o producto para el que fueron dise\u00f1ados. Comparando entre ellos, algunos logran brindar similar servicio o cantidad de productos con un menor consumo de energ\u00eda.<\/p>\n<\/div>\n<\/div>\n\n\n\n<div class=\"wp-block-column hidden is-layout-flow wp-block-column-is-layout-flow\"><\/div>\n<\/div>\n<\/div>\n<\/div><\/section>\n\n\n\n<section class=\"wp-block-group alignfull esquema px-1rem-mob py-3rem-mob degrade-bottom-desk-1 has-white-color has-text-color has-link-color wp-elements-3d99cc553b254663f721d1d2810ce49c is-layout-constrained wp-block-group-is-layout-constrained has-background\" style=\"min-height:600px;padding-top:100px;padding-bottom:100px;background-image:url(&apos;https:\/\/www.santafe.gob.ar\/ms\/eficienciaenergetica\/wp-content\/uploads\/sites\/76\/2024\/04\/bg-tierra-energia-scaled-1.jpg&apos;);background-position:50% 50%;background-size:cover;\">\n<div class=\"wp-block-group alignwide container relative z-1 is-layout-constrained wp-block-group-is-layout-constrained\">\n<div class=\"wp-block-columns alignfull are-vertically-aligned-center is-layout-flex wp-container-core-columns-is-layout-28f84493 wp-block-columns-is-layout-flex\">\n<div class=\"wp-block-column is-vertically-aligned-center is-layout-flow wp-block-column-is-layout-flow\">\n<div class=\"wp-block-group alignfull text text-sz-3 is-content-justification-left is-layout-constrained wp-container-core-group-is-layout-fd9900b4 wp-block-group-is-layout-constrained\" style=\"font-size:1rem\">\n<p>Se puede afirmar que estos equipos hacen un Uso Eficiente de la Energ\u00eda y siempre se recomendar\u00e1 elegirlos y utilizarlos frente a los menos eficientes. En otras palabras, tienen mayor Eficiencia Energ\u00e9tica.<\/p>\n\n\n\n<p>La otra forma de reducir el consumo energ\u00e9tico, es hacer un Uso Racional de la energ\u00eda, que no es m\u00e1s que utilizar inteligentemente nuestros equipos para que no consuman energ\u00eda de m\u00e1s.<\/p>\n\n\n\n<p>Este aspecto depende de nosotros, los usuarios, que podemos decidir apagar luces cuando no se necesiten encendidas, disminuir el consumo de heladeras reduciendo al m\u00ednimo las aperturas de puerta, organizar la l\u00ednea de fabricaci\u00f3n de un producto para que la maquinaria est\u00e9 funcionando o bien en espera con el menor tiempo posible, por mencionar algunas ideas.<\/p>\n<\/div>\n<\/div>\n\n\n\n<div class=\"wp-block-column is-vertically-aligned-center is-layout-flow wp-block-column-is-layout-flow\"><\/div>\n<\/div>\n<\/div>\n<\/section>\n\n\n\n<section class=\"wp-block-group alignfull esquema px-1rem-mob py-3rem-mob degrade-bottom-desk-1 has-white-color has-text-color has-link-color wp-elements-cec0caedbd4d7ffad4237aadb19af68a is-layout-constrained wp-block-group-is-layout-constrained has-background\" style=\"min-height:600px;padding-top:99px;padding-bottom:99px;background-image:url(&apos;https:\/\/www.santafe.gob.ar\/ms\/eficienciaenergetica\/wp-content\/uploads\/sites\/76\/2025\/10\/acerca-generfe-1.jpg&apos;);background-size:cover;\">\n<div class=\"wp-block-group alignwide container relative z-1 is-layout-constrained wp-block-group-is-layout-constrained\">\n<div class=\"wp-block-columns alignfull are-vertically-aligned-center is-layout-flex wp-container-core-columns-is-layout-28f84493 wp-block-columns-is-layout-flex\">\n<div class=\"wp-block-column is-vertically-aligned-center is-layout-flow wp-block-column-is-layout-flow\">\n<div class=\"wp-block-group alignfull text text-sz-3 is-content-justification-left is-layout-constrained wp-container-core-group-is-layout-fd9900b4 wp-block-group-is-layout-constrained\" style=\"font-size:1rem\">\n<p>En cada sistema siempre buscaremos mejorar su Desempe\u00f1o Energ\u00e9tico, lo que precisamente integra el Uso, el Consumo de energ\u00eda y su Eficiencia Energ\u00e9tica.<\/p>\n\n\n\n<p>Para cada uno de los sectores de la econom\u00eda, las estrategias para llevar adelante medidas de uso racional de energ\u00eda y de eficiencia energ\u00e9tica son variadas, dada la naturaleza de cada rubro.<\/p>\n\n\n\n<p>Te invitamos a que recorras nuestra web y veas las l\u00edneas de acci\u00f3n en las que estamos trabajando.<\/p>\n<\/div>\n<\/div>\n\n\n\n<div class=\"wp-block-column is-vertically-aligned-center is-layout-flow wp-block-column-is-layout-flow\"><\/div>\n<\/div>\n<\/div>\n<\/section>\n\n\n\n\n\n<section class=\"wp-block-group alignfull links-interes px-1rem-mob py-3rem-mob is-layout-constrained wp-block-group-is-layout-constrained\" style=\"padding-top:100px;padding-bottom:100px\">\n<div class=\"wp-block-group alignwide container is-layout-constrained wp-block-group-is-layout-constrained\">\n<h3 class=\"wp-block-heading alignfull title title-sz-3 has-xx-large-font-size\" style=\"margin-bottom:1.5em\">Enlaces a sitios oficiales<\/h3>\n\n\n\n<div class=\"wp-block-group alignfull grid is-layout-grid wp-container-core-group-is-layout-544e568d wp-block-group-is-layout-grid\">\n<div class=\"wp-block-group item is-layout-constrained wp-block-group-is-layout-constrained\">\n<div class=\"wp-block-buttons has-custom-font-size is-horizontal is-content-justification-left is-layout-flex wp-container-core-buttons-is-layout-0e70d1c5 wp-block-buttons-is-layout-flex\" style=\"margin-top:0;margin-bottom:0;font-size:1rem\">\n<div class=\"wp-block-button\"><a class=\"wp-block-button__link has-white-color has-text-color has-background has-link-color has-custom-font-size wp-element-button\" href=\"https:\/\/www.santafe.gov.ar\/index.php\/web\/content\/view\/full\/251374\" style=\"border-style:none;border-width:0px;border-radius:10px;background-color:#f25521;padding-top:0;padding-right:0;padding-bottom:0;padding-left:0;font-size:0.9rem;font-style:normal;font-weight:700\" target=\"_blank\" rel=\"noreferrer noopener\">Secretaria de Energ\u00eda de la provincia de Santa Fe<\/a><\/div>\n<\/div>\n<\/div>\n\n\n\n<div class=\"wp-block-group item is-layout-constrained wp-block-group-is-layout-constrained\">\n<div class=\"wp-block-buttons has-custom-font-size is-layout-flex wp-container-core-buttons-is-layout-d7af6e26 wp-block-buttons-is-layout-flex\" style=\"font-size:1rem\">\n<div class=\"wp-block-button is-style-outline is-style-outline--1\"><a class=\"wp-block-button__link has-white-color has-text-color has-background has-link-color has-custom-font-size wp-element-button\" href=\"https:\/\/www.argentina.gob.ar\/economia\/energia\" style=\"border-style:none;border-width:0px;border-radius:10px;background-color:#f25521;padding-top:0;padding-right:0;padding-bottom:0;padding-left:0;font-size:0.9rem;font-style:normal;font-weight:700\" target=\"_blank\" rel=\"noreferrer noopener\">Secretaria de Energ\u00eda de la Naci\u00f3n<\/a><\/div>\n<\/div>\n<\/div>\n\n\n\n<div class=\"wp-block-group item is-layout-constrained wp-block-group-is-layout-constrained\">\n<div class=\"wp-block-buttons has-custom-font-size is-layout-flex wp-block-buttons-is-layout-flex\" style=\"font-size:1rem\">\n<div class=\"wp-block-button is-style-outline is-style-outline--2\"><a class=\"wp-block-button__link has-white-color has-text-color has-background has-link-color has-custom-font-size wp-element-button\" href=\"https:\/\/eficienciaenergetica.net.ar\" style=\"border-style:none;border-width:0px;border-radius:10px;background-color:#f25521;padding-top:0;padding-right:0;padding-bottom:0;padding-left:0;font-size:0.9rem;font-style:normal;font-weight:700\" target=\"_blank\" rel=\"noreferrer noopener\">Sitio de Eficiencia Energ\u00e9tica en Argentina<\/a><\/div>\n<\/div>\n<\/div>\n\n\n\n<div class=\"wp-block-group item is-layout-constrained wp-block-group-is-layout-constrained\">\n<div class=\"wp-block-buttons has-custom-font-size is-layout-flex wp-block-buttons-is-layout-flex\" style=\"font-size:1rem\">\n<div class=\"wp-block-button is-style-outline is-style-outline--3\"><a class=\"wp-block-button__link has-white-color has-text-color has-background has-link-color has-custom-font-size wp-element-button\" href=\"https:\/\/www.iea.org\" style=\"border-style:none;border-width:0px;border-radius:10px;background-color:#f25521;padding-top:0;padding-right:0;padding-bottom:0;padding-left:0;font-size:0.9rem;font-style:normal;font-weight:700\" target=\"_blank\" rel=\"noreferrer noopener\">Agencia Internacional de la Energ\u00eda<\/a><\/div>\n<\/div>\n<\/div>\n\n\n\n<div class=\"wp-block-group item is-layout-constrained wp-block-group-is-layout-constrained\">\n<div class=\"wp-block-buttons has-custom-font-size is-layout-flex wp-block-buttons-is-layout-flex\" style=\"font-size:1rem\">\n<div class=\"wp-block-button is-style-outline is-style-outline--4\"><a class=\"wp-block-button__link has-white-color has-text-color has-background has-link-color has-custom-font-size wp-element-button\" href=\"https:\/\/www.santafe.gov.ar\/index.php\/web\/content\/view\/full\/93790\/\" style=\"border-style:none;border-width:0px;border-radius:10px;background-color:#f25521;padding-top:0;padding-right:0;padding-bottom:0;padding-left:0;font-size:0.9rem;font-style:normal;font-weight:700\" target=\"_blank\" rel=\"noreferrer noopener\">Ministerio de Desarrollo Productivo<\/a><\/div>\n<\/div>\n<\/div>\n<\/div>\n<\/div>\n<\/section>\n<\/div>\n","protected":false},"excerpt":{"rendered":"<p>Se puede afirmar que estos equipos hacen un Uso Eficiente de la Energ\u00eda y siempre se recomendar\u00e1 elegirlos y utilizarlos frente a los menos eficientes. En otras palabras, tienen mayor Eficiencia Energ\u00e9tica. La otra forma de reducir el consumo energ\u00e9tico, es hacer un Uso Racional de la energ\u00eda, que no es m\u00e1s que utilizar inteligentemente [&hellip;]<\/p>\n","protected":false},"author":2,"featured_media":0,"parent":0,"menu_order":0,"comment_status":"closed","ping_status":"closed","template":"","meta":{"_acf_changed":false,"footnotes":""},"class_list":["post-16","page","type-page","status-publish","hentry"],"acf":[],"_links":{"self":[{"href":"https:\/\/www.santafe.gob.ar\/ms\/eficienciaenergetica\/wp-json\/wp\/v2\/pages\/16","targetHints":{"allow":["GET"]}}],"collection":[{"href":"https:\/\/www.santafe.gob.ar\/ms\/eficienciaenergetica\/wp-json\/wp\/v2\/pages"}],"about":[{"href":"https:\/\/www.santafe.gob.ar\/ms\/eficienciaenergetica\/wp-json\/wp\/v2\/types\/page"}],"author":[{"embeddable":true,"href":"https:\/\/www.santafe.gob.ar\/ms\/eficienciaenergetica\/wp-json\/wp\/v2\/users\/2"}],"replies":[{"embeddable":true,"href":"https:\/\/www.santafe.gob.ar\/ms\/eficienciaenergetica\/wp-json\/wp\/v2\/comments?post=16"}],"version-history":[{"count":7,"href":"https:\/\/www.santafe.gob.ar\/ms\/eficienciaenergetica\/wp-json\/wp\/v2\/pages\/16\/revisions"}],"predecessor-version":[{"id":1087,"href":"https:\/\/www.santafe.gob.ar\/ms\/eficienciaenergetica\/wp-json\/wp\/v2\/pages\/16\/revisions\/1087"}],"wp:attachment":[{"href":"https:\/\/www.santafe.gob.ar\/ms\/eficienciaenergetica\/wp-json\/wp\/v2\/media?parent=16"}],"curies":[{"name":"wp","href":"https:\/\/api.w.org\/{rel}","templated":true}]}}