{"id":23,"date":"2024-04-08T18:26:37","date_gmt":"2024-04-08T18:26:37","guid":{"rendered":"https:\/\/onlines.ar\/eficiencia-energetica\/?page_id=23"},"modified":"2025-10-09T20:45:09","modified_gmt":"2025-10-09T18:45:09","slug":"industria-comercio","status":"publish","type":"page","link":"https:\/\/www.santafe.gob.ar\/ms\/eficienciaenergetica\/industria-comercio\/","title":{"rendered":"Industria y Comercio"},"content":{"rendered":"\n<div class=\"wp-block-group main-comercial-industrial is-layout-constrained wp-block-group-is-layout-constrained\">\n<div class=\"wp-block-group alignfull page-menu js-page-menu px-1rem-mob has-custom-texto-background-color has-background is-layout-constrained wp-container-core-group-is-layout-639b5052 wp-block-group-is-layout-constrained\" style=\"padding-top:0;padding-right:0;padding-bottom:0;padding-left:0\">\n<div class=\"wp-block-group alignwide container is-layout-constrained wp-block-group-is-layout-constrained\" style=\"padding-top:10px;padding-bottom:10px\"><nav style=\"font-size:0.81rem;font-style:normal;font-weight:700;\" class=\"has-text-color has-white-color alignwide wp-block-navigation is-layout-flex wp-container-core-navigation-is-layout-efb20f49 wp-block-navigation-is-layout-flex\" aria-label=\"Header submenu desktop\"><ul style=\"font-size:0.81rem;font-style:normal;font-weight:700;\" class=\"wp-block-navigation__container has-text-color has-white-color alignwide wp-block-navigation\"><li style=\"font-size: 0.81rem;\" class=\" wp-block-navigation-item wp-block-navigation-link\"><a class=\"wp-block-navigation-item__content\"  href=\"http:\/\/www.santafe.gob.ar\/suma-eficiencia\" target=\"_blank\"  ><span class=\"wp-block-navigation-item__label\">Calculadora de Ahorro y Eficiencia Energ\u00e9tica<\/span><\/a><\/li><li style=\"font-size: 0.81rem;\" class=\" wp-block-navigation-item wp-block-navigation-link\"><a class=\"wp-block-navigation-item__content\"  href=\"https:\/\/www.santafe.gob.ar\/ms\/eficienciaenergetica\/industria-comercio\/gestores-energeticos\/\"><span class=\"wp-block-navigation-item__label\">Gestores Energ\u00e9ticos para la Industria<\/span><\/a><\/li><li style=\"font-size: 0.81rem;\" class=\" wp-block-navigation-item wp-block-navigation-link\"><a class=\"wp-block-navigation-item__content\"  href=\"https:\/\/www.santafe.gob.ar\/ms\/eficienciaenergetica\/biblioteca-digital\/#tablero-herramientas\"><span class=\"wp-block-navigation-item__label\">Tablero de Herramientas<\/span><\/a><\/li><\/ul><\/nav><\/div>\n<\/div>\n\n\n\n<section class=\"wp-block-cover alignfull hero gradient-to-right\" style=\"margin-top:0;margin-bottom:0;padding-top:var(--wp--preset--spacing--60);padding-right:1rem;padding-bottom:var(--wp--preset--spacing--60);padding-left:1rem;min-height:400px;aspect-ratio:unset;\"><img loading=\"lazy\" decoding=\"async\" width=\"1024\" height=\"651\" class=\"wp-block-cover__image-background wp-image-1063 size-large\" alt=\"\" src=\"https:\/\/www.santafe.gob.ar\/ms\/eficienciaenergetica\/wp-content\/uploads\/sites\/76\/2025\/10\/INDUSTRIAL-1-1024x651.jpg\" data-object-fit=\"cover\" srcset=\"https:\/\/www.santafe.gob.ar\/ms\/eficienciaenergetica\/wp-content\/uploads\/sites\/76\/2025\/10\/INDUSTRIAL-1-1024x651.jpg 1024w, https:\/\/www.santafe.gob.ar\/ms\/eficienciaenergetica\/wp-content\/uploads\/sites\/76\/2025\/10\/INDUSTRIAL-1-300x191.jpg 300w, https:\/\/www.santafe.gob.ar\/ms\/eficienciaenergetica\/wp-content\/uploads\/sites\/76\/2025\/10\/INDUSTRIAL-1-768x488.jpg 768w, https:\/\/www.santafe.gob.ar\/ms\/eficienciaenergetica\/wp-content\/uploads\/sites\/76\/2025\/10\/INDUSTRIAL-1-1536x977.jpg 1536w, https:\/\/www.santafe.gob.ar\/ms\/eficienciaenergetica\/wp-content\/uploads\/sites\/76\/2025\/10\/INDUSTRIAL-1.jpg 2048w\" sizes=\"auto, (max-width: 1024px) 100vw, 1024px\" \/><span aria-hidden=\"true\" class=\"wp-block-cover__background has-background-dim-0 has-background-dim\" style=\"background-color:#433651\"><\/span><div class=\"wp-block-cover__inner-container is-layout-constrained wp-container-core-cover-is-layout-2fd81852 wp-block-cover-is-layout-constrained\">\n<div class=\"wp-block-group alignwide container is-layout-constrained wp-block-group-is-layout-constrained\">\n<div class=\"wp-block-columns alignwide cols is-layout-flex wp-container-core-columns-is-layout-28f84493 wp-block-columns-is-layout-flex\">\n<div class=\"wp-block-column col content is-layout-flow wp-block-column-is-layout-flow\" style=\"flex-basis:50%\">\n<h2 class=\"wp-block-heading alignfull has-text-align-left hero__title\" style=\"padding-top:0;padding-right:0rem;padding-bottom:0;padding-left:0rem;font-size:4.5rem;line-height:1.05\">Industria y Comercio<\/h2>\n\n\n\n<div class=\"wp-block-group text is-layout-constrained wp-container-core-group-is-layout-382f87b0 wp-block-group-is-layout-constrained\" style=\"margin-top:2em\">\n<p>Durante 2023, el 22 % de la energ\u00eda final consumida correspondi\u00f3 al sector Industrial y el 7 % al agropecuario (Balance Energ\u00e9tico Nacional 2023, 2024).<\/p>\n\n\n\n<p><strong>\u00bfQuer\u00e9s saber qu\u00e9 herramientas estamos desarrollando desde Santa Fe? Te invitamos a seguir leyendo.<\/strong><\/p>\n<\/div>\n<\/div>\n\n\n\n<div class=\"wp-block-column hidden is-layout-flow wp-block-column-is-layout-flow\"><\/div>\n<\/div>\n<\/div>\n<\/div><\/section>\n\n\n\n<section class=\"wp-block-group alignfull img-content has-background is-layout-constrained wp-block-group-is-layout-constrained\" style=\"background-color:#f0f0f0;padding-top:100px;padding-bottom:100px\">\n<figure class=\"wp-block-image size-full block__img\"><img loading=\"lazy\" decoding=\"async\" width=\"2560\" height=\"1408\" src=\"https:\/\/www.santafe.gob.ar\/ms\/eficienciaenergetica\/wp-content\/uploads\/sites\/76\/2025\/10\/BIBLIOTECA-OK-min-scaled.jpg\" alt=\"\" class=\"wp-image-1045\" srcset=\"https:\/\/www.santafe.gob.ar\/ms\/eficienciaenergetica\/wp-content\/uploads\/sites\/76\/2025\/10\/BIBLIOTECA-OK-min-scaled.jpg 2560w, https:\/\/www.santafe.gob.ar\/ms\/eficienciaenergetica\/wp-content\/uploads\/sites\/76\/2025\/10\/BIBLIOTECA-OK-min-300x165.jpg 300w, https:\/\/www.santafe.gob.ar\/ms\/eficienciaenergetica\/wp-content\/uploads\/sites\/76\/2025\/10\/BIBLIOTECA-OK-min-1024x563.jpg 1024w, https:\/\/www.santafe.gob.ar\/ms\/eficienciaenergetica\/wp-content\/uploads\/sites\/76\/2025\/10\/BIBLIOTECA-OK-min-768x422.jpg 768w, https:\/\/www.santafe.gob.ar\/ms\/eficienciaenergetica\/wp-content\/uploads\/sites\/76\/2025\/10\/BIBLIOTECA-OK-min-1536x845.jpg 1536w, https:\/\/www.santafe.gob.ar\/ms\/eficienciaenergetica\/wp-content\/uploads\/sites\/76\/2025\/10\/BIBLIOTECA-OK-min-2048x1126.jpg 2048w\" sizes=\"auto, (max-width: 2560px) 100vw, 2560px\" \/><\/figure>\n\n\n\n<div class=\"wp-block-group alignwide container is-layout-constrained wp-block-group-is-layout-constrained\">\n<div class=\"wp-block-group alignfull content is-layout-constrained wp-container-core-group-is-layout-5a30f31b wp-block-group-is-layout-constrained\">\n<p>Complementando lo anterior, los Usos No Energ\u00e9ticos alcanzaron el 6 %, los cuales tienen lugar en industrias (se emplean fuentes de energ\u00eda para fines productivos no energ\u00e9ticos). Por otro lado, el sector Comercial y P\u00fablico totalizaron el 8 %.<\/p>\n\n\n\n<p>Los sectores productivos (comercio, agropecuario, industria) son casi heterog\u00e9neos por naturaleza, En este sentido, sus consumos de energ\u00eda responden a usos muy diferentes.<\/p>\n\n\n\n<p>Si reparamos en los Comercios, los usos de energ\u00eda se asemejan a los de los sectores Residencial (26 %) y P\u00fablico; sin embargo, por el lado de Industrias, cada rubro consume de manera diferente seg\u00fan las finalidades y sus procesos de producci\u00f3n. As\u00ed tenemos, por ejemplo, iluminaci\u00f3n; producci\u00f3n de vapor; fuerza motriz; refrigeraci\u00f3n; climatizaci\u00f3n; aporte de calor directo, entre otros.<\/p>\n<\/div>\n<\/div>\n<\/section>\n\n\n\n<section class=\"wp-block-group alignfull img-content img-content--reverse is-layout-constrained wp-block-group-is-layout-constrained\" style=\"padding-top:100px;padding-bottom:100px\">\n<figure class=\"wp-block-image size-full block__img\"><img loading=\"lazy\" decoding=\"async\" width=\"1920\" height=\"1081\" src=\"https:\/\/www.santafe.gob.ar\/ms\/eficienciaenergetica\/wp-content\/uploads\/sites\/76\/2025\/10\/eficiencia-industrial-2.webp\" alt=\"\" class=\"wp-image-1072\" srcset=\"https:\/\/www.santafe.gob.ar\/ms\/eficienciaenergetica\/wp-content\/uploads\/sites\/76\/2025\/10\/eficiencia-industrial-2.webp 1920w, https:\/\/www.santafe.gob.ar\/ms\/eficienciaenergetica\/wp-content\/uploads\/sites\/76\/2025\/10\/eficiencia-industrial-2-300x169.webp 300w, https:\/\/www.santafe.gob.ar\/ms\/eficienciaenergetica\/wp-content\/uploads\/sites\/76\/2025\/10\/eficiencia-industrial-2-1024x577.webp 1024w, https:\/\/www.santafe.gob.ar\/ms\/eficienciaenergetica\/wp-content\/uploads\/sites\/76\/2025\/10\/eficiencia-industrial-2-768x432.webp 768w, https:\/\/www.santafe.gob.ar\/ms\/eficienciaenergetica\/wp-content\/uploads\/sites\/76\/2025\/10\/eficiencia-industrial-2-1536x865.webp 1536w\" sizes=\"auto, (max-width: 1920px) 100vw, 1920px\" \/><\/figure>\n\n\n\n<div class=\"wp-block-group alignwide container is-layout-constrained wp-block-group-is-layout-constrained\">\n<div class=\"wp-block-group alignfull content is-layout-constrained wp-container-core-group-is-layout-0a462392 wp-block-group-is-layout-constrained\" style=\"margin-top:0;margin-bottom:0\">\n<p>Las ideas de uso racional de energ\u00eda y eficiencia energ\u00e9tica son fundamentales para detectar posibilidades de ahorro en los consumos de energ\u00eda de los comercios e industrias.<\/p>\n\n\n\n<p><strong>Estas son nuestras l\u00edneas de acci\u00f3n:<\/strong><\/p>\n\n\n\n<h3 class=\"wp-block-heading\">Calculadora de Ahorro y Eficiencia Energ\u00e9tica \u00abSum\u00e1 Eficiencia\u00bb<\/h3>\n\n\n\n<p>La <strong>Secretar\u00eda de Energ\u00eda de Santa Fe<\/strong> desarroll\u00f3 un aplicativo online orientado al sector comercial e industrial que genera un informe del establecimiento con ideas y recomendaciones sobre ahorro y eficiencia energ\u00e9tica.<\/p>\n\n\n\n<div class=\"wp-block-buttons is-layout-flex wp-block-buttons-is-layout-flex\">\n<div class=\"wp-block-button\"><a class=\"wp-block-button__link wp-element-button\" href=\"http:\/\/www.santafe.gob.ar\/suma-eficiencia\" target=\"_blank\" rel=\"noreferrer noopener\">Calculadora de Ahorro y Eficiencia Energ\u00e9tica<\/a><\/div>\n<\/div>\n\n\n\n<h3 class=\"wp-block-heading\"><strong>Gestores Energ\u00e9ticos<\/strong> para la Industria<\/h3>\n\n\n\n<p>El objetivo fundamental del programa es brindar a los profesionales con incumbencia en el desarrollo e intervenci\u00f3n de procesos industriales, herramientas para la gesti\u00f3n de la energ\u00eda incorporando conceptos de eficiencia energ\u00e9tica.<\/p>\n\n\n\n<div class=\"wp-block-buttons is-horizontal is-content-justification-left is-layout-flex wp-container-core-buttons-is-layout-afb6b90f wp-block-buttons-is-layout-flex\" style=\"margin-top:var(--wp--preset--spacing--50);margin-bottom:var(--wp--preset--spacing--50)\">\n<div class=\"wp-block-button\"><a class=\"wp-block-button__link wp-element-button\" href=\"https:\/\/www.santafe.gob.ar\/ms\/eficienciaenergetica\/industria-comercio\/gestores-energeticos\/\">Gestores Energ\u00e9ticos para la Industria<\/a><\/div>\n<\/div>\n\n\n\n<h3 class=\"wp-block-heading\"><strong>Tablero de Herramientas<\/strong><\/h3>\n\n\n\n<p>En muchos casos es \u00fatil tener a mano un fasc\u00edculo t\u00e9cnico corto con los puntos de oro a revisar para cada sistema energ\u00e9tico.<\/p>\n\n\n\n<div class=\"wp-block-buttons is-horizontal is-content-justification-left is-layout-flex wp-container-core-buttons-is-layout-afb6b90f wp-block-buttons-is-layout-flex\" style=\"margin-top:var(--wp--preset--spacing--50);margin-bottom:var(--wp--preset--spacing--50)\">\n<div class=\"wp-block-button\"><a class=\"wp-block-button__link wp-element-button\" href=\"https:\/\/www.santafe.gob.ar\/ms\/eficienciaenergetica\/biblioteca-digital\/#tablero-herramientas\">Tablero de Herramientas<\/a><\/div>\n<\/div>\n<\/div>\n<\/div>\n<\/section>\n<\/div>\n","protected":false},"excerpt":{"rendered":"<p>Complementando lo anterior, los Usos No Energ\u00e9ticos alcanzaron el 6 %, los cuales tienen lugar en industrias (se emplean fuentes de energ\u00eda para fines productivos no energ\u00e9ticos). Por otro lado, el sector Comercial y P\u00fablico totalizaron el 8 %. Los sectores productivos (comercio, agropecuario, industria) son casi heterog\u00e9neos por naturaleza, En este sentido, sus consumos [&hellip;]<\/p>\n","protected":false},"author":2,"featured_media":0,"parent":0,"menu_order":0,"comment_status":"closed","ping_status":"closed","template":"","meta":{"_acf_changed":false,"footnotes":""},"class_list":["post-23","page","type-page","status-publish","hentry"],"acf":[],"_links":{"self":[{"href":"https:\/\/www.santafe.gob.ar\/ms\/eficienciaenergetica\/wp-json\/wp\/v2\/pages\/23","targetHints":{"allow":["GET"]}}],"collection":[{"href":"https:\/\/www.santafe.gob.ar\/ms\/eficienciaenergetica\/wp-json\/wp\/v2\/pages"}],"about":[{"href":"https:\/\/www.santafe.gob.ar\/ms\/eficienciaenergetica\/wp-json\/wp\/v2\/types\/page"}],"author":[{"embeddable":true,"href":"https:\/\/www.santafe.gob.ar\/ms\/eficienciaenergetica\/wp-json\/wp\/v2\/users\/2"}],"replies":[{"embeddable":true,"href":"https:\/\/www.santafe.gob.ar\/ms\/eficienciaenergetica\/wp-json\/wp\/v2\/comments?post=23"}],"version-history":[{"count":11,"href":"https:\/\/www.santafe.gob.ar\/ms\/eficienciaenergetica\/wp-json\/wp\/v2\/pages\/23\/revisions"}],"predecessor-version":[{"id":1073,"href":"https:\/\/www.santafe.gob.ar\/ms\/eficienciaenergetica\/wp-json\/wp\/v2\/pages\/23\/revisions\/1073"}],"wp:attachment":[{"href":"https:\/\/www.santafe.gob.ar\/ms\/eficienciaenergetica\/wp-json\/wp\/v2\/media?parent=23"}],"curies":[{"name":"wp","href":"https:\/\/api.w.org\/{rel}","templated":true}]}}