{"id":24,"date":"2024-04-08T18:26:55","date_gmt":"2024-04-08T18:26:55","guid":{"rendered":"https:\/\/onlines.ar\/eficiencia-energetica\/?page_id=24"},"modified":"2025-10-09T20:47:02","modified_gmt":"2025-10-09T18:47:02","slug":"sector-publico","status":"publish","type":"page","link":"https:\/\/www.santafe.gob.ar\/ms\/eficienciaenergetica\/sector-publico\/","title":{"rendered":"Sector P\u00fablico"},"content":{"rendered":"\n<div class=\"wp-block-group main-sector-publico is-layout-constrained wp-block-group-is-layout-constrained\">\n<section class=\"wp-block-cover alignfull hero gradient-to-right\" style=\"margin-top:0;margin-bottom:0;padding-top:var(--wp--preset--spacing--60);padding-right:1rem;padding-bottom:var(--wp--preset--spacing--60);padding-left:1rem;min-height:700px;aspect-ratio:unset;\"><img loading=\"lazy\" decoding=\"async\" width=\"1024\" height=\"689\" class=\"wp-block-cover__image-background wp-image-1074 size-large\" alt=\"\" src=\"https:\/\/www.santafe.gob.ar\/ms\/eficienciaenergetica\/wp-content\/uploads\/sites\/76\/2025\/10\/sector-publico-1024x689.webp\" data-object-fit=\"cover\" srcset=\"https:\/\/www.santafe.gob.ar\/ms\/eficienciaenergetica\/wp-content\/uploads\/sites\/76\/2025\/10\/sector-publico-1024x689.webp 1024w, https:\/\/www.santafe.gob.ar\/ms\/eficienciaenergetica\/wp-content\/uploads\/sites\/76\/2025\/10\/sector-publico-300x202.webp 300w, https:\/\/www.santafe.gob.ar\/ms\/eficienciaenergetica\/wp-content\/uploads\/sites\/76\/2025\/10\/sector-publico-768x517.webp 768w, https:\/\/www.santafe.gob.ar\/ms\/eficienciaenergetica\/wp-content\/uploads\/sites\/76\/2025\/10\/sector-publico-1536x1034.webp 1536w, https:\/\/www.santafe.gob.ar\/ms\/eficienciaenergetica\/wp-content\/uploads\/sites\/76\/2025\/10\/sector-publico.webp 1920w\" sizes=\"auto, (max-width: 1024px) 100vw, 1024px\" \/><span aria-hidden=\"true\" class=\"wp-block-cover__background has-background-dim-30 has-background-dim\" style=\"background-color:#4e505f\"><\/span><div class=\"wp-block-cover__inner-container is-layout-constrained wp-container-core-cover-is-layout-2fd81852 wp-block-cover-is-layout-constrained\">\n<div class=\"wp-block-group alignwide container is-layout-constrained wp-block-group-is-layout-constrained\">\n<div class=\"wp-block-columns alignwide cols is-layout-flex wp-container-core-columns-is-layout-28f84493 wp-block-columns-is-layout-flex\">\n<div class=\"wp-block-column col content is-layout-flow wp-block-column-is-layout-flow\" style=\"flex-basis:50%\">\n<h2 class=\"wp-block-heading alignfull has-text-align-left hero__title\" style=\"padding-top:0;padding-right:0rem;padding-bottom:0;padding-left:0rem;font-size:4.5rem;line-height:1.05\">Sector P\u00fablico<\/h2>\n\n\n\n<div class=\"wp-block-group text is-layout-constrained wp-container-core-group-is-layout-382f87b0 wp-block-group-is-layout-constrained\" style=\"margin-top:2em\">\n<p>Las ideas de uso racional de energ\u00eda y eficiencia energ\u00e9tica son fundamentales para detectar posibilidades de ahorro en los consumos de energ\u00eda de las dependencias oficiales.&nbsp; Ponemos a disposici\u00f3n de la comunidad nociones de ahorro y eficiencia energ\u00e9tica en dependencias oficiales.<\/p>\n\n\n\n<div class=\"wp-block-buttons is-horizontal is-content-justification-left is-layout-flex wp-container-core-buttons-is-layout-fc9da455 wp-block-buttons-is-layout-flex\" style=\"margin-top:var(--wp--preset--spacing--60);margin-bottom:var(--wp--preset--spacing--60)\">\n<div class=\"wp-block-button\"><a class=\"wp-block-button__link wp-element-button\" href=\"https:\/\/www.santafe.gob.ar\/ms\/eficienciaenergetica\/biblioteca-digital\/#enlaces\">Conoce m\u00e1s<\/a><\/div>\n<\/div>\n<\/div>\n<\/div>\n\n\n\n<div class=\"wp-block-column hidden is-layout-flow wp-block-column-is-layout-flow\"><\/div>\n<\/div>\n<\/div>\n<\/div><\/section>\n<\/div>\n","protected":false},"excerpt":{"rendered":"","protected":false},"author":2,"featured_media":0,"parent":0,"menu_order":0,"comment_status":"closed","ping_status":"closed","template":"","meta":{"_acf_changed":false,"footnotes":""},"class_list":["post-24","page","type-page","status-publish","hentry"],"acf":[],"_links":{"self":[{"href":"https:\/\/www.santafe.gob.ar\/ms\/eficienciaenergetica\/wp-json\/wp\/v2\/pages\/24","targetHints":{"allow":["GET"]}}],"collection":[{"href":"https:\/\/www.santafe.gob.ar\/ms\/eficienciaenergetica\/wp-json\/wp\/v2\/pages"}],"about":[{"href":"https:\/\/www.santafe.gob.ar\/ms\/eficienciaenergetica\/wp-json\/wp\/v2\/types\/page"}],"author":[{"embeddable":true,"href":"https:\/\/www.santafe.gob.ar\/ms\/eficienciaenergetica\/wp-json\/wp\/v2\/users\/2"}],"replies":[{"embeddable":true,"href":"https:\/\/www.santafe.gob.ar\/ms\/eficienciaenergetica\/wp-json\/wp\/v2\/comments?post=24"}],"version-history":[{"count":3,"href":"https:\/\/www.santafe.gob.ar\/ms\/eficienciaenergetica\/wp-json\/wp\/v2\/pages\/24\/revisions"}],"predecessor-version":[{"id":1075,"href":"https:\/\/www.santafe.gob.ar\/ms\/eficienciaenergetica\/wp-json\/wp\/v2\/pages\/24\/revisions\/1075"}],"wp:attachment":[{"href":"https:\/\/www.santafe.gob.ar\/ms\/eficienciaenergetica\/wp-json\/wp\/v2\/media?parent=24"}],"curies":[{"name":"wp","href":"https:\/\/api.w.org\/{rel}","templated":true}]}}