{"id":405,"date":"2024-05-22T20:02:55","date_gmt":"2024-05-22T20:02:55","guid":{"rendered":"https:\/\/onlines.ar\/eficiencia-energetica\/?page_id=405"},"modified":"2026-01-08T20:54:12","modified_gmt":"2026-01-08T19:54:12","slug":"gestores-energeticos","status":"publish","type":"page","link":"https:\/\/www.santafe.gob.ar\/ms\/eficienciaenergetica\/industria-comercio\/gestores-energeticos\/","title":{"rendered":"Gestores Energ\u00e9ticos para la Industria"},"content":{"rendered":"\n<div class=\"wp-block-group main-comercial-industrial is-layout-constrained wp-block-group-is-layout-constrained\">\n<div class=\"wp-block-group alignfull page-menu js-page-menu px-1rem-mob has-custom-texto-background-color has-background is-layout-constrained wp-container-core-group-is-layout-639b5052 wp-block-group-is-layout-constrained\" style=\"padding-top:0;padding-right:0;padding-bottom:0;padding-left:0\">\n<div class=\"wp-block-group alignwide container is-layout-constrained wp-block-group-is-layout-constrained\" style=\"padding-top:10px;padding-bottom:10px\"><nav style=\"font-size:0.81rem;font-style:normal;font-weight:700;\" class=\"has-text-color has-white-color alignfull wp-block-navigation is-layout-flex wp-container-core-navigation-is-layout-efb20f49 wp-block-navigation-is-layout-flex\" aria-label=\"Header submenu desktop\"><ul style=\"font-size:0.81rem;font-style:normal;font-weight:700;\" class=\"wp-block-navigation__container has-text-color has-white-color alignfull wp-block-navigation\"><li style=\"font-size: 0.81rem;\" class=\" wp-block-navigation-item wp-block-navigation-link\"><a class=\"wp-block-navigation-item__content\"  href=\"http:\/\/www.santafe.gob.ar\/suma-eficiencia\" target=\"_blank\"  ><span class=\"wp-block-navigation-item__label\">Calculadora de Ahorro y Eficiencia Energ\u00e9tica<\/span><\/a><\/li><li style=\"font-size: 0.81rem;\" class=\" wp-block-navigation-item wp-block-navigation-link\"><a class=\"wp-block-navigation-item__content\"  href=\"https:\/\/www.santafe.gob.ar\/ms\/eficienciaenergetica\/industria-comercio\/gestores-energeticos\/\"><span class=\"wp-block-navigation-item__label\">Gestores Energ\u00e9ticos para la Industria<\/span><\/a><\/li><li style=\"font-size: 0.81rem;\" class=\" wp-block-navigation-item wp-block-navigation-link\"><a class=\"wp-block-navigation-item__content\"  href=\"https:\/\/www.santafe.gob.ar\/ms\/eficienciaenergetica\/biblioteca-digital\/#tablero-herramientas\"><span class=\"wp-block-navigation-item__label\">Tablero de Herramientas<\/span><\/a><\/li><\/ul><\/nav><\/div>\n<\/div>\n\n\n\n<section class=\"wp-block-cover alignfull hero gradient-to-right\" style=\"margin-top:0;margin-bottom:0;padding-top:var(--wp--preset--spacing--60);padding-right:1rem;padding-bottom:var(--wp--preset--spacing--60);padding-left:1rem;min-height:400px;aspect-ratio:unset;\"><img loading=\"lazy\" decoding=\"async\" width=\"1024\" height=\"576\" class=\"wp-block-cover__image-background wp-image-1221 size-large\" alt=\"\" src=\"https:\/\/www.santafe.gob.ar\/ms\/eficienciaenergetica\/wp-content\/uploads\/sites\/76\/2025\/10\/gestores-energeticos-1024x576.webp\" data-object-fit=\"cover\" srcset=\"https:\/\/www.santafe.gob.ar\/ms\/eficienciaenergetica\/wp-content\/uploads\/sites\/76\/2025\/10\/gestores-energeticos-1024x576.webp 1024w, https:\/\/www.santafe.gob.ar\/ms\/eficienciaenergetica\/wp-content\/uploads\/sites\/76\/2025\/10\/gestores-energeticos-300x169.webp 300w, https:\/\/www.santafe.gob.ar\/ms\/eficienciaenergetica\/wp-content\/uploads\/sites\/76\/2025\/10\/gestores-energeticos-768x432.webp 768w, https:\/\/www.santafe.gob.ar\/ms\/eficienciaenergetica\/wp-content\/uploads\/sites\/76\/2025\/10\/gestores-energeticos-1536x865.webp 1536w, https:\/\/www.santafe.gob.ar\/ms\/eficienciaenergetica\/wp-content\/uploads\/sites\/76\/2025\/10\/gestores-energeticos.webp 1732w\" sizes=\"auto, (max-width: 1024px) 100vw, 1024px\" \/><span aria-hidden=\"true\" class=\"wp-block-cover__background has-background-dim-0 has-background-dim\" style=\"background-color:#646b5a\"><\/span><div class=\"wp-block-cover__inner-container is-layout-constrained wp-container-core-cover-is-layout-2fd81852 wp-block-cover-is-layout-constrained\">\n<div class=\"wp-block-group alignwide container is-layout-constrained wp-block-group-is-layout-constrained\">\n<div class=\"wp-block-columns alignwide cols is-layout-flex wp-container-core-columns-is-layout-28f84493 wp-block-columns-is-layout-flex\">\n<div class=\"wp-block-column col content is-layout-flow wp-block-column-is-layout-flow\" style=\"flex-basis:50%\">\n<h2 class=\"wp-block-heading alignfull has-text-align-left hero__title\" style=\"padding-top:0;padding-right:0rem;padding-bottom:0;padding-left:0rem;font-size:4.5rem;line-height:1.05\">Gestores Energ\u00e9ticos para la Industria<\/h2>\n<\/div>\n\n\n\n<div class=\"wp-block-column hidden is-layout-flow wp-block-column-is-layout-flow\"><\/div>\n<\/div>\n<\/div>\n<\/div><\/section>\n\n\n\n<section class=\"wp-block-group alignfull img-content has-background is-layout-constrained wp-block-group-is-layout-constrained\" style=\"background-color:#f0f0f0;padding-top:100px;padding-bottom:100px\">\n<figure class=\"wp-block-image size-full block__img\"><img loading=\"lazy\" decoding=\"async\" width=\"1920\" height=\"1081\" src=\"https:\/\/www.santafe.gob.ar\/ms\/eficienciaenergetica\/wp-content\/uploads\/sites\/76\/2025\/10\/eficiencia-industrial-2.webp\" alt=\"\" class=\"wp-image-1072\" srcset=\"https:\/\/www.santafe.gob.ar\/ms\/eficienciaenergetica\/wp-content\/uploads\/sites\/76\/2025\/10\/eficiencia-industrial-2.webp 1920w, https:\/\/www.santafe.gob.ar\/ms\/eficienciaenergetica\/wp-content\/uploads\/sites\/76\/2025\/10\/eficiencia-industrial-2-300x169.webp 300w, https:\/\/www.santafe.gob.ar\/ms\/eficienciaenergetica\/wp-content\/uploads\/sites\/76\/2025\/10\/eficiencia-industrial-2-1024x577.webp 1024w, https:\/\/www.santafe.gob.ar\/ms\/eficienciaenergetica\/wp-content\/uploads\/sites\/76\/2025\/10\/eficiencia-industrial-2-768x432.webp 768w, https:\/\/www.santafe.gob.ar\/ms\/eficienciaenergetica\/wp-content\/uploads\/sites\/76\/2025\/10\/eficiencia-industrial-2-1536x865.webp 1536w\" sizes=\"auto, (max-width: 1920px) 100vw, 1920px\" \/><\/figure>\n\n\n\n<div class=\"wp-block-group alignwide container is-layout-constrained wp-block-group-is-layout-constrained\">\n<div class=\"wp-block-group alignfull content is-layout-constrained wp-container-core-group-is-layout-5a30f31b wp-block-group-is-layout-constrained\">\n<h2 class=\"wp-block-heading\">Objetivos<\/h2>\n\n\n\n<p>Curso de formaci\u00f3n y actualizaci\u00f3n, cuyo objetivo fundamental&nbsp;es brindar a los profesionales de la ingenier\u00eda especialista con actividades profesionales reservadas en el desarrollo e intervenci\u00f3n de procesos industriales, herramientas para la gesti\u00f3n de la energ\u00eda incorporando conceptos de eficiencia energ\u00e9tica. De esta manera, se pretende:<\/p>\n\n\n\n<ul style=\"padding-top:0;padding-bottom:0\" class=\"wp-block-list\">\n<li style=\"padding-top:var(--wp--preset--spacing--30);padding-bottom:var(--wp--preset--spacing--30)\">Formar profesionales especializados en realizaci\u00f3n de diagn\u00f3sticos energ\u00e9ticos en industrias y presentaci\u00f3n de proyectos de eficiencia energ\u00e9tica.<\/li>\n\n\n\n<li style=\"padding-top:var(--wp--preset--spacing--30);padding-bottom:var(--wp--preset--spacing--30)\">Elaborar el listado de profesionales especializados en eficiencia energ\u00e9tica del sector industrial.<\/li>\n\n\n\n<li style=\"padding-top:var(--wp--preset--spacing--30);padding-bottom:var(--wp--preset--spacing--30)\">Desarrollar el mercado de \u00abprofesionales de la eficiencia energ\u00e9tica (orientado a industrias)\u00bb<\/li>\n\n\n\n<li style=\"padding-top:var(--wp--preset--spacing--30);padding-bottom:var(--wp--preset--spacing--30)\">Facilitar el acceso a financiamiento para proyectos de eficiencia energ\u00e9tica a peque\u00f1as y medianas empresas (PyMEs).<\/li>\n<\/ul>\n\n\n\n<p>La modalidad, condiciones de aprobaci\u00f3n del curso y el contenido tem\u00e1tico, junto con los cronogramas y la inscripci\u00f3n se dan a conocer a trav\u00e9s del Colegio de Ingenieros Especialistas de la provincia de Santa Fe.<\/p>\n<\/div>\n<\/div>\n<\/section>\n\n\n\n<section class=\"wp-block-group alignfull px-1rem-mob py-3rem-mob is-layout-constrained wp-container-core-group-is-layout-8212bd8b wp-block-group-is-layout-constrained\" style=\"padding-top:100px;padding-right:var(--wp--preset--spacing--60);padding-bottom:100px;padding-left:var(--wp--preset--spacing--60)\">\n<div class=\"wp-block-group alignwide is-layout-constrained wp-block-group-is-layout-constrained\">\n<div class=\"wp-block-group alignfull is-layout-constrained wp-container-core-group-is-layout-5a30f31b wp-block-group-is-layout-constrained\">\n<h2 class=\"wp-block-heading\" id=\"enlaces\" style=\"margin-bottom:var(--wp--preset--spacing--50)\">M\u00e1s informaci\u00f3n<\/h2>\n\n\n\n<div class=\"wp-block-group is-layout-constrained wp-container-core-group-is-layout-ced803a8 wp-block-group-is-layout-constrained\" style=\"font-size:0.99rem\">\n<p><a href=\"https:\/\/www.santafe.gob.ar\/ms\/eficienciaenergetica\/wp-content\/uploads\/sites\/76\/2025\/01\/FyAGEP2024-ModuloA-IntroduccionyContexto.pdf\" data-type=\"link\" data-id=\"https:\/\/www.santafe.gob.ar\/ms\/eficienciaenergetica\/wp-content\/uploads\/sites\/76\/2024\/09\/FyAGEP2024-ModuloA-IntroduccionyContexto.pdf\" target=\"_blank\" rel=\"noreferrer noopener\">M\u00f3dulo A: Introducci\u00f3n y Contexto<\/a><\/p>\n\n\n\n<p><a href=\"https:\/\/www.santafe.gob.ar\/ms\/eficienciaenergetica\/wp-content\/uploads\/sites\/76\/2024\/10\/FyAGEP2024-ModuloB-EvaluacionFinancieradeProyectosdeEnergia-1.pdf\" target=\"_blank\" rel=\"noreferrer noopener\">M\u00f3dulo B: Evaluaci\u00f3n financiera de proyectos de energ\u00eda<\/a><\/p>\n\n\n\n<p><a href=\"https:\/\/www.santafe.gob.ar\/ms\/eficienciaenergetica\/wp-content\/uploads\/sites\/76\/2024\/09\/FyAGEP2024-ModuloC-SistemadeGestiondelaEnergiaV2024-Parte1rev1.pdf\">M\u00f3dulo C: Sistema de Gesti\u00f3n de la Energ\u00eda seg\u00fan la norma ISO 50001:2018 &#8211; Parte 1<\/a><\/p>\n\n\n\n<p><a href=\"https:\/\/www.santafe.gob.ar\/ms\/eficienciaenergetica\/wp-content\/uploads\/sites\/76\/2024\/09\/FyAGEP2024-ModuloC-SistemadeGestiondelaEnergiaV2024-Parte2.pdf\">M\u00f3dulo C: Sistema de Gesti\u00f3n de la Energ\u00eda seg\u00fan la norma ISO 50001:2018 &#8211; Parte 2<\/a><\/p>\n\n\n\n<p><a href=\"https:\/\/www.santafe.gob.ar\/ms\/eficienciaenergetica\/wp-content\/uploads\/sites\/76\/2024\/09\/FyAGEP2024-ModuloC-SistemadeGestiondelaEnergiaV2024-Parte3.pdf\">M\u00f3dulo C: Sistema de Gesti\u00f3n de la Energ\u00eda seg\u00fan la norma ISO 50001:2018 &#8211; Parte 3<\/a><\/p>\n\n\n\n<div class=\"wp-block-file\"><\/div>\n\n\n\n<div class=\"wp-block-file\"><a id=\"wp-block-file--media-8329e068-c82c-4de2-a0d4-ecf892487486\" href=\"https:\/\/www.santafe.gob.ar\/ms\/eficienciaenergetica\/wp-content\/uploads\/sites\/76\/2025\/08\/FyAGEP2024-ModuloD-SistemasElectricos.pdf\" target=\"_blank\" rel=\"noreferrer noopener\">M\u00f3dulo D: Sistemas El\u00e9ctricos<\/a><\/div>\n\n\n\n<p><a href=\"https:\/\/www.santafe.gob.ar\/ms\/eficienciaenergetica\/wp-content\/uploads\/sites\/76\/2025\/01\/FyAGEP2024-ModuloE-SistemasdeRefrigeracionIndustrial.pdf\" target=\"_blank\" rel=\"noreferrer noopener\">\u2060M\u00f3dulo E: Sistemas de Refrigeraci\u00f3n Industrial<\/a><\/p>\n\n\n\n<p><a href=\"https:\/\/www.santafe.gob.ar\/ms\/eficienciaenergetica\/wp-content\/uploads\/sites\/76\/2025\/01\/FyAGEP2024-ModuloF-SistemasdeAireComprimido.pdf\" target=\"_blank\" rel=\"noreferrer noopener\">\u2060M\u00f3dulo F: Sistemas de Aire Comprimido<\/a><\/p>\n\n\n\n<p><a href=\"https:\/\/www.santafe.gob.ar\/ms\/eficienciaenergetica\/wp-content\/uploads\/sites\/76\/2025\/01\/FyAGEP2024-ModuloG-SistemasdeImpulsiondeFluidos.pdf\" target=\"_blank\" rel=\"noreferrer noopener\">\u2060M\u00f3dulo G: Sistemas de Impulsi\u00f3n de Fluidos<\/a><\/p>\n\n\n\n<p><a href=\"https:\/\/www.santafe.gob.ar\/ms\/eficienciaenergetica\/wp-content\/uploads\/sites\/76\/2025\/01\/FyAGEP2024-ModuloH-SistemasdeVaporyCogeneracion.pdf\">\u2060M\u00f3dulo H: Sistemas de Vapor<\/a><\/p>\n\n\n\n<p><a href=\"https:\/\/www.santafe.gob.ar\/ms\/eficienciaenergetica\/wp-content\/uploads\/sites\/76\/2024\/09\/FyAGEP2024-ModuloI-EficienciaenlasInstalacionesProductivas.pdf\" target=\"_blank\" rel=\"noreferrer noopener\">M\u00f3dulo I: Eficiencia en Instalaciones Productivas<\/a><\/p>\n\n\n\n<p><a href=\"https:\/\/www.santafe.gob.ar\/ms\/eficienciaenergetica\/wp-content\/uploads\/sites\/76\/2024\/09\/FyAGEP2024-ModuloJ-ComercializaciondeElectricidadyGasNaturalopcional.pdf\">\u2060M\u00f3dulo J: Comercializaci\u00f3n de Electricidad y Gas Natural (opcional)<\/a><\/p>\n\n\n\n<p>&#8212;&#8211;<\/p>\n\n\n\n<p><\/p>\n\n\n\n<div class=\"wp-block-file\"><\/div>\n\n\n\n<div class=\"wp-block-file\"><a id=\"wp-block-file--media-7bb42499-769e-4255-b5a6-7b91d42dc135\" href=\"https:\/\/www.santafe.gob.ar\/ms\/eficienciaenergetica\/wp-content\/uploads\/sites\/76\/2025\/05\/Guia-financiamiento-verde-CFI-2025-1.pdf\" target=\"_blank\" rel=\"noreferrer noopener\">Caracter\u00edsticas de la L\u00ednea de Financiamiento Verde del CFI<\/a><\/div>\n\n\n\n<p>&#8212;&#8211;<\/p>\n\n\n\n<p><a href=\"https:\/\/www.argentina.gob.ar\/normativa\/nacional\/resoluci%C3%B3n-202-2024-402573\" target=\"_blank\" rel=\"noreferrer noopener\">\u00abPrograma de Reconversi\u00f3n y Eficiencia Energ\u00e9tica\u00bb<\/a> de la Secretar\u00eda de Energ\u00eda de la Naci\u00f3n<\/p>\n\n\n\n<p>&#8212;&#8211;<\/p>\n\n\n\n<p><a href=\"https:\/\/www.santafe.gob.ar\/ms\/eficienciaenergetica\/wp-content\/uploads\/sites\/76\/2024\/09\/Diagnostico-Energetico-2024-Gestor-Empresa-informe.docx\">Documentaci\u00f3n sobre Diagn\u00f3sticos Energ\u00e9ticos (Informe)<\/a><\/p>\n\n\n\n<p><a href=\"https:\/\/drive.google.com\/file\/d\/11VmAD4PoQ0kekKpDzmCFuCzygeYgeklN\/view\" data-type=\"link\" data-id=\"https:\/\/drive.google.com\/file\/d\/1BClrd8shT-Ee1dXXrFiLlgPTBOYJQVCc\/view?usp=drive_link\" target=\"_blank\" rel=\"noreferrer noopener\">Documentaci\u00f3n sobre Diagn\u00f3sticos Energ\u00e9ticos (Planilla de C\u00e1lculo)<\/a><\/p>\n<\/div>\n<\/div>\n\n\n\n<h2 class=\"wp-block-heading\" style=\"margin-top:var(--wp--preset--spacing--50);margin-bottom:var(--wp--preset--spacing--50)\">Listado de \u00abGestores Energ\u00e9ticos para la Industria\u00bb reconocidos por la provincia<\/h2>\n\n\n\n<div class=\"wp-block-file\"><a id=\"wp-block-file--media-3341e5f8-b6bb-4cd6-9b45-fef5c886e06e\" href=\"https:\/\/www.santafe.gob.ar\/ms\/eficienciaenergetica\/wp-content\/uploads\/sites\/76\/2025\/12\/FyAGEP-Listadoal2025.pdf\" target=\"_blank\" rel=\"noreferrer noopener\">Listado de \u00abGestores Energ\u00e9ticos para la Industria\u00bb (\u00fanico vigente)<\/a><\/div>\n\n\n\n<p>El listado se actualizar\u00e1 una vez iniciada la edici\u00f3n 2026<\/p>\n<\/div>\n<\/section>\n<\/div>\n\n\n\n<p><\/p>\n","protected":false},"excerpt":{"rendered":"<p>Objetivos Curso de formaci\u00f3n y actualizaci\u00f3n, cuyo objetivo fundamental&nbsp;es brindar a los profesionales de la ingenier\u00eda especialista con actividades profesionales reservadas en el desarrollo e intervenci\u00f3n de procesos industriales, herramientas para la gesti\u00f3n de la energ\u00eda incorporando conceptos de eficiencia energ\u00e9tica. De esta manera, se pretende: La modalidad, condiciones de aprobaci\u00f3n del curso y el [&hellip;]<\/p>\n","protected":false},"author":2,"featured_media":0,"parent":23,"menu_order":0,"comment_status":"closed","ping_status":"closed","template":"","meta":{"_acf_changed":false,"footnotes":""},"class_list":["post-405","page","type-page","status-publish","hentry"],"acf":[],"_links":{"self":[{"href":"https:\/\/www.santafe.gob.ar\/ms\/eficienciaenergetica\/wp-json\/wp\/v2\/pages\/405","targetHints":{"allow":["GET"]}}],"collection":[{"href":"https:\/\/www.santafe.gob.ar\/ms\/eficienciaenergetica\/wp-json\/wp\/v2\/pages"}],"about":[{"href":"https:\/\/www.santafe.gob.ar\/ms\/eficienciaenergetica\/wp-json\/wp\/v2\/types\/page"}],"author":[{"embeddable":true,"href":"https:\/\/www.santafe.gob.ar\/ms\/eficienciaenergetica\/wp-json\/wp\/v2\/users\/2"}],"replies":[{"embeddable":true,"href":"https:\/\/www.santafe.gob.ar\/ms\/eficienciaenergetica\/wp-json\/wp\/v2\/comments?post=405"}],"version-history":[{"count":62,"href":"https:\/\/www.santafe.gob.ar\/ms\/eficienciaenergetica\/wp-json\/wp\/v2\/pages\/405\/revisions"}],"predecessor-version":[{"id":1244,"href":"https:\/\/www.santafe.gob.ar\/ms\/eficienciaenergetica\/wp-json\/wp\/v2\/pages\/405\/revisions\/1244"}],"up":[{"embeddable":true,"href":"https:\/\/www.santafe.gob.ar\/ms\/eficienciaenergetica\/wp-json\/wp\/v2\/pages\/23"}],"wp:attachment":[{"href":"https:\/\/www.santafe.gob.ar\/ms\/eficienciaenergetica\/wp-json\/wp\/v2\/media?parent=405"}],"curies":[{"name":"wp","href":"https:\/\/api.w.org\/{rel}","templated":true}]}}