{"id":443,"date":"2024-05-29T21:46:22","date_gmt":"2024-05-29T21:46:22","guid":{"rendered":"https:\/\/onlines.ar\/eficiencia-energetica\/?page_id=443"},"modified":"2026-03-31T14:22:57","modified_gmt":"2026-03-31T12:22:57","slug":"etiquetado-de-viviendas","status":"publish","type":"page","link":"https:\/\/www.santafe.gob.ar\/ms\/eficienciaenergetica\/viviendas\/etiquetado-de-viviendas\/","title":{"rendered":"Etiquetado de Viviendas"},"content":{"rendered":"\n<div class=\"wp-block-group main-vivienda is-layout-constrained wp-block-group-is-layout-constrained\">\n<div class=\"wp-block-group alignfull page-menu js-page-menu px-1rem-mob has-custom-texto-background-color has-background is-layout-constrained wp-container-core-group-is-layout-639b5052 wp-block-group-is-layout-constrained\" style=\"padding-top:0;padding-right:0;padding-bottom:0;padding-left:0\">\n<div class=\"wp-block-group alignwide container is-layout-constrained wp-block-group-is-layout-constrained\" style=\"padding-top:10px;padding-bottom:10px\"><nav style=\"font-size:0.81rem;font-style:normal;font-weight:700;\" class=\"has-text-color has-white-color is-responsive alignwide wp-block-navigation is-layout-flex wp-container-core-navigation-is-layout-efb20f49 wp-block-navigation-is-layout-flex\" aria-label=\"Navegaci\u00f3n 4\" \n\t\t data-wp-interactive=\"core\/navigation\" data-wp-context='{\"overlayOpenedBy\":{\"click\":false,\"hover\":false,\"focus\":false},\"type\":\"overlay\",\"roleAttribute\":\"\",\"ariaLabel\":\"Men\\u00fa\"}'><button aria-haspopup=\"dialog\" aria-label=\"Abrir el men\u00fa\" class=\"wp-block-navigation__responsive-container-open\" \n\t\t\t\tdata-wp-on--click=\"actions.openMenuOnClick\"\n\t\t\t\tdata-wp-on--keydown=\"actions.handleMenuKeydown\"\n\t\t\t><svg width=\"24\" height=\"24\" xmlns=\"http:\/\/www.w3.org\/2000\/svg\" viewBox=\"0 0 24 24\" aria-hidden=\"true\" focusable=\"false\"><path d=\"M4 7.5h16v1.5H4z\"><\/path><path d=\"M4 15h16v1.5H4z\"><\/path><\/svg><\/button>\n\t\t\t\t<div class=\"wp-block-navigation__responsive-container\"  id=\"modal-1\" \n\t\t\t\tdata-wp-class--has-modal-open=\"state.isMenuOpen\"\n\t\t\t\tdata-wp-class--is-menu-open=\"state.isMenuOpen\"\n\t\t\t\tdata-wp-watch=\"callbacks.initMenu\"\n\t\t\t\tdata-wp-on--keydown=\"actions.handleMenuKeydown\"\n\t\t\t\tdata-wp-on--focusout=\"actions.handleMenuFocusout\"\n\t\t\t\ttabindex=\"-1\"\n\t\t\t>\n\t\t\t\t\t<div class=\"wp-block-navigation__responsive-close\" tabindex=\"-1\">\n\t\t\t\t\t\t<div class=\"wp-block-navigation__responsive-dialog\" \n\t\t\t\tdata-wp-bind--aria-modal=\"state.ariaModal\"\n\t\t\t\tdata-wp-bind--aria-label=\"state.ariaLabel\"\n\t\t\t\tdata-wp-bind--role=\"state.roleAttribute\"\n\t\t\t>\n\t\t\t\t\t\t\t<button aria-label=\"Cerrar el men\u00fa\" class=\"wp-block-navigation__responsive-container-close\" \n\t\t\t\tdata-wp-on--click=\"actions.closeMenuOnClick\"\n\t\t\t><svg xmlns=\"http:\/\/www.w3.org\/2000\/svg\" viewBox=\"0 0 24 24\" width=\"24\" height=\"24\" aria-hidden=\"true\" focusable=\"false\"><path d=\"m13.06 12 6.47-6.47-1.06-1.06L12 10.94 5.53 4.47 4.47 5.53 10.94 12l-6.47 6.47 1.06 1.06L12 13.06l6.47 6.47 1.06-1.06L13.06 12Z\"><\/path><\/svg><\/button>\n\t\t\t\t\t\t\t<div class=\"wp-block-navigation__responsive-container-content\" \n\t\t\t\tdata-wp-watch=\"callbacks.focusFirstElement\"\n\t\t\t id=\"modal-1-content\">\n\t\t\t\t\t\t\t\t<ul style=\"font-size:0.81rem;font-style:normal;font-weight:700;\" class=\"wp-block-navigation__container has-text-color has-white-color is-responsive alignwide wp-block-navigation\"><li style=\"font-size: 0.81rem;\" class=\" wp-block-navigation-item wp-block-navigation-link\"><a class=\"wp-block-navigation-item__content\"  href=\"https:\/\/www.santafe.gob.ar\/ms\/eficienciaenergetica\/viviendas\/etiquetado-de-viviendas\/\"><span class=\"wp-block-navigation-item__label\">Etiquetado de Viviendas<\/span><\/a><\/li><li style=\"font-size: 0.81rem;\" class=\" wp-block-navigation-item wp-block-navigation-link\"><a class=\"wp-block-navigation-item__content\"  href=\"https:\/\/www.santafe.gob.ar\/ms\/eficienciaenergetica\/viviendas\/desafio-eficiencia-en-tu-hogar\/\"><span class=\"wp-block-navigation-item__label\">Desaf\u00edo Eficiencia en tu Hogar<\/span><\/a><\/li><\/ul>\n\t\t\t\t\t\t\t<\/div>\n\t\t\t\t\t\t<\/div>\n\t\t\t\t\t<\/div>\n\t\t\t\t<\/div><\/nav><\/div>\n<\/div>\n\n\n\n<section class=\"wp-block-cover alignfull hero gradient-to-right hero--padding-alt\" style=\"margin-top:0;margin-bottom:0;padding-top:120px;padding-right:1rem;padding-bottom:var(--wp--preset--spacing--60);padding-left:1rem;min-height:400px;aspect-ratio:unset;\"><img loading=\"lazy\" decoding=\"async\" width=\"1024\" height=\"683\" class=\"wp-block-cover__image-background wp-image-1068 size-large\" alt=\"\" src=\"https:\/\/www.santafe.gob.ar\/ms\/eficienciaenergetica\/wp-content\/uploads\/sites\/76\/2025\/10\/eficiencia-viviendas-1024x683.webp\" data-object-fit=\"cover\" srcset=\"https:\/\/www.santafe.gob.ar\/ms\/eficienciaenergetica\/wp-content\/uploads\/sites\/76\/2025\/10\/eficiencia-viviendas-1024x683.webp 1024w, https:\/\/www.santafe.gob.ar\/ms\/eficienciaenergetica\/wp-content\/uploads\/sites\/76\/2025\/10\/eficiencia-viviendas-300x200.webp 300w, https:\/\/www.santafe.gob.ar\/ms\/eficienciaenergetica\/wp-content\/uploads\/sites\/76\/2025\/10\/eficiencia-viviendas-768x512.webp 768w, https:\/\/www.santafe.gob.ar\/ms\/eficienciaenergetica\/wp-content\/uploads\/sites\/76\/2025\/10\/eficiencia-viviendas-1536x1024.webp 1536w, https:\/\/www.santafe.gob.ar\/ms\/eficienciaenergetica\/wp-content\/uploads\/sites\/76\/2025\/10\/eficiencia-viviendas.webp 1920w\" sizes=\"auto, (max-width: 1024px) 100vw, 1024px\" \/><span aria-hidden=\"true\" class=\"wp-block-cover__background has-background-dim-0 has-background-dim\" style=\"background-color:#7f715d\"><\/span><div class=\"wp-block-cover__inner-container is-layout-constrained wp-container-core-cover-is-layout-01512455 wp-block-cover-is-layout-constrained\">\n<div class=\"wp-block-group alignwide container is-layout-constrained wp-block-group-is-layout-constrained\">\n<div class=\"wp-block-columns alignwide cols is-layout-flex wp-container-core-columns-is-layout-28f84493 wp-block-columns-is-layout-flex\">\n<div class=\"wp-block-column col content is-layout-flow wp-block-column-is-layout-flow\" style=\"flex-basis:50%\">\n<h2 class=\"wp-block-heading alignfull has-text-align-left hero__title\" style=\"padding-top:0;padding-right:0rem;padding-bottom:0;padding-left:0rem;font-size:4.5rem;line-height:1.05\">Etiquetado de Viviendas<\/h2>\n\n\n\n<div class=\"wp-block-group text is-layout-constrained wp-container-core-group-is-layout-382f87b0 wp-block-group-is-layout-constrained\" style=\"margin-top:2em\">\n<p>El Etiquetado de Eficiencia Energ\u00e9tica de Inmuebles destinados a Vivienda promueve la eficiencia energ\u00e9tica de las edificaciones, revaloriza las viviendas eficientes al darles una ventaja competitiva, otorga previsibilidad en el mercado inmobiliario e impulsa la mejora de la eficiencia de los materiales de construcci\u00f3n. Como complemento, contribuye a aumentar la demanda de tecnolog\u00edas de energ\u00edas renovables, crea empleos verdes y reduce las emisiones asociadas, impulsando as\u00ed una acci\u00f3n efectiva de mitigaci\u00f3n y adaptaci\u00f3n por la sustentabilidad.<\/p>\n\n\n\n<p><strong>Ley N\u00b0 13903 \u00abEtiquetado de Eficiencia Energ\u00e9tica de inmuebles destinados a vivienda\u00bb<\/strong><\/p>\n<\/div>\n<\/div>\n\n\n\n<div class=\"wp-block-column hidden is-layout-flow wp-block-column-is-layout-flow\"><\/div>\n<\/div>\n<\/div>\n<\/div><\/section>\n\n\n\n<section class=\"wp-block-group alignfull img-content has-background is-layout-constrained wp-block-group-is-layout-constrained\" style=\"background-color:#f0f0f0;padding-top:100px;padding-bottom:100px\">\n<figure class=\"wp-block-image size-full block__img\"><img loading=\"lazy\" decoding=\"async\" width=\"2560\" height=\"1409\" src=\"https:\/\/www.santafe.gob.ar\/ms\/eficienciaenergetica\/wp-content\/uploads\/sites\/76\/2025\/10\/VIVIENDAS-OK-min-scaled.jpg\" alt=\"\" class=\"wp-image-1044\" srcset=\"https:\/\/www.santafe.gob.ar\/ms\/eficienciaenergetica\/wp-content\/uploads\/sites\/76\/2025\/10\/VIVIENDAS-OK-min-scaled.jpg 2560w, https:\/\/www.santafe.gob.ar\/ms\/eficienciaenergetica\/wp-content\/uploads\/sites\/76\/2025\/10\/VIVIENDAS-OK-min-300x165.jpg 300w, https:\/\/www.santafe.gob.ar\/ms\/eficienciaenergetica\/wp-content\/uploads\/sites\/76\/2025\/10\/VIVIENDAS-OK-min-1024x563.jpg 1024w, https:\/\/www.santafe.gob.ar\/ms\/eficienciaenergetica\/wp-content\/uploads\/sites\/76\/2025\/10\/VIVIENDAS-OK-min-768x423.jpg 768w, https:\/\/www.santafe.gob.ar\/ms\/eficienciaenergetica\/wp-content\/uploads\/sites\/76\/2025\/10\/VIVIENDAS-OK-min-1536x845.jpg 1536w, https:\/\/www.santafe.gob.ar\/ms\/eficienciaenergetica\/wp-content\/uploads\/sites\/76\/2025\/10\/VIVIENDAS-OK-min-2048x1127.jpg 2048w\" sizes=\"auto, (max-width: 2560px) 100vw, 2560px\" \/><\/figure>\n\n\n\n<div class=\"wp-block-group alignwide container is-layout-constrained wp-block-group-is-layout-constrained\">\n<div class=\"wp-block-group alignfull content is-layout-constrained wp-container-core-group-is-layout-346627ba wp-block-group-is-layout-constrained\">\n<h2 class=\"wp-block-heading\"><strong>Objeto<\/strong><\/h2>\n\n\n\n<p>La ley establece un procedimiento de Etiquetado de Eficiencia Energ\u00e9tica de Inmuebles destinados a vivienda, a fin de clasificarlos seg\u00fan el grado de eficiencia en el consumo de energ\u00eda primaria. A trav\u00e9s de una escala alfab\u00e9tica, se determina la Clase de Eficiencia Energ\u00e9tica del inmueble, correspondiendo la Clase A al de mayor eficiencia y la Clase G al de menor eficiencia.<\/p>\n\n\n\n<p>A cada Clase de Eficiencia Energ\u00e9tica le corresponde un rango de valores del \u00ab\u00cdndice de Prestaciones Energ\u00e9ticas\u00bb (IPE) de un inmueble, que representa la cantidad estimada de energ\u00eda primaria que demandar\u00eda la normal utilizaci\u00f3n de dicho inmueble durante un a\u00f1o y por metro cuadrado satisfaciendo las necesidades asociadas \u00fanicamente a calefacci\u00f3n invernal, climatizaci\u00f3n estival, agua caliente sanitaria e iluminaci\u00f3n, seg\u00fan niveles de confort establecidos por las mejores pr\u00e1cticas vigentes y est\u00e1ndares internacionales.<\/p>\n<\/div>\n<\/div>\n<\/section>\n\n\n\n<section class=\"wp-block-group alignfull img-content img-content--reverse is-layout-constrained wp-block-group-is-layout-constrained\" style=\"padding-top:100px;padding-bottom:100px\">\n<figure class=\"wp-block-image size-full block__img\"><img loading=\"lazy\" decoding=\"async\" width=\"1280\" height=\"1019\" src=\"https:\/\/www.santafe.gob.ar\/ms\/eficienciaenergetica\/wp-content\/uploads\/sites\/76\/2025\/10\/eficiencia-viviendas-3.webp\" alt=\"\" class=\"wp-image-1070\" srcset=\"https:\/\/www.santafe.gob.ar\/ms\/eficienciaenergetica\/wp-content\/uploads\/sites\/76\/2025\/10\/eficiencia-viviendas-3.webp 1280w, https:\/\/www.santafe.gob.ar\/ms\/eficienciaenergetica\/wp-content\/uploads\/sites\/76\/2025\/10\/eficiencia-viviendas-3-300x239.webp 300w, https:\/\/www.santafe.gob.ar\/ms\/eficienciaenergetica\/wp-content\/uploads\/sites\/76\/2025\/10\/eficiencia-viviendas-3-1024x815.webp 1024w, https:\/\/www.santafe.gob.ar\/ms\/eficienciaenergetica\/wp-content\/uploads\/sites\/76\/2025\/10\/eficiencia-viviendas-3-768x611.webp 768w\" sizes=\"auto, (max-width: 1280px) 100vw, 1280px\" \/><\/figure>\n\n\n\n<div class=\"wp-block-group alignwide container is-layout-constrained wp-block-group-is-layout-constrained\">\n<div class=\"wp-block-group alignfull content is-layout-constrained wp-container-core-group-is-layout-865a86e1 wp-block-group-is-layout-constrained\" style=\"margin-top:0;margin-bottom:0;padding-top:0;padding-bottom:0\">\n<h2 class=\"wp-block-heading\"><strong>Alcance<\/strong><\/h2>\n\n\n\n<p>La Ley N\u00ba 13.903 crea la etiqueta para Inmuebles Existentes y para Proyectos Constructivos destinados a Vivienda. Su decreto reglamentario N\u00ba 387\/2025 y la resoluci\u00f3n del MAyCC N\u00ba 96\/2022 regulan el etiquetado de inmuebles existentes destinados a Vivienda.<\/p>\n\n\n\n<p>La Secretar\u00eda de Energ\u00eda del Ministerio de Desarrollo Productivo como autoridad de aplicaci\u00f3n de la Ley N\u00ba 13.903 promueve y pone disposici\u00f3n herramientas de capacitaci\u00f3n, reglamentaci\u00f3n y seguimiento para apoyar a las Comunas y Municipios en el proceso de adhesi\u00f3n a la Ley y en la implementaci\u00f3n e incorporaci\u00f3n de la Certificaci\u00f3n de Eficiencia Energ\u00e9tica para Proyectos Constructivos de Vivienda en sus ordenanzas y reglamentos de edificaciones privadas.<\/p>\n<\/div>\n<\/div>\n<\/section>\n\n\n\n<section class=\"wp-block-group alignfull img-content has-background is-layout-constrained wp-block-group-is-layout-constrained\" style=\"background-color:#f0f0f0;padding-top:100px;padding-bottom:100px\">\n<figure class=\"wp-block-image size-full block__img\"><img loading=\"lazy\" decoding=\"async\" width=\"2560\" height=\"1707\" src=\"https:\/\/www.santafe.gob.ar\/ms\/eficienciaenergetica\/wp-content\/uploads\/sites\/76\/2025\/10\/PUBLICO.-OKjpg-min-scaled.jpg\" alt=\"\" class=\"wp-image-1046\" srcset=\"https:\/\/www.santafe.gob.ar\/ms\/eficienciaenergetica\/wp-content\/uploads\/sites\/76\/2025\/10\/PUBLICO.-OKjpg-min-scaled.jpg 2560w, https:\/\/www.santafe.gob.ar\/ms\/eficienciaenergetica\/wp-content\/uploads\/sites\/76\/2025\/10\/PUBLICO.-OKjpg-min-300x200.jpg 300w, https:\/\/www.santafe.gob.ar\/ms\/eficienciaenergetica\/wp-content\/uploads\/sites\/76\/2025\/10\/PUBLICO.-OKjpg-min-1024x683.jpg 1024w, https:\/\/www.santafe.gob.ar\/ms\/eficienciaenergetica\/wp-content\/uploads\/sites\/76\/2025\/10\/PUBLICO.-OKjpg-min-768x512.jpg 768w, https:\/\/www.santafe.gob.ar\/ms\/eficienciaenergetica\/wp-content\/uploads\/sites\/76\/2025\/10\/PUBLICO.-OKjpg-min-1536x1024.jpg 1536w, https:\/\/www.santafe.gob.ar\/ms\/eficienciaenergetica\/wp-content\/uploads\/sites\/76\/2025\/10\/PUBLICO.-OKjpg-min-2048x1365.jpg 2048w\" sizes=\"auto, (max-width: 2560px) 100vw, 2560px\" \/><\/figure>\n\n\n\n<div class=\"wp-block-group alignwide container is-layout-constrained wp-block-group-is-layout-constrained\">\n<div class=\"wp-block-group alignfull content is-layout-constrained wp-container-core-group-is-layout-346627ba wp-block-group-is-layout-constrained\">\n<h2 class=\"wp-block-heading\"><strong><strong>Validez de la Etiqueta de Eficiencia Energ\u00e9tica<\/strong><\/strong><\/h2>\n\n\n\n<p>La Ley 13.903 establece una duraci\u00f3n de 10 a\u00f1os (art. 1). Durante ese plazo, la etiqueta del inmueble puede variar y\/o darse de baja en caso que se hayan modificado las condiciones de su otorgamiento (art.6).<\/p>\n\n\n\n<p>Para tramitar Solicitud de Etiqueta de Eficiencia Energ\u00e9tica para Inmueble Construido: V\u00e9ase Bases y Condiciones Etiquetado de Viviendas (p\u00e1g. 1).&nbsp;<\/p>\n\n\n\n<p>Para tramitar Solicitud de Inscripci\u00f3n Registro de Certificadores de Eficiencia Energ\u00e9tica: V\u00e9ase Bases y Condiciones Etiquetado de Viviendas (p\u00e1g. 2).<\/p>\n\n\n\n<p>Consultas e informaci\u00f3n sobre el tr\u00e1mite: <strong>etiquetadodeviviendas@santafe.gob.ar<\/strong><\/p>\n\n\n\n<p>\u00bfQuer\u00e9s conocer la Clase de Eficiencia Energ\u00e9tica de tu Vivienda? Ingres\u00e1 <a href=\"https:\/\/etiquetadoviviendas.mecon.gob.ar\/\">aqu\u00ed<\/a> al aplicativo nacional y registrate.<\/p>\n\n\n\n<p><br><a href=\"https:\/\/www.argentina.gob.ar\/normativa\/nacional\/resoluci%C3%B3n-202-2024-402573\" target=\"_blank\" rel=\"noreferrer noopener\">\u00abPrograma de Reconversi\u00f3n y Eficiencia Energ\u00e9tica<\/a><a href=\"https:\/\/www.argentina.gob.ar\/normativa\/nacional\/resoluci%C3%B3n-202-2024-402573\" target=\"_blank\" rel=\"noreferrer noopener\">\u00bb<\/a> de la Secretar\u00eda de Energ\u00eda de la Naci\u00f3n<\/p>\n<\/div>\n<\/div>\n<\/section>\n\n\n\n<section class=\"wp-block-group alignfull px-1rem-mob py-3rem-mob is-layout-constrained wp-container-core-group-is-layout-8212bd8b wp-block-group-is-layout-constrained\" style=\"padding-top:100px;padding-right:var(--wp--preset--spacing--60);padding-bottom:100px;padding-left:var(--wp--preset--spacing--60)\">\n<div class=\"wp-block-group alignwide is-layout-constrained wp-block-group-is-layout-constrained\">\n<div class=\"wp-block-group alignfull is-layout-constrained wp-container-core-group-is-layout-5a30f31b wp-block-group-is-layout-constrained\">\n<h2 class=\"wp-block-heading\" id=\"enlaces\" style=\"margin-bottom:var(--wp--preset--spacing--50)\">Normativas y documentos asociados<\/h2>\n\n\n\n<div class=\"wp-block-group is-layout-constrained wp-container-core-group-is-layout-ced803a8 wp-block-group-is-layout-constrained\" style=\"font-size:1rem\">\n<div class=\"wp-block-file\"><a id=\"wp-block-file--media-6d5211c1-6c2d-4a52-8656-02f0b51c36db\" href=\"https:\/\/www.santafe.gob.ar\/ms\/eficienciaenergetica\/wp-content\/uploads\/sites\/76\/2025\/03\/DEC-2025-00000387-APPSF-PE.pdf\" target=\"_blank\" rel=\"noreferrer noopener\">Decreto N\u00b0387\/2025 &#8211; Modificaci\u00f3n en la reglamentaci\u00f3n<\/a><\/div>\n\n\n\n<div class=\"wp-block-file\"><a id=\"wp-block-file--media-6d5211c1-6c2d-4a52-8656-02f0b51c36db\" href=\"https:\/\/www.santafe.gob.ar\/ms\/eficienciaenergetica\/wp-content\/uploads\/sites\/76\/2025\/03\/DO-2025-00003936-APPSF-PEMGeIP.pdf\" target=\"_blank\" rel=\"noreferrer noopener\">Anexo \u00danico con las modificaciones del decreto N\u00b0387\/2025<\/a><\/div>\n\n\n\n<p><a href=\"https:\/\/www.santafe.gov.ar\/index.php\/web\/content\/download\/268487\/1402389\/file\/Ley-13903.pdf\" target=\"_blank\" rel=\"noreferrer noopener\">Ley N\u00b013903 &#8211; Etiquetado de Eficiencia Energ\u00e9tica de Inmuebles destinados a Vivienda<\/a><\/p>\n\n\n\n<div class=\"wp-block-file\"><a id=\"wp-block-file--media-6d5211c1-6c2d-4a52-8656-02f0b51c36db\" href=\"https:\/\/www.santafe.gob.ar\/ms\/eficienciaenergetica\/wp-content\/uploads\/sites\/76\/2024\/09\/EV-02_rev1_Formulario-Solicitud-Inscripcion-Registro-EDITABLE.pdf\" target=\"_blank\" rel=\"noreferrer noopener\">Formulario EV-02: Solicitud de Inscripci\u00f3n al Registro de Certificadores de Eficiencia<\/a><\/div>\n\n\n\n<div class=\"wp-block-file\"><a id=\"wp-block-file--media-6d5211c1-6c2d-4a52-8656-02f0b51c36db\" href=\"https:\/\/www.santafe.gob.ar\/ms\/eficienciaenergetica\/wp-content\/uploads\/sites\/76\/2024\/09\/EV-01_rev1_Formulario-Solicitud-de-Etiqueta-EDITABLE.pdf\" target=\"_blank\" rel=\"noreferrer noopener\">Formulario EV-01: Solicitud de Etiqueta de Eficiencia Energ\u00e9tica para Inmueble<\/a><\/div>\n<\/div>\n<\/div>\n<\/div>\n\n\n\n<div class=\"wp-block-file\"><a id=\"wp-block-file--media-f591e15b-3dbd-4fbb-a598-cbf466e11f82\" href=\"https:\/\/www.santafe.gob.ar\/ms\/eficienciaenergetica\/wp-content\/uploads\/sites\/76\/2025\/03\/Bases-y-Condiciones-Etiquetado-de-Viviendas-Provincia-de-Santa-Fe_rev2.pdf\" target=\"_blank\" rel=\"noreferrer noopener\">Bases y Condiciones Etiquetado de Viviendas para la Provincia de Santa Fe, rev.2 <\/a><\/div>\n\n\n\n<div class=\"wp-block-file\"><a id=\"wp-block-file--media-d778743c-e16c-4965-b906-27a597d8d15a\" href=\"https:\/\/www.santafe.gob.ar\/ms\/eficienciaenergetica\/wp-content\/uploads\/sites\/76\/2026\/03\/Registro-de-Certificadores-de-Eficiencia-Energetica_Rev-03-2026.pdf\" target=\"_blank\" rel=\"noreferrer noopener\">Registro de Certificadores de Eficiencia Energ\u00e9tica en Viviendas (actualizado a marzo de 2026)<\/a><\/div>\n<\/section>\n<\/div>\n\n\n\n<p><\/p>\n","protected":false},"excerpt":{"rendered":"<p>Objeto La ley establece un procedimiento de Etiquetado de Eficiencia Energ\u00e9tica de Inmuebles destinados a vivienda, a fin de clasificarlos seg\u00fan el grado de eficiencia en el consumo de energ\u00eda primaria. A trav\u00e9s de una escala alfab\u00e9tica, se determina la Clase de Eficiencia Energ\u00e9tica del inmueble, correspondiendo la Clase A al de mayor eficiencia y [&hellip;]<\/p>\n","protected":false},"author":2,"featured_media":0,"parent":22,"menu_order":0,"comment_status":"closed","ping_status":"closed","template":"","meta":{"_acf_changed":false,"footnotes":""},"class_list":["post-443","page","type-page","status-publish","hentry"],"acf":[],"_links":{"self":[{"href":"https:\/\/www.santafe.gob.ar\/ms\/eficienciaenergetica\/wp-json\/wp\/v2\/pages\/443","targetHints":{"allow":["GET"]}}],"collection":[{"href":"https:\/\/www.santafe.gob.ar\/ms\/eficienciaenergetica\/wp-json\/wp\/v2\/pages"}],"about":[{"href":"https:\/\/www.santafe.gob.ar\/ms\/eficienciaenergetica\/wp-json\/wp\/v2\/types\/page"}],"author":[{"embeddable":true,"href":"https:\/\/www.santafe.gob.ar\/ms\/eficienciaenergetica\/wp-json\/wp\/v2\/users\/2"}],"replies":[{"embeddable":true,"href":"https:\/\/www.santafe.gob.ar\/ms\/eficienciaenergetica\/wp-json\/wp\/v2\/comments?post=443"}],"version-history":[{"count":45,"href":"https:\/\/www.santafe.gob.ar\/ms\/eficienciaenergetica\/wp-json\/wp\/v2\/pages\/443\/revisions"}],"predecessor-version":[{"id":1265,"href":"https:\/\/www.santafe.gob.ar\/ms\/eficienciaenergetica\/wp-json\/wp\/v2\/pages\/443\/revisions\/1265"}],"up":[{"embeddable":true,"href":"https:\/\/www.santafe.gob.ar\/ms\/eficienciaenergetica\/wp-json\/wp\/v2\/pages\/22"}],"wp:attachment":[{"href":"https:\/\/www.santafe.gob.ar\/ms\/eficienciaenergetica\/wp-json\/wp\/v2\/media?parent=443"}],"curies":[{"name":"wp","href":"https:\/\/api.w.org\/{rel}","templated":true}]}}