{"id":464,"date":"2024-06-04T14:17:34","date_gmt":"2024-06-04T14:17:34","guid":{"rendered":"https:\/\/onlines.ar\/eficiencia-energetica\/?page_id=464"},"modified":"2026-01-06T19:30:57","modified_gmt":"2026-01-06T18:30:57","slug":"desafio-eficiencia-en-tu-hogar","status":"publish","type":"page","link":"https:\/\/www.santafe.gob.ar\/ms\/eficienciaenergetica\/viviendas\/desafio-eficiencia-en-tu-hogar\/","title":{"rendered":"Desaf\u00edo Eficiencia en tu Hogar"},"content":{"rendered":"\n<div class=\"wp-block-group main-vivienda is-layout-constrained wp-block-group-is-layout-constrained\">\n<div class=\"wp-block-group alignfull page-menu js-page-menu px-1rem-mob has-custom-texto-background-color has-background is-layout-constrained wp-container-core-group-is-layout-639b5052 wp-block-group-is-layout-constrained\" style=\"padding-top:0;padding-right:0;padding-bottom:0;padding-left:0\">\n<div class=\"wp-block-group alignwide container is-layout-constrained wp-block-group-is-layout-constrained\" style=\"padding-top:10px;padding-bottom:10px\"><nav style=\"font-size:0.81rem;font-style:normal;font-weight:700;\" class=\"has-text-color has-white-color is-responsive alignwide wp-block-navigation is-layout-flex wp-container-core-navigation-is-layout-efb20f49 wp-block-navigation-is-layout-flex\" aria-label=\"Navegaci\u00f3n 4\" \n\t\t data-wp-interactive=\"core\/navigation\" data-wp-context='{\"overlayOpenedBy\":{\"click\":false,\"hover\":false,\"focus\":false},\"type\":\"overlay\",\"roleAttribute\":\"\",\"ariaLabel\":\"Men\\u00fa\"}'><button aria-haspopup=\"dialog\" aria-label=\"Abrir el men\u00fa\" class=\"wp-block-navigation__responsive-container-open\" \n\t\t\t\tdata-wp-on--click=\"actions.openMenuOnClick\"\n\t\t\t\tdata-wp-on--keydown=\"actions.handleMenuKeydown\"\n\t\t\t><svg width=\"24\" height=\"24\" xmlns=\"http:\/\/www.w3.org\/2000\/svg\" viewBox=\"0 0 24 24\" aria-hidden=\"true\" focusable=\"false\"><path d=\"M4 7.5h16v1.5H4z\"><\/path><path d=\"M4 15h16v1.5H4z\"><\/path><\/svg><\/button>\n\t\t\t\t<div class=\"wp-block-navigation__responsive-container\"  id=\"modal-1\" \n\t\t\t\tdata-wp-class--has-modal-open=\"state.isMenuOpen\"\n\t\t\t\tdata-wp-class--is-menu-open=\"state.isMenuOpen\"\n\t\t\t\tdata-wp-watch=\"callbacks.initMenu\"\n\t\t\t\tdata-wp-on--keydown=\"actions.handleMenuKeydown\"\n\t\t\t\tdata-wp-on--focusout=\"actions.handleMenuFocusout\"\n\t\t\t\ttabindex=\"-1\"\n\t\t\t>\n\t\t\t\t\t<div class=\"wp-block-navigation__responsive-close\" tabindex=\"-1\">\n\t\t\t\t\t\t<div class=\"wp-block-navigation__responsive-dialog\" \n\t\t\t\tdata-wp-bind--aria-modal=\"state.ariaModal\"\n\t\t\t\tdata-wp-bind--aria-label=\"state.ariaLabel\"\n\t\t\t\tdata-wp-bind--role=\"state.roleAttribute\"\n\t\t\t>\n\t\t\t\t\t\t\t<button aria-label=\"Cerrar el men\u00fa\" class=\"wp-block-navigation__responsive-container-close\" \n\t\t\t\tdata-wp-on--click=\"actions.closeMenuOnClick\"\n\t\t\t><svg xmlns=\"http:\/\/www.w3.org\/2000\/svg\" viewBox=\"0 0 24 24\" width=\"24\" height=\"24\" aria-hidden=\"true\" focusable=\"false\"><path d=\"m13.06 12 6.47-6.47-1.06-1.06L12 10.94 5.53 4.47 4.47 5.53 10.94 12l-6.47 6.47 1.06 1.06L12 13.06l6.47 6.47 1.06-1.06L13.06 12Z\"><\/path><\/svg><\/button>\n\t\t\t\t\t\t\t<div class=\"wp-block-navigation__responsive-container-content\" \n\t\t\t\tdata-wp-watch=\"callbacks.focusFirstElement\"\n\t\t\t id=\"modal-1-content\">\n\t\t\t\t\t\t\t\t<ul style=\"font-size:0.81rem;font-style:normal;font-weight:700;\" class=\"wp-block-navigation__container has-text-color has-white-color is-responsive alignwide wp-block-navigation\"><li style=\"font-size: 0.81rem;\" class=\" wp-block-navigation-item wp-block-navigation-link\"><a class=\"wp-block-navigation-item__content\"  href=\"https:\/\/www.santafe.gob.ar\/ms\/eficienciaenergetica\/viviendas\/etiquetado-de-viviendas\/\"><span class=\"wp-block-navigation-item__label\">Etiquetado de Viviendas<\/span><\/a><\/li><li style=\"font-size: 0.81rem;\" class=\" wp-block-navigation-item wp-block-navigation-link\"><a class=\"wp-block-navigation-item__content\"  href=\"https:\/\/www.santafe.gob.ar\/ms\/eficienciaenergetica\/viviendas\/desafio-eficiencia-en-tu-hogar\/\"><span class=\"wp-block-navigation-item__label\">Desaf\u00edo Eficiencia en tu Hogar<\/span><\/a><\/li><\/ul>\n\t\t\t\t\t\t\t<\/div>\n\t\t\t\t\t\t<\/div>\n\t\t\t\t\t<\/div>\n\t\t\t\t<\/div><\/nav><\/div>\n<\/div>\n\n\n\n<section class=\"wp-block-cover alignfull is-light hero gradient-to-right has-white-color has-text-color has-link-color wp-elements-0bc8e0412ff0829733966dc4c991c436\" style=\"margin-top:0;margin-bottom:0;padding-top:var(--wp--preset--spacing--60);padding-right:1rem;padding-bottom:var(--wp--preset--spacing--60);padding-left:1rem;min-height:400px;aspect-ratio:unset;\"><img loading=\"lazy\" decoding=\"async\" width=\"1024\" height=\"815\" class=\"wp-block-cover__image-background wp-image-1070 size-large\" alt=\"\" src=\"https:\/\/www.santafe.gob.ar\/ms\/eficienciaenergetica\/wp-content\/uploads\/sites\/76\/2025\/10\/eficiencia-viviendas-3-1024x815.webp\" data-object-fit=\"cover\" srcset=\"https:\/\/www.santafe.gob.ar\/ms\/eficienciaenergetica\/wp-content\/uploads\/sites\/76\/2025\/10\/eficiencia-viviendas-3-1024x815.webp 1024w, https:\/\/www.santafe.gob.ar\/ms\/eficienciaenergetica\/wp-content\/uploads\/sites\/76\/2025\/10\/eficiencia-viviendas-3-300x239.webp 300w, https:\/\/www.santafe.gob.ar\/ms\/eficienciaenergetica\/wp-content\/uploads\/sites\/76\/2025\/10\/eficiencia-viviendas-3-768x611.webp 768w, https:\/\/www.santafe.gob.ar\/ms\/eficienciaenergetica\/wp-content\/uploads\/sites\/76\/2025\/10\/eficiencia-viviendas-3.webp 1280w\" sizes=\"auto, (max-width: 1024px) 100vw, 1024px\" \/><span aria-hidden=\"true\" class=\"wp-block-cover__background has-background-dim-0 has-background-dim\" style=\"background-color:#8d857d\"><\/span><div class=\"wp-block-cover__inner-container is-layout-constrained wp-container-core-cover-is-layout-2fd81852 wp-block-cover-is-layout-constrained\">\n<div class=\"wp-block-group alignwide container is-layout-constrained wp-block-group-is-layout-constrained\">\n<div class=\"wp-block-columns alignwide cols is-layout-flex wp-container-core-columns-is-layout-28f84493 wp-block-columns-is-layout-flex\">\n<div class=\"wp-block-column col content is-layout-flow wp-block-column-is-layout-flow\" style=\"flex-basis:50%\">\n<h2 class=\"wp-block-heading alignfull has-text-align-left hero__title\" style=\"padding-top:0;padding-right:0rem;padding-bottom:0;padding-left:0rem;font-size:4.5rem;line-height:1.05\">Desaf\u00edo Eficiencia en tu Hogar<\/h2>\n\n\n\n<div class=\"wp-block-group text is-layout-constrained wp-container-core-group-is-layout-382f87b0 wp-block-group-is-layout-constrained\" style=\"margin-top:2em\">\n<p>Es un espacio de reflexi\u00f3n y capacitaci\u00f3n en estrategias de consumo eficiente y acciones sostenibles.<\/p>\n\n\n\n<p>Aqu\u00ed podr\u00e1s acceder a informaci\u00f3n clara y estrategias simples para usar en tus actividades diarias (en el hogar, trabajo, escuela, gimnasio, entre otros).<\/p>\n<\/div>\n<\/div>\n\n\n\n<div class=\"wp-block-column hidden is-layout-flow wp-block-column-is-layout-flow\"><\/div>\n<\/div>\n<\/div>\n<\/div><\/section>\n\n\n\n<section class=\"wp-block-group alignfull img-content has-background is-layout-constrained wp-block-group-is-layout-constrained\" style=\"background-color:#f0f0f0;padding-top:100px;padding-bottom:100px\">\n<figure class=\"wp-block-image size-full block__img\"><img decoding=\"async\" src=\"https:\/\/onlines.ar\/eficiencia-energetica\/wp-content\/uploads\/2024\/06\/desafio-eficiencia-luz.webp\" alt=\"\" class=\"wp-image-562\" \/><\/figure>\n\n\n\n<div class=\"wp-block-group alignwide container is-layout-constrained wp-block-group-is-layout-constrained\">\n<h2 class=\"wp-block-heading\"><\/h2>\n\n\n\n<div class=\"wp-block-group alignfull content is-layout-constrained wp-container-core-group-is-layout-346627ba wp-block-group-is-layout-constrained\">\n<p>En este documento (<a href=\"https:\/\/www.santafe.gob.ar\/ms\/eficienciaenergetica\/wp-content\/uploads\/sites\/76\/2024\/09\/Recomendaciones-de-Ahorro-y-Eficiencia-Energetica-para-Viviendas.pdf\" data-type=\"link\" data-id=\"https:\/\/www.santafe.gob.ar\/ms\/eficienciaenergetica\/wp-content\/uploads\/sites\/76\/2024\/09\/Recomendaciones-de-Ahorro-y-Eficiencia-Energetica-para-Viviendas.pdf\" target=\"_blank\" rel=\"noreferrer noopener\">clic aqu\u00ed<\/a>) te presentamos breves introducciones a cada tema y luego ideas simples de f\u00e1cil implementaci\u00f3n.<\/p>\n\n\n\n<p>El objetivo es que puedas entender el impacto de tus acciones y tu capacidad de cambiarlos.<\/p>\n\n\n\n<p>\u00bfTe anim\u00e1s a averiguar cu\u00e1nto sab\u00e9s de energ\u00eda y de oportunidades de ahorro en el hogar?<\/p>\n\n\n\n<p><strong>Teste\u00e1 cu\u00e1nto sab\u00e9s de Eficiencia Energ\u00e9tica para tu Hogar&nbsp;<\/strong><\/p>\n\n\n\n<div class=\"wp-block-buttons is-horizontal is-content-justification-left is-layout-flex wp-container-core-buttons-is-layout-fc9da455 wp-block-buttons-is-layout-flex\" style=\"margin-top:var(--wp--preset--spacing--60);margin-bottom:var(--wp--preset--spacing--60)\">\n<div class=\"wp-block-button\"><a class=\"wp-block-button__link wp-element-button\" href=\"https:\/\/bit.ly\/DesafioEficienciaNivel1\">Nivel f\u00e1cil<\/a><\/div>\n\n\n\n<div class=\"wp-block-button\"><a class=\"wp-block-button__link wp-element-button\" href=\"https:\/\/bit.ly\/DesafioEficienciaNivel2\">Nivel medio<\/a><\/div>\n<\/div>\n<\/div>\n<\/div>\n<\/section>\n<\/div>\n","protected":false},"excerpt":{"rendered":"<p>En este documento (clic aqu\u00ed) te presentamos breves introducciones a cada tema y luego ideas simples de f\u00e1cil implementaci\u00f3n. El objetivo es que puedas entender el impacto de tus acciones y tu capacidad de cambiarlos. \u00bfTe anim\u00e1s a averiguar cu\u00e1nto sab\u00e9s de energ\u00eda y de oportunidades de ahorro en el hogar? Teste\u00e1 cu\u00e1nto sab\u00e9s de [&hellip;]<\/p>\n","protected":false},"author":2,"featured_media":0,"parent":22,"menu_order":0,"comment_status":"closed","ping_status":"closed","template":"","meta":{"_acf_changed":false,"footnotes":""},"class_list":["post-464","page","type-page","status-publish","hentry"],"acf":[],"_links":{"self":[{"href":"https:\/\/www.santafe.gob.ar\/ms\/eficienciaenergetica\/wp-json\/wp\/v2\/pages\/464","targetHints":{"allow":["GET"]}}],"collection":[{"href":"https:\/\/www.santafe.gob.ar\/ms\/eficienciaenergetica\/wp-json\/wp\/v2\/pages"}],"about":[{"href":"https:\/\/www.santafe.gob.ar\/ms\/eficienciaenergetica\/wp-json\/wp\/v2\/types\/page"}],"author":[{"embeddable":true,"href":"https:\/\/www.santafe.gob.ar\/ms\/eficienciaenergetica\/wp-json\/wp\/v2\/users\/2"}],"replies":[{"embeddable":true,"href":"https:\/\/www.santafe.gob.ar\/ms\/eficienciaenergetica\/wp-json\/wp\/v2\/comments?post=464"}],"version-history":[{"count":3,"href":"https:\/\/www.santafe.gob.ar\/ms\/eficienciaenergetica\/wp-json\/wp\/v2\/pages\/464\/revisions"}],"predecessor-version":[{"id":1237,"href":"https:\/\/www.santafe.gob.ar\/ms\/eficienciaenergetica\/wp-json\/wp\/v2\/pages\/464\/revisions\/1237"}],"up":[{"embeddable":true,"href":"https:\/\/www.santafe.gob.ar\/ms\/eficienciaenergetica\/wp-json\/wp\/v2\/pages\/22"}],"wp:attachment":[{"href":"https:\/\/www.santafe.gob.ar\/ms\/eficienciaenergetica\/wp-json\/wp\/v2\/media?parent=464"}],"curies":[{"name":"wp","href":"https:\/\/api.w.org\/{rel}","templated":true}]}}