{"id":1004,"date":"2022-01-17T10:35:32","date_gmt":"2022-01-17T13:35:32","guid":{"rendered":"https:\/\/www.santafe.gob.ar\/ms\/enerfe\/?page_id=1004"},"modified":"2022-02-08T00:59:57","modified_gmt":"2022-02-08T03:59:57","slug":"compromiso-socioambiental","status":"publish","type":"page","link":"https:\/\/www.santafe.gob.ar\/ms\/enerfe\/gasoducto-metropolitano\/compromiso-socioambiental\/","title":{"rendered":"Compromiso Socioambiental"},"content":{"rendered":"\n<p class=\"wp-block-paragraph\"><em>ENERFE fue concebida para brindar soluciones que aporten al ambiente con propuestas de energ\u00eda limpia y sustentable. Dentro de los combustibles disponibles en la matriz energ\u00e9tica nacional, el gas natural se encuentra a la vanguardia por la considerable baja de emisiones respecto a derivados del petr\u00f3leo o la le\u00f1a. Asimismo, pensando en el futuro energ\u00e9tico de la Argentina y todo el planeta, el Gasoducto Metropolitano podr\u00e1 transportar Hidr\u00f3geno Verde cuando este sea un recurso predominante.<\/em><\/p>\n\n\n\n<p class=\"wp-block-paragraph\"><\/p>\n\n\n\n<h1 class=\"wp-block-heading\" id=\"ambiente\">Medio Ambiente<\/h1>\n\n\n\n<p class=\"wp-block-paragraph\">La preservaci\u00f3n del ambiente es el principal motor de la empresa. El gasoducto es un transporte de energ\u00eda limpia y amigable con el planeta, tiende a suplantar otras fuentes como el gas envasado (al que se le suma el peligro en la manipulaci\u00f3n), la energ\u00eda el\u00e9ctrica (que es generada en mayor porcentaje por quema de material f\u00f3sil) y otras alternativas a\u00fan menos seguras y agresivas con el planeta como la quema de le\u00f1a.<\/p>\n\n\n\n<figure class=\"wp-block-image\"><img loading=\"lazy\" decoding=\"async\" width=\"1024\" height=\"476\" src=\"https:\/\/www.santafe.gob.ar\/ms\/enerfe\/wp-content\/uploads\/sites\/45\/2021\/05\/cropped-IMG_5964-scaled-1024x476.jpg\" alt=\"\" class=\"wp-image-491\" srcset=\"https:\/\/www.santafe.gob.ar\/ms\/enerfe\/wp-content\/uploads\/sites\/45\/2021\/05\/cropped-IMG_5964-scaled-1024x476.jpg 1024w, https:\/\/www.santafe.gob.ar\/ms\/enerfe\/wp-content\/uploads\/sites\/45\/2021\/05\/cropped-IMG_5964-scaled-300x139.jpg 300w, https:\/\/www.santafe.gob.ar\/ms\/enerfe\/wp-content\/uploads\/sites\/45\/2021\/05\/cropped-IMG_5964-scaled-768x357.jpg 768w, https:\/\/www.santafe.gob.ar\/ms\/enerfe\/wp-content\/uploads\/sites\/45\/2021\/05\/cropped-IMG_5964-scaled.jpg 2000w\" sizes=\"auto, (max-width: 767px) 89vw, (max-width: 1000px) 54vw, (max-width: 1071px) 543px, 580px\" \/><\/figure>\n\n\n\n<p class=\"wp-block-paragraph\">Se diagram\u00f3 la traza en funci\u00f3n de evitar zonas que sean h\u00e1bitat de especies nativas, flora aut\u00f3ctona, como el caso de montes o arboledas, y contemplando las caracter\u00edsticas de zona de humedales de la regi\u00f3n metropolitana, particularmente en los cruces fluviales.<\/p>\n\n\n\n<p class=\"wp-block-paragraph\">El cruce lagunar se estableci\u00f3 con un m\u00e9todo que no altera el ecosistema, como se menciona en su apartado, las alternativas m\u00e1s antiguas interven\u00edan de manera directa en el suelo lagunar de manera agresiva.<\/p>\n\n\n\n<p class=\"wp-block-paragraph\"><\/p>\n\n\n\n<h1 class=\"wp-block-heading\" id=\"arqueol\u00f3gico\">Valor arqueol\u00f3gico de la regi\u00f3n<\/h1>\n\n\n\n<p class=\"wp-block-paragraph\">La regi\u00f3n metropolitana del Gran Santa Fe tiene la particularidad de poseer riquezas arqueol\u00f3gicas de cientos de generaciones de pueblos originarios que habitaron la zona en eras precoloniales.<\/p>\n\n\n\n<p class=\"wp-block-paragraph\">Con este conocimiento y con la convicci\u00f3n de que cada pieza hist\u00f3rica en la regi\u00f3n es invaluable en t\u00e9rminos culturales se establecieron v\u00ednculos con el Museo Etnogr\u00e1fico de la Provincia de Santa Fe para trabajar conjuntamente en la preservaci\u00f3n del patrimonio.&nbsp;<strong>Este acuerdo permiti\u00f3 ganar tiempo en el establecimiento de la traza, dado que la misma se adec\u00faa tanto a preservaci\u00f3n forestal como arqueol\u00f3gica<\/strong>, permitiendo que los sitios de inter\u00e9s son sorteados con una distancia pertinente.<\/p>\n\n\n\n<figure class=\"wp-block-image\"><img loading=\"lazy\" decoding=\"async\" width=\"1024\" height=\"683\" src=\"https:\/\/www.santafe.gob.ar\/ms\/enerfe\/wp-content\/uploads\/sites\/45\/2021\/05\/IMG_5907-scaled-1024x683.jpg\" alt=\"\" class=\"wp-image-357\" srcset=\"https:\/\/www.santafe.gob.ar\/ms\/enerfe\/wp-content\/uploads\/sites\/45\/2021\/05\/IMG_5907-scaled-1024x683.jpg 1024w, https:\/\/www.santafe.gob.ar\/ms\/enerfe\/wp-content\/uploads\/sites\/45\/2021\/05\/IMG_5907-scaled-300x200.jpg 300w, https:\/\/www.santafe.gob.ar\/ms\/enerfe\/wp-content\/uploads\/sites\/45\/2021\/05\/IMG_5907-scaled-768x512.jpg 768w\" sizes=\"auto, (max-width: 767px) 89vw, (max-width: 1000px) 54vw, (max-width: 1071px) 543px, 580px\" \/><\/figure>\n\n\n\n<p class=\"wp-block-paragraph\">El personal a cargo de la obra estar\u00e1 en conocimiento de los protocolos a seguir en caso de nuevos hallazgos y que el propio personal del museo proceda de manera pertinente para el resguardo del patrimonio cultural.<\/p>\n\n\n\n<p class=\"wp-block-paragraph\">La Ley Nacional 25.743 en su Art\u00edculo 13 establece la responsabilidad de la empresa ante un eventual descubrimiento, por compromiso hacia el acervo cultural de la regi\u00f3n y la historia sudamericana se decidi\u00f3 dar un paso antes y con ello no solo atender al valor hist\u00f3rico, sino que adem\u00e1s evitar cualquier demora en tiempos de construcci\u00f3n de una obra esperada por tanto tiempo, pero que su construcci\u00f3n no justifica dejar de lado el rico pasado de la regi\u00f3n.<\/p>\n\n\n\n<p class=\"wp-block-paragraph\"><\/p>\n\n\n\n<h1 class=\"wp-block-heading\" id=\"green\">Preparado para Hidr\u00f3geno Verde<\/h1>\n\n\n\n<p class=\"wp-block-paragraph\">Por compromiso social y ambiental que encabeza la empresa, el Gasoducto Metropolitano se pens\u00f3 para el futuro de la energ\u00eda en todo aspecto. Hoy nuestra matriz es el gas natural, con las inversiones que se est\u00e1n produciendo debemos pensar en un futuro verde para el pa\u00eds y nuestra regi\u00f3n. El Gasoducto Metropolitano est\u00e1 un paso adelante en sustentabilidad.<\/p>\n\n\n\n<p class=\"wp-block-paragraph\">Las caracter\u00edsticas t\u00e9cnicas y las opciones de materiales hacen apto al Gasoducto Metropolitano para el futuro de la energ\u00eda limpia, el&nbsp;<a href=\"https:\/\/www.santafe.gob.ar\/ms\/enerfe\/2021\/05\/01\/green-h2\/\">Green H2 o Hidr\u00f3geno Verde<\/a>, que es producto de tecnolog\u00edas de energ\u00eda renovable que permiten la generaci\u00f3n de hidr\u00f3geno a partir de agua. Un c\u00edrculo virtuoso de sustentabilidad ambiental.<\/p>\n\n\n\n<p class=\"wp-block-paragraph\">Importantes inversiones se est\u00e1n comenzando a dar en el pa\u00eds respecto a esta transici\u00f3n energ\u00e9tica y no se puede dejar de lado al futuro si hablamos de progreso y sustentabilidad. Cuando llegue el momento, el Gasoducto Metropolitano estar\u00e1 preparado para seguir transportando energ\u00eda amigable con el ambiente.<\/p>\n\n\n\n<p class=\"wp-block-paragraph\"><\/p>\n\n\n\n<p class=\"wp-block-paragraph\"><\/p>\n\n\n\n<h3 class=\"wp-block-heading\">Links relacionados:<\/h3>\n\n\n\n<p class=\"wp-block-paragraph\"><a href=\"https:\/\/www.santafe.gob.ar\/ms\/enerfe\/gasoducto-metropolitano\/la-obra\/\" data-type=\"URL\">La Obra<\/a><\/p>\n\n\n\n<p class=\"wp-block-paragraph\"><a href=\"https:\/\/www.santafe.gob.ar\/ms\/enerfe\/gasoducto-metropolitano\/cruce-de-la-laguna-setubal\/\" data-type=\"URL\" data-id=\"https:\/\/www.santafe.gob.ar\/ms\/enerfe\/gasoducto-metropolitano\/cruce-de-la-laguna-setubal\/\">Cruce de la Laguna Set\u00fabal<\/a><\/p>\n\n\n\n<p class=\"wp-block-paragraph\"><a href=\"https:\/\/www.santafe.gob.ar\/ms\/enerfe\/gasoducto-metropolitano\/preguntas-frecuentes-gasoducto-metropolitano\/\" data-type=\"URL\" data-id=\"https:\/\/www.santafe.gob.ar\/ms\/enerfe\/gasoducto-metropolitano\/preguntas-frecuentes-gasoducto-metropolitano\/\">Preguntas Frecuentes<\/a><\/p>\n","protected":false},"excerpt":{"rendered":"<p>ENERFE fue concebida para brindar soluciones que aporten al ambiente con propuestas de energ\u00eda limpia y sustentable. Dentro de los combustibles disponibles en la matriz energ\u00e9tica nacional, el gas natural se encuentra a la vanguardia por la considerable baja de emisiones respecto a derivados del petr\u00f3leo o la le\u00f1a. Asimismo, pensando en el futuro energ\u00e9tico &hellip; <\/p>\n<p class=\"link-more\"><a href=\"https:\/\/www.santafe.gob.ar\/ms\/enerfe\/gasoducto-metropolitano\/compromiso-socioambiental\/\" class=\"more-link\">Continuar leyendo<span class=\"screen-reader-text\"> \u00abCompromiso Socioambiental\u00bb<\/span><\/a><\/p>\n","protected":false},"author":3234,"featured_media":0,"parent":857,"menu_order":0,"comment_status":"closed","ping_status":"closed","template":"","meta":{"_acf_changed":false,"_crdt_document":"","footnotes":""},"class_list":["post-1004","page","type-page","status-publish","hentry"],"acf":[],"_links":{"self":[{"href":"https:\/\/www.santafe.gob.ar\/ms\/enerfe\/wp-json\/wp\/v2\/pages\/1004","targetHints":{"allow":["GET"]}}],"collection":[{"href":"https:\/\/www.santafe.gob.ar\/ms\/enerfe\/wp-json\/wp\/v2\/pages"}],"about":[{"href":"https:\/\/www.santafe.gob.ar\/ms\/enerfe\/wp-json\/wp\/v2\/types\/page"}],"author":[{"embeddable":true,"href":"https:\/\/www.santafe.gob.ar\/ms\/enerfe\/wp-json\/wp\/v2\/users\/3234"}],"replies":[{"embeddable":true,"href":"https:\/\/www.santafe.gob.ar\/ms\/enerfe\/wp-json\/wp\/v2\/comments?post=1004"}],"version-history":[{"count":6,"href":"https:\/\/www.santafe.gob.ar\/ms\/enerfe\/wp-json\/wp\/v2\/pages\/1004\/revisions"}],"predecessor-version":[{"id":1081,"href":"https:\/\/www.santafe.gob.ar\/ms\/enerfe\/wp-json\/wp\/v2\/pages\/1004\/revisions\/1081"}],"up":[{"embeddable":true,"href":"https:\/\/www.santafe.gob.ar\/ms\/enerfe\/wp-json\/wp\/v2\/pages\/857"}],"wp:attachment":[{"href":"https:\/\/www.santafe.gob.ar\/ms\/enerfe\/wp-json\/wp\/v2\/media?parent=1004"}],"curies":[{"name":"wp","href":"https:\/\/api.w.org\/{rel}","templated":true}]}}