{"id":1090,"date":"2022-02-11T15:54:57","date_gmt":"2022-02-11T18:54:57","guid":{"rendered":"https:\/\/www.santafe.gob.ar\/ms\/enerfe\/?page_id=1090"},"modified":"2022-04-05T14:20:10","modified_gmt":"2022-04-05T17:20:10","slug":"foro-de-consultas","status":"publish","type":"page","link":"https:\/\/www.santafe.gob.ar\/ms\/enerfe\/gasoducto-metropolitano\/foro-de-consultas\/","title":{"rendered":"Foro de consultas"},"content":{"rendered":"\n<h2 class=\"has-vivid-cyan-blue-color has-text-color wp-block-heading\">Este espacio constituye un foro de consultas e intercambio de ideas y propuestas sobre el Gasoducto Metropolitano, para que puedan participar y opinar todos quienes quieran hacerlo.<\/h2>\n\n\n\n<h2 class=\"has-vivid-cyan-blue-color has-text-color wp-block-heading\">Puedes enviar tu mensaje y ser\u00e1 publicado, si cumple con las normas b\u00e1sicas de conducta en este tipo de espacios p\u00fablicos. Hay un moderador responsable de administrar el Foro.<\/h2>\n\n\n\n<p class=\"wp-block-paragraph\"><\/p>\n\n\n\n<h2 class=\"wp-block-heading\">Links relacionados:<\/h2>\n\n\n\n<p class=\"wp-block-paragraph\"><a href=\"https:\/\/www.santafe.gob.ar\/ms\/enerfe\/gasoducto-metropolitano\/la-obra\/\" data-type=\"URL\">La Obra<\/a><\/p>\n\n\n\n<p class=\"wp-block-paragraph\"><a href=\"https:\/\/www.santafe.gob.ar\/ms\/enerfe\/compromiso-socioambiental\/\" data-type=\"URL\" data-id=\"https:\/\/www.santafe.gob.ar\/ms\/enerfe\/compromiso-socioambiental\/\">Compromiso Socioambiental<\/a><\/p>\n\n\n\n<p class=\"wp-block-paragraph\"><a href=\"https:\/\/www.santafe.gob.ar\/ms\/enerfe\/gasoducto-metropolitano\/preguntas-frecuentes-gasoducto-metropolitano\/\" data-type=\"URL\" data-id=\"https:\/\/www.santafe.gob.ar\/ms\/enerfe\/gasoducto-metropolitano\/preguntas-frecuentes-gasoducto-metropolitano\/\">Cruce de la Laguna Set\u00fabal<\/a><\/p>\n\n\n\n<p class=\"wp-block-paragraph\"> <a href=\"https:\/\/www.santafe.gob.ar\/ms\/enerfe\/gasoducto-metropolitano\/preguntas-frecuentes-gasoducto-metropolitano\/\">Gasoducto Metropolitano: Preguntas Frecuentes<\/a> <\/p>\n\n\n\n<p class=\"wp-block-paragraph\"> <\/p>\n","protected":false},"excerpt":{"rendered":"<p>Este espacio constituye un foro de consultas e intercambio de ideas y propuestas sobre el Gasoducto Metropolitano, para que puedan participar y opinar todos quienes quieran hacerlo. Puedes enviar tu mensaje y ser\u00e1 publicado, si cumple con las normas b\u00e1sicas de conducta en este tipo de espacios p\u00fablicos. Hay un moderador responsable de administrar el &hellip; <\/p>\n<p class=\"link-more\"><a href=\"https:\/\/www.santafe.gob.ar\/ms\/enerfe\/gasoducto-metropolitano\/foro-de-consultas\/\" class=\"more-link\">Continuar leyendo<span class=\"screen-reader-text\"> \u00abForo de consultas\u00bb<\/span><\/a><\/p>\n","protected":false},"author":3234,"featured_media":0,"parent":857,"menu_order":0,"comment_status":"open","ping_status":"closed","template":"","meta":{"_acf_changed":false,"_crdt_document":"","footnotes":""},"class_list":["post-1090","page","type-page","status-publish","hentry"],"acf":[],"_links":{"self":[{"href":"https:\/\/www.santafe.gob.ar\/ms\/enerfe\/wp-json\/wp\/v2\/pages\/1090","targetHints":{"allow":["GET"]}}],"collection":[{"href":"https:\/\/www.santafe.gob.ar\/ms\/enerfe\/wp-json\/wp\/v2\/pages"}],"about":[{"href":"https:\/\/www.santafe.gob.ar\/ms\/enerfe\/wp-json\/wp\/v2\/types\/page"}],"author":[{"embeddable":true,"href":"https:\/\/www.santafe.gob.ar\/ms\/enerfe\/wp-json\/wp\/v2\/users\/3234"}],"replies":[{"embeddable":true,"href":"https:\/\/www.santafe.gob.ar\/ms\/enerfe\/wp-json\/wp\/v2\/comments?post=1090"}],"version-history":[{"count":3,"href":"https:\/\/www.santafe.gob.ar\/ms\/enerfe\/wp-json\/wp\/v2\/pages\/1090\/revisions"}],"predecessor-version":[{"id":1182,"href":"https:\/\/www.santafe.gob.ar\/ms\/enerfe\/wp-json\/wp\/v2\/pages\/1090\/revisions\/1182"}],"up":[{"embeddable":true,"href":"https:\/\/www.santafe.gob.ar\/ms\/enerfe\/wp-json\/wp\/v2\/pages\/857"}],"wp:attachment":[{"href":"https:\/\/www.santafe.gob.ar\/ms\/enerfe\/wp-json\/wp\/v2\/media?parent=1090"}],"curies":[{"name":"wp","href":"https:\/\/api.w.org\/{rel}","templated":true}]}}