{"id":1421,"date":"2022-06-22T12:49:48","date_gmt":"2022-06-22T15:49:48","guid":{"rendered":"https:\/\/www.santafe.gob.ar\/ms\/enerfe\/?page_id=1421"},"modified":"2022-06-22T12:49:49","modified_gmt":"2022-06-22T15:49:49","slug":"licitaciones-2021-2","status":"publish","type":"page","link":"https:\/\/www.santafe.gob.ar\/ms\/enerfe\/licitaciones-2021-2\/","title":{"rendered":"Licitaciones 2021"},"content":{"rendered":"\n<h2 class=\"wp-block-heading\"><a href=\"https:\/\/www.santafe.gob.ar\/ms\/enerfe\/2021\/06\/16\/licitacion-1-21\/\" data-type=\"URL\" data-id=\"https:\/\/www.santafe.gob.ar\/ms\/enerfe\/2021\/06\/16\/licitacion-1-21\/\">Licitaci\u00f3n P\u00fablica N\u00ba 1\/21: Construcci\u00f3n e instalaci\u00f3n el\u00e9ctrica y cloacal, edificio: \u00abSistema Celda de Combustible\u00bb.<\/a><\/h2>\n\n\n\n<p class=\"wp-block-paragraph\"><\/p>\n\n\n\n<h2 class=\"wp-block-heading\"><a href=\"https:\/\/www.santafe.gob.ar\/ms\/enerfe\/2021\/09\/07\/licitacion-publica-no-2-21-ampliacion-del-gasoducto-regional-sur-provincia-de-santa-fe\/\" data-type=\"URL\" data-id=\"https:\/\/www.santafe.gob.ar\/ms\/enerfe\/2021\/09\/07\/licitacion-publica-no-2-21-ampliacion-del-gasoducto-regional-sur-provincia-de-santa-fe\/\">Licitaci\u00f3n P\u00fablica N\u00ba 2\/21: Ampliaci\u00f3n del Gasoducto Regional Sur, Provincia de Santa Fe<\/a><\/h2>\n\n\n\n<p class=\"wp-block-paragraph\"><\/p>\n\n\n\n<h2 class=\"wp-block-heading\"><a href=\"https:\/\/www.santafe.gob.ar\/ms\/enerfe\/2021\/11\/09\/licitacion-publica-no-3-21-adquisicion-de-vehiculos\/\" data-type=\"URL\" data-id=\"https:\/\/www.santafe.gob.ar\/ms\/enerfe\/2021\/11\/09\/licitacion-publica-no-3-21-adquisicion-de-vehiculos\/\">Licitaci\u00f3n P\u00fablica N\u00ba 3\/21: Adquisici\u00f3n de veh\u00edculos<\/a><\/h2>\n\n\n\n<p class=\"wp-block-paragraph\"><\/p>\n\n\n\n<h2 class=\"wp-block-heading\"><a href=\"https:\/\/www.santafe.gob.ar\/ms\/enerfe\/2021\/11\/11\/licitacion-publica-no-4-21-adquisicion-de-vehiculos\/\" data-type=\"URL\" data-id=\"https:\/\/www.santafe.gob.ar\/ms\/enerfe\/2021\/11\/11\/licitacion-publica-no-4-21-adquisicion-de-vehiculos\/\">Licitaci\u00f3n P\u00fablica N\u00ba 4\/21: Adquisici\u00f3n de veh\u00edculos<\/a><\/h2>\n\n\n\n<p class=\"wp-block-paragraph\"><\/p>\n\n\n\n<h2 class=\"wp-block-heading\"><a href=\"https:\/\/www.santafe.gob.ar\/ms\/enerfe\/2021\/12\/14\/licitacion-publica-no-5-21-adquisicion-de-chipeadora-para-madera\/\" data-type=\"URL\" data-id=\"https:\/\/www.santafe.gob.ar\/ms\/enerfe\/2021\/12\/14\/licitacion-publica-no-5-21-adquisicion-de-chipeadora-para-madera\/\">Licitaci\u00f3n P\u00fablica N\u00ba 5\/21: Adquisici\u00f3n de chipeadora para madera<\/a><\/h2>\n\n\n\n<p class=\"wp-block-paragraph\"><\/p>\n\n\n\n<p class=\"wp-block-paragraph\"><\/p>\n","protected":false},"excerpt":{"rendered":"<p>Licitaci\u00f3n P\u00fablica N\u00ba 1\/21: Construcci\u00f3n e instalaci\u00f3n el\u00e9ctrica y cloacal, edificio: \u00abSistema Celda de Combustible\u00bb. Licitaci\u00f3n P\u00fablica N\u00ba 2\/21: Ampliaci\u00f3n del Gasoducto Regional Sur, Provincia de Santa Fe Licitaci\u00f3n P\u00fablica N\u00ba 3\/21: Adquisici\u00f3n de veh\u00edculos Licitaci\u00f3n P\u00fablica N\u00ba 4\/21: Adquisici\u00f3n de veh\u00edculos Licitaci\u00f3n P\u00fablica N\u00ba 5\/21: Adquisici\u00f3n de chipeadora para madera<\/p>\n","protected":false},"author":3234,"featured_media":0,"parent":0,"menu_order":0,"comment_status":"closed","ping_status":"closed","template":"","meta":{"_acf_changed":false,"_crdt_document":"","footnotes":""},"class_list":["post-1421","page","type-page","status-publish","hentry"],"acf":[],"_links":{"self":[{"href":"https:\/\/www.santafe.gob.ar\/ms\/enerfe\/wp-json\/wp\/v2\/pages\/1421","targetHints":{"allow":["GET"]}}],"collection":[{"href":"https:\/\/www.santafe.gob.ar\/ms\/enerfe\/wp-json\/wp\/v2\/pages"}],"about":[{"href":"https:\/\/www.santafe.gob.ar\/ms\/enerfe\/wp-json\/wp\/v2\/types\/page"}],"author":[{"embeddable":true,"href":"https:\/\/www.santafe.gob.ar\/ms\/enerfe\/wp-json\/wp\/v2\/users\/3234"}],"replies":[{"embeddable":true,"href":"https:\/\/www.santafe.gob.ar\/ms\/enerfe\/wp-json\/wp\/v2\/comments?post=1421"}],"version-history":[{"count":1,"href":"https:\/\/www.santafe.gob.ar\/ms\/enerfe\/wp-json\/wp\/v2\/pages\/1421\/revisions"}],"predecessor-version":[{"id":1423,"href":"https:\/\/www.santafe.gob.ar\/ms\/enerfe\/wp-json\/wp\/v2\/pages\/1421\/revisions\/1423"}],"wp:attachment":[{"href":"https:\/\/www.santafe.gob.ar\/ms\/enerfe\/wp-json\/wp\/v2\/media?parent=1421"}],"curies":[{"name":"wp","href":"https:\/\/api.w.org\/{rel}","templated":true}]}}