{"id":1626,"date":"2023-04-05T09:50:58","date_gmt":"2023-04-05T12:50:58","guid":{"rendered":"https:\/\/www.santafe.gob.ar\/ms\/enerfe\/?page_id=1626"},"modified":"2023-04-05T09:55:18","modified_gmt":"2023-04-05T12:55:18","slug":"compras-fonarsec","status":"publish","type":"page","link":"https:\/\/www.santafe.gob.ar\/ms\/enerfe\/compras-fonarsec\/","title":{"rendered":"Compras FONARSEC"},"content":{"rendered":"\n<figure class=\"wp-block-image size-large\"><img loading=\"lazy\" decoding=\"async\" width=\"2560\" height=\"1440\" src=\"https:\/\/www.santafe.gob.ar\/ms\/enerfe\/wp-content\/uploads\/sites\/45\/2023\/04\/2022-11-08NID_276503O_1-edited-scaled.jpeg\" alt=\"\" class=\"wp-image-1632\" srcset=\"https:\/\/www.santafe.gob.ar\/ms\/enerfe\/wp-content\/uploads\/sites\/45\/2023\/04\/2022-11-08NID_276503O_1-edited-scaled.jpeg 2560w, https:\/\/www.santafe.gob.ar\/ms\/enerfe\/wp-content\/uploads\/sites\/45\/2023\/04\/2022-11-08NID_276503O_1-edited-300x169.jpeg 300w, https:\/\/www.santafe.gob.ar\/ms\/enerfe\/wp-content\/uploads\/sites\/45\/2023\/04\/2022-11-08NID_276503O_1-edited-1024x576.jpeg 1024w, https:\/\/www.santafe.gob.ar\/ms\/enerfe\/wp-content\/uploads\/sites\/45\/2023\/04\/2022-11-08NID_276503O_1-edited-768x432.jpeg 768w, https:\/\/www.santafe.gob.ar\/ms\/enerfe\/wp-content\/uploads\/sites\/45\/2023\/04\/2022-11-08NID_276503O_1-edited-1536x864.jpeg 1536w, https:\/\/www.santafe.gob.ar\/ms\/enerfe\/wp-content\/uploads\/sites\/45\/2023\/04\/2022-11-08NID_276503O_1-edited-2048x1152.jpeg 2048w\" sizes=\"auto, (max-width: 767px) 89vw, (max-width: 1000px) 54vw, (max-width: 1071px) 543px, 580px\" \/><\/figure>\n\n\n\n<p class=\"wp-block-paragraph\">En este apartado se publicar\u00e1n las distintas instancias de contrataciones y compras relacionadas a los convenios celebrados entre la Agencia Nacional de Promoci\u00f3n de la Investigaci\u00f3n, el Desarrollo Tecnol\u00f3gico y la Innovaci\u00f3n y ENERFE.<\/p>\n","protected":false},"excerpt":{"rendered":"<p>En este apartado se publicar\u00e1n las distintas instancias de contrataciones y compras relacionadas a los convenios celebrados entre la Agencia Nacional de Promoci\u00f3n de la Investigaci\u00f3n, el Desarrollo Tecnol\u00f3gico y la Innovaci\u00f3n y ENERFE.<\/p>\n","protected":false},"author":3234,"featured_media":0,"parent":0,"menu_order":0,"comment_status":"closed","ping_status":"closed","template":"","meta":{"_acf_changed":false,"_crdt_document":"","footnotes":""},"class_list":["post-1626","page","type-page","status-publish","hentry"],"acf":[],"_links":{"self":[{"href":"https:\/\/www.santafe.gob.ar\/ms\/enerfe\/wp-json\/wp\/v2\/pages\/1626","targetHints":{"allow":["GET"]}}],"collection":[{"href":"https:\/\/www.santafe.gob.ar\/ms\/enerfe\/wp-json\/wp\/v2\/pages"}],"about":[{"href":"https:\/\/www.santafe.gob.ar\/ms\/enerfe\/wp-json\/wp\/v2\/types\/page"}],"author":[{"embeddable":true,"href":"https:\/\/www.santafe.gob.ar\/ms\/enerfe\/wp-json\/wp\/v2\/users\/3234"}],"replies":[{"embeddable":true,"href":"https:\/\/www.santafe.gob.ar\/ms\/enerfe\/wp-json\/wp\/v2\/comments?post=1626"}],"version-history":[{"count":2,"href":"https:\/\/www.santafe.gob.ar\/ms\/enerfe\/wp-json\/wp\/v2\/pages\/1626\/revisions"}],"predecessor-version":[{"id":1633,"href":"https:\/\/www.santafe.gob.ar\/ms\/enerfe\/wp-json\/wp\/v2\/pages\/1626\/revisions\/1633"}],"wp:attachment":[{"href":"https:\/\/www.santafe.gob.ar\/ms\/enerfe\/wp-json\/wp\/v2\/media?parent=1626"}],"curies":[{"name":"wp","href":"https:\/\/api.w.org\/{rel}","templated":true}]}}