{"id":1638,"date":"2023-04-05T11:59:41","date_gmt":"2023-04-05T14:59:41","guid":{"rendered":"https:\/\/www.santafe.gob.ar\/ms\/enerfe\/?page_id=1638"},"modified":"2023-12-26T12:52:25","modified_gmt":"2023-12-26T15:52:25","slug":"proyecto-no16-plataforma-para-la-validacion-de-procesos-cataliticos","status":"publish","type":"page","link":"https:\/\/www.santafe.gob.ar\/ms\/enerfe\/proyecto-no16-plataforma-para-la-validacion-de-procesos-cataliticos\/","title":{"rendered":"Proyecto N\u00ba16: Plataforma para la validaci\u00f3n de procesos catal\u00edticos"},"content":{"rendered":"\n<p class=\"wp-block-paragraph\">Plataforma para la validaci\u00f3n de procesos catal\u00edticos, agregando valor a la cadena oleoqu\u00edmica: oportunidad para utilizar glicerol como materia prima.<\/p>\n\n\n\n<p class=\"wp-block-paragraph\">La Rep\u00fablica Argentina ha recibido un financiamiento del Banco interamericano de Desarrollo para financiar el costo del programa de innovaci\u00f3n Federal (5293\/OC-AR).<br>Y se propone utilizar parte de los fondos de este financiamiento para efectuar los pagos bajo el contrato IF -2022-118472632 Proyecto estrat\u00e9gico para la transici\u00f3n energ\u00e9tica N\u00ba 16.<br>D\u00f3nde se quiere validar procesos catal\u00edticos, agregando valor a la cadena oleoqu\u00edmica.<br>Beneficiarios del proyecto: CONICET &#8211; VARTECO QUIMICA PUNTANA S.A.-SANTA FE GAS Y ENERGIAS RENOVABLES- S.A.P.E.M. (ENERFE).<\/p>\n\n\n\n<figure class=\"wp-block-embed is-type-wp-embed is-provider-enerfe wp-block-embed-enerfe\"><div class=\"wp-block-embed__wrapper\">\n<blockquote class=\"wp-embedded-content\" data-secret=\"IwRZcGFhyW\"><a href=\"https:\/\/www.santafe.gob.ar\/ms\/enerfe\/proyecto-no16-plataforma-para-la-validacion-de-procesos-cataliticos\/\">Proyecto N\u00ba16: Plataforma para la validaci\u00f3n de procesos catal\u00edticos<\/a><\/blockquote><iframe loading=\"lazy\" class=\"wp-embedded-content\" sandbox=\"allow-scripts\" security=\"restricted\" style=\"position: absolute; visibility: hidden;\" title=\"\u00abProyecto N\u00ba16: Plataforma para la validaci\u00f3n de procesos catal\u00edticos\u00bb \u2014 ENERFE\" src=\"https:\/\/www.santafe.gob.ar\/ms\/enerfe\/proyecto-no16-plataforma-para-la-validacion-de-procesos-cataliticos\/embed\/#?secret=S9gxc8BdKd#?secret=IwRZcGFhyW\" data-secret=\"IwRZcGFhyW\" width=\"525\" height=\"296\" frameborder=\"0\" marginwidth=\"0\" marginheight=\"0\" scrolling=\"no\"><\/iframe>\n<\/div><\/figure>\n","protected":false},"excerpt":{"rendered":"<p>Plataforma para la validaci\u00f3n de procesos catal\u00edticos, agregando valor a la cadena oleoqu\u00edmica: oportunidad para utilizar glicerol como materia prima. La Rep\u00fablica Argentina ha recibido un financiamiento del Banco interamericano de Desarrollo para financiar el costo del programa de innovaci\u00f3n Federal (5293\/OC-AR).Y se propone utilizar parte de los fondos de este financiamiento para efectuar los &hellip; <\/p>\n<p class=\"link-more\"><a href=\"https:\/\/www.santafe.gob.ar\/ms\/enerfe\/proyecto-no16-plataforma-para-la-validacion-de-procesos-cataliticos\/\" class=\"more-link\">Continuar leyendo<span class=\"screen-reader-text\"> \u00abProyecto N\u00ba16: Plataforma para la validaci\u00f3n de procesos catal\u00edticos\u00bb<\/span><\/a><\/p>\n","protected":false},"author":3234,"featured_media":0,"parent":0,"menu_order":0,"comment_status":"closed","ping_status":"closed","template":"","meta":{"_acf_changed":false,"_crdt_document":"","footnotes":""},"class_list":["post-1638","page","type-page","status-publish","hentry"],"acf":[],"_links":{"self":[{"href":"https:\/\/www.santafe.gob.ar\/ms\/enerfe\/wp-json\/wp\/v2\/pages\/1638","targetHints":{"allow":["GET"]}}],"collection":[{"href":"https:\/\/www.santafe.gob.ar\/ms\/enerfe\/wp-json\/wp\/v2\/pages"}],"about":[{"href":"https:\/\/www.santafe.gob.ar\/ms\/enerfe\/wp-json\/wp\/v2\/types\/page"}],"author":[{"embeddable":true,"href":"https:\/\/www.santafe.gob.ar\/ms\/enerfe\/wp-json\/wp\/v2\/users\/3234"}],"replies":[{"embeddable":true,"href":"https:\/\/www.santafe.gob.ar\/ms\/enerfe\/wp-json\/wp\/v2\/comments?post=1638"}],"version-history":[{"count":2,"href":"https:\/\/www.santafe.gob.ar\/ms\/enerfe\/wp-json\/wp\/v2\/pages\/1638\/revisions"}],"predecessor-version":[{"id":1849,"href":"https:\/\/www.santafe.gob.ar\/ms\/enerfe\/wp-json\/wp\/v2\/pages\/1638\/revisions\/1849"}],"wp:attachment":[{"href":"https:\/\/www.santafe.gob.ar\/ms\/enerfe\/wp-json\/wp\/v2\/media?parent=1638"}],"curies":[{"name":"wp","href":"https:\/\/api.w.org\/{rel}","templated":true}]}}