{"id":2118,"date":"2024-10-28T16:26:32","date_gmt":"2024-10-28T19:26:32","guid":{"rendered":"https:\/\/www.santafe.gob.ar\/ms\/enerfe\/?page_id=2118"},"modified":"2025-01-27T09:50:17","modified_gmt":"2025-01-27T12:50:17","slug":"licitaciones-2024-2","status":"publish","type":"page","link":"https:\/\/www.santafe.gob.ar\/ms\/enerfe\/licitaciones-2024-2\/","title":{"rendered":"Licitaciones 2024"},"content":{"rendered":"\n<figure class=\"wp-block-embed is-type-wp-embed is-provider-enerfe wp-block-embed-enerfe\"><div class=\"wp-block-embed__wrapper\">\n<blockquote class=\"wp-embedded-content\" data-secret=\"HpoEjvTwRS\"><a href=\"https:\/\/www.santafe.gob.ar\/ms\/enerfe\/licitaciones-2024\/\">Licitaci\u00f3n p\u00fablica N\u00b0 01\/24 &#8211; Gasoductos para el Desarrollo<\/a><\/blockquote><iframe loading=\"lazy\" class=\"wp-embedded-content\" sandbox=\"allow-scripts\" security=\"restricted\" style=\"position: absolute; visibility: hidden;\" title=\"\u00abLicitaci\u00f3n p\u00fablica N\u00b0 01\/24 &#8211; Gasoductos para el Desarrollo\u00bb \u2014 ENERFE\" src=\"https:\/\/www.santafe.gob.ar\/ms\/enerfe\/licitaciones-2024\/embed\/#?secret=5CCTOt1fYx#?secret=HpoEjvTwRS\" data-secret=\"HpoEjvTwRS\" width=\"525\" height=\"296\" frameborder=\"0\" marginwidth=\"0\" marginheight=\"0\" scrolling=\"no\"><\/iframe>\n<\/div><\/figure>\n\n\n\n<figure class=\"wp-block-embed is-type-wp-embed is-provider-enerfe wp-block-embed-enerfe\"><div class=\"wp-block-embed__wrapper\">\n<blockquote class=\"wp-embedded-content\" data-secret=\"cbHWkD7FUj\"><a href=\"https:\/\/www.santafe.gob.ar\/ms\/enerfe\/2024\/11\/22\/licitacion-publica-n2-24-gasoductos-para-el-desarrollo\/\">Licitaci\u00f3n P\u00fablica N\u00b0 02\/24 &#8211; Construcci\u00f3n Nueva Estaci\u00f3n de Regulaci\u00f3n y Medici\u00f3n de Presi\u00f3n &#8211; Esperanza.<\/a><\/blockquote><iframe loading=\"lazy\" class=\"wp-embedded-content\" sandbox=\"allow-scripts\" security=\"restricted\" style=\"position: absolute; visibility: hidden;\" title=\"\u00abLicitaci\u00f3n P\u00fablica N\u00b0 02\/24 &#8211; Construcci\u00f3n Nueva Estaci\u00f3n de Regulaci\u00f3n y Medici\u00f3n de Presi\u00f3n &#8211; Esperanza.\u00bb \u2014 ENERFE\" src=\"https:\/\/www.santafe.gob.ar\/ms\/enerfe\/2024\/11\/22\/licitacion-publica-n2-24-gasoductos-para-el-desarrollo\/embed\/#?secret=vjtQ3bIvoD#?secret=cbHWkD7FUj\" data-secret=\"cbHWkD7FUj\" width=\"525\" height=\"296\" frameborder=\"0\" marginwidth=\"0\" marginheight=\"0\" scrolling=\"no\"><\/iframe>\n<\/div><\/figure>\n\n\n\n<figure class=\"wp-block-embed is-type-wp-embed is-provider-enerfe wp-block-embed-enerfe\"><div class=\"wp-block-embed__wrapper\">\n<blockquote class=\"wp-embedded-content\" data-secret=\"YZ6f9OMBrp\"><a href=\"https:\/\/www.santafe.gob.ar\/ms\/enerfe\/2024\/12\/10\/licitacion-publica-n-03-2024-canerias-gasoductos-para-el-desarrollo\/\">Licitaci\u00f3n p\u00fablica N\u00b0 03\/2024 &#8211; Ca\u00f1er\u00edas Gasoductos para el Desarrollo<\/a><\/blockquote><iframe loading=\"lazy\" class=\"wp-embedded-content\" sandbox=\"allow-scripts\" security=\"restricted\" style=\"position: absolute; visibility: hidden;\" title=\"\u00abLicitaci\u00f3n p\u00fablica N\u00b0 03\/2024 &#8211; Ca\u00f1er\u00edas Gasoductos para el Desarrollo\u00bb \u2014 ENERFE\" src=\"https:\/\/www.santafe.gob.ar\/ms\/enerfe\/2024\/12\/10\/licitacion-publica-n-03-2024-canerias-gasoductos-para-el-desarrollo\/embed\/#?secret=xMaxReU8Gs#?secret=YZ6f9OMBrp\" data-secret=\"YZ6f9OMBrp\" width=\"525\" height=\"296\" frameborder=\"0\" marginwidth=\"0\" marginheight=\"0\" scrolling=\"no\"><\/iframe>\n<\/div><\/figure>\n","protected":false},"excerpt":{"rendered":"","protected":false},"author":95415,"featured_media":0,"parent":0,"menu_order":0,"comment_status":"closed","ping_status":"closed","template":"","meta":{"_acf_changed":false,"_crdt_document":"","footnotes":""},"class_list":["post-2118","page","type-page","status-publish","hentry"],"acf":[],"_links":{"self":[{"href":"https:\/\/www.santafe.gob.ar\/ms\/enerfe\/wp-json\/wp\/v2\/pages\/2118","targetHints":{"allow":["GET"]}}],"collection":[{"href":"https:\/\/www.santafe.gob.ar\/ms\/enerfe\/wp-json\/wp\/v2\/pages"}],"about":[{"href":"https:\/\/www.santafe.gob.ar\/ms\/enerfe\/wp-json\/wp\/v2\/types\/page"}],"author":[{"embeddable":true,"href":"https:\/\/www.santafe.gob.ar\/ms\/enerfe\/wp-json\/wp\/v2\/users\/95415"}],"replies":[{"embeddable":true,"href":"https:\/\/www.santafe.gob.ar\/ms\/enerfe\/wp-json\/wp\/v2\/comments?post=2118"}],"version-history":[{"count":2,"href":"https:\/\/www.santafe.gob.ar\/ms\/enerfe\/wp-json\/wp\/v2\/pages\/2118\/revisions"}],"predecessor-version":[{"id":2355,"href":"https:\/\/www.santafe.gob.ar\/ms\/enerfe\/wp-json\/wp\/v2\/pages\/2118\/revisions\/2355"}],"wp:attachment":[{"href":"https:\/\/www.santafe.gob.ar\/ms\/enerfe\/wp-json\/wp\/v2\/media?parent=2118"}],"curies":[{"name":"wp","href":"https:\/\/api.w.org\/{rel}","templated":true}]}}