{"id":2941,"date":"2025-09-05T15:43:14","date_gmt":"2025-09-05T18:43:14","guid":{"rendered":"https:\/\/www.santafe.gob.ar\/ms\/enerfe\/?page_id=2941"},"modified":"2025-09-05T17:28:52","modified_gmt":"2025-09-05T20:28:52","slug":"secretaria-de-energia","status":"publish","type":"page","link":"https:\/\/www.santafe.gob.ar\/ms\/enerfe\/secretaria-de-energia\/","title":{"rendered":"Secretar\u00eda de Energ\u00eda"},"content":{"rendered":"\n<p class=\"wp-block-paragraph\"><strong>Secretaria de Energ\u00eda<\/strong>: Ver\u00f3nica Geese<\/p>\n\n\n\n<p class=\"wp-block-paragraph\"><strong>Subsecretaria de Energ\u00edas Renovables y Eficiencia Energ\u00e9tica<\/strong>: Mgtr. Ing. Cecilia Mijich<\/p>\n\n\n\n<p class=\"wp-block-paragraph\"><strong>Director de Eficiencia Energ\u00e9tica<\/strong>: Mgtr. Ing. Marco Massacesi<\/p>\n\n\n\n<div class=\"wp-block-columns is-layout-flex wp-container-core-columns-is-layout-8f761849 wp-block-columns-is-layout-flex\">\n<div class=\"wp-block-column is-vertically-aligned-center is-layout-flow wp-block-column-is-layout-flow\" style=\"flex-basis:100%\">\n<figure class=\"wp-block-embed is-type-wp-embed is-provider-prosumidores wp-block-embed-prosumidores\"><div class=\"wp-block-embed__wrapper\">\n<blockquote class=\"wp-embedded-content\" data-secret=\"rJD0ljvG7o\"><a href=\"https:\/\/www.santafe.gob.ar\/ms\/prosumidores\/\">P\u00e1gina principal<\/a><\/blockquote><iframe loading=\"lazy\" class=\"wp-embedded-content\" sandbox=\"allow-scripts\" security=\"restricted\" style=\"position: absolute; visibility: hidden;\" title=\"\u00abP\u00e1gina principal\u00bb \u2014 Prosumidores\" src=\"https:\/\/www.santafe.gob.ar\/ms\/prosumidores\/embed\/#?secret=U7k6FGliaW#?secret=rJD0ljvG7o\" data-secret=\"rJD0ljvG7o\" width=\"525\" height=\"296\" frameborder=\"0\" marginwidth=\"0\" marginheight=\"0\" scrolling=\"no\"><\/iframe>\n<\/div><figcaption class=\"wp-element-caption\">Prosumidores 4.0<\/figcaption><\/figure>\n<\/div>\n<\/div>\n\n\n\n<figure class=\"wp-block-embed is-type-wp-embed is-provider-eficiencia-energ-tica wp-block-embed-eficiencia-energ-tica\"><div class=\"wp-block-embed__wrapper\">\n<blockquote class=\"wp-embedded-content\" data-secret=\"DS1u853qoU\"><a href=\"https:\/\/www.santafe.gob.ar\/ms\/eficienciaenergetica\/\">P\u00e1gina principal<\/a><\/blockquote><iframe loading=\"lazy\" class=\"wp-embedded-content\" sandbox=\"allow-scripts\" security=\"restricted\" style=\"position: absolute; visibility: hidden;\" title=\"\u00abP\u00e1gina principal\u00bb \u2014 Eficiencia Energ\u00e9tica\" src=\"https:\/\/www.santafe.gob.ar\/ms\/eficienciaenergetica\/embed\/#?secret=pi1oDQrpQf#?secret=DS1u853qoU\" data-secret=\"DS1u853qoU\" width=\"525\" height=\"296\" frameborder=\"0\" marginwidth=\"0\" marginheight=\"0\" scrolling=\"no\"><\/iframe>\n<\/div><figcaption class=\"wp-element-caption\">Eficiencia Energ\u00e9tica<\/figcaption><\/figure>\n","protected":false},"excerpt":{"rendered":"<p>Secretaria de Energ\u00eda: Ver\u00f3nica Geese Subsecretaria de Energ\u00edas Renovables y Eficiencia Energ\u00e9tica: Mgtr. Ing. Cecilia Mijich Director de Eficiencia Energ\u00e9tica: Mgtr. Ing. Marco Massacesi<\/p>\n","protected":false},"author":95415,"featured_media":0,"parent":0,"menu_order":0,"comment_status":"closed","ping_status":"closed","template":"","meta":{"_acf_changed":false,"_crdt_document":"","footnotes":""},"class_list":["post-2941","page","type-page","status-publish","hentry"],"acf":[],"_links":{"self":[{"href":"https:\/\/www.santafe.gob.ar\/ms\/enerfe\/wp-json\/wp\/v2\/pages\/2941","targetHints":{"allow":["GET"]}}],"collection":[{"href":"https:\/\/www.santafe.gob.ar\/ms\/enerfe\/wp-json\/wp\/v2\/pages"}],"about":[{"href":"https:\/\/www.santafe.gob.ar\/ms\/enerfe\/wp-json\/wp\/v2\/types\/page"}],"author":[{"embeddable":true,"href":"https:\/\/www.santafe.gob.ar\/ms\/enerfe\/wp-json\/wp\/v2\/users\/95415"}],"replies":[{"embeddable":true,"href":"https:\/\/www.santafe.gob.ar\/ms\/enerfe\/wp-json\/wp\/v2\/comments?post=2941"}],"version-history":[{"count":7,"href":"https:\/\/www.santafe.gob.ar\/ms\/enerfe\/wp-json\/wp\/v2\/pages\/2941\/revisions"}],"predecessor-version":[{"id":2955,"href":"https:\/\/www.santafe.gob.ar\/ms\/enerfe\/wp-json\/wp\/v2\/pages\/2941\/revisions\/2955"}],"wp:attachment":[{"href":"https:\/\/www.santafe.gob.ar\/ms\/enerfe\/wp-json\/wp\/v2\/media?parent=2941"}],"curies":[{"name":"wp","href":"https:\/\/api.w.org\/{rel}","templated":true}]}}