{"id":322,"date":"2021-06-17T10:04:51","date_gmt":"2021-06-17T08:04:51","guid":{"rendered":"https:\/\/www.santafe.gob.ar\/ms\/enerfe\/?page_id=322"},"modified":"2025-11-28T14:28:17","modified_gmt":"2025-11-28T17:28:17","slug":"home","status":"publish","type":"page","link":"https:\/\/www.santafe.gob.ar\/ms\/enerfe\/","title":{"rendered":""},"content":{"rendered":"\n<p class=\"wp-block-paragraph\"><strong>Santa Fe Gas y Energ\u00edas Renovables Sociedad An\u00f3nima <\/strong>es una empresa que tiene como objetivo promover el desarrollo de la provincia a trav\u00e9s de soluciones energ\u00e9ticas, incluyendo la expansi\u00f3n del gas natural y el impulso de energ\u00edas renovables.<\/p>\n\n\n\n<p class=\"wp-block-paragraph\">Nuestra misi\u00f3n es contribuir al desarrollo social, productivo e industrial de la provincia de Santa Fe, generando energ\u00eda limpia y sustentable.&nbsp;<\/p>\n\n\n\n<div class=\"wp-block-columns is-layout-flex wp-container-core-columns-is-layout-8f761849 wp-block-columns-is-layout-flex\">\n<div class=\"wp-block-column is-vertically-aligned-center is-layout-flow wp-block-column-is-layout-flow\" style=\"flex-basis:100%\">\n<div class=\"wp-block-group\"><div class=\"wp-block-group__inner-container is-layout-constrained wp-block-group-is-layout-constrained\">\n<div class=\"wp-block-columns is-layout-flex wp-container-core-columns-is-layout-8f761849 wp-block-columns-is-layout-flex\">\n<div class=\"wp-block-column is-vertically-aligned-center is-layout-flow wp-block-column-is-layout-flow\" style=\"flex-basis:100%\">\n<div class=\"wp-block-group\"><div class=\"wp-block-group__inner-container is-layout-constrained wp-block-group-is-layout-constrained\">\n<figure class=\"wp-block-gallery aligncenter has-nested-images columns-default is-cropped wp-block-gallery-3 is-layout-flex wp-block-gallery-is-layout-flex\">\n<figure class=\"wp-block-image size-large is-resized is-style-default wp-duotone-unset-1\"><a href=\"https:\/\/www.santafe.gob.ar\/ms\/prosumidores\/\"><img loading=\"lazy\" decoding=\"async\" width=\"362\" height=\"84\" data-id=\"3047\" src=\"https:\/\/www.santafe.gob.ar\/ms\/enerfe\/wp-content\/uploads\/sites\/45\/2025\/11\/logo.png\" alt=\"\" class=\"wp-image-3047\" style=\"aspect-ratio:4.310880829015544;width:228px;height:auto\" srcset=\"https:\/\/www.santafe.gob.ar\/ms\/enerfe\/wp-content\/uploads\/sites\/45\/2025\/11\/logo.png 362w, https:\/\/www.santafe.gob.ar\/ms\/enerfe\/wp-content\/uploads\/sites\/45\/2025\/11\/logo-300x70.png 300w\" sizes=\"auto, (max-width: 362px) 100vw, 362px\" \/><\/a><\/figure>\n\n\n\n<figure class=\"wp-block-image size-large is-resized is-style-default wp-duotone-unset-2\"><a href=\"https:\/\/www.santafe.gob.ar\/ms\/eficienciaenergetica\/\"><img loading=\"lazy\" decoding=\"async\" width=\"244\" height=\"99\" data-id=\"3049\" src=\"https:\/\/www.santafe.gob.ar\/ms\/enerfe\/wp-content\/uploads\/sites\/45\/2025\/11\/logo2-1.png\" alt=\"\" class=\"wp-image-3049\" style=\"width:125px;height:auto\" \/><\/a><\/figure>\n<\/figure>\n<\/div><\/div>\n\n\n\n<hr class=\"wp-block-separator has-alpha-channel-opacity\" \/>\n<\/div>\n<\/div>\n<\/div><\/div>\n<\/div>\n<\/div>\n\n\n\n<div class=\"wp-block-group is-nowrap is-layout-flex wp-container-core-group-is-layout-8f761849 wp-block-group-is-layout-flex\">\n<figure class=\"wp-block-embed is-type-wp-embed is-provider-enerfe wp-block-embed-enerfe\"><div class=\"wp-block-embed__wrapper\">\n<blockquote class=\"wp-embedded-content\" data-secret=\"GUNfas8V5N\"><a href=\"https:\/\/www.santafe.gob.ar\/ms\/enerfe\/2025\/11\/25\/santa-fe-avanza-en-una-alianza-estrategica-para-desarrollar-fuentes-alternativas-de-energia-sustentable\/\">Santa Fe avanza en una alianza estrat\u00e9gica para desarrollar fuentes alternativas de energ\u00eda sustentable<\/a><\/blockquote><iframe loading=\"lazy\" class=\"wp-embedded-content\" sandbox=\"allow-scripts\" security=\"restricted\" style=\"position: absolute; visibility: hidden;\" title=\"\u00abSanta Fe avanza en una alianza estrat\u00e9gica para desarrollar fuentes alternativas de energ\u00eda sustentable\u00bb \u2014 ENERFE\" src=\"https:\/\/www.santafe.gob.ar\/ms\/enerfe\/2025\/11\/25\/santa-fe-avanza-en-una-alianza-estrategica-para-desarrollar-fuentes-alternativas-de-energia-sustentable\/embed\/#?secret=ruEKH9nEKi#?secret=GUNfas8V5N\" data-secret=\"GUNfas8V5N\" width=\"525\" height=\"296\" frameborder=\"0\" marginwidth=\"0\" marginheight=\"0\" scrolling=\"no\"><\/iframe>\n<\/div><\/figure>\n\n\n\n<figure class=\"wp-block-embed is-type-wp-embed is-provider-enerfe wp-block-embed-enerfe\"><div class=\"wp-block-embed__wrapper\">\n<blockquote class=\"wp-embedded-content\" data-secret=\"QfwydiEppi\"><a href=\"https:\/\/www.santafe.gob.ar\/ms\/enerfe\/2025\/10\/20\/gasoductos-para-el-desarrollo-llegaron-los-primeros-30-km-de-canos-a-berabevu-y-el-martes-desembarcan-en-fuentes\/\">Gasoductos para el Desarrollo: llegaron los primeros 30 km de ca\u00f1os a Berabev\u00fa y el martes desembarcan en Fuentes<\/a><\/blockquote><iframe loading=\"lazy\" class=\"wp-embedded-content\" sandbox=\"allow-scripts\" security=\"restricted\" style=\"position: absolute; visibility: hidden;\" title=\"\u00abGasoductos para el Desarrollo: llegaron los primeros 30 km de ca\u00f1os a Berabev\u00fa y el martes desembarcan en Fuentes\u00bb \u2014 ENERFE\" src=\"https:\/\/www.santafe.gob.ar\/ms\/enerfe\/2025\/10\/20\/gasoductos-para-el-desarrollo-llegaron-los-primeros-30-km-de-canos-a-berabevu-y-el-martes-desembarcan-en-fuentes\/embed\/#?secret=8zOZFTKMB3#?secret=QfwydiEppi\" data-secret=\"QfwydiEppi\" width=\"525\" height=\"296\" frameborder=\"0\" marginwidth=\"0\" marginheight=\"0\" scrolling=\"no\"><\/iframe>\n<\/div><\/figure>\n\n\n\n<div class=\"wp-block-buttons is-content-justification-center is-layout-flex wp-container-core-buttons-is-layout-fe48e5de wp-block-buttons-is-layout-flex\"><\/div>\n<\/div>\n\n\n\n<hr class=\"wp-block-separator has-alpha-channel-opacity\" \/>\n\n\n\n<h1 class=\"wp-block-heading has-text-align-center\">Plan de Gasoductos para el Desarrollo<\/h1>\n\n\n<div class=\"wp-block-image is-resized\">\n<figure class=\"aligncenter size-large\"><img loading=\"lazy\" decoding=\"async\" width=\"1024\" height=\"576\" src=\"https:\/\/www.santafe.gob.ar\/ms\/enerfe\/wp-content\/uploads\/sites\/45\/2024\/08\/WhatsApp-Image-2024-08-27-at-19.41.37-1-1024x576.jpeg\" alt=\"\" class=\"wp-image-1949\" srcset=\"https:\/\/www.santafe.gob.ar\/ms\/enerfe\/wp-content\/uploads\/sites\/45\/2024\/08\/WhatsApp-Image-2024-08-27-at-19.41.37-1-1024x576.jpeg 1024w, https:\/\/www.santafe.gob.ar\/ms\/enerfe\/wp-content\/uploads\/sites\/45\/2024\/08\/WhatsApp-Image-2024-08-27-at-19.41.37-1-300x169.jpeg 300w, https:\/\/www.santafe.gob.ar\/ms\/enerfe\/wp-content\/uploads\/sites\/45\/2024\/08\/WhatsApp-Image-2024-08-27-at-19.41.37-1-768x432.jpeg 768w, https:\/\/www.santafe.gob.ar\/ms\/enerfe\/wp-content\/uploads\/sites\/45\/2024\/08\/WhatsApp-Image-2024-08-27-at-19.41.37-1-1536x864.jpeg 1536w, https:\/\/www.santafe.gob.ar\/ms\/enerfe\/wp-content\/uploads\/sites\/45\/2024\/08\/WhatsApp-Image-2024-08-27-at-19.41.37-1-2048x1152.jpeg 2048w\" sizes=\"auto, (max-width: 767px) 89vw, (max-width: 1000px) 54vw, (max-width: 1071px) 543px, 580px\" \/><\/figure>\n<\/div>\n\n\n<p class=\"has-medium-font-size wp-block-paragraph\">El mismo contempla la construcci\u00f3n de cinco nuevos gasoductos, m\u00e1s uno realizado por la empresa Litoral Gas, que en una obra total aproximada de 610 kilometros, conectar\u00e1n 45 localidades distribuidas en 10 departamentos, que al d\u00eda de hoy no cuentan con el servicio de gas natural por red.<\/p>\n\n\n\n<p class=\"has-medium-font-size wp-block-paragraph\">El gobierno de la Provincia de Santa Fe, junto con Enerfe, presentaron el pasado martes 27 de agosto de 2024 un plan de gasificaci\u00f3n enfocado en el desarrollo de la producci\u00f3n santafesina.<\/p>\n\n\n\n<p class=\"has-medium-font-size wp-block-paragraph\">El plan prevee una inversi\u00f3n inicial de $196.414.502.000 que beneficiar\u00e1 a m\u00e1s de 120.000 santafesinos, y permitir\u00e1 la conexi\u00f3n a 250 industrias que necesitan de este servicio para aumentar su productividad.<\/p>\n\n\n\n<hr class=\"wp-block-separator has-css-opacity\" \/>\n\n\n\n<div class=\"wp-block-media-text alignwide is-stacked-on-mobile\"><figure class=\"wp-block-media-text__media\"><img loading=\"lazy\" decoding=\"async\" width=\"1024\" height=\"1024\" src=\"https:\/\/www.santafe.gob.ar\/ms\/enerfe\/wp-content\/uploads\/sites\/45\/2024\/08\/WhatsApp-Image-2024-08-30-at-10.25.23-2-1024x1024.jpeg\" alt=\"\" class=\"wp-image-1993 size-full\" srcset=\"https:\/\/www.santafe.gob.ar\/ms\/enerfe\/wp-content\/uploads\/sites\/45\/2024\/08\/WhatsApp-Image-2024-08-30-at-10.25.23-2-1024x1024.jpeg 1024w, https:\/\/www.santafe.gob.ar\/ms\/enerfe\/wp-content\/uploads\/sites\/45\/2024\/08\/WhatsApp-Image-2024-08-30-at-10.25.23-2-300x300.jpeg 300w, https:\/\/www.santafe.gob.ar\/ms\/enerfe\/wp-content\/uploads\/sites\/45\/2024\/08\/WhatsApp-Image-2024-08-30-at-10.25.23-2-150x150.jpeg 150w, https:\/\/www.santafe.gob.ar\/ms\/enerfe\/wp-content\/uploads\/sites\/45\/2024\/08\/WhatsApp-Image-2024-08-30-at-10.25.23-2-768x768.jpeg 768w, https:\/\/www.santafe.gob.ar\/ms\/enerfe\/wp-content\/uploads\/sites\/45\/2024\/08\/WhatsApp-Image-2024-08-30-at-10.25.23-2-1536x1536.jpeg 1536w, https:\/\/www.santafe.gob.ar\/ms\/enerfe\/wp-content\/uploads\/sites\/45\/2024\/08\/WhatsApp-Image-2024-08-30-at-10.25.23-2-2048x2048.jpeg 2048w, https:\/\/www.santafe.gob.ar\/ms\/enerfe\/wp-content\/uploads\/sites\/45\/2024\/08\/WhatsApp-Image-2024-08-30-at-10.25.23-2-100x100.jpeg 100w\" sizes=\"auto, (max-width: 767px) 89vw, (max-width: 1000px) 54vw, (max-width: 1071px) 543px, 580px\" \/><\/figure><div class=\"wp-block-media-text__content\">\n<p class=\"has-text-align-left wp-block-paragraph\"><strong><a href=\"https:\/\/www.santafe.gob.ar\/ms\/enerfe\/2024\/08\/30\/plan-de-gasoductos-para-el-desarrollo-conocelos\/\">Gasoductos para el Desarrollo<\/a>:<\/strong> <\/p>\n\n\n\n<p class=\"has-text-align-left wp-block-paragraph\">El gobernador present\u00f3 un plan de gasificaci\u00f3n que conectar\u00e1 a 45 localidades.<\/p>\n<\/div><\/div>\n\n\n\n<hr class=\"wp-block-separator has-css-opacity\" \/>\n\n\n\n<p class=\"wp-block-paragraph\"><a href=\"https:\/\/www.santafe.gob.ar\/ms\/enerfe\/2025\/08\/20\/07-25-gd-hughes-construccion\/\">GASODUCTOS PARA EL DESARROLLO: HUGHES<\/a><\/p>\n\n\n\n<figure class=\"wp-block-embed is-type-wp-embed is-provider-enerfe wp-block-embed-enerfe\"><div class=\"wp-block-embed__wrapper\">\n<blockquote class=\"wp-embedded-content\" data-secret=\"3sUbdxxVPe\"><a href=\"https:\/\/www.santafe.gob.ar\/ms\/enerfe\/2025\/08\/20\/07-25-gd-hughes-construccion\/\">07\/25 GD Hughes &#8211; Construcci\u00f3n<\/a><\/blockquote><iframe loading=\"lazy\" class=\"wp-embedded-content\" sandbox=\"allow-scripts\" security=\"restricted\" style=\"position: absolute; visibility: hidden;\" title=\"\u00ab07\/25 GD Hughes &#8211; Construcci\u00f3n\u00bb \u2014 ENERFE\" src=\"https:\/\/www.santafe.gob.ar\/ms\/enerfe\/2025\/08\/20\/07-25-gd-hughes-construccion\/embed\/#?secret=4qOfevR3cr#?secret=3sUbdxxVPe\" data-secret=\"3sUbdxxVPe\" width=\"525\" height=\"296\" frameborder=\"0\" marginwidth=\"0\" marginheight=\"0\" scrolling=\"no\"><\/iframe>\n<\/div><\/figure>\n\n\n\n<hr class=\"wp-block-separator has-alpha-channel-opacity\" \/>\n\n\n\n<h3 class=\"wp-block-heading has-text-align-center\"><strong>\u00daLTIMAS NOTICIAS<\/strong><\/h3>\n\n\n<ul class=\"wp-block-latest-posts__list is-grid columns-3 wp-block-latest-posts\"><li><a class=\"wp-block-latest-posts__post-title\" href=\"https:\/\/www.santafe.gob.ar\/ms\/enerfe\/2026\/03\/31\/provincia-concreto-la-conexion-del-gasoducto-metropolitano-no-parar-la-obra-publica-es-una-decision-estrategica-dijo-puccini\/\">Provincia concret\u00f3 la conexi\u00f3n del Gasoducto Metropolitano: \u201cNo parar la obra p\u00fablica es una decisi\u00f3n estrat\u00e9gica\u201d, dijo Puccini<\/a><\/li>\n<li><a class=\"wp-block-latest-posts__post-title\" href=\"https:\/\/www.santafe.gob.ar\/ms\/enerfe\/2026\/02\/20\/la-provincia-invertira-en-el-plan-de-gasoductos-los-fondos-que-recupere-con-la-venta-de-terrenos-en-desuso\/\">La Provincia invertir\u00e1 en el Plan de Gasoductos, los fondos que se obtendr\u00e1n de la venta de terrenos en desuso<\/a><\/li>\n<li><a class=\"wp-block-latest-posts__post-title\" href=\"https:\/\/www.santafe.gob.ar\/ms\/enerfe\/2026\/01\/16\/tarifa-del-gas-santa-fe-consiguio-que-nacion-investigue-los-precios-que-cobran-a-grandes-usuarios-de-todo-el-pais\/\">Tarifa del gas: Santa Fe consigui\u00f3 que Naci\u00f3n investigue los precios que cobran a grandes usuarios de todo el pa\u00eds<\/a><\/li>\n<li><a class=\"wp-block-latest-posts__post-title\" href=\"https:\/\/www.santafe.gob.ar\/ms\/enerfe\/2025\/11\/25\/santa-fe-avanza-en-una-alianza-estrategica-para-desarrollar-fuentes-alternativas-de-energia-sustentable\/\">Santa Fe avanza en una alianza estrat\u00e9gica para desarrollar fuentes alternativas de energ\u00eda sustentable<\/a><\/li>\n<li><a class=\"wp-block-latest-posts__post-title\" href=\"https:\/\/www.santafe.gob.ar\/ms\/enerfe\/2025\/10\/24\/07-25-gd-hughes-construccion-2\/\">GD Hughes \u2013 Construcci\u00f3n<\/a><\/li>\n<\/ul>\n\n\n<div style=\"height:33px\" aria-hidden=\"true\" class=\"wp-block-spacer\"><\/div>\n\n\n\n<p class=\"wp-block-paragraph\"><\/p>\n\n\n\n<div class=\"wp-block-button\"><a class=\"wp-block-button__link has-very-light-gray-color has-vivid-cyan-blue-background-color has-text-color has-background wp-element-button\" href=\"https:\/\/www.santafe.gob.ar\/ms\/enerfe\/2024\/08\/30\/plan-de-gasoductos-para-el-desarrollo-conocelos\/\">Ver m\u00e1s<\/a><\/div>\n\n\n\n<hr class=\"wp-block-separator has-css-opacity\" \/>\n\n\n\n<div class=\"wp-block-media-text alignwide is-stacked-on-mobile\"><figure class=\"wp-block-media-text__media\"><img loading=\"lazy\" decoding=\"async\" width=\"1021\" height=\"1024\" src=\"https:\/\/www.santafe.gob.ar\/ms\/enerfe\/wp-content\/uploads\/sites\/45\/2024\/08\/WhatsApp-Image-2024-08-30-at-11.12.40-5-1021x1024.jpeg\" alt=\"\" class=\"wp-image-2005 size-full\" srcset=\"https:\/\/www.santafe.gob.ar\/ms\/enerfe\/wp-content\/uploads\/sites\/45\/2024\/08\/WhatsApp-Image-2024-08-30-at-11.12.40-5-1021x1024.jpeg 1021w, https:\/\/www.santafe.gob.ar\/ms\/enerfe\/wp-content\/uploads\/sites\/45\/2024\/08\/WhatsApp-Image-2024-08-30-at-11.12.40-5-300x300.jpeg 300w, https:\/\/www.santafe.gob.ar\/ms\/enerfe\/wp-content\/uploads\/sites\/45\/2024\/08\/WhatsApp-Image-2024-08-30-at-11.12.40-5-150x150.jpeg 150w, https:\/\/www.santafe.gob.ar\/ms\/enerfe\/wp-content\/uploads\/sites\/45\/2024\/08\/WhatsApp-Image-2024-08-30-at-11.12.40-5-768x770.jpeg 768w, https:\/\/www.santafe.gob.ar\/ms\/enerfe\/wp-content\/uploads\/sites\/45\/2024\/08\/WhatsApp-Image-2024-08-30-at-11.12.40-5-1532x1536.jpeg 1532w, https:\/\/www.santafe.gob.ar\/ms\/enerfe\/wp-content\/uploads\/sites\/45\/2024\/08\/WhatsApp-Image-2024-08-30-at-11.12.40-5-2043x2048.jpeg 2043w, https:\/\/www.santafe.gob.ar\/ms\/enerfe\/wp-content\/uploads\/sites\/45\/2024\/08\/WhatsApp-Image-2024-08-30-at-11.12.40-5-100x100.jpeg 100w\" sizes=\"auto, (max-width: 767px) 89vw, (max-width: 1000px) 54vw, (max-width: 1071px) 543px, 580px\" \/><\/figure><div class=\"wp-block-media-text__content\">\n<p class=\"wp-block-paragraph\"><a href=\"https:\/\/www.santafe.gob.ar\/ms\/enerfe\/2024\/08\/30\/renovacion-del-parque-solar\/\"><strong>Parque Solar<\/strong>: Reacondicionamiento de instalaciones y nuevos proyectos<\/a><\/p>\n<\/div><\/div>\n\n\n\n<hr class=\"wp-block-separator has-css-opacity\" \/>\n\n\n\n<div class=\"wp-block-media-text alignwide is-stacked-on-mobile\" style=\"grid-template-columns:51% auto\"><figure class=\"wp-block-media-text__media\"><img loading=\"lazy\" decoding=\"async\" width=\"1024\" height=\"1024\" src=\"https:\/\/www.santafe.gob.ar\/ms\/enerfe\/wp-content\/uploads\/sites\/45\/2024\/08\/WhatsApp-Image-2024-07-25-at-12.10.00-2-1024x1024.jpeg\" alt=\"\" class=\"wp-image-1990 size-full\" srcset=\"https:\/\/www.santafe.gob.ar\/ms\/enerfe\/wp-content\/uploads\/sites\/45\/2024\/08\/WhatsApp-Image-2024-07-25-at-12.10.00-2-1024x1024.jpeg 1024w, https:\/\/www.santafe.gob.ar\/ms\/enerfe\/wp-content\/uploads\/sites\/45\/2024\/08\/WhatsApp-Image-2024-07-25-at-12.10.00-2-300x300.jpeg 300w, https:\/\/www.santafe.gob.ar\/ms\/enerfe\/wp-content\/uploads\/sites\/45\/2024\/08\/WhatsApp-Image-2024-07-25-at-12.10.00-2-150x150.jpeg 150w, https:\/\/www.santafe.gob.ar\/ms\/enerfe\/wp-content\/uploads\/sites\/45\/2024\/08\/WhatsApp-Image-2024-07-25-at-12.10.00-2-768x768.jpeg 768w, https:\/\/www.santafe.gob.ar\/ms\/enerfe\/wp-content\/uploads\/sites\/45\/2024\/08\/WhatsApp-Image-2024-07-25-at-12.10.00-2-1536x1536.jpeg 1536w, https:\/\/www.santafe.gob.ar\/ms\/enerfe\/wp-content\/uploads\/sites\/45\/2024\/08\/WhatsApp-Image-2024-07-25-at-12.10.00-2-2048x2048.jpeg 2048w, https:\/\/www.santafe.gob.ar\/ms\/enerfe\/wp-content\/uploads\/sites\/45\/2024\/08\/WhatsApp-Image-2024-07-25-at-12.10.00-2-100x100.jpeg 100w\" sizes=\"auto, (max-width: 767px) 89vw, (max-width: 1000px) 54vw, (max-width: 1071px) 543px, 580px\" \/><\/figure><div class=\"wp-block-media-text__content\">\n<p class=\"wp-block-paragraph\"><a href=\"https:\/\/www.santafe.gob.ar\/ms\/enerfe\/wp-admin\/post.php?post=1919&amp;action=edit\"><strong>Gasoducto Metropolitano<\/strong>: Avanzan las obras luego de acuerdo con constructora<\/a><\/p>\n<\/div><\/div>\n\n\n\n<hr class=\"wp-block-separator has-css-opacity\" \/>\n\n\n\n<p class=\"wp-block-paragraph\"><\/p>\n\n\n\n<div class=\"wp-block-media-text alignwide is-stacked-on-mobile\"><figure class=\"wp-block-media-text__media\"><img loading=\"lazy\" decoding=\"async\" width=\"954\" height=\"954\" src=\"https:\/\/www.santafe.gob.ar\/ms\/enerfe\/wp-content\/uploads\/sites\/45\/2024\/08\/WhatsApp-Image-2024-08-30-at-11.27.32.jpeg\" alt=\"\" class=\"wp-image-2001 size-full\" srcset=\"https:\/\/www.santafe.gob.ar\/ms\/enerfe\/wp-content\/uploads\/sites\/45\/2024\/08\/WhatsApp-Image-2024-08-30-at-11.27.32.jpeg 954w, https:\/\/www.santafe.gob.ar\/ms\/enerfe\/wp-content\/uploads\/sites\/45\/2024\/08\/WhatsApp-Image-2024-08-30-at-11.27.32-300x300.jpeg 300w, https:\/\/www.santafe.gob.ar\/ms\/enerfe\/wp-content\/uploads\/sites\/45\/2024\/08\/WhatsApp-Image-2024-08-30-at-11.27.32-150x150.jpeg 150w, https:\/\/www.santafe.gob.ar\/ms\/enerfe\/wp-content\/uploads\/sites\/45\/2024\/08\/WhatsApp-Image-2024-08-30-at-11.27.32-768x768.jpeg 768w, https:\/\/www.santafe.gob.ar\/ms\/enerfe\/wp-content\/uploads\/sites\/45\/2024\/08\/WhatsApp-Image-2024-08-30-at-11.27.32-100x100.jpeg 100w\" sizes=\"auto, (max-width: 767px) 89vw, (max-width: 1000px) 54vw, (max-width: 1071px) 543px, 580px\" \/><\/figure><div class=\"wp-block-media-text__content\">\n<p class=\"wp-block-paragraph\"><strong>Helvecia<\/strong>: Obra de red a punto de finalizar y a la espera de las habilitaciones para poder brindar el servicio.<\/p>\n<\/div><\/div>\n\n\n\n<hr class=\"wp-block-separator has-css-opacity\" \/>\n\n\n\n<p class=\"wp-block-paragraph\"><\/p>\n\n\n\n<div class=\"wp-block-media-text alignwide is-stacked-on-mobile\"><figure class=\"wp-block-media-text__media\"><img loading=\"lazy\" decoding=\"async\" width=\"1024\" height=\"1024\" src=\"https:\/\/www.santafe.gob.ar\/ms\/enerfe\/wp-content\/uploads\/sites\/45\/2024\/08\/WhatsApp-Image-2024-08-30-at-11.12.40-2-1024x1024.jpeg\" alt=\"\" class=\"wp-image-1998 size-full\" srcset=\"https:\/\/www.santafe.gob.ar\/ms\/enerfe\/wp-content\/uploads\/sites\/45\/2024\/08\/WhatsApp-Image-2024-08-30-at-11.12.40-2-1024x1024.jpeg 1024w, https:\/\/www.santafe.gob.ar\/ms\/enerfe\/wp-content\/uploads\/sites\/45\/2024\/08\/WhatsApp-Image-2024-08-30-at-11.12.40-2-300x300.jpeg 300w, https:\/\/www.santafe.gob.ar\/ms\/enerfe\/wp-content\/uploads\/sites\/45\/2024\/08\/WhatsApp-Image-2024-08-30-at-11.12.40-2-150x150.jpeg 150w, https:\/\/www.santafe.gob.ar\/ms\/enerfe\/wp-content\/uploads\/sites\/45\/2024\/08\/WhatsApp-Image-2024-08-30-at-11.12.40-2-768x768.jpeg 768w, https:\/\/www.santafe.gob.ar\/ms\/enerfe\/wp-content\/uploads\/sites\/45\/2024\/08\/WhatsApp-Image-2024-08-30-at-11.12.40-2-1536x1536.jpeg 1536w, https:\/\/www.santafe.gob.ar\/ms\/enerfe\/wp-content\/uploads\/sites\/45\/2024\/08\/WhatsApp-Image-2024-08-30-at-11.12.40-2-2048x2048.jpeg 2048w, https:\/\/www.santafe.gob.ar\/ms\/enerfe\/wp-content\/uploads\/sites\/45\/2024\/08\/WhatsApp-Image-2024-08-30-at-11.12.40-2-100x100.jpeg 100w\" sizes=\"auto, (max-width: 767px) 89vw, (max-width: 1000px) 54vw, (max-width: 1071px) 543px, 580px\" \/><\/figure><div class=\"wp-block-media-text__content\">\n<p class=\"wp-block-paragraph\"><a href=\"https:\/\/www.santafe.gob.ar\/ms\/enerfe\/2021\/06\/16\/staff\/\"><strong>Rodolfo Giacosa<\/strong> es el nuevo presidente de ENERFE<\/a><\/p>\n\n\n\n<p class=\"wp-block-paragraph\">El oriundo de la localidad de Josefina asume el cargo secundado por el abogado Diego Colono.<\/p>\n<\/div><\/div>\n\n\n\n<hr class=\"wp-block-separator has-css-opacity\" \/>\n\n\n\n<blockquote class=\"wp-block-quote is-layout-flow wp-block-quote-is-layout-flow\">\n<div class=\"wp-block-group is-nowrap is-layout-flex wp-container-core-group-is-layout-8f761849 wp-block-group-is-layout-flex\">\n<div class=\"wp-block-columns is-layout-flex wp-container-core-columns-is-layout-8f761849 wp-block-columns-is-layout-flex\">\n<div class=\"wp-block-column is-layout-flow wp-block-column-is-layout-flow\"><\/div>\n\n\n\n<div class=\"wp-block-column is-layout-flow wp-block-column-is-layout-flow\"><\/div>\n<\/div>\n<\/div>\n<\/blockquote>\n\n\n\n<blockquote class=\"wp-block-quote is-layout-flow wp-block-quote-is-layout-flow\">\n<blockquote class=\"wp-block-quote is-layout-flow wp-block-quote-is-layout-flow\">\n<p class=\"wp-block-paragraph\"><\/p>\n<\/blockquote>\n<\/blockquote>\n\n\n\n<p class=\"wp-block-paragraph\"><\/p>\n","protected":false},"excerpt":{"rendered":"<p>Santa Fe Gas y Energ\u00edas Renovables Sociedad An\u00f3nima es una empresa que tiene como objetivo promover el desarrollo de la provincia a trav\u00e9s de soluciones energ\u00e9ticas, incluyendo la expansi\u00f3n del gas natural y el impulso de energ\u00edas renovables. Nuestra misi\u00f3n es contribuir al desarrollo social, productivo e industrial de la provincia de Santa Fe, generando &hellip; <\/p>\n<p class=\"link-more\"><a href=\"https:\/\/www.santafe.gob.ar\/ms\/enerfe\/\" class=\"more-link\">Continuar leyendo<span class=\"screen-reader-text\"> \u00ab\u00bb<\/span><\/a><\/p>\n","protected":false},"author":3234,"featured_media":3006,"parent":0,"menu_order":0,"comment_status":"closed","ping_status":"closed","template":"","meta":{"_acf_changed":false,"_crdt_document":"","footnotes":""},"class_list":["post-322","page","type-page","status-publish","has-post-thumbnail","hentry"],"acf":[],"_links":{"self":[{"href":"https:\/\/www.santafe.gob.ar\/ms\/enerfe\/wp-json\/wp\/v2\/pages\/322","targetHints":{"allow":["GET"]}}],"collection":[{"href":"https:\/\/www.santafe.gob.ar\/ms\/enerfe\/wp-json\/wp\/v2\/pages"}],"about":[{"href":"https:\/\/www.santafe.gob.ar\/ms\/enerfe\/wp-json\/wp\/v2\/types\/page"}],"author":[{"embeddable":true,"href":"https:\/\/www.santafe.gob.ar\/ms\/enerfe\/wp-json\/wp\/v2\/users\/3234"}],"replies":[{"embeddable":true,"href":"https:\/\/www.santafe.gob.ar\/ms\/enerfe\/wp-json\/wp\/v2\/comments?post=322"}],"version-history":[{"count":119,"href":"https:\/\/www.santafe.gob.ar\/ms\/enerfe\/wp-json\/wp\/v2\/pages\/322\/revisions"}],"predecessor-version":[{"id":3152,"href":"https:\/\/www.santafe.gob.ar\/ms\/enerfe\/wp-json\/wp\/v2\/pages\/322\/revisions\/3152"}],"wp:featuredmedia":[{"embeddable":true,"href":"https:\/\/www.santafe.gob.ar\/ms\/enerfe\/wp-json\/wp\/v2\/media\/3006"}],"wp:attachment":[{"href":"https:\/\/www.santafe.gob.ar\/ms\/enerfe\/wp-json\/wp\/v2\/media?parent=322"}],"curies":[{"name":"wp","href":"https:\/\/api.w.org\/{rel}","templated":true}]}}