{"id":857,"date":"2021-12-10T09:50:33","date_gmt":"2021-12-10T12:50:33","guid":{"rendered":"https:\/\/www.santafe.gob.ar\/ms\/enerfe\/?page_id=857"},"modified":"2024-08-30T09:38:37","modified_gmt":"2024-08-30T12:38:37","slug":"gasoducto-metropolitano","status":"publish","type":"page","link":"https:\/\/www.santafe.gob.ar\/ms\/enerfe\/gasoducto-metropolitano\/","title":{"rendered":"Gasoducto Metropolitano"},"content":{"rendered":"\n<figure class=\"wp-block-video\"><video controls poster=\"https:\/\/www.santafe.gob.ar\/ms\/enerfe\/wp-content\/uploads\/sites\/45\/2021\/06\/Car\u00e1tula-Metropolitano.jpg\" src=\"https:\/\/www.santafe.gob.ar\/ms\/enerfe\/wp-content\/uploads\/sites\/45\/2022\/02\/Metropolitano-Corto.mp4\"><\/video><\/figure>\n\n\n\n<p class=\"wp-block-paragraph\">El Gasoducto Metropolitano de la Provincia de Santa Fe es una propuesta superadora al gasoducto de la costa el cual qued\u00f3 trunco ante la falta de oferentes para la compra de ca\u00f1os y tiene como premisa fundamental ampliar la cantidad de usuarios a la red sumado al desarrollo industrial y al acercamiento del gas a personas que anteriormente no ten\u00edan acceso al mismo, generando as\u00ed igualdad de derechos en los servicios.<\/p>\n\n\n\n<figure class=\"wp-block-image size-large is-resized\"><img loading=\"lazy\" decoding=\"async\" src=\"https:\/\/www.santafe.gob.ar\/ms\/enerfe\/wp-content\/uploads\/sites\/45\/2021\/12\/Traza-Definitiva-01-1024x723.jpg\" alt=\"\" class=\"wp-image-859\" width=\"839\" height=\"592\" srcset=\"https:\/\/www.santafe.gob.ar\/ms\/enerfe\/wp-content\/uploads\/sites\/45\/2021\/12\/Traza-Definitiva-01-1024x723.jpg 1024w, https:\/\/www.santafe.gob.ar\/ms\/enerfe\/wp-content\/uploads\/sites\/45\/2021\/12\/Traza-Definitiva-01-300x212.jpg 300w, https:\/\/www.santafe.gob.ar\/ms\/enerfe\/wp-content\/uploads\/sites\/45\/2021\/12\/Traza-Definitiva-01-768x542.jpg 768w, https:\/\/www.santafe.gob.ar\/ms\/enerfe\/wp-content\/uploads\/sites\/45\/2021\/12\/Traza-Definitiva-01-1536x1085.jpg 1536w, https:\/\/www.santafe.gob.ar\/ms\/enerfe\/wp-content\/uploads\/sites\/45\/2021\/12\/Traza-Definitiva-01-2048x1447.jpg 2048w\" sizes=\"auto, (max-width: 767px) 89vw, (max-width: 1000px) 54vw, (max-width: 1071px) 543px, 580px\" \/><figcaption>Traza del gasoducto y localidades beneficiadas<\/figcaption><\/figure>\n\n\n\n<figure class=\"wp-block-image size-large\"><img loading=\"lazy\" decoding=\"async\" width=\"1024\" height=\"723\" src=\"https:\/\/www.santafe.gob.ar\/ms\/enerfe\/wp-content\/uploads\/sites\/45\/2021\/12\/Plano-Impacto-Metropolitano-A1-01-1024x723.jpg\" alt=\"\" class=\"wp-image-858\" srcset=\"https:\/\/www.santafe.gob.ar\/ms\/enerfe\/wp-content\/uploads\/sites\/45\/2021\/12\/Plano-Impacto-Metropolitano-A1-01-1024x723.jpg 1024w, https:\/\/www.santafe.gob.ar\/ms\/enerfe\/wp-content\/uploads\/sites\/45\/2021\/12\/Plano-Impacto-Metropolitano-A1-01-300x212.jpg 300w, https:\/\/www.santafe.gob.ar\/ms\/enerfe\/wp-content\/uploads\/sites\/45\/2021\/12\/Plano-Impacto-Metropolitano-A1-01-768x542.jpg 768w, https:\/\/www.santafe.gob.ar\/ms\/enerfe\/wp-content\/uploads\/sites\/45\/2021\/12\/Plano-Impacto-Metropolitano-A1-01-1536x1085.jpg 1536w, https:\/\/www.santafe.gob.ar\/ms\/enerfe\/wp-content\/uploads\/sites\/45\/2021\/12\/Plano-Impacto-Metropolitano-A1-01-2048x1447.jpg 2048w\" sizes=\"auto, (max-width: 767px) 89vw, (max-width: 1000px) 54vw, (max-width: 1071px) 543px, 580px\" \/><figcaption>Impacto del gasoducto en las localidades.<\/figcaption><\/figure>\n\n\n\n<p class=\"wp-block-paragraph\"><\/p>\n\n\n\n<p class=\"wp-block-paragraph\"><strong>Beneficios<\/strong><\/p>\n\n\n\n<p class=\"wp-block-paragraph\">Este gasoducto beneficiar\u00e1 a unos 100.000 usuarios, que representan m\u00e1s de 250.000 habitantes en las localidades de Santa Fe, Esperanza, Recreo, Monte Vera, San Jos\u00e9 del Rinc\u00f3n, Arroyo Aguiar, Arroyo Leyes y Angel Gallardo; 7000 industrias y comercios y 1.600 instituciones que hoy no tienen la oportunidad de contar con gas natural por red. Una obra de esta magnitud no solo brinda servicio a personas que no lo ten\u00edan, sino que tambi\u00e9n favorece la generaci\u00f3n de nuevas industrias con el consiguiente incremento de la demanda laboral.<\/p>\n\n\n\n<div class=\"wp-block-columns is-layout-flex wp-container-core-columns-is-layout-8f761849 wp-block-columns-is-layout-flex\">\n<div class=\"wp-block-column is-layout-flow wp-block-column-is-layout-flow\">\n<figure class=\"wp-block-image size-large\"><a href=\"https:\/\/www.santafe.gob.ar\/ms\/enerfe\/wp-content\/uploads\/sites\/45\/2021\/12\/Beneficiados-03.jpg\"><img loading=\"lazy\" decoding=\"async\" width=\"1024\" height=\"576\" src=\"https:\/\/www.santafe.gob.ar\/ms\/enerfe\/wp-content\/uploads\/sites\/45\/2021\/12\/Beneficiados-03-1024x576.jpg\" alt=\"\" class=\"wp-image-860\" srcset=\"https:\/\/www.santafe.gob.ar\/ms\/enerfe\/wp-content\/uploads\/sites\/45\/2021\/12\/Beneficiados-03-1024x576.jpg 1024w, https:\/\/www.santafe.gob.ar\/ms\/enerfe\/wp-content\/uploads\/sites\/45\/2021\/12\/Beneficiados-03-300x169.jpg 300w, https:\/\/www.santafe.gob.ar\/ms\/enerfe\/wp-content\/uploads\/sites\/45\/2021\/12\/Beneficiados-03-768x432.jpg 768w, https:\/\/www.santafe.gob.ar\/ms\/enerfe\/wp-content\/uploads\/sites\/45\/2021\/12\/Beneficiados-03-1536x864.jpg 1536w, https:\/\/www.santafe.gob.ar\/ms\/enerfe\/wp-content\/uploads\/sites\/45\/2021\/12\/Beneficiados-03.jpg 1890w\" sizes=\"auto, (max-width: 767px) 89vw, (max-width: 1000px) 54vw, (max-width: 1071px) 543px, 580px\" \/><\/a><\/figure>\n<\/div>\n\n\n\n<div class=\"wp-block-column is-layout-flow wp-block-column-is-layout-flow\">\n<figure class=\"wp-block-image size-large\"><a href=\"https:\/\/www.santafe.gob.ar\/ms\/enerfe\/wp-content\/uploads\/sites\/45\/2021\/12\/Beneficiados-01.jpg\"><img loading=\"lazy\" decoding=\"async\" width=\"1024\" height=\"576\" src=\"https:\/\/www.santafe.gob.ar\/ms\/enerfe\/wp-content\/uploads\/sites\/45\/2021\/12\/Beneficiados-01-1024x576.jpg\" alt=\"\" class=\"wp-image-861\" srcset=\"https:\/\/www.santafe.gob.ar\/ms\/enerfe\/wp-content\/uploads\/sites\/45\/2021\/12\/Beneficiados-01-1024x576.jpg 1024w, https:\/\/www.santafe.gob.ar\/ms\/enerfe\/wp-content\/uploads\/sites\/45\/2021\/12\/Beneficiados-01-300x169.jpg 300w, https:\/\/www.santafe.gob.ar\/ms\/enerfe\/wp-content\/uploads\/sites\/45\/2021\/12\/Beneficiados-01-768x432.jpg 768w, https:\/\/www.santafe.gob.ar\/ms\/enerfe\/wp-content\/uploads\/sites\/45\/2021\/12\/Beneficiados-01-1536x864.jpg 1536w, https:\/\/www.santafe.gob.ar\/ms\/enerfe\/wp-content\/uploads\/sites\/45\/2021\/12\/Beneficiados-01.jpg 1890w\" sizes=\"auto, (max-width: 767px) 89vw, (max-width: 1000px) 54vw, (max-width: 1071px) 543px, 580px\" \/><\/a><\/figure>\n<\/div>\n\n\n\n<div class=\"wp-block-column is-layout-flow wp-block-column-is-layout-flow\">\n<figure class=\"wp-block-image size-large\"><a href=\"https:\/\/www.santafe.gob.ar\/ms\/enerfe\/wp-content\/uploads\/sites\/45\/2021\/12\/Beneficiados-02.jpg\"><img loading=\"lazy\" decoding=\"async\" width=\"1024\" height=\"576\" src=\"https:\/\/www.santafe.gob.ar\/ms\/enerfe\/wp-content\/uploads\/sites\/45\/2021\/12\/Beneficiados-02-1024x576.jpg\" alt=\"\" class=\"wp-image-862\" srcset=\"https:\/\/www.santafe.gob.ar\/ms\/enerfe\/wp-content\/uploads\/sites\/45\/2021\/12\/Beneficiados-02-1024x576.jpg 1024w, https:\/\/www.santafe.gob.ar\/ms\/enerfe\/wp-content\/uploads\/sites\/45\/2021\/12\/Beneficiados-02-300x169.jpg 300w, https:\/\/www.santafe.gob.ar\/ms\/enerfe\/wp-content\/uploads\/sites\/45\/2021\/12\/Beneficiados-02-768x432.jpg 768w, https:\/\/www.santafe.gob.ar\/ms\/enerfe\/wp-content\/uploads\/sites\/45\/2021\/12\/Beneficiados-02-1536x864.jpg 1536w, https:\/\/www.santafe.gob.ar\/ms\/enerfe\/wp-content\/uploads\/sites\/45\/2021\/12\/Beneficiados-02.jpg 1890w\" sizes=\"auto, (max-width: 767px) 89vw, (max-width: 1000px) 54vw, (max-width: 1071px) 543px, 580px\" \/><\/a><\/figure>\n<\/div>\n<\/div>\n\n\n\n<h4 class=\"wp-block-heading\">Links de inter\u00e9s:<\/h4>\n\n\n\n<p class=\"wp-block-paragraph\"> <a href=\"https:\/\/www.santafe.gob.ar\/ms\/enerfe\/compromiso-socioambiental\/\" data-type=\"URL\" data-id=\"https:\/\/www.santafe.gob.ar\/ms\/enerfe\/compromiso-socioambiental\/\">La Obra<\/a> <\/p>\n\n\n\n<p class=\"wp-block-paragraph\"><a href=\"https:\/\/www.santafe.gob.ar\/ms\/enerfe\/compromiso-socioambiental\/\" data-type=\"URL\" data-id=\"https:\/\/www.santafe.gob.ar\/ms\/enerfe\/compromiso-socioambiental\/\">Compromiso socioambiental<\/a><\/p>\n\n\n\n<p class=\"wp-block-paragraph\"><a href=\"https:\/\/www.santafe.gob.ar\/ms\/enerfe\/gasoducto-metropolitano\/cruce-de-la-laguna-setubal\/\" data-type=\"URL\" data-id=\"https:\/\/www.santafe.gob.ar\/ms\/enerfe\/gasoducto-metropolitano\/cruce-de-la-laguna-setubal\/\">Cruce de la Laguna Set\u00fabal<\/a><\/p>\n\n\n\n<p class=\"wp-block-paragraph\"><a href=\"https:\/\/www.santafe.gob.ar\/ms\/enerfe\/2022\/05\/20\/cronologia-de-participacion-civil-y-ciudadana\/\" data-type=\"URL\" data-id=\"https:\/\/www.santafe.gob.ar\/ms\/enerfe\/2022\/05\/20\/cronologia-de-participacion-civil-y-ciudadana\/\">Cronolog\u00eda de participaci\u00f3n civil y ciudadana<\/a><\/p>\n\n\n\n<p class=\"wp-block-paragraph\"><a href=\"https:\/\/www.santafe.gob.ar\/ms\/enerfe\/preguntas-frecuentes-gasoducto-metropolitano\/\">Preguntas Frecuentes: Gasoducto Metropolitano<\/a><\/p>\n\n\n\n<p class=\"wp-block-paragraph\"><a href=\"https:\/\/www.santafe.gob.ar\/ms\/enerfe\/2021\/06\/15\/gasoducto-metropolitano-prospecciones-arqueologicas\/\">Gasoducto Metropolitano: prospecciones arqueol\u00f3gicas<\/a><\/p>\n","protected":false},"excerpt":{"rendered":"<p>El Gasoducto Metropolitano de la Provincia de Santa Fe es una propuesta superadora al gasoducto de la costa el cual qued\u00f3 trunco ante la falta de oferentes para la compra de ca\u00f1os y tiene como premisa fundamental ampliar la cantidad de usuarios a la red sumado al desarrollo industrial y al acercamiento del gas a &hellip; <\/p>\n<p class=\"link-more\"><a href=\"https:\/\/www.santafe.gob.ar\/ms\/enerfe\/gasoducto-metropolitano\/\" class=\"more-link\">Continuar leyendo<span class=\"screen-reader-text\"> \u00abGasoducto Metropolitano\u00bb<\/span><\/a><\/p>\n","protected":false},"author":3234,"featured_media":0,"parent":0,"menu_order":0,"comment_status":"open","ping_status":"closed","template":"","meta":{"_acf_changed":false,"_crdt_document":"","footnotes":""},"class_list":["post-857","page","type-page","status-publish","hentry"],"acf":[],"_links":{"self":[{"href":"https:\/\/www.santafe.gob.ar\/ms\/enerfe\/wp-json\/wp\/v2\/pages\/857","targetHints":{"allow":["GET"]}}],"collection":[{"href":"https:\/\/www.santafe.gob.ar\/ms\/enerfe\/wp-json\/wp\/v2\/pages"}],"about":[{"href":"https:\/\/www.santafe.gob.ar\/ms\/enerfe\/wp-json\/wp\/v2\/types\/page"}],"author":[{"embeddable":true,"href":"https:\/\/www.santafe.gob.ar\/ms\/enerfe\/wp-json\/wp\/v2\/users\/3234"}],"replies":[{"embeddable":true,"href":"https:\/\/www.santafe.gob.ar\/ms\/enerfe\/wp-json\/wp\/v2\/comments?post=857"}],"version-history":[{"count":14,"href":"https:\/\/www.santafe.gob.ar\/ms\/enerfe\/wp-json\/wp\/v2\/pages\/857\/revisions"}],"predecessor-version":[{"id":1963,"href":"https:\/\/www.santafe.gob.ar\/ms\/enerfe\/wp-json\/wp\/v2\/pages\/857\/revisions\/1963"}],"wp:attachment":[{"href":"https:\/\/www.santafe.gob.ar\/ms\/enerfe\/wp-json\/wp\/v2\/media?parent=857"}],"curies":[{"name":"wp","href":"https:\/\/api.w.org\/{rel}","templated":true}]}}