{"id":975,"date":"2022-01-10T15:18:38","date_gmt":"2022-01-10T18:18:38","guid":{"rendered":"https:\/\/www.santafe.gob.ar\/ms\/enerfe\/?page_id=975"},"modified":"2022-02-08T00:58:49","modified_gmt":"2022-02-08T03:58:49","slug":"la-obra","status":"publish","type":"page","link":"https:\/\/www.santafe.gob.ar\/ms\/enerfe\/gasoducto-metropolitano\/la-obra\/","title":{"rendered":"La obra"},"content":{"rendered":"\n<p class=\"wp-block-paragraph\"><em>La obra del Gasoducto Metropolitano se extender\u00e1 por 42 kil\u00f3metros, desde la conexi\u00f3n al GNEA (Gasoducto del Noreste Argentino) ubicada en el l\u00edmite este del departamento Las Colonias hasta Arroyo Leyes en el departamento La Capital. Una ventaja que surge de las ubicaciones determinadas en la traza es el tipo de suelo, dado que puede llevarse a cabo a mayor velocidad en caminos no asfaltados, asimismo evitar interrupciones de tr\u00e1nsito en arterias principales o rutas.<\/em><\/p>\n\n\n\n<p class=\"wp-block-paragraph\">El gasoducto interseca rutas viales y f\u00e9rreas, lo que se sortear\u00e1 mediante tuneleos mec\u00e1nicos o perforaciones horizontales dirigidas (PHD), que permiten el paso del gasoducto sin interrumpir el tr\u00e1nsito del \u00e1rea, respetando la cotidianidad de los habitantes y la circulaci\u00f3n de transe\u00fantes circunstanciales. Lo mismo ocurre con los cuerpos de agua, como el r\u00edo Salado y la laguna Set\u00fabal, pudiendo pasar bajo ellas con la misma t\u00e9cnica de PHD, pensada para respetar el h\u00e1bitat y el ambiente de la regi\u00f3n cumpliendo cada normativa con creces.<\/p>\n\n\n\n<figure class=\"wp-block-image size-large\"><a href=\"https:\/\/www.santafe.gob.ar\/ms\/enerfe\/wp-content\/uploads\/sites\/45\/2022\/01\/Plano-Impacto-Trazado-Metropolitano-A1-01-scaled.jpg\"><img loading=\"lazy\" decoding=\"async\" width=\"1024\" height=\"723\" src=\"https:\/\/www.santafe.gob.ar\/ms\/enerfe\/wp-content\/uploads\/sites\/45\/2022\/01\/Plano-Impacto-Trazado-Metropolitano-A1-01-1024x723.jpg\" alt=\"\" class=\"wp-image-977\" srcset=\"https:\/\/www.santafe.gob.ar\/ms\/enerfe\/wp-content\/uploads\/sites\/45\/2022\/01\/Plano-Impacto-Trazado-Metropolitano-A1-01-1024x723.jpg 1024w, https:\/\/www.santafe.gob.ar\/ms\/enerfe\/wp-content\/uploads\/sites\/45\/2022\/01\/Plano-Impacto-Trazado-Metropolitano-A1-01-300x212.jpg 300w, https:\/\/www.santafe.gob.ar\/ms\/enerfe\/wp-content\/uploads\/sites\/45\/2022\/01\/Plano-Impacto-Trazado-Metropolitano-A1-01-768x542.jpg 768w, https:\/\/www.santafe.gob.ar\/ms\/enerfe\/wp-content\/uploads\/sites\/45\/2022\/01\/Plano-Impacto-Trazado-Metropolitano-A1-01-1536x1085.jpg 1536w, https:\/\/www.santafe.gob.ar\/ms\/enerfe\/wp-content\/uploads\/sites\/45\/2022\/01\/Plano-Impacto-Trazado-Metropolitano-A1-01-2048x1447.jpg 2048w\" sizes=\"auto, (max-width: 767px) 89vw, (max-width: 1000px) 54vw, (max-width: 1071px) 543px, 580px\" \/><\/a><\/figure>\n\n\n\n<h1 class=\"wp-block-heading\">Caracter\u00edsticas generales y normativas<\/h1>\n\n\n\n<p class=\"wp-block-paragraph\">Existe un marco normativo que comienza a cobrar valor en la g\u00e9nesis del proyecto, el ENARGAS, (Ente Nacional Regulador del Gas) que establece y obliga a cumplir las normas \u201cNAG\u201d para cada etapa del desarrollo de una obra de transporte de gas natural, estas incluyen los materiales, la seguridad, la se\u00f1al\u00e9tica, las ERP, normas ambientales, normativas de h\u00e1bitat y caracter\u00edsticas de construcci\u00f3n entre otras. El Gasoducto Metropolitano cumple sobradamente los requisitos m\u00e1s estrictos listados en cada una de estas.<\/p>\n\n\n\n<p class=\"wp-block-paragraph\"><strong><a href=\"https:\/\/www.enargas.gob.ar\/secciones\/normativa\/normas-tecnicas-items.php?grupo=1\">VER Y DESCARGAR NORMATIVAS T\u00c9CNICAS NAG<\/a><\/strong><\/p>\n\n\n\n<p class=\"wp-block-paragraph\">A lo largo del gasoducto hay diferentes tipos de suelo y cruces, por lo que una obra de esta magnitud en su etapa de dise\u00f1o cuenta con rigurosos estudios para determinar la traza y sus caracter\u00edsticas:<\/p>\n\n\n\n<ul class=\"wp-block-list\"><li>Estudio ambiental previo.<\/li><li>Estudios de suelo.<\/li><li>Estudios h\u00eddricos.<\/li><li>Estudios de erosi\u00f3n en el R\u00edo Salado y la Laguna Set\u00fabal.<\/li><li>Estudio de cruces viales.<\/li><li>Estudio de cruces ferroviarios.<\/li><li>Relevamiento planialtim\u00e9trico (morfolog\u00eda).<\/li><li><em>Por decisi\u00f3n de la empresa: estudios, relevamientos arqueol\u00f3gicos y estudios socioecon\u00f3micos.<\/em><\/li><\/ul>\n\n\n\n<p class=\"wp-block-paragraph\">Al momento de ejecuci\u00f3n de la obra, la empresa contratista debe complementar los ya realizados con otros de car\u00e1cter definitivo.<\/p>\n\n\n\n<p class=\"wp-block-paragraph\">Estos estudios no solo van a determinar las caracter\u00edsticas medulares del trazado, sino que van a formar parte de bibliotecas de nuevos conocimientos que ser\u00e1n utilizadas en el futuro con fines educativos y de p\u00fablico acceso.<\/p>\n\n\n\n<p class=\"wp-block-paragraph\"><\/p>\n\n\n\n<h1 class=\"wp-block-heading\">Construcci\u00f3n del gasoducto en caminos rurales, de arena o mejorado.<\/h1>\n\n\n\n<p class=\"wp-block-paragraph\">La particularidad del Gasoducto Metropolitano es que su traza se desarrolla en casi su totalidad por caminos de tierra, ripio o arena, lo que mejora los tiempos de construcci\u00f3n, no dificulta la circulaci\u00f3n de v\u00edas primarias y no intersecta otros tendidos de servicios subterr\u00e1neos.<\/p>\n\n\n\n<p class=\"wp-block-paragraph\">El m\u00e9todo de zanjeo que se lleva a cabo en estos casos, sumando las caracter\u00edsticas de la traza, hacen que el desarrollo de la obra pueda llevarse a cabo en tiempos relativamente cortos. Estos tiempos incluyen la uni\u00f3n de los ca\u00f1os, el control visual y radiogr\u00e1fico de cada soldadura y la colocaci\u00f3n del gasoducto sobre el lecho. <\/p>\n\n\n\n<p class=\"wp-block-paragraph\">Los caminos intervenidos con el trazado son mejorados luego de su paso, dado que se compacta la tierra sobre este, haciendo una nivelaci\u00f3n de los mismos y mejorando su circulaci\u00f3n posterior.<\/p>\n\n\n\n<p class=\"wp-block-paragraph\">El tiempo de ejecuci\u00f3n total de la obra se estima en 12 meses en sus 42 kil\u00f3metros, favorecido en gran medida por los recorridos y caracter\u00edsticas de suelo existentes.<\/p>\n\n\n\n<figure class=\"wp-block-image size-large\"><a href=\"https:\/\/www.santafe.gob.ar\/ms\/enerfe\/wp-content\/uploads\/sites\/45\/2022\/01\/Infografia-Zanjeadora-01-scaled.jpg\"><img loading=\"lazy\" decoding=\"async\" width=\"1024\" height=\"318\" src=\"https:\/\/www.santafe.gob.ar\/ms\/enerfe\/wp-content\/uploads\/sites\/45\/2022\/01\/Infografia-Zanjeadora-01-1024x318.jpg\" alt=\"\" class=\"wp-image-980\" srcset=\"https:\/\/www.santafe.gob.ar\/ms\/enerfe\/wp-content\/uploads\/sites\/45\/2022\/01\/Infografia-Zanjeadora-01-1024x318.jpg 1024w, https:\/\/www.santafe.gob.ar\/ms\/enerfe\/wp-content\/uploads\/sites\/45\/2022\/01\/Infografia-Zanjeadora-01-300x93.jpg 300w, https:\/\/www.santafe.gob.ar\/ms\/enerfe\/wp-content\/uploads\/sites\/45\/2022\/01\/Infografia-Zanjeadora-01-768x239.jpg 768w, https:\/\/www.santafe.gob.ar\/ms\/enerfe\/wp-content\/uploads\/sites\/45\/2022\/01\/Infografia-Zanjeadora-01-1536x477.jpg 1536w, https:\/\/www.santafe.gob.ar\/ms\/enerfe\/wp-content\/uploads\/sites\/45\/2022\/01\/Infografia-Zanjeadora-01-2048x637.jpg 2048w\" sizes=\"auto, (max-width: 767px) 89vw, (max-width: 1000px) 54vw, (max-width: 1071px) 543px, 580px\" \/><\/a><figcaption>La zanjadora realiza una perforaci\u00f3n recta de un metro de profundidad para la colocaci\u00f3n del ca\u00f1o del gasoducto.<\/figcaption><\/figure>\n\n\n\n<figure class=\"wp-block-image size-large\"><a href=\"https:\/\/www.santafe.gob.ar\/ms\/enerfe\/wp-content\/uploads\/sites\/45\/2022\/01\/Infografia-Zanjeadora-06-scaled.jpg\"><img loading=\"lazy\" decoding=\"async\" width=\"1024\" height=\"318\" src=\"https:\/\/www.santafe.gob.ar\/ms\/enerfe\/wp-content\/uploads\/sites\/45\/2022\/01\/Infografia-Zanjeadora-06-1024x318.jpg\" alt=\"\" class=\"wp-image-985\" srcset=\"https:\/\/www.santafe.gob.ar\/ms\/enerfe\/wp-content\/uploads\/sites\/45\/2022\/01\/Infografia-Zanjeadora-06-1024x318.jpg 1024w, https:\/\/www.santafe.gob.ar\/ms\/enerfe\/wp-content\/uploads\/sites\/45\/2022\/01\/Infografia-Zanjeadora-06-300x93.jpg 300w, https:\/\/www.santafe.gob.ar\/ms\/enerfe\/wp-content\/uploads\/sites\/45\/2022\/01\/Infografia-Zanjeadora-06-768x239.jpg 768w, https:\/\/www.santafe.gob.ar\/ms\/enerfe\/wp-content\/uploads\/sites\/45\/2022\/01\/Infografia-Zanjeadora-06-1536x477.jpg 1536w, https:\/\/www.santafe.gob.ar\/ms\/enerfe\/wp-content\/uploads\/sites\/45\/2022\/01\/Infografia-Zanjeadora-06-2048x637.jpg 2048w\" sizes=\"auto, (max-width: 767px) 89vw, (max-width: 1000px) 54vw, (max-width: 1071px) 543px, 580px\" \/><\/a><figcaption>S\u00f3lo se utiliza un carril de los caminos, ya sean de tierra, ripio o arena, liberando uno para el tr\u00e1nsito.<\/figcaption><\/figure>\n\n\n\n<figure class=\"wp-block-image size-large\"><a href=\"https:\/\/www.santafe.gob.ar\/ms\/enerfe\/wp-content\/uploads\/sites\/45\/2022\/01\/Infografia-Zanjeadora-02-scaled.jpg\"><img loading=\"lazy\" decoding=\"async\" width=\"1024\" height=\"318\" src=\"https:\/\/www.santafe.gob.ar\/ms\/enerfe\/wp-content\/uploads\/sites\/45\/2022\/01\/Infografia-Zanjeadora-02-1024x318.jpg\" alt=\"\" class=\"wp-image-981\" srcset=\"https:\/\/www.santafe.gob.ar\/ms\/enerfe\/wp-content\/uploads\/sites\/45\/2022\/01\/Infografia-Zanjeadora-02-1024x318.jpg 1024w, https:\/\/www.santafe.gob.ar\/ms\/enerfe\/wp-content\/uploads\/sites\/45\/2022\/01\/Infografia-Zanjeadora-02-300x93.jpg 300w, https:\/\/www.santafe.gob.ar\/ms\/enerfe\/wp-content\/uploads\/sites\/45\/2022\/01\/Infografia-Zanjeadora-02-768x239.jpg 768w, https:\/\/www.santafe.gob.ar\/ms\/enerfe\/wp-content\/uploads\/sites\/45\/2022\/01\/Infografia-Zanjeadora-02-1536x477.jpg 1536w, https:\/\/www.santafe.gob.ar\/ms\/enerfe\/wp-content\/uploads\/sites\/45\/2022\/01\/Infografia-Zanjeadora-02-2048x637.jpg 2048w\" sizes=\"auto, (max-width: 767px) 89vw, (max-width: 1000px) 54vw, (max-width: 1071px) 543px, 580px\" \/><\/a><figcaption>Los ca\u00f1os son ubicados y unidos entre s\u00ed por soldaduras o \u00abcosturas\u00bb que posteriormente son radiografiadas para su control para cumplir con los est\u00e1ndares de seguridad normalizados.<\/figcaption><\/figure>\n\n\n\n<figure class=\"wp-block-image size-large\"><a href=\"https:\/\/www.santafe.gob.ar\/ms\/enerfe\/wp-content\/uploads\/sites\/45\/2022\/01\/Infografia-Zanjeadora-03-1-scaled.jpg\"><img loading=\"lazy\" decoding=\"async\" width=\"1024\" height=\"318\" src=\"https:\/\/www.santafe.gob.ar\/ms\/enerfe\/wp-content\/uploads\/sites\/45\/2022\/01\/Infografia-Zanjeadora-03-1-1024x318.jpg\" alt=\"\" class=\"wp-image-992\" srcset=\"https:\/\/www.santafe.gob.ar\/ms\/enerfe\/wp-content\/uploads\/sites\/45\/2022\/01\/Infografia-Zanjeadora-03-1-1024x318.jpg 1024w, https:\/\/www.santafe.gob.ar\/ms\/enerfe\/wp-content\/uploads\/sites\/45\/2022\/01\/Infografia-Zanjeadora-03-1-300x93.jpg 300w, https:\/\/www.santafe.gob.ar\/ms\/enerfe\/wp-content\/uploads\/sites\/45\/2022\/01\/Infografia-Zanjeadora-03-1-768x239.jpg 768w, https:\/\/www.santafe.gob.ar\/ms\/enerfe\/wp-content\/uploads\/sites\/45\/2022\/01\/Infografia-Zanjeadora-03-1-1536x477.jpg 1536w, https:\/\/www.santafe.gob.ar\/ms\/enerfe\/wp-content\/uploads\/sites\/45\/2022\/01\/Infografia-Zanjeadora-03-1-2048x637.jpg 2048w\" sizes=\"auto, (max-width: 767px) 89vw, (max-width: 1000px) 54vw, (max-width: 1071px) 543px, 580px\" \/><\/a><figcaption>Una vez unidos los ca\u00f1os, se nivelan, se alinean y son estabilizados en el lecho de la zanja donde quedar\u00e1n listos para ser operativos.<\/figcaption><\/figure>\n\n\n\n<figure class=\"wp-block-image size-large\"><a href=\"https:\/\/www.santafe.gob.ar\/ms\/enerfe\/wp-content\/uploads\/sites\/45\/2022\/01\/Infografia-Zanjeadora-04-scaled.jpg\"><img loading=\"lazy\" decoding=\"async\" width=\"1024\" height=\"318\" src=\"https:\/\/www.santafe.gob.ar\/ms\/enerfe\/wp-content\/uploads\/sites\/45\/2022\/01\/Infografia-Zanjeadora-04-1024x318.jpg\" alt=\"\" class=\"wp-image-983\" srcset=\"https:\/\/www.santafe.gob.ar\/ms\/enerfe\/wp-content\/uploads\/sites\/45\/2022\/01\/Infografia-Zanjeadora-04-1024x318.jpg 1024w, https:\/\/www.santafe.gob.ar\/ms\/enerfe\/wp-content\/uploads\/sites\/45\/2022\/01\/Infografia-Zanjeadora-04-300x93.jpg 300w, https:\/\/www.santafe.gob.ar\/ms\/enerfe\/wp-content\/uploads\/sites\/45\/2022\/01\/Infografia-Zanjeadora-04-768x239.jpg 768w, https:\/\/www.santafe.gob.ar\/ms\/enerfe\/wp-content\/uploads\/sites\/45\/2022\/01\/Infografia-Zanjeadora-04-1536x477.jpg 1536w, https:\/\/www.santafe.gob.ar\/ms\/enerfe\/wp-content\/uploads\/sites\/45\/2022\/01\/Infografia-Zanjeadora-04-2048x637.jpg 2048w\" sizes=\"auto, (max-width: 767px) 89vw, (max-width: 1000px) 54vw, (max-width: 1071px) 543px, 580px\" \/><\/a><figcaption>Se coloca nuevamente la tierra de la perforaci\u00f3n, respetando las profundidades de los estratos originales en el suelo, siguiendo los protocolos ambientales.<\/figcaption><\/figure>\n\n\n\n<figure class=\"wp-block-image size-large\"><a href=\"https:\/\/www.santafe.gob.ar\/ms\/enerfe\/wp-content\/uploads\/sites\/45\/2022\/01\/Infografia-Zanjeadora-05-scaled.jpg\"><img loading=\"lazy\" decoding=\"async\" width=\"1024\" height=\"318\" src=\"https:\/\/www.santafe.gob.ar\/ms\/enerfe\/wp-content\/uploads\/sites\/45\/2022\/01\/Infografia-Zanjeadora-05-1024x318.jpg\" alt=\"\" class=\"wp-image-984\" srcset=\"https:\/\/www.santafe.gob.ar\/ms\/enerfe\/wp-content\/uploads\/sites\/45\/2022\/01\/Infografia-Zanjeadora-05-1024x318.jpg 1024w, https:\/\/www.santafe.gob.ar\/ms\/enerfe\/wp-content\/uploads\/sites\/45\/2022\/01\/Infografia-Zanjeadora-05-300x93.jpg 300w, https:\/\/www.santafe.gob.ar\/ms\/enerfe\/wp-content\/uploads\/sites\/45\/2022\/01\/Infografia-Zanjeadora-05-768x239.jpg 768w, https:\/\/www.santafe.gob.ar\/ms\/enerfe\/wp-content\/uploads\/sites\/45\/2022\/01\/Infografia-Zanjeadora-05-1536x477.jpg 1536w, https:\/\/www.santafe.gob.ar\/ms\/enerfe\/wp-content\/uploads\/sites\/45\/2022\/01\/Infografia-Zanjeadora-05-2048x637.jpg 2048w\" sizes=\"auto, (max-width: 767px) 89vw, (max-width: 1000px) 54vw, (max-width: 1071px) 543px, 580px\" \/><\/a><figcaption>Se nivela la tierra en la superficie, dejando los caminos y calles perfectamente operativas y listas para su utilizaci\u00f3n.<\/figcaption><\/figure>\n\n\n\n<p class=\"wp-block-paragraph\"><\/p>\n\n\n\n<h1 class=\"wp-block-heading\"><strong>Beneficiarios<\/strong><\/h1>\n\n\n\n<p class=\"wp-block-paragraph\">Este gasoducto beneficiar\u00e1 a unos 100.000 usuarios, que representan m\u00e1s de 250.000 habitantes en las localidades de Santa Fe, Esperanza, Recreo, Monte Vera, San Jos\u00e9 del Rinc\u00f3n, Arroyo Aguiar, Arroyo Leyes y \u00c1ngel Gallardo; 7000 industrias y comercios y 1.600 instituciones que hoy no tienen la oportunidad de contar con gas natural por red. Una obra de esta magnitud no solo brinda servicio a personas que no lo ten\u00edan, sino que tambi\u00e9n favorece la generaci\u00f3n de nuevas industrias con el consiguiente incremento de la demanda laboral. Esta misma, ser\u00e1 incrementada por la necesidad de gasistas y obreros que deban realizar instalaciones de gas en cada uno de los beneficiados.<\/p>\n\n\n\n<div class=\"wp-block-columns is-layout-flex wp-container-core-columns-is-layout-8f761849 wp-block-columns-is-layout-flex\">\n<div class=\"wp-block-column is-layout-flow wp-block-column-is-layout-flow\">\n<figure class=\"wp-block-image size-large\"><img loading=\"lazy\" decoding=\"async\" width=\"1024\" height=\"576\" src=\"https:\/\/www.santafe.gob.ar\/ms\/enerfe\/wp-content\/uploads\/sites\/45\/2021\/12\/Beneficiados-03-1024x576.jpg\" alt=\"\" class=\"wp-image-860\" srcset=\"https:\/\/www.santafe.gob.ar\/ms\/enerfe\/wp-content\/uploads\/sites\/45\/2021\/12\/Beneficiados-03-1024x576.jpg 1024w, https:\/\/www.santafe.gob.ar\/ms\/enerfe\/wp-content\/uploads\/sites\/45\/2021\/12\/Beneficiados-03-300x169.jpg 300w, https:\/\/www.santafe.gob.ar\/ms\/enerfe\/wp-content\/uploads\/sites\/45\/2021\/12\/Beneficiados-03-768x432.jpg 768w, https:\/\/www.santafe.gob.ar\/ms\/enerfe\/wp-content\/uploads\/sites\/45\/2021\/12\/Beneficiados-03-1536x864.jpg 1536w, https:\/\/www.santafe.gob.ar\/ms\/enerfe\/wp-content\/uploads\/sites\/45\/2021\/12\/Beneficiados-03.jpg 1890w\" sizes=\"auto, (max-width: 767px) 89vw, (max-width: 1000px) 54vw, (max-width: 1071px) 543px, 580px\" \/><\/figure>\n<\/div>\n\n\n\n<div class=\"wp-block-column is-layout-flow wp-block-column-is-layout-flow\">\n<figure class=\"wp-block-image size-large\"><img loading=\"lazy\" decoding=\"async\" width=\"1024\" height=\"576\" src=\"https:\/\/www.santafe.gob.ar\/ms\/enerfe\/wp-content\/uploads\/sites\/45\/2021\/12\/Beneficiados-01-1024x576.jpg\" alt=\"\" class=\"wp-image-861\" srcset=\"https:\/\/www.santafe.gob.ar\/ms\/enerfe\/wp-content\/uploads\/sites\/45\/2021\/12\/Beneficiados-01-1024x576.jpg 1024w, https:\/\/www.santafe.gob.ar\/ms\/enerfe\/wp-content\/uploads\/sites\/45\/2021\/12\/Beneficiados-01-300x169.jpg 300w, https:\/\/www.santafe.gob.ar\/ms\/enerfe\/wp-content\/uploads\/sites\/45\/2021\/12\/Beneficiados-01-768x432.jpg 768w, https:\/\/www.santafe.gob.ar\/ms\/enerfe\/wp-content\/uploads\/sites\/45\/2021\/12\/Beneficiados-01-1536x864.jpg 1536w, https:\/\/www.santafe.gob.ar\/ms\/enerfe\/wp-content\/uploads\/sites\/45\/2021\/12\/Beneficiados-01.jpg 1890w\" sizes=\"auto, (max-width: 767px) 89vw, (max-width: 1000px) 54vw, (max-width: 1071px) 543px, 580px\" \/><\/figure>\n<\/div>\n\n\n\n<div class=\"wp-block-column is-layout-flow wp-block-column-is-layout-flow\">\n<figure class=\"wp-block-image size-large\"><img loading=\"lazy\" decoding=\"async\" width=\"1024\" height=\"576\" src=\"https:\/\/www.santafe.gob.ar\/ms\/enerfe\/wp-content\/uploads\/sites\/45\/2021\/12\/Beneficiados-02-1024x576.jpg\" alt=\"\" class=\"wp-image-862\" srcset=\"https:\/\/www.santafe.gob.ar\/ms\/enerfe\/wp-content\/uploads\/sites\/45\/2021\/12\/Beneficiados-02-1024x576.jpg 1024w, https:\/\/www.santafe.gob.ar\/ms\/enerfe\/wp-content\/uploads\/sites\/45\/2021\/12\/Beneficiados-02-300x169.jpg 300w, https:\/\/www.santafe.gob.ar\/ms\/enerfe\/wp-content\/uploads\/sites\/45\/2021\/12\/Beneficiados-02-768x432.jpg 768w, https:\/\/www.santafe.gob.ar\/ms\/enerfe\/wp-content\/uploads\/sites\/45\/2021\/12\/Beneficiados-02-1536x864.jpg 1536w, https:\/\/www.santafe.gob.ar\/ms\/enerfe\/wp-content\/uploads\/sites\/45\/2021\/12\/Beneficiados-02.jpg 1890w\" sizes=\"auto, (max-width: 767px) 89vw, (max-width: 1000px) 54vw, (max-width: 1071px) 543px, 580px\" \/><\/figure>\n<\/div>\n<\/div>\n\n\n\n<p class=\"wp-block-paragraph\"><\/p>\n\n\n\n<h1 class=\"wp-block-heading\" id=\"ERPs\">Estaciones reguladoras de presi\u00f3n o ERPs<\/h1>\n\n\n\n<p class=\"wp-block-paragraph\">Una estaci\u00f3n reguladora de presi\u00f3n es en t\u00e9rminos simples una instalaci\u00f3n de superficie que permite que el gas que ingresa a alta presi\u00f3n desde el gasoducto, pueda ser dispensado en media presi\u00f3n, por medio de la red de distribuci\u00f3n, de manera segura y a niveles estandarizados de trabajo.<\/p>\n\n\n\n<p class=\"wp-block-paragraph\">Cada una de las 4 ERPs a construir se encuentran dise\u00f1adas bajo estrictos protocolos detallados en una serie de normativas que determinan su caudal, presi\u00f3n, impacto ambiental y de h\u00e1bitat. Algunas de las que se encuentran operativas hoy en d\u00eda a lo largo del mundo se encuentran en plazas, parques o zonas verdes de los cascos citadinos, siendo imprevisibles por su trabajo pasivo.<\/p>\n\n\n\n<p class=\"wp-block-paragraph\">En cuanto a su seguridad de operaci\u00f3n, existen al menos 4 v\u00e1lvulas de presi\u00f3n y una de venteo, este conjunto de medidas est\u00e1 proyectado y establecido por leyes para evitar todo tipo de inconvenientes en la red, el gasoducto, el h\u00e1bitat y el ambiente.<\/p>\n\n\n\n<p class=\"wp-block-paragraph\">Las comunicaciones y las ubicaciones permiten no solo el acceso a las mismas para su mantenimiento y control regular, sino que pueden ser monitoreadas de manera remota desde las oficinas de la empresa.<\/p>\n\n\n\n<p class=\"wp-block-paragraph\" id=\"scraper\"><strong>Robot de monitoreo y limpieza (Scraper):<\/strong><\/p>\n\n\n\n<figure class=\"wp-block-image\"><a href=\"https:\/\/www.santafe.gob.ar\/ms\/enerfe\/wp-content\/uploads\/sites\/45\/2021\/12\/Scraper-01-scaled.jpg\"><img loading=\"lazy\" decoding=\"async\" width=\"1024\" height=\"318\" src=\"https:\/\/www.santafe.gob.ar\/ms\/enerfe\/wp-content\/uploads\/sites\/45\/2021\/12\/Scraper-01-1024x318.jpg\" alt=\"\" class=\"wp-image-922\" srcset=\"https:\/\/www.santafe.gob.ar\/ms\/enerfe\/wp-content\/uploads\/sites\/45\/2021\/12\/Scraper-01-1024x318.jpg 1024w, https:\/\/www.santafe.gob.ar\/ms\/enerfe\/wp-content\/uploads\/sites\/45\/2021\/12\/Scraper-01-300x93.jpg 300w, https:\/\/www.santafe.gob.ar\/ms\/enerfe\/wp-content\/uploads\/sites\/45\/2021\/12\/Scraper-01-768x239.jpg 768w, https:\/\/www.santafe.gob.ar\/ms\/enerfe\/wp-content\/uploads\/sites\/45\/2021\/12\/Scraper-01-1536x477.jpg 1536w, https:\/\/www.santafe.gob.ar\/ms\/enerfe\/wp-content\/uploads\/sites\/45\/2021\/12\/Scraper-01-2048x637.jpg 2048w\" sizes=\"auto, (max-width: 767px) 89vw, (max-width: 1000px) 54vw, (max-width: 1071px) 543px, 580px\" \/><\/a><\/figure>\n\n\n\n<p class=\"wp-block-paragraph\">El Gasoducto Metropolitano est\u00e1 pensado para ser controlado de manera regular desde su interior con la presencia de un dispositivo rob\u00f3tico denominado: \u201cscraper\u201d. Este puede recorrer el gasoducto desde el interior de sus ca\u00f1os y verificar los distintos tramos en su estructura al mismo tiempo que remueve cualquier residuo que podr\u00eda depositarse en el mismo, posibilitando que el caudal sea siempre el dise\u00f1ado. Este tipo de controles no ser\u00edan posibles con otro dise\u00f1o de gasoducto, y para ellos se deber\u00eda revisar de manera exterior cada tramo, lo que involucrar\u00eda un perjuicio ambiental, econ\u00f3mico y log\u00edstico.<br>Este mismo se introduce al gasoducto por una puerta dise\u00f1ada para este fin y que se ubica en la estaci\u00f3n reguladora de presi\u00f3n.<\/p>\n\n\n\n<p class=\"wp-block-paragraph\"><\/p>\n\n\n\n<p class=\"wp-block-paragraph\"><\/p>\n\n\n\n<h3 class=\"wp-block-heading\">Links relacionados:<\/h3>\n\n\n\n<p class=\"wp-block-paragraph\"><a href=\"https:\/\/www.santafe.gob.ar\/ms\/enerfe\/compromiso-socioambiental\/\" data-type=\"URL\" data-id=\"https:\/\/www.santafe.gob.ar\/ms\/enerfe\/compromiso-socioambiental\/\">Compromiso socioambiental<\/a><\/p>\n\n\n\n<p class=\"wp-block-paragraph\"><a href=\"https:\/\/www.santafe.gob.ar\/ms\/enerfe\/gasoducto-metropolitano\/cruce-de-la-laguna-setubal\/\" data-type=\"URL\" data-id=\"https:\/\/www.santafe.gob.ar\/ms\/enerfe\/gasoducto-metropolitano\/cruce-de-la-laguna-setubal\/\">Cruce de la Laguna Set\u00fabal<\/a><\/p>\n\n\n\n<p class=\"wp-block-paragraph\"><a href=\"https:\/\/www.santafe.gob.ar\/ms\/enerfe\/gasoducto-metropolitano\/preguntas-frecuentes-gasoducto-metropolitano\/\" data-type=\"URL\" data-id=\"https:\/\/www.santafe.gob.ar\/ms\/enerfe\/gasoducto-metropolitano\/preguntas-frecuentes-gasoducto-metropolitano\/\">Preguntas Frecuentes<\/a><\/p>\n\n\n\n<p class=\"wp-block-paragraph\"><\/p>\n","protected":false},"excerpt":{"rendered":"<p>La obra del Gasoducto Metropolitano se extender\u00e1 por 42 kil\u00f3metros, desde la conexi\u00f3n al GNEA (Gasoducto del Noreste Argentino) ubicada en el l\u00edmite este del departamento Las Colonias hasta Arroyo Leyes en el departamento La Capital. Una ventaja que surge de las ubicaciones determinadas en la traza es el tipo de suelo, dado que puede &hellip; <\/p>\n<p class=\"link-more\"><a href=\"https:\/\/www.santafe.gob.ar\/ms\/enerfe\/gasoducto-metropolitano\/la-obra\/\" class=\"more-link\">Continuar leyendo<span class=\"screen-reader-text\"> \u00abLa obra\u00bb<\/span><\/a><\/p>\n","protected":false},"author":3234,"featured_media":0,"parent":857,"menu_order":0,"comment_status":"closed","ping_status":"closed","template":"","meta":{"_acf_changed":false,"_crdt_document":"","footnotes":""},"class_list":["post-975","page","type-page","status-publish","hentry"],"acf":[],"_links":{"self":[{"href":"https:\/\/www.santafe.gob.ar\/ms\/enerfe\/wp-json\/wp\/v2\/pages\/975","targetHints":{"allow":["GET"]}}],"collection":[{"href":"https:\/\/www.santafe.gob.ar\/ms\/enerfe\/wp-json\/wp\/v2\/pages"}],"about":[{"href":"https:\/\/www.santafe.gob.ar\/ms\/enerfe\/wp-json\/wp\/v2\/types\/page"}],"author":[{"embeddable":true,"href":"https:\/\/www.santafe.gob.ar\/ms\/enerfe\/wp-json\/wp\/v2\/users\/3234"}],"replies":[{"embeddable":true,"href":"https:\/\/www.santafe.gob.ar\/ms\/enerfe\/wp-json\/wp\/v2\/comments?post=975"}],"version-history":[{"count":17,"href":"https:\/\/www.santafe.gob.ar\/ms\/enerfe\/wp-json\/wp\/v2\/pages\/975\/revisions"}],"predecessor-version":[{"id":1040,"href":"https:\/\/www.santafe.gob.ar\/ms\/enerfe\/wp-json\/wp\/v2\/pages\/975\/revisions\/1040"}],"up":[{"embeddable":true,"href":"https:\/\/www.santafe.gob.ar\/ms\/enerfe\/wp-json\/wp\/v2\/pages\/857"}],"wp:attachment":[{"href":"https:\/\/www.santafe.gob.ar\/ms\/enerfe\/wp-json\/wp\/v2\/media?parent=975"}],"curies":[{"name":"wp","href":"https:\/\/api.w.org\/{rel}","templated":true}]}}