{"id":128,"date":"2024-06-29T21:56:05","date_gmt":"2024-06-29T19:56:05","guid":{"rendered":"https:\/\/www.santafe.gob.ar\/ms\/enmovimiento\/?page_id=128"},"modified":"2025-05-14T20:26:39","modified_gmt":"2025-05-14T18:26:39","slug":"infancias-jugadas","status":"publish","type":"page","link":"https:\/\/www.santafe.gob.ar\/ms\/enmovimiento\/infancias-jugadas\/","title":{"rendered":"Infancias Jugadas"},"content":{"rendered":"<p>Este trayecto de \u201cSanta Fe en movimiento\u201d tiene como objetivo principal favorecer la participaci\u00f3n de las infancias, destinadas a estudiantes de nivel primario.<\/p>\n<p>Se caracteriza por ser una propuesta inclusiva, cuyo eje es la participaci\u00f3n y la convivencia. Generando la posibilidad de compartir experiencias que favorecen el di\u00e1logo, los acuerdos, resaltando valores como la solidaridad y la cooperaci\u00f3n, considerando las diferencias como enriquecedoras en la construcci\u00f3n colectiva de los ni\u00f1os y ni\u00f1as como seres sociales.<\/p>\n<p>&nbsp;<\/p>\n<div class='et-box et-shadow'>\n\t\t\t\t\t<div class='et-box-content'><ul>\n<li><b>Destinatarias:<\/b> instituciones educativas oficiales de gesti\u00f3n p\u00fablica y gesti\u00f3n privada<\/li>\n<li><b>Inscripci\u00f3n:<\/b> hasta el 30 de Mayo del 2025 a trav\u00e9s de <a href=\"http:\/\/www.santafe.gob.ar\/sigae-web\" target=\"_blank\" rel=\"noopener\">www.santafe.gob.ar\/sigae-web<\/a><\/li>\n<\/ul><\/div><\/div>\n","protected":false},"excerpt":{"rendered":"<p>Este trayecto de \u201cSanta Fe en movimiento\u201d tiene como objetivo principal favorecer la participaci\u00f3n de las infancias, destinadas a estudiantes de nivel primario. Se caracteriza por ser una propuesta inclusiva, cuyo eje es la participaci\u00f3n y la convivencia. Generando la posibilidad de compartir experiencias que favorecen el di\u00e1logo, los acuerdos, resaltando valores como la solidaridad [&hellip;]<\/p>\n","protected":false},"author":82961,"featured_media":0,"parent":0,"menu_order":0,"comment_status":"closed","ping_status":"closed","template":"","meta":{"_acf_changed":false,"_et_pb_use_builder":"","_et_pb_old_content":"","_et_gb_content_width":"","footnotes":""},"class_list":["post-128","page","type-page","status-publish","hentry"],"acf":[],"_links":{"self":[{"href":"https:\/\/www.santafe.gob.ar\/ms\/enmovimiento\/wp-json\/wp\/v2\/pages\/128","targetHints":{"allow":["GET"]}}],"collection":[{"href":"https:\/\/www.santafe.gob.ar\/ms\/enmovimiento\/wp-json\/wp\/v2\/pages"}],"about":[{"href":"https:\/\/www.santafe.gob.ar\/ms\/enmovimiento\/wp-json\/wp\/v2\/types\/page"}],"author":[{"embeddable":true,"href":"https:\/\/www.santafe.gob.ar\/ms\/enmovimiento\/wp-json\/wp\/v2\/users\/82961"}],"replies":[{"embeddable":true,"href":"https:\/\/www.santafe.gob.ar\/ms\/enmovimiento\/wp-json\/wp\/v2\/comments?post=128"}],"version-history":[{"count":4,"href":"https:\/\/www.santafe.gob.ar\/ms\/enmovimiento\/wp-json\/wp\/v2\/pages\/128\/revisions"}],"predecessor-version":[{"id":555,"href":"https:\/\/www.santafe.gob.ar\/ms\/enmovimiento\/wp-json\/wp\/v2\/pages\/128\/revisions\/555"}],"wp:attachment":[{"href":"https:\/\/www.santafe.gob.ar\/ms\/enmovimiento\/wp-json\/wp\/v2\/media?parent=128"}],"curies":[{"name":"wp","href":"https:\/\/api.w.org\/{rel}","templated":true}]}}