{"id":130,"date":"2024-06-29T22:00:41","date_gmt":"2024-06-29T20:00:41","guid":{"rendered":"https:\/\/www.santafe.gob.ar\/ms\/enmovimiento\/?page_id=130"},"modified":"2025-05-21T17:02:18","modified_gmt":"2025-05-21T15:02:18","slug":"encuentros-deportivos","status":"publish","type":"page","link":"https:\/\/www.santafe.gob.ar\/ms\/enmovimiento\/encuentros-deportivos\/","title":{"rendered":"Encuentros Deportivos"},"content":{"rendered":"<p>Es una propuesta de \u00abSanta Fe en movimiento\u201d que promueve la participaci\u00f3n de los estudiantes de las instituciones educativas de la comunidad santafesina en el desarrollo deportivo. Ser\u00e1 un \u00e1mbito que posibilitar\u00e1 el encuentro de \u00e9stos y sus docentes en una instancia cuya caracter\u00edstica ser\u00e1 escolar y comunitaria, en deportes que se practican en las clases de Educaci\u00f3n F\u00edsica y en otros \u00e1mbitos no escolares. La competencia deportiva espec\u00edfica ser\u00e1 el nexo para la creaci\u00f3n de espacios de convivencia entre j\u00f3venes y adolescentes de diferentes escuelas de la provincia.<\/p>\n<p><strong>Caracter\u00edsticas del torneo:<\/strong> Los torneos se desarrollar\u00e1n en jornadas a nivel local quedando supeditado a un cierre departamental y provincial..<\/p>\n<p><strong>Categor\u00edas para la inscripci\u00f3n:<\/strong> Sub 13, Sub 14, Sub 15, Sub 16, Sub 17, Sub 18.<\/p>\n<p><strong>Deportes:<\/strong> ATLETISMO convencional y adaptado, B\u00c1SQUET 3X3 convencional y adaptado, FUTSAL, F\u00daTBOL MIXTO, HANDBALL, NATACI\u00d3N adaptada, VOLEIBOL, TENIS DE MESA convencional y adaptado, RUGBY, HOCKEY 7, BADMINTON, FREESTYLE, VOLEY playa y HANDBALL playa.<\/p>\n<p><strong>Proyecci\u00f3n:<\/strong> Departamental y Provincial. Se realizar\u00e1 basada en la propuesta final de los Juegos nacionales.<\/p>\n<p>&nbsp;<\/p>\n<div class='et-box et-shadow'>\n\t\t\t\t\t<div class='et-box-content'><ul>\n<li><b>Destinatarias:<\/b> instituciones educativas oficiales de gesti\u00f3n p\u00fablica y gesti\u00f3n privada y organizaciones sociales\/instituciones deportivas.<\/li>\n<li><b>Inscripci\u00f3n:<\/b> desde el 20 al 30 de Mayo del 2025<\/li>\n<li><b>Instituciones escolares:<\/b> a trav\u00e9s de <a href=\"http:\/\/www.santafe.gob.ar\/sigae-web\" target=\"_blank\" rel=\"noopener\">www.santafe.gob.ar\/sigae-web<\/a><\/li>\n<li><b>Organizaciones sociales\/Instituciones deportivas:<\/b> a trav\u00e9s de <a href=\"https:\/\/www.santafe.gov.ar\/mds\/en-movimiento\" target=\"_blank\" rel=\"noopener\">www.santafe.gov.ar\/mds\/en-movimiento<\/a><\/li>\n<\/ul><\/div><\/div>\n","protected":false},"excerpt":{"rendered":"<p>Es una propuesta de \u00abSanta Fe en movimiento\u201d que promueve la participaci\u00f3n de los estudiantes de las instituciones educativas de la comunidad santafesina en el desarrollo deportivo. Ser\u00e1 un \u00e1mbito que posibilitar\u00e1 el encuentro de \u00e9stos y sus docentes en una instancia cuya caracter\u00edstica ser\u00e1 escolar y comunitaria, en deportes que se practican en las [&hellip;]<\/p>\n","protected":false},"author":82961,"featured_media":0,"parent":0,"menu_order":0,"comment_status":"closed","ping_status":"closed","template":"","meta":{"_acf_changed":false,"_et_pb_use_builder":"","_et_pb_old_content":"","_et_gb_content_width":"","footnotes":""},"class_list":["post-130","page","type-page","status-publish","hentry"],"acf":[],"_links":{"self":[{"href":"https:\/\/www.santafe.gob.ar\/ms\/enmovimiento\/wp-json\/wp\/v2\/pages\/130","targetHints":{"allow":["GET"]}}],"collection":[{"href":"https:\/\/www.santafe.gob.ar\/ms\/enmovimiento\/wp-json\/wp\/v2\/pages"}],"about":[{"href":"https:\/\/www.santafe.gob.ar\/ms\/enmovimiento\/wp-json\/wp\/v2\/types\/page"}],"author":[{"embeddable":true,"href":"https:\/\/www.santafe.gob.ar\/ms\/enmovimiento\/wp-json\/wp\/v2\/users\/82961"}],"replies":[{"embeddable":true,"href":"https:\/\/www.santafe.gob.ar\/ms\/enmovimiento\/wp-json\/wp\/v2\/comments?post=130"}],"version-history":[{"count":9,"href":"https:\/\/www.santafe.gob.ar\/ms\/enmovimiento\/wp-json\/wp\/v2\/pages\/130\/revisions"}],"predecessor-version":[{"id":553,"href":"https:\/\/www.santafe.gob.ar\/ms\/enmovimiento\/wp-json\/wp\/v2\/pages\/130\/revisions\/553"}],"wp:attachment":[{"href":"https:\/\/www.santafe.gob.ar\/ms\/enmovimiento\/wp-json\/wp\/v2\/media?parent=130"}],"curies":[{"name":"wp","href":"https:\/\/api.w.org\/{rel}","templated":true}]}}