{"id":135,"date":"2024-06-29T22:07:19","date_gmt":"2024-06-29T20:07:19","guid":{"rendered":"https:\/\/www.santafe.gob.ar\/ms\/enmovimiento\/?page_id=135"},"modified":"2025-05-14T20:31:14","modified_gmt":"2025-05-14T18:31:14","slug":"jugadas-mayores","status":"publish","type":"page","link":"https:\/\/www.santafe.gob.ar\/ms\/enmovimiento\/jugadas-mayores\/","title":{"rendered":"Jugadas Mayores"},"content":{"rendered":"<p>El prop\u00f3sito de este trayecto de \u201cSanta Fe en movimiento\u201d es facilitar el acceso a actividades recreativas y deportivas a personas mayores de toda la provincia, propiciando las condiciones para la construcci\u00f3n creativa del uso del tiempo libre, promoviendo la perspectiva del envejecimiento activo como proceso natural, diferenciado y colectivo, resignificando al adulto como un sujeto de derecho, construyendo representaciones positivas sobre las vejeces y sensibilizando a la sociedad sobre el valor de la intergeneracionalidad y el buen trato, favoreciendo as\u00ed la participaci\u00f3n, la independencia y la autonom\u00eda de las personas mayores.<\/p>\n<p>Las actividades art\u00edsticas, recreativas y el deporte, son una potente herramienta para promover una perspectiva de envejecimiento activo y participativo tendiendo redes que sostengan la construcci\u00f3n de un proyecto de vida pleno de sentido, alegre y saludable.<\/p>\n<h4>Propuestas de participaci\u00f3n:<\/h4>\n<ul>\n<li>Newcom<\/li>\n<li>Tenis de mesa<\/li>\n<li>Ajedrez<\/li>\n<li>Orientaci\u00f3n<\/li>\n<li>P\u00e1del<\/li>\n<li>Sapo<\/li>\n<li>Truco<\/li>\n<li>Tejo<\/li>\n<\/ul>\n<p>&nbsp;<\/p>\n<div class='et-box et-shadow'>\n\t\t\t\t\t<div class='et-box-content'><ul>\n<li><b>Destinatarias:<\/b> Organizaciones Sociales\/Instituciones Deportivas.<\/li>\n<li><b>Inscripci\u00f3n:<\/b> hasta 30 de Mayo del 2025 en <a href=\"https:\/\/www.santafe.gob.ar\/mds\/en-movimiento\/\" target=\"_blank\" rel=\"noopener\">www.santafe.gob.ar\/mds\/en-movimiento<\/a><\/li>\n<\/ul><\/div><\/div>\n","protected":false},"excerpt":{"rendered":"<p>El prop\u00f3sito de este trayecto de \u201cSanta Fe en movimiento\u201d es facilitar el acceso a actividades recreativas y deportivas a personas mayores de toda la provincia, propiciando las condiciones para la construcci\u00f3n creativa del uso del tiempo libre, promoviendo la perspectiva del envejecimiento activo como proceso natural, diferenciado y colectivo, resignificando al adulto como un [&hellip;]<\/p>\n","protected":false},"author":82961,"featured_media":0,"parent":0,"menu_order":0,"comment_status":"closed","ping_status":"closed","template":"","meta":{"_acf_changed":false,"_et_pb_use_builder":"","_et_pb_old_content":"","_et_gb_content_width":"","footnotes":""},"class_list":["post-135","page","type-page","status-publish","hentry"],"acf":[],"_links":{"self":[{"href":"https:\/\/www.santafe.gob.ar\/ms\/enmovimiento\/wp-json\/wp\/v2\/pages\/135","targetHints":{"allow":["GET"]}}],"collection":[{"href":"https:\/\/www.santafe.gob.ar\/ms\/enmovimiento\/wp-json\/wp\/v2\/pages"}],"about":[{"href":"https:\/\/www.santafe.gob.ar\/ms\/enmovimiento\/wp-json\/wp\/v2\/types\/page"}],"author":[{"embeddable":true,"href":"https:\/\/www.santafe.gob.ar\/ms\/enmovimiento\/wp-json\/wp\/v2\/users\/82961"}],"replies":[{"embeddable":true,"href":"https:\/\/www.santafe.gob.ar\/ms\/enmovimiento\/wp-json\/wp\/v2\/comments?post=135"}],"version-history":[{"count":4,"href":"https:\/\/www.santafe.gob.ar\/ms\/enmovimiento\/wp-json\/wp\/v2\/pages\/135\/revisions"}],"predecessor-version":[{"id":558,"href":"https:\/\/www.santafe.gob.ar\/ms\/enmovimiento\/wp-json\/wp\/v2\/pages\/135\/revisions\/558"}],"wp:attachment":[{"href":"https:\/\/www.santafe.gob.ar\/ms\/enmovimiento\/wp-json\/wp\/v2\/media?parent=135"}],"curies":[{"name":"wp","href":"https:\/\/api.w.org\/{rel}","templated":true}]}}