{"id":189,"date":"2024-06-30T23:15:34","date_gmt":"2024-06-30T21:15:34","guid":{"rendered":"https:\/\/www.santafe.gob.ar\/ms\/enmovimiento\/?page_id=189"},"modified":"2024-06-30T23:15:34","modified_gmt":"2024-06-30T21:15:34","slug":"mas-info","status":"publish","type":"page","link":"https:\/\/www.santafe.gob.ar\/ms\/enmovimiento\/mas-info\/","title":{"rendered":"M\u00e1s info"},"content":{"rendered":"<p>Santa Fe se pone en movimiento con un programa que alienta la participaci\u00f3n deportiva, con iniciativas educativas, recreativas y participativas.<\/p>\n<p>Todas las instituciones educativas, clubes, organizaciones sociales y la comunidad en general ser\u00e1n los protagonistas, para llevar este movimiento a cada rinc\u00f3n de la provincia.<\/p>\n<p>Con capacitaciones docentes, instancias escolares, encuentros deportivos, propuestas para j\u00f3venes y personas mayores pondremos en lo m\u00e1s alto al deporte y la vida sana.<\/p>\n<p>Sumate a esta movida que promueve la democratizaci\u00f3n del deporte, la igualdad de oportunidades, la inclusi\u00f3n y el desarrollo deportivo como motor de transformaci\u00f3n.<\/p>\n","protected":false},"excerpt":{"rendered":"<p>Santa Fe se pone en movimiento con un programa que alienta la participaci\u00f3n deportiva, con iniciativas educativas, recreativas y participativas. Todas las instituciones educativas, clubes, organizaciones sociales y la comunidad en general ser\u00e1n los protagonistas, para llevar este movimiento a cada rinc\u00f3n de la provincia. Con capacitaciones docentes, instancias escolares, encuentros deportivos, propuestas para j\u00f3venes [&hellip;]<\/p>\n","protected":false},"author":82961,"featured_media":0,"parent":0,"menu_order":0,"comment_status":"closed","ping_status":"closed","template":"","meta":{"_acf_changed":false,"_et_pb_use_builder":"","_et_pb_old_content":"","_et_gb_content_width":"","footnotes":""},"class_list":["post-189","page","type-page","status-publish","hentry"],"acf":[],"_links":{"self":[{"href":"https:\/\/www.santafe.gob.ar\/ms\/enmovimiento\/wp-json\/wp\/v2\/pages\/189","targetHints":{"allow":["GET"]}}],"collection":[{"href":"https:\/\/www.santafe.gob.ar\/ms\/enmovimiento\/wp-json\/wp\/v2\/pages"}],"about":[{"href":"https:\/\/www.santafe.gob.ar\/ms\/enmovimiento\/wp-json\/wp\/v2\/types\/page"}],"author":[{"embeddable":true,"href":"https:\/\/www.santafe.gob.ar\/ms\/enmovimiento\/wp-json\/wp\/v2\/users\/82961"}],"replies":[{"embeddable":true,"href":"https:\/\/www.santafe.gob.ar\/ms\/enmovimiento\/wp-json\/wp\/v2\/comments?post=189"}],"version-history":[{"count":1,"href":"https:\/\/www.santafe.gob.ar\/ms\/enmovimiento\/wp-json\/wp\/v2\/pages\/189\/revisions"}],"predecessor-version":[{"id":190,"href":"https:\/\/www.santafe.gob.ar\/ms\/enmovimiento\/wp-json\/wp\/v2\/pages\/189\/revisions\/190"}],"wp:attachment":[{"href":"https:\/\/www.santafe.gob.ar\/ms\/enmovimiento\/wp-json\/wp\/v2\/media?parent=189"}],"curies":[{"name":"wp","href":"https:\/\/api.w.org\/{rel}","templated":true}]}}