{"id":536,"date":"2024-12-19T14:48:12","date_gmt":"2024-12-19T13:48:12","guid":{"rendered":"https:\/\/www.santafe.gob.ar\/ms\/enmovimiento\/?page_id=536"},"modified":"2024-12-19T14:48:12","modified_gmt":"2024-12-19T13:48:12","slug":"capacitacion-para-profesores-de-educacion-fisica","status":"publish","type":"page","link":"https:\/\/www.santafe.gob.ar\/ms\/enmovimiento\/capacitacion-para-profesores-de-educacion-fisica\/","title":{"rendered":"Capacitaci\u00f3n para profesores de Educaci\u00f3n F\u00edsica"},"content":{"rendered":"<p>Abordajes de la educaci\u00f3n f\u00edsica y el deporte a trav\u00e9s del movimiento y el juego<\/p>\n<p>La propuesta formaci\u00f3n destinada a profesores de Educaci\u00f3n F\u00edsica durante el 2024 se bas\u00f3 en tres ejes:<\/p>\n<ol>\n<li>Alfabetizaci\u00f3n motriz: capacitar a los docentes en esta \u00e1rea es esencial para que los estudiantes adquieran habilidades f\u00edsicas fundamentales y confianza para participar en actividades deportivas y recreativas durante toda su vida. La alfabetizaci\u00f3n motriz ayuda a combatir el sedentarismo infantil al establecer una base s\u00f3lida para el desarrollo f\u00edsico desde una edad temprana.<\/li>\n<li>Desarrollo de capacidades f\u00edsicas: busca mejorar aspectos como la fuerza, resistencia, flexibilidad y velocidad en los estudiantes, promoviendo as\u00ed un mejor rendimiento f\u00edsico y una vida activa y saludable. Este enfoque contribuye a la prevenci\u00f3n de enfermedades relacionadas con el sedentarismo y mejora la calidad de vida.<\/li>\n<li>Actividades l\u00fadicas: el juego y las actividades l\u00fadicas son fundamentales para crear una relaci\u00f3n positiva con la actividad f\u00edsica y asegurar la participaci\u00f3n activa de todos los estudiantes, independientemente de sus habilidades. La formaci\u00f3n de docentes en esta \u00e1rea no solo enriquece las clases de educaci\u00f3n f\u00edsica, sino que tambi\u00e9n fortalece los lazos comunitarios y promueve valores de respeto y solidaridad.<\/li>\n<\/ol>\n<p>Las instancias de formaci\u00f3n se realizaron de manera presencial y virtual a trav\u00e9s del Campus Educativo de la provincia de Santa Fe. En el mes de abril de 2025 se abrir\u00e1 una nueva instancia de inscripci\u00f3n.<\/p>\n","protected":false},"excerpt":{"rendered":"<p>Abordajes de la educaci\u00f3n f\u00edsica y el deporte a trav\u00e9s del movimiento y el juego La propuesta formaci\u00f3n destinada a profesores de Educaci\u00f3n F\u00edsica durante el 2024 se bas\u00f3 en tres ejes: Alfabetizaci\u00f3n motriz: capacitar a los docentes en esta \u00e1rea es esencial para que los estudiantes adquieran habilidades f\u00edsicas fundamentales y confianza para participar [&hellip;]<\/p>\n","protected":false},"author":82961,"featured_media":0,"parent":0,"menu_order":0,"comment_status":"closed","ping_status":"closed","template":"","meta":{"_acf_changed":false,"_et_pb_use_builder":"","_et_pb_old_content":"","_et_gb_content_width":"","footnotes":""},"class_list":["post-536","page","type-page","status-publish","hentry"],"acf":[],"_links":{"self":[{"href":"https:\/\/www.santafe.gob.ar\/ms\/enmovimiento\/wp-json\/wp\/v2\/pages\/536","targetHints":{"allow":["GET"]}}],"collection":[{"href":"https:\/\/www.santafe.gob.ar\/ms\/enmovimiento\/wp-json\/wp\/v2\/pages"}],"about":[{"href":"https:\/\/www.santafe.gob.ar\/ms\/enmovimiento\/wp-json\/wp\/v2\/types\/page"}],"author":[{"embeddable":true,"href":"https:\/\/www.santafe.gob.ar\/ms\/enmovimiento\/wp-json\/wp\/v2\/users\/82961"}],"replies":[{"embeddable":true,"href":"https:\/\/www.santafe.gob.ar\/ms\/enmovimiento\/wp-json\/wp\/v2\/comments?post=536"}],"version-history":[{"count":2,"href":"https:\/\/www.santafe.gob.ar\/ms\/enmovimiento\/wp-json\/wp\/v2\/pages\/536\/revisions"}],"predecessor-version":[{"id":538,"href":"https:\/\/www.santafe.gob.ar\/ms\/enmovimiento\/wp-json\/wp\/v2\/pages\/536\/revisions\/538"}],"wp:attachment":[{"href":"https:\/\/www.santafe.gob.ar\/ms\/enmovimiento\/wp-json\/wp\/v2\/media?parent=536"}],"curies":[{"name":"wp","href":"https:\/\/api.w.org\/{rel}","templated":true}]}}