{"id":1026,"date":"2025-11-08T22:12:00","date_gmt":"2025-11-08T21:12:00","guid":{"rendered":"https:\/\/www.santafe.gob.ar\/ms\/fipr\/?page_id=1026"},"modified":"2025-11-11T11:21:38","modified_gmt":"2025-11-11T10:21:38","slug":"eva-costello","status":"publish","type":"page","link":"https:\/\/www.santafe.gob.ar\/ms\/fipr\/eva-costello\/","title":{"rendered":"Eva Costello"},"content":{"rendered":"<p>[et_pb_section fb_built=\u00bb1&#8243; custom_padding_last_edited=\u00bboff|desktop\u00bb admin_label=\u00bbHeader\u00bb _builder_version=\u00bb4.19.0&#8243; background_color_gradient_direction=\u00bb188deg\u00bb background_image=\u00bbhttps:\/\/www.santafe.gob.ar\/ms\/fipr\/wp-content\/uploads\/sites\/88\/2025\/11\/art-gallery-55.jpg\u00bb background_size=\u00bbinitial\u00bb background_repeat=\u00bbrepeat\u00bb width=\u00bb100%\u00bb custom_padding_tablet=\u00bb5vw||5vw||true\u00bb top_divider_style=\u00bbslant\u00bb top_divider_color=\u00bb#063A29&#8243; top_divider_height=\u00bb153px\u00bb top_divider_flip=\u00bbhorizontal\u00bb global_colors_info=\u00bb{}\u00bb][et_pb_row column_structure=\u00bb2_5,3_5&#8243; use_custom_gutter=\u00bbon\u00bb gutter_width=\u00bb2&#8243; make_equal=\u00bbon\u00bb admin_label=\u00bbFila\u00bb _builder_version=\u00bb4.19.0&#8243; use_custom_width=\u00bbon\u00bb width_unit=\u00bboff\u00bb custom_width_percent=\u00bb100%\u00bb locked=\u00bboff\u00bb global_colors_info=\u00bb{}\u00bb][et_pb_column type=\u00bb2_5&#8243; _builder_version=\u00bb4.16&#8243; custom_padding=\u00bb|||\u00bb global_colors_info=\u00bb{}\u00bb custom_padding__hover=\u00bb|||\u00bb][et_pb_text _builder_version=\u00bb4.19.0&#8243; text_font=\u00bbCrimson Pro||||||||\u00bb text_text_color=\u00bb#121212&#8243; text_font_size=\u00bb68px\u00bb text_line_height=\u00bb1em\u00bb header_font=\u00bb||||||||\u00bb header_2_font=\u00bbPrata|500|||||||\u00bb header_2_text_align=\u00bbleft\u00bb header_2_font_size=\u00bb56px\u00bb header_2_line_height=\u00bb1.3em\u00bb header_4_font=\u00bb|700|||||||\u00bb header_4_font_size=\u00bb20px\u00bb header_4_line_height=\u00bb1.2em\u00bb transform_translate_linked=\u00bboff\u00bb max_width=\u00bb100%\u00bb max_width_tablet=\u00bb70%\u00bb max_width_last_edited=\u00bboff|phone\u00bb hover_enabled=\u00bb0&#8243; header_2_font_size_tablet=\u00bb40px\u00bb header_2_font_size_phone=\u00bb26px\u00bb header_2_font_size_last_edited=\u00bbon|desktop\u00bb global_colors_info=\u00bb{}\u00bb text_font_size_last_edited=\u00bbon|phone\u00bb sticky_enabled=\u00bb0&#8243; text_font_size_phone=\u00bb42px\u00bb text_font_size_tablet=\u00bb68px\u00bb]<\/p>\n<p><b>Eva Costello<\/b><\/p>\n<p>[\/et_pb_text][et_pb_image src=\u00bbhttps:\/\/www.santafe.gob.ar\/ms\/fipr\/wp-content\/uploads\/sites\/88\/2025\/11\/0Eva-Costello-San-Miguel-de-Tucuman-1997.jpg\u00bb title_text=\u00bb0Eva Costello (San Miguel de Tucum\u00e1n, 1997)\u00bb _builder_version=\u00bb4.19.0&#8243; _module_preset=\u00bbdefault\u00bb global_colors_info=\u00bb{}\u00bb][\/et_pb_image][\/et_pb_column][et_pb_column type=\u00bb3_5&#8243; _builder_version=\u00bb4.19.0&#8243; custom_padding=\u00bb51px||||false|false\u00bb global_colors_info=\u00bb{}\u00bb custom_padding__hover=\u00bb|||\u00bb][et_pb_text _builder_version=\u00bb4.19.0&#8243; text_font=\u00bb||||||||\u00bb header_font=\u00bb|700|||||||\u00bb header_font_size=\u00bb20px\u00bb header_line_height=\u00bb1.3em\u00bb header_2_font=\u00bb|700|||||||\u00bb header_2_font_size=\u00bb20px\u00bb header_2_line_height=\u00bb1.3em\u00bb header_3_font=\u00bb|700|||||||\u00bb header_3_font_size=\u00bb16px\u00bb header_3_line_height=\u00bb1.3em\u00bb custom_padding=\u00bb||7px|||\u00bb header_font_size_tablet=\u00bb\u00bb header_font_size_phone=\u00bb\u00bb header_font_size_last_edited=\u00bbon|desktop\u00bb locked=\u00bboff\u00bb global_colors_info=\u00bb{}\u00bb]<\/p>\n<p>(San Miguel de Tucum\u00e1n, 1997)<\/p>\n<p>\u00a0Poeta y artista visual. Desde 2015 reside en La Plata. Es licenciada en Artes Pl\u00e1sticas con orientaci\u00f3n en Grabado y Arte Impreso por la Facultad de Artes de la UNLP. Trabaja como docente y becaria doctoral. Se ha formado en talleres y residencias con artistas visuales, m\u00fasicxs, curadores, poetas y dramaturgxs. Ha participado en exhibiciones y lecturas a nivel nacional e internacional en galer\u00edas, festivales, salones y bienales. Particip\u00f3 en la segunda Residencia para poetas j\u00f3venes del FIPR en 2018. Es integrante del Club de la Pintura. Sus poemas han sido publicados en revistas, blogs y antolog\u00edas como <em>B\u00fascame otra vez. 15 poetas sub-30 de Tucum\u00e1n<\/em> editado por Nacho Jurao y <em>El asunto es con drones. Antolog\u00eda del 14\u00b0 Festival Latinoamericano de Poes\u00eda de Bah\u00eda Blanca <\/em>editado por LUX. Es co-fundadora de la Cooperadora de Poecia y de la Red Internacional de Blogs de Poecia. Edita fanzines en su micro-editorial La Roberta.<\/p>\n<p>[\/et_pb_text][\/et_pb_column][\/et_pb_row][\/et_pb_section][et_pb_section fb_built=\u00bb1&#8243; admin_label=\u00bbpoemas\u00bb _builder_version=\u00bb4.19.0&#8243; custom_margin=\u00bb0px||||false|false\u00bb custom_padding=\u00bb0px||||false|false\u00bb global_colors_info=\u00bb{}\u00bb][et_pb_row custom_padding_last_edited=\u00bboff|phone\u00bb _builder_version=\u00bb4.16&#8243; background_position=\u00bbbottom_center\u00bb custom_padding_tablet=\u00bb17vw||17vw||false\u00bb use_custom_width=\u00bbon\u00bb width_unit=\u00bboff\u00bb custom_width_percent=\u00bb100%\u00bb locked=\u00bboff\u00bb global_colors_info=\u00bb{}\u00bb][et_pb_column type=\u00bb4_4&#8243; _builder_version=\u00bb4.16&#8243; custom_padding=\u00bb|||\u00bb global_colors_info=\u00bb{}\u00bb custom_padding__hover=\u00bb|||\u00bb][et_pb_text _builder_version=\u00bb4.19.0&#8243; text_font=\u00bb||||||||\u00bb text_font_size=\u00bb41px\u00bb header_font=\u00bb||||||||\u00bb header_font_size=\u00bb60px\u00bb header_2_font=\u00bbPrata|500|||||||\u00bb header_2_font_size=\u00bb56px\u00bb header_2_line_height=\u00bb1.3em\u00bb header_3_font=\u00bb|700||on|||||\u00bb header_3_text_color=\u00bbrgba(0,0,0,0.35)\u00bb header_3_font_size=\u00bb12px\u00bb header_3_letter_spacing=\u00bb5px\u00bb header_3_line_height=\u00bb2em\u00bb transform_translate_linked=\u00bboff\u00bb text_orientation=\u00bbcenter\u00bb max_width=\u00bb700px\u00bb max_width_tablet=\u00bb70%\u00bb max_width_last_edited=\u00bboff|phone\u00bb module_alignment=\u00bbcenter\u00bb header_2_font_size_tablet=\u00bb40px\u00bb header_2_font_size_phone=\u00bb26px\u00bb header_2_font_size_last_edited=\u00bbon|phone\u00bb header_3_font_size_phone=\u00bb10px\u00bb header_3_font_size_last_edited=\u00bboff|desktop\u00bb module_alignment_last_edited=\u00bboff|desktop\u00bb text_text_align=\u00bbcenter\u00bb inline_fonts=\u00bbCrimson Pro\u00bb global_colors_info=\u00bb{}\u00bb]<\/p>\n<h1>poemas<\/h1>\n<p>[\/et_pb_text][\/et_pb_column][\/et_pb_row][et_pb_row _builder_version=\u00bb4.19.0&#8243; _module_preset=\u00bbdefault\u00bb global_colors_info=\u00bb{}\u00bb][et_pb_column type=\u00bb4_4&#8243; _builder_version=\u00bb4.19.0&#8243; _module_preset=\u00bbdefault\u00bb global_colors_info=\u00bb{}\u00bb][et_pb_accordion _builder_version=\u00bb4.19.0&#8243; _module_preset=\u00bbdefault\u00bb global_colors_info=\u00bb{}\u00bb][et_pb_accordion_item title=\u00bbsolo los besos de cien caniches bastar\u00e1n para sanarme\u00bb open=\u00bbon\u00bb _builder_version=\u00bb4.19.0&#8243; _module_preset=\u00bbdefault\u00bb global_colors_info=\u00bb{}\u00bb]<\/p>\n<p><span>solo los besos<\/span><\/p>\n<p><span>de cien caniches <\/span><\/p>\n<p><span>bastar\u00e1n <\/span><\/p>\n<p><span>para sanarme<\/span><\/p>\n<p><span>queridas nubecitas <\/span><\/p>\n<p><span>rod\u00e9enme, no dosifiquen<\/span><\/p>\n<p><span>jubilen una por una<\/span><\/p>\n<p><span>todas mis c\u00e9lulas<\/span><\/p>\n<p><span>cien cachorritos<\/span><\/p>\n<p><span>de lana y baba<\/span><\/p>\n<p><span>les doy permiso, vandalicen<\/span><\/p>\n<p><span>aunque no siempre haya sabido<\/span><\/p>\n<p><span>corresponder sus ladridos<\/span><\/p>\n<p><span>vengan, vengan<\/span><\/p>\n<p><span>enr\u00f3llenme con sus lenguas <\/span><\/p>\n<p><span>dirijan sus hocicos como ferrocarriles<\/span><\/p>\n<p><span>cien caniches<\/span><\/p>\n<p><span>solo los besos<\/span><\/p>\n<p><span>bastar\u00e1n <\/span><\/p>\n<p><span>repliquen<\/span><\/p>\n<p><span>cien caniches<\/span><\/p>\n<p><span>y hasta alguna ratita que se infiltre<\/span><\/p>\n<p><span>cien besos conspiren<\/span><\/p>\n<p><span>perritos de mousse<\/span><\/p>\n<p><span>conviertan mi coraz\u00f3n en una natilla<\/span><\/p>\n<p><span>clarines de vainill\u00edn<\/span><\/p>\n<p><span>para sanarme<\/span><\/p>\n<p><span>solo los besos<\/span><\/p>\n<p><span>no se limiten<\/span><\/p>\n<p><span>cien caniches<\/span><\/p>\n<p><span><\/span><\/p>\n<p><span><\/span><\/p>\n<p><strong>De \u201cEl asunto es con drones. Antolog\u00eda del 14\u00ba Festival Latinoamericano de Bah\u00eda Blanca\u201d (2025), editado por LUX.<\/strong><\/p>\n<p>[\/et_pb_accordion_item][et_pb_accordion_item title=\u00bbcansada\u00bb _builder_version=\u00bb4.19.0&#8243; _module_preset=\u00bbdefault\u00bb global_colors_info=\u00bb{}\u00bb open=\u00bboff\u00bb]<\/p>\n<p><span>ya junt\u00e9<\/span><\/p>\n<p><span>dos sillitas<\/span><\/p>\n<p><span>para que el poema se acueste<\/span><\/p>\n<p><span>tiene tanto sue\u00f1o<\/span><\/p>\n<p><span>no le molesta la m\u00fasica fuerte<\/span><\/p>\n<p><span>\u00a0<\/span><\/p>\n<p><span>y si nos vamos de la fiesta<\/span><\/p>\n<p><span>con cuidado<\/span><\/p>\n<p><span>hay que cargarlo<\/span><\/p>\n<p><span>entre los brazos<\/span><\/p>\n<p><span>arriba de un auto<\/span><\/p>\n<p><span>\u00a0<\/span><\/p>\n<p><span>-a mi casa xfavor<\/span><\/p>\n<p><span>\u00a0<\/span><\/p>\n<p><span>dele so\u00f1ar nom\u00e1s<\/span><\/p>\n<p><span>chuiiiiiiiiii<\/span><\/p>\n<p><span>qu\u00e9 fr\u00edo!<\/span><\/p>\n<p><span>tapalo bien al poema<\/span><\/p>\n<p><span>con la manta de tigre<\/span><\/p>\n<p><span>que no se le enfrien<\/span><\/p>\n<p><span>las patitas<\/span><\/p>\n<p><span><\/span><\/p>\n<p><span><\/span><\/p>\n<p><strong>De \u201cEl asunto es con drones. Antolog\u00eda del 14\u00ba Festival Latinoamericano de Bah\u00eda Blanca\u201d (2025) editado por LUX.<\/strong><\/p>\n<p>[\/et_pb_accordion_item][et_pb_accordion_item title=\u00bbEscuela P\u00fablica de Rok\u00bb _builder_version=\u00bb4.19.0&#8243; _module_preset=\u00bbdefault\u00bb global_colors_info=\u00bb{}\u00bb open=\u00bboff\u00bb]<\/p>\n<p><span>Cuando entr\u00e9 a la Escuela P\u00fablica de Rok<\/span><\/p>\n<p><span>ten\u00eda 13 a\u00f1os<\/span><\/p>\n<p><span>era el 2010<\/span><\/p>\n<p><span>Cristina era la presidenta<\/span><\/p>\n<p><span>su gobierno organizaba festejos<\/span><\/p>\n<p><span>por el Bicentenario de la Naci\u00f3n<\/span><\/p>\n<p><span>en todas las provincias recitales<\/span><\/p>\n<p><span>shows desde <\/span><\/p>\n<p><span>Ushuaia<\/span><\/p>\n<p><span>a La Quiaca<\/span><\/p>\n<p><span>\u00a0<\/span><\/p>\n<p><span>En Tucum\u00e1n <\/span><\/p>\n<p><span>se arm\u00f3 por el 9 de julio<\/span><\/p>\n<p><span>el Recital de la Independencia<\/span><\/p>\n<p><span>montaron el escenario en la Casa de Gobierno<\/span><\/p>\n<p><span>mirando hacia la plaza<\/span><\/p>\n<p><span>hab\u00eda proyecciones sobre el edificio<\/span><\/p>\n<p><span>videomapping, el peak tecnol\u00f3gico del pa\u00eds<\/span><\/p>\n<p><span>era el futuro<\/span><\/p>\n<p><span>\u00a0<\/span><\/p>\n<p><span>Desde temprano hubo m\u00fasica<\/span><\/p>\n<p><span>tocaron personas famosas<\/span><\/p>\n<p><span>pero de esa parte no me acuerdo nada<\/span><\/p>\n<p><span>el nombre de Gladys<\/span><\/p>\n<p><span>La Bomba Tucumana, pero ni un tema<\/span><\/p>\n<p><span>un separador de cuaderno<\/span><\/p>\n<p><span>en esa \u00e9poca ni me interesaba <\/span><\/p>\n<p><span>la materia folklore o cumbia <\/span><\/p>\n<p><span>apenas el rock porque mir\u00e1bamos el canal MTV<\/span><\/p>\n<p><span>que era como ir al Instituto Privado de Ingl\u00e9s<\/span><\/p>\n<p><span>no escuchaba Liliana Herrero<\/span><\/p>\n<p><span>menos Victor Heredia<\/span><\/p>\n<p><span>del Chaque\u00f1o Palavecino seguro nos hemos re\u00eddo<\/span><\/p>\n<p><span>cuando cant\u00f3 Amor Salvaje<\/span><\/p>\n<p><span>durante la tarde nos habr\u00e1 interesado <\/span><\/p>\n<p><span>nom\u00e1s la llegada de otros adolescentes<\/span><\/p>\n<p><span>y las oleadas de gente entrando a la plaza<\/span><\/p>\n<p><span>dicen que hubo 100.000 personas<\/span><\/p>\n<p><span>\u00a0<\/span><\/p>\n<p><span>Charly Garc\u00eda<\/span><\/p>\n<p><span>ten\u00eda 63 a\u00f1os<\/span><\/p>\n<p><span>tres hombres lo ayudaron a sentarse en el piano<\/span><\/p>\n<p><span>porque ten\u00eda un esguince en la pierna<\/span><\/p>\n<p><span>agarr\u00f3 el mic y dijo<\/span><\/p>\n<p><span>\u201cvenir vine\u201d<\/span><\/p>\n<p><span>obviamente el show se demor\u00f3<\/span><\/p>\n<p><span>porque antes de salir al escenario<\/span><\/p>\n<p><span>estuvo tocando un teclado prestado<\/span><\/p>\n<p><span>en un camar\u00edn en la Casa de Gobierno<\/span><\/p>\n<p><span>200 a\u00f1os de Independencia<\/span><\/p>\n<p><span>y 40 minutos de Ministerio de Rok en San Miguel de Tucum\u00e1n<\/span><\/p>\n<p><span>a las 23.27<\/span><\/p>\n<p><span>Charly empez\u00f3 contando una historia<\/span><\/p>\n<p><span>estuvo jugando con Maradona<\/span><\/p>\n<p><span>por eso la lesi\u00f3n<\/span><\/p>\n<p><span>pregunt\u00f3 \u201c\u00bfqu\u00e9 viene ahora?<\/span><\/p>\n<p><span>\u201cCerca de la Revoluci\u00f3n,<\/span><\/p>\n<p><span>Rock and Roll!\u201d<\/span><\/p>\n<p><span>la banda empez\u00f3 a tocar<\/span><\/p>\n<p><span>gente enloquecida<\/span><\/p>\n<p><span>no me acuerdo de ning\u00fan tema <\/span><\/p>\n<p><span>sino de un bloque de hits<\/span><\/p>\n<p><span>y coros para cualquier parte de cualquier canci\u00f3n<\/span><\/p>\n<p><span>gritos, silbidos, personas subidas a los \u00e1rboles<\/span><\/p>\n<p><span>\u00a0<\/span><\/p>\n<p><span>qu\u00e9 sab\u00eda yo que eso era una clase<\/span><\/p>\n<p><span>podr\u00eda recuperar el cuaderno de apuntes<\/span><\/p>\n<p><span>qui\u00e9n lo tendr\u00e1 guardado<\/span><\/p>\n<p><span>mis compa\u00f1eras se acuerdan poco\u00a0 <\/span><\/p>\n<p><span>la mam\u00e1 de una nos ret\u00f3<\/span><\/p>\n<p><span>a mi me pasaron a buscar tarde a la salida<\/span><\/p>\n<p><span>\u00a0<\/span><\/p>\n<p><span>soy egresada de la Escuela P\u00fablica de Rok<\/span><\/p>\n<p><span><\/span><\/p>\n<p><span><\/span><\/p>\n<p><strong>Publicado en <em>Microcentro \u2013 Oficina Central de Poes\u00eda<\/em><\/strong><\/p>\n<p>[\/et_pb_accordion_item][et_pb_accordion_item title=\u00bbConectar Igualdad\u00bb _builder_version=\u00bb4.19.0&#8243; _module_preset=\u00bbdefault\u00bb global_colors_info=\u00bb{}\u00bb open=\u00bboff\u00bb]<\/p>\n<p><span>\u00e9ramos como palomas<\/span><\/p>\n<p><span>el campo de acci\u00f3n:<\/span><\/p>\n<p><span>escuela, plaza, casa<\/span><\/p>\n<p><span>patio de casa<\/span><\/p>\n<p><span>sillas de pl\u00e1stico<\/span><\/p>\n<p><span>narguille<\/span><\/p>\n<p><span>topper de lona roja<\/span><\/p>\n<p><span>semi-trash de buenas notas<\/span><\/p>\n<p><span>\u00a0<\/span><\/p>\n<p><span>cuando lleg\u00f3 <\/span><\/p>\n<p><span>la compu del gobierno<\/span><\/p>\n<p><span>no nos convertimos<\/span><\/p>\n<p><span>en prodigios de la m\u00fasica urbana<\/span><\/p>\n<p><span>seguimos siendo palomas<\/span><\/p>\n<p><span>\u00a0<\/span><\/p>\n<p><span>con esa compu<\/span><\/p>\n<p><span>me hice un blog<\/span><\/p>\n<p><span>chat\u00e9e con extra\u00f1os<\/span><\/p>\n<p><span>descargu\u00e9 discos <\/span><\/p>\n<p><span>m\u00fasica que sacudi\u00f3<\/span><\/p>\n<p><span>mis plumas <\/span><\/p>\n<p><span>y las volvi\u00f3 apenas tornasol<\/span><\/p>\n<p><span>busqu\u00e9 las letras traducidas<\/span><\/p>\n<p><span>compart\u00ed collages <\/span><\/p>\n<p><span>todas las chicas con tintura fantas\u00eda<\/span><\/p>\n<p><span>mir\u00e9 los documentales <\/span><\/p>\n<p><span>que hac\u00edan las bandas<\/span><\/p>\n<p><span>girando alrededor del mundo<\/span><\/p>\n<p><span>desde una cucheta<\/span><\/p>\n<p><span>en el barrio Lomas de Taf\u00ed<\/span><\/p>\n<p><span>le\u00ed poes\u00eda emo<\/span><\/p>\n<p><span>poes\u00eda escrita por palomas bisexuales<\/span><\/p>\n<p><span>saqu\u00e9 lustre al aserr\u00edn<\/span><\/p>\n<p><span>\u00a0<\/span><\/p>\n<p><span>ay conectar igualdad<\/span><\/p>\n<p>cacharro delf\u00edn<\/p>\n<p>&nbsp;<\/p>\n<p>&nbsp;<\/p>\n<p><em><strong>In\u00e9dito<\/strong><\/em><\/p>\n<p>[\/et_pb_accordion_item][et_pb_accordion_item title=\u00bbbroke broke\u00bb _builder_version=\u00bb4.19.0&#8243; _module_preset=\u00bbdefault\u00bb global_colors_info=\u00bb{}\u00bb open=\u00bboff\u00bb]<\/p>\n<p>ando broke<\/p>\n<p><span>kitty harapienta<\/span><\/p>\n<p><span>escucho noma&#8217; la tristeza<\/span><\/p>\n<p><span>quiero caerme en el pasto<\/span><\/p>\n<p><span>as\u00ed no me raspo<\/span><\/p>\n<p><span>voy sin licencia ni auto<\/span><\/p>\n<p><span>un agujero en mi canasto<\/span><\/p>\n<p><span>\u00a0<\/span><\/p>\n<p>object trouv\u00e9<\/p>\n<p>no tengo g<\/p>\n<p>my melody<\/p>\n<p><span>ni una chain<\/span><\/p>\n<p><span>no tengo tope<\/span><\/p>\n<p><span>chin-chin<\/span><\/p>\n<p><span>ni una chain<\/span><\/p>\n<p><span>voy sin sirope<\/span><\/p>\n<p><span>no tengo cofre<\/span><\/p>\n<p><span>chin-chin<\/span><\/p>\n<p><span>\u00a0<\/span><\/p>\n<p><span>ando broke<\/span><\/p>\n<p><span>kitty harapienta<\/span><\/p>\n<p><span>qued\u00e9 titilando<\/span><\/p>\n<p><span>llevate la cuenta<\/span><\/p>\n<p><span>papel no malgasto<\/span><\/p>\n<p><span>ta todo picado es un facto<\/span><\/p>\n<p><span>bananas no pauto<\/span><\/p>\n<p><span>manzanas en bruto<\/span><\/p>\n<p><span>pap\u00e1, no discuto<\/span><\/p>\n<p><span>\u00a0<\/span><\/p>\n<p><span>ando broke <\/span><\/p>\n<p><span>kitty harapienta<\/span><\/p>\n<p><span>ay si sabr\u00e9<\/span><\/p>\n<p>no hago miu miu<\/p>\n<p>my melody<\/p>\n<p><span>ni una chain<\/span><\/p>\n<p><span>no tengo tope<\/span><\/p>\n<p><span>eso ya lo v\u00ed<\/span><\/p>\n<p><span>huy\u00f3 en un plain<\/span><\/p>\n<p><span>chin-chin<\/span><\/p>\n<p><span>cero canuto<\/span><\/p>\n<p><span>no ayuno<\/span><\/p>\n<p><span>chin-chin<\/span><\/p>\n<p><span><\/span><\/p>\n<p><span><\/span><\/p>\n<p><strong>Publicado en el blog caracolcassata.bearblog.dev.<\/strong><\/p>\n<p>[\/et_pb_accordion_item][\/et_pb_accordion][\/et_pb_column][\/et_pb_row][\/et_pb_section][et_pb_section fb_built=\u00bb1&#8243; admin_label=\u00bbcontacto\u00bb _builder_version=\u00bb4.19.0&#8243; background_size=\u00bbinitial\u00bb background_repeat=\u00bbrepeat-y\u00bb custom_padding=\u00bb0px|||||\u00bb saved_tabs=\u00bball\u00bb locked=\u00bboff\u00bb global_colors_info=\u00bb{}\u00bb][et_pb_row disabled_on=\u00bbon|on|on\u00bb _builder_version=\u00bb4.19.0&#8243; width=\u00bb74%\u00bb custom_margin=\u00bb|auto||auto|false|false\u00bb custom_padding=\u00bb||||false|false\u00bb border_width_top=\u00bb2px\u00bb disabled=\u00bbon\u00bb global_colors_info=\u00bb{}\u00bb][et_pb_column type=\u00bb4_4&#8243; _builder_version=\u00bb4.19.0&#8243; custom_padding=\u00bb|||\u00bb global_colors_info=\u00bb{}\u00bb custom_padding__hover=\u00bb|||\u00bb][et_pb_social_media_follow _builder_version=\u00bb4.19.0&#8243; text_orientation=\u00bbcenter\u00bb custom_margin=\u00bb-20px|||-10px\u00bb custom_margin_tablet=\u00bb\u00bb custom_margin_phone=\u00bb-20px||\u00bb custom_margin_last_edited=\u00bbon|desktop\u00bb filter_invert=\u00bb100%\u00bb locked=\u00bboff\u00bb global_colors_info=\u00bb{}\u00bb icon_color__hover=\u00bb#e02b20&#8243;][et_pb_social_media_follow_network social_network=\u00bbfacebook\u00bb _builder_version=\u00bb4.16&#8243; global_colors_info=\u00bb{}\u00bb follow_button=\u00bboff\u00bb url_new_window=\u00bbon\u00bb]facebook[\/et_pb_social_media_follow_network][et_pb_social_media_follow_network social_network=\u00bbtwitter\u00bb _builder_version=\u00bb4.16&#8243; global_colors_info=\u00bb{}\u00bb follow_button=\u00bboff\u00bb url_new_window=\u00bbon\u00bb]twitter[\/et_pb_social_media_follow_network][et_pb_social_media_follow_network social_network=\u00bbgoogle-plus\u00bb _builder_version=\u00bb4.16&#8243; global_colors_info=\u00bb{}\u00bb follow_button=\u00bboff\u00bb url_new_window=\u00bbon\u00bb]google-plus[\/et_pb_social_media_follow_network][et_pb_social_media_follow_network social_network=\u00bbinstagram\u00bb _builder_version=\u00bb4.16&#8243; global_colors_info=\u00bb{}\u00bb follow_button=\u00bboff\u00bb url_new_window=\u00bbon\u00bb]instagram[\/et_pb_social_media_follow_network][\/et_pb_social_media_follow][\/et_pb_column][\/et_pb_row][\/et_pb_section]<\/p>\n","protected":false},"excerpt":{"rendered":"<p>Eva Costello(San Miguel de Tucum\u00e1n, 1997) \u00a0Poeta y artista visual. Desde 2015 reside en La Plata. Es licenciada en Artes Pl\u00e1sticas con orientaci\u00f3n en Grabado y Arte Impreso por la [&hellip;]<\/p>\n","protected":false},"author":138435,"featured_media":0,"parent":0,"menu_order":0,"comment_status":"closed","ping_status":"closed","template":"","meta":{"_acf_changed":false,"_et_pb_use_builder":"on","_et_pb_old_content":"","_et_gb_content_width":"","footnotes":""},"class_list":["post-1026","page","type-page","status-publish","hentry"],"acf":[],"yoast_head":"<!-- This site is optimized with the Yoast SEO plugin v27.2 - https:\/\/yoast.com\/product\/yoast-seo-wordpress\/ -->\n<title>Eva Costello - Festival Internacional de Poes\u00eda de Rosario<\/title>\n<meta name=\"robots\" content=\"index, follow, max-snippet:-1, max-image-preview:large, max-video-preview:-1\" \/>\n<link rel=\"canonical\" href=\"https:\/\/www.santafe.gob.ar\/ms\/fipr\/eva-costello\/\" \/>\n<meta property=\"og:locale\" content=\"es_ES\" \/>\n<meta property=\"og:type\" content=\"article\" \/>\n<meta property=\"og:title\" content=\"Eva Costello - Festival Internacional de Poes\u00eda de Rosario\" \/>\n<meta property=\"og:description\" content=\"Eva Costello(San Miguel de Tucum\u00e1n, 1997) \u00a0Poeta y artista visual. Desde 2015 reside en La Plata. Es licenciada en Artes Pl\u00e1sticas con orientaci\u00f3n en Grabado y Arte Impreso por la [&hellip;]\" \/>\n<meta property=\"og:url\" content=\"https:\/\/www.santafe.gob.ar\/ms\/fipr\/eva-costello\/\" \/>\n<meta property=\"og:site_name\" content=\"Festival Internacional de Poes\u00eda de Rosario\" \/>\n<meta property=\"article:modified_time\" content=\"2025-11-11T10:21:38+00:00\" \/>\n<meta name=\"twitter:card\" content=\"summary_large_image\" \/>\n<meta name=\"twitter:label1\" content=\"Tiempo de lectura\" \/>\n\t<meta name=\"twitter:data1\" content=\"10 minutos\" \/>\n<script type=\"application\/ld+json\" class=\"yoast-schema-graph\">{\"@context\":\"https:\/\/schema.org\",\"@graph\":[{\"@type\":\"WebPage\",\"@id\":\"https:\/\/www.santafe.gob.ar\/ms\/fipr\/eva-costello\/\",\"url\":\"https:\/\/www.santafe.gob.ar\/ms\/fipr\/eva-costello\/\",\"name\":\"Eva Costello - Festival Internacional de Poes\u00eda de Rosario\",\"isPartOf\":{\"@id\":\"https:\/\/www.santafe.gob.ar\/ms\/fipr\/#website\"},\"datePublished\":\"2025-11-08T21:12:00+00:00\",\"dateModified\":\"2025-11-11T10:21:38+00:00\",\"breadcrumb\":{\"@id\":\"https:\/\/www.santafe.gob.ar\/ms\/fipr\/eva-costello\/#breadcrumb\"},\"inLanguage\":\"es\",\"potentialAction\":[{\"@type\":\"ReadAction\",\"target\":[\"https:\/\/www.santafe.gob.ar\/ms\/fipr\/eva-costello\/\"]}]},{\"@type\":\"BreadcrumbList\",\"@id\":\"https:\/\/www.santafe.gob.ar\/ms\/fipr\/eva-costello\/#breadcrumb\",\"itemListElement\":[{\"@type\":\"ListItem\",\"position\":1,\"name\":\"Portada\",\"item\":\"https:\/\/www.santafe.gob.ar\/ms\/fipr\/\"},{\"@type\":\"ListItem\",\"position\":2,\"name\":\"Eva Costello\"}]},{\"@type\":\"WebSite\",\"@id\":\"https:\/\/www.santafe.gob.ar\/ms\/fipr\/#website\",\"url\":\"https:\/\/www.santafe.gob.ar\/ms\/fipr\/\",\"name\":\"Festival Internacional de Poes\u00eda de Rosario\",\"description\":\"\",\"potentialAction\":[{\"@type\":\"SearchAction\",\"target\":{\"@type\":\"EntryPoint\",\"urlTemplate\":\"https:\/\/www.santafe.gob.ar\/ms\/fipr\/?s={search_term_string}\"},\"query-input\":{\"@type\":\"PropertyValueSpecification\",\"valueRequired\":true,\"valueName\":\"search_term_string\"}}],\"inLanguage\":\"es\"}]}<\/script>\n<!-- \/ Yoast SEO plugin. -->","yoast_head_json":{"title":"Eva Costello - Festival Internacional de Poes\u00eda de Rosario","robots":{"index":"index","follow":"follow","max-snippet":"max-snippet:-1","max-image-preview":"max-image-preview:large","max-video-preview":"max-video-preview:-1"},"canonical":"https:\/\/www.santafe.gob.ar\/ms\/fipr\/eva-costello\/","og_locale":"es_ES","og_type":"article","og_title":"Eva Costello - Festival Internacional de Poes\u00eda de Rosario","og_description":"Eva Costello(San Miguel de Tucum\u00e1n, 1997) \u00a0Poeta y artista visual. Desde 2015 reside en La Plata. Es licenciada en Artes Pl\u00e1sticas con orientaci\u00f3n en Grabado y Arte Impreso por la [&hellip;]","og_url":"https:\/\/www.santafe.gob.ar\/ms\/fipr\/eva-costello\/","og_site_name":"Festival Internacional de Poes\u00eda de Rosario","article_modified_time":"2025-11-11T10:21:38+00:00","twitter_card":"summary_large_image","twitter_misc":{"Tiempo de lectura":"10 minutos"},"schema":{"@context":"https:\/\/schema.org","@graph":[{"@type":"WebPage","@id":"https:\/\/www.santafe.gob.ar\/ms\/fipr\/eva-costello\/","url":"https:\/\/www.santafe.gob.ar\/ms\/fipr\/eva-costello\/","name":"Eva Costello - Festival Internacional de Poes\u00eda de Rosario","isPartOf":{"@id":"https:\/\/www.santafe.gob.ar\/ms\/fipr\/#website"},"datePublished":"2025-11-08T21:12:00+00:00","dateModified":"2025-11-11T10:21:38+00:00","breadcrumb":{"@id":"https:\/\/www.santafe.gob.ar\/ms\/fipr\/eva-costello\/#breadcrumb"},"inLanguage":"es","potentialAction":[{"@type":"ReadAction","target":["https:\/\/www.santafe.gob.ar\/ms\/fipr\/eva-costello\/"]}]},{"@type":"BreadcrumbList","@id":"https:\/\/www.santafe.gob.ar\/ms\/fipr\/eva-costello\/#breadcrumb","itemListElement":[{"@type":"ListItem","position":1,"name":"Portada","item":"https:\/\/www.santafe.gob.ar\/ms\/fipr\/"},{"@type":"ListItem","position":2,"name":"Eva Costello"}]},{"@type":"WebSite","@id":"https:\/\/www.santafe.gob.ar\/ms\/fipr\/#website","url":"https:\/\/www.santafe.gob.ar\/ms\/fipr\/","name":"Festival Internacional de Poes\u00eda de Rosario","description":"","potentialAction":[{"@type":"SearchAction","target":{"@type":"EntryPoint","urlTemplate":"https:\/\/www.santafe.gob.ar\/ms\/fipr\/?s={search_term_string}"},"query-input":{"@type":"PropertyValueSpecification","valueRequired":true,"valueName":"search_term_string"}}],"inLanguage":"es"}]}},"_links":{"self":[{"href":"https:\/\/www.santafe.gob.ar\/ms\/fipr\/wp-json\/wp\/v2\/pages\/1026","targetHints":{"allow":["GET"]}}],"collection":[{"href":"https:\/\/www.santafe.gob.ar\/ms\/fipr\/wp-json\/wp\/v2\/pages"}],"about":[{"href":"https:\/\/www.santafe.gob.ar\/ms\/fipr\/wp-json\/wp\/v2\/types\/page"}],"author":[{"embeddable":true,"href":"https:\/\/www.santafe.gob.ar\/ms\/fipr\/wp-json\/wp\/v2\/users\/138435"}],"replies":[{"embeddable":true,"href":"https:\/\/www.santafe.gob.ar\/ms\/fipr\/wp-json\/wp\/v2\/comments?post=1026"}],"version-history":[{"count":9,"href":"https:\/\/www.santafe.gob.ar\/ms\/fipr\/wp-json\/wp\/v2\/pages\/1026\/revisions"}],"predecessor-version":[{"id":1647,"href":"https:\/\/www.santafe.gob.ar\/ms\/fipr\/wp-json\/wp\/v2\/pages\/1026\/revisions\/1647"}],"wp:attachment":[{"href":"https:\/\/www.santafe.gob.ar\/ms\/fipr\/wp-json\/wp\/v2\/media?parent=1026"}],"curies":[{"name":"wp","href":"https:\/\/api.w.org\/{rel}","templated":true}]}}