{"id":1030,"date":"2025-11-08T22:13:32","date_gmt":"2025-11-08T21:13:32","guid":{"rendered":"https:\/\/www.santafe.gob.ar\/ms\/fipr\/?page_id=1030"},"modified":"2025-11-11T11:22:27","modified_gmt":"2025-11-11T10:22:27","slug":"fontourax","status":"publish","type":"page","link":"https:\/\/www.santafe.gob.ar\/ms\/fipr\/fontourax\/","title":{"rendered":"Fontourax"},"content":{"rendered":"<p>[et_pb_section fb_built=\u00bb1&#8243; custom_padding_last_edited=\u00bboff|desktop\u00bb admin_label=\u00bbHeader\u00bb _builder_version=\u00bb4.19.0&#8243; background_color_gradient_direction=\u00bb188deg\u00bb background_image=\u00bbhttps:\/\/www.santafe.gob.ar\/ms\/fipr\/wp-content\/uploads\/sites\/88\/2025\/11\/art-gallery-55.jpg\u00bb background_size=\u00bbinitial\u00bb background_repeat=\u00bbrepeat\u00bb width=\u00bb100%\u00bb custom_padding_tablet=\u00bb5vw||5vw||true\u00bb top_divider_style=\u00bbslant\u00bb top_divider_color=\u00bb#063A29&#8243; top_divider_height=\u00bb153px\u00bb top_divider_flip=\u00bbhorizontal\u00bb global_colors_info=\u00bb{}\u00bb][et_pb_row column_structure=\u00bb2_5,3_5&#8243; use_custom_gutter=\u00bbon\u00bb gutter_width=\u00bb2&#8243; make_equal=\u00bbon\u00bb admin_label=\u00bbFila\u00bb _builder_version=\u00bb4.19.0&#8243; use_custom_width=\u00bbon\u00bb width_unit=\u00bboff\u00bb custom_width_percent=\u00bb100%\u00bb locked=\u00bboff\u00bb global_colors_info=\u00bb{}\u00bb][et_pb_column type=\u00bb2_5&#8243; _builder_version=\u00bb4.16&#8243; custom_padding=\u00bb|||\u00bb global_colors_info=\u00bb{}\u00bb custom_padding__hover=\u00bb|||\u00bb][et_pb_text _builder_version=\u00bb4.19.0&#8243; text_font=\u00bbCrimson Pro||||||||\u00bb text_text_color=\u00bb#121212&#8243; text_font_size=\u00bb68px\u00bb text_line_height=\u00bb1em\u00bb header_font=\u00bb||||||||\u00bb header_2_font=\u00bbPrata|500|||||||\u00bb header_2_text_align=\u00bbleft\u00bb header_2_font_size=\u00bb56px\u00bb header_2_line_height=\u00bb1.3em\u00bb header_4_font=\u00bb|700|||||||\u00bb header_4_font_size=\u00bb20px\u00bb header_4_line_height=\u00bb1.2em\u00bb transform_translate_linked=\u00bboff\u00bb max_width=\u00bb100%\u00bb max_width_tablet=\u00bb70%\u00bb max_width_last_edited=\u00bboff|phone\u00bb hover_enabled=\u00bb0&#8243; header_2_font_size_tablet=\u00bb40px\u00bb header_2_font_size_phone=\u00bb26px\u00bb header_2_font_size_last_edited=\u00bbon|desktop\u00bb global_colors_info=\u00bb{}\u00bb text_font_size_last_edited=\u00bbon|phone\u00bb sticky_enabled=\u00bb0&#8243; text_font_size_phone=\u00bb42px\u00bb text_font_size_tablet=\u00bb68px\u00bb]<\/p>\n<p><strong>Fontourax <\/strong><\/p>\n<p>[\/et_pb_text][et_pb_image src=\u00bbhttps:\/\/www.santafe.gob.ar\/ms\/fipr\/wp-content\/uploads\/sites\/88\/2025\/11\/0Fontourax-La-Cruz-Corrientes-1983.jpg\u00bb title_text=\u00bb0Fontourax (La Cruz, Corrientes, 1983)\u00bb _builder_version=\u00bb4.19.0&#8243; _module_preset=\u00bbdefault\u00bb global_colors_info=\u00bb{}\u00bb][\/et_pb_image][\/et_pb_column][et_pb_column type=\u00bb3_5&#8243; _builder_version=\u00bb4.19.0&#8243; custom_padding=\u00bb51px||||false|false\u00bb global_colors_info=\u00bb{}\u00bb custom_padding__hover=\u00bb|||\u00bb][et_pb_text _builder_version=\u00bb4.19.0&#8243; text_font=\u00bb||||||||\u00bb header_font=\u00bb|700|||||||\u00bb header_font_size=\u00bb20px\u00bb header_line_height=\u00bb1.3em\u00bb header_2_font=\u00bb|700|||||||\u00bb header_2_font_size=\u00bb20px\u00bb header_2_line_height=\u00bb1.3em\u00bb header_3_font=\u00bb|700|||||||\u00bb header_3_font_size=\u00bb16px\u00bb header_3_line_height=\u00bb1.3em\u00bb custom_padding=\u00bb||7px|||\u00bb header_font_size_tablet=\u00bb\u00bb header_font_size_phone=\u00bb\u00bb header_font_size_last_edited=\u00bbon|desktop\u00bb locked=\u00bboff\u00bb global_colors_info=\u00bb{}\u00bb]<\/p>\n<p>(La Cruz, Corrientes, 1983)<\/p>\n<p>\u00a0Se involucra de manera l\u00fadica con el arte. En poes\u00eda public\u00f3 <em>Marr\u00f3n<\/em> (ECF, 2005). Particip\u00f3 de diferentes antolog\u00edas como <em>Antolog\u00eda Federal de Poetas del NEA<\/em> (CFI), los zines de Les Borders, Charco, Poes\u00eda que salpica (Librer\u00eda La Paz, 2023), entre otros. Tambi\u00e9n public\u00f3 <em>Times New Roman<\/em>, <em>Poes\u00eda Gula y Profunda Para Leer y Recitar<\/em> y <em>Pay\u00e9 del Sol y el Calor<\/em>. Milit\u00f3 la poes\u00eda oral en la ciudad de Formosa organizando varios ciclos de lecturas y dando voz a nuevos poetas. Tambi\u00e9n incursion\u00f3 en la narraci\u00f3n con <em>Los fant\u00e1sticos d\u00edas del cabeza de tractor<\/em> (ECF, 2018) e <em>Historia de Loro y Ruego<\/em> (amoryrrabia, 2024). Fue compilador y editor del libro <em>Les Borders 4. El turno de la prosa<\/em> que reuni\u00f3 mayoritariamente a narradores noveles y consagrados del NEA, tambi\u00e9n de otras regiones y pa\u00edses. Tiene a cargo el curso de escritura narrativa <em>El oficio del narrador<\/em> y escribe an\u00f3nimamente como ghostwriter.<\/p>\n<p>[\/et_pb_text][\/et_pb_column][\/et_pb_row][\/et_pb_section][et_pb_section fb_built=\u00bb1&#8243; admin_label=\u00bbpoemas\u00bb _builder_version=\u00bb4.19.0&#8243; custom_margin=\u00bb0px||||false|false\u00bb custom_padding=\u00bb0px||||false|false\u00bb global_colors_info=\u00bb{}\u00bb][et_pb_row custom_padding_last_edited=\u00bboff|phone\u00bb _builder_version=\u00bb4.16&#8243; background_position=\u00bbbottom_center\u00bb custom_padding_tablet=\u00bb17vw||17vw||false\u00bb use_custom_width=\u00bbon\u00bb width_unit=\u00bboff\u00bb custom_width_percent=\u00bb100%\u00bb locked=\u00bboff\u00bb global_colors_info=\u00bb{}\u00bb][et_pb_column type=\u00bb4_4&#8243; _builder_version=\u00bb4.16&#8243; custom_padding=\u00bb|||\u00bb global_colors_info=\u00bb{}\u00bb custom_padding__hover=\u00bb|||\u00bb][et_pb_text _builder_version=\u00bb4.19.0&#8243; text_font=\u00bb||||||||\u00bb text_font_size=\u00bb41px\u00bb header_font=\u00bb||||||||\u00bb header_font_size=\u00bb60px\u00bb header_2_font=\u00bbPrata|500|||||||\u00bb header_2_font_size=\u00bb56px\u00bb header_2_line_height=\u00bb1.3em\u00bb header_3_font=\u00bb|700||on|||||\u00bb header_3_text_color=\u00bbrgba(0,0,0,0.35)\u00bb header_3_font_size=\u00bb12px\u00bb header_3_letter_spacing=\u00bb5px\u00bb header_3_line_height=\u00bb2em\u00bb transform_translate_linked=\u00bboff\u00bb text_orientation=\u00bbcenter\u00bb max_width=\u00bb700px\u00bb max_width_tablet=\u00bb70%\u00bb max_width_last_edited=\u00bboff|phone\u00bb module_alignment=\u00bbcenter\u00bb header_2_font_size_tablet=\u00bb40px\u00bb header_2_font_size_phone=\u00bb26px\u00bb header_2_font_size_last_edited=\u00bbon|phone\u00bb header_3_font_size_phone=\u00bb10px\u00bb header_3_font_size_last_edited=\u00bboff|desktop\u00bb module_alignment_last_edited=\u00bboff|desktop\u00bb text_text_align=\u00bbcenter\u00bb inline_fonts=\u00bbCrimson Pro\u00bb global_colors_info=\u00bb{}\u00bb]<\/p>\n<h1>poemas<\/h1>\n<p>[\/et_pb_text][\/et_pb_column][\/et_pb_row][et_pb_row _builder_version=\u00bb4.19.0&#8243; _module_preset=\u00bbdefault\u00bb global_colors_info=\u00bb{}\u00bb][et_pb_column type=\u00bb4_4&#8243; _builder_version=\u00bb4.19.0&#8243; _module_preset=\u00bbdefault\u00bb global_colors_info=\u00bb{}\u00bb][et_pb_accordion _builder_version=\u00bb4.19.0&#8243; _module_preset=\u00bbdefault\u00bb global_colors_info=\u00bb{}\u00bb][et_pb_accordion_item title=\u00bbMiralos\u00bb open=\u00bbon\u00bb _builder_version=\u00bb4.19.0&#8243; _module_preset=\u00bbdefault\u00bb global_colors_info=\u00bb{}\u00bb]<\/p>\n<p>Miralos a ellos, ah\u00ed, en silencio perpetuo con sus codos en la mesa<\/p>\n<p>de las palabras nunca dichas Miralos a ellos fam\u00e9licos de amor Yendo<\/p>\n<p>lenta pero inexorablemente yendo<\/p>\n<p style=\"padding-left: 200px\">a la mesa donde cena la muerte.<\/p>\n<p>&nbsp;<\/p>\n<p><strong>En Poes\u00eda Gula y Profunda <em>Prueba de Galera<\/em><\/strong><\/p>\n<p>[\/et_pb_accordion_item][et_pb_accordion_item title=\u00bbBiarritz\u00bb _builder_version=\u00bb4.19.0&#8243; _module_preset=\u00bbdefault\u00bb global_colors_info=\u00bb{}\u00bb open=\u00bboff\u00bb]<\/p>\n<p>estoy ac\u00e1<\/p>\n<p>borracho y ni si quiera estoy ac\u00e1 \u00a0\u00a0Yo correntino, chaque\u00f1o, paraguayo misionero y guaran\u00ed<\/p>\n<p>ac\u00e1 en Biarritz<\/p>\n<p>Esta ciudad de luces y sombras (como todas nom\u00e1s)<\/p>\n<p>abro La Barranca pue de Natalia Blanco y pienso que vine ac\u00e1 por Girondo Ecuaciono la poechry<\/p>\n<p>Pero estoy re empedo tambi\u00e9n<\/p>\n<p>&nbsp;<\/p>\n<p>&nbsp;<\/p>\n<p><strong>En <\/strong><em><strong>La Poechry pue!<\/strong><\/em><\/p>\n<p>[\/et_pb_accordion_item][et_pb_accordion_item title=\u00bb\u00daltima poes\u00eda a Alejandra\u00bb _builder_version=\u00bb4.19.0&#8243; _module_preset=\u00bbdefault\u00bb global_colors_info=\u00bb{}\u00bb open=\u00bboff\u00bb]<\/p>\n<p>El d\u00eda de tu cumple apareciste otra vez<\/p>\n<p>Te dije que escrib\u00ed una poes\u00eda triste y profunda<\/p>\n<p>Que hablaba de un encuentro mucho despu\u00e9s en una fiesta Te dije que la borr\u00e9 porque te hab\u00eda idealizado<\/p>\n<p>No tu piel, ni tus caricias ni tu amor, ni tus besos En general te hab\u00eda idealizado<\/p>\n<p>Y eso era una mentira<\/p>\n<p>Y aunque se miente a menudo cuando se escribe No quer\u00eda leer de lo ideal que eras<\/p>\n<p>Porque no eras Nadie lo es<\/p>\n<p>&nbsp;<\/p>\n<p>Te gust\u00f3 la canci\u00f3n punk en la que eras la musa Cantaste durante esos d\u00edas el estribillo: \u201cMentirosa, embustera, estafadora emocional \u00a0\u00a0y tambi\u00e9n choooorra me robaste el coraz\u00f3n\u201d \u00a0\u00a0Te mostr\u00e9 tambi\u00e9n los relatos er\u00f3ticos<\/p>\n<p>Dijiste que no eran para vos despu\u00e9s en uno de ellos<\/p>\n<p>te reconociste en tu dedo torcido<\/p>\n<p>&nbsp;<\/p>\n<p>Ahora me sent\u00e9 buscando profundidad pero la profundidad no me va a redimir<\/p>\n<p>Ni de tu piel, ni de recuerdo ni de nada de vos Por eso elijo escribir as\u00ed<\/p>\n<p>como si no fueras tan tan<\/p>\n<p>&nbsp;<\/p>\n<p>Aunque sos la m\u00e1s todo todav\u00eda<\/p>\n<p>Y esta manera de escribir tambi\u00e9n es muy todo<\/p>\n<p>Es muy slam y el slam es muy vida muy sangre muy alma muy decir<\/p>\n<p>&nbsp;<\/p>\n<p>No elijo alabar tus besos \u00a0\u00a0Que son los m\u00e1s ricos todav\u00eda<\/p>\n<p>Los desprecio y no caigo m\u00e1s en las palabras de amor Esas eran mentiras<\/p>\n<p>Me peinas y no hay palabras No hay palabras de amor Hay solo reproches<\/p>\n<p>Hay insultos Hay golpes Locura<\/p>\n<p>&nbsp;<\/p>\n<p>Tu ausencia en definitiva es m\u00e1s linda m\u00e1s tranquila<\/p>\n<p>&nbsp;<\/p>\n<p>Escribir poes\u00edas tristes y profundas requiere que uno se ponga as\u00ed Triste y profundo<\/p>\n<p>Que el alma roce la piel<\/p>\n<p>y las palabras salgan como si salieran de todo el cuerpo No vale pena<\/p>\n<p>Ya estos ser\u00e1n los \u00faltimos versos en que te piense<\/p>\n<p>&nbsp;<\/p>\n<p>La poes\u00eda me cur\u00f3 de vos Siento que puedo malearla Como un herrero forja el hierro yo forjo palabras<\/p>\n<p>Forjo poes\u00eda<\/p>\n<p>Aunque me digan que las cosas Que estas cosas<\/p>\n<p>Que estas cosas no son poes\u00eda Que le falta densidad sem\u00e1ntica Que no tiene estructura<\/p>\n<p>Que es muy com\u00fan Muy cotidiano Como una narraci\u00f3n<\/p>\n<p>Que no hay rima ni ritmo \u00a0\u00a0Y que me falta y que le falta<\/p>\n<p>&nbsp;<\/p>\n<p>Yo elijo no llorar a moco tendido Elijo que las palabras liberen \u00a0\u00a0que no se aten a un recuerdo ideal<\/p>\n<p>que rompan las cadenas que me atan<\/p>\n<p>&nbsp;<\/p>\n<p>Ahora intento recordarte Pero ya no s\u00e9<\/p>\n<p>No s\u00e9 quien sos<\/p>\n<p>&nbsp;<\/p>\n<p>&nbsp;<\/p>\n<p><strong>En Poes\u00eda Gula y Profunda <em>Para<\/em><em> leer y recitar<\/em><\/strong><\/p>\n<p>[\/et_pb_accordion_item][et_pb_accordion_item title=\u00bbAltos versos que llevo el tiempo y el olvido. Un pu\u00f1ado propios y otros que no eran m\u00edos\u00bb _builder_version=\u00bb4.19.0&#8243; _module_preset=\u00bbdefault\u00bb global_colors_info=\u00bb{}\u00bb open=\u00bboff\u00bb]<\/p>\n<p>Las mejores met\u00e1foras son las que no entiende ni el autor<\/p>\n<p>Dijo la poeta de los ojos de memes Yo dije<\/p>\n<p>La metaliteratura existe Brindo por eso<\/p>\n<p>Y brindo<\/p>\n<p>Porque en las poes\u00edas me encanta brindar<\/p>\n<p>Me encantan esas met\u00e1foras qu\u00e9 enroscan los cerebros descuajeringando los signos<\/p>\n<p>&nbsp;<\/p>\n<p>Javy despu\u00e9s dijo Escabio&#8230;<\/p>\n<p>Escuchen&#8230; Escabio Escuchen<\/p>\n<p>Pero escuchen locx Javy dijo<\/p>\n<p>Escabio no perecedero Escabio no perecedero se dan cuenta<\/p>\n<p>Nadie dijo eso antes<\/p>\n<p>Esas tres palabras se unieron Y formaron esa frase<\/p>\n<p>Y formaron este verso De esta poes\u00eda<\/p>\n<p>Qu\u00e9 estoy diciendo ahora<\/p>\n<p>O yo nom\u00e1s flasheo transformaci\u00f3n Pero s\u00ed<\/p>\n<p>El esp\u00edritu de William Carlos Williams me lo dijo Es una frase tan tan tan contundente<\/p>\n<p>y de signos po\u00e9ticos tan poderosos<\/p>\n<p>&nbsp;<\/p>\n<p>Escabio no perecedero Escabio que no perece Escabio inmortal<\/p>\n<p>Dijo el esp\u00edritu del fucking William Carlos Williams<\/p>\n<p>&nbsp;<\/p>\n<p>Y traigan agua para el porro Dijo otro<\/p>\n<p>El guardi\u00e1n de la quimera<\/p>\n<p>El due\u00f1o de las voces y las luces El guardi\u00e1n del fuego<\/p>\n<p>Y las vidas<\/p>\n<p>El guardi\u00e1n de las muertes: Dios Dios lo dijo<\/p>\n<p>S\u00ed Dios, el mism\u00edsimo Dios El que es igual a nosotros<\/p>\n<p>&nbsp;<\/p>\n<p>Y nosotros iguales a el Espec\u00edficamente ese dios entre todo los otros dioses qu\u00e9 andan por ahi \u00a0\u00a0Quer\u00eda agua para el porro<\/p>\n<p>Sabe Dios acaso qu\u00e9 quiso decir con esa met\u00e1fora?<\/p>\n<p>Y en el Skatepark lo escuch\u00e9 decir al Pire Pero con m\u00e1s gracia<\/p>\n<p>Pero porque es el Pire nom\u00e1s Me acerqu\u00e9<\/p>\n<p>Y le dije<\/p>\n<p>Loco y ese verso Y me dijo<\/p>\n<p>ese es el verso que le ense\u00f1\u00e9 a dios Casi mor\u00ed<\/p>\n<p>Pero Vivi<\/p>\n<p>Para escucharle a Yuyo decir Imperan en dislocar sem\u00e1nticamente a las fieras de Arlt<\/p>\n<p>&nbsp;<\/p>\n<p>&nbsp;<\/p>\n<p><strong>Publicado en Instagram<\/strong><\/p>\n<p>[\/et_pb_accordion_item][et_pb_accordion_item title=\u00bbMe busco\u00bb _builder_version=\u00bb4.19.0&#8243; _module_preset=\u00bbdefault\u00bb global_colors_info=\u00bb{}\u00bb open=\u00bboff\u00bb]<\/p>\n<p>Me busco.<\/p>\n<p>Quiero encontrarme aunque no haya luz aunque haya crisis<\/p>\n<p>Quiero encontrarme por eso me busco En alg\u00fan lado me dej\u00e9<\/p>\n<p>Ojal\u00e1 me encuentre<\/p>\n<p>&nbsp;<\/p>\n<p>&nbsp;<\/p>\n<p><strong>En <em>Pay\u00e9 del sol y el calor<\/em><\/strong><\/p>\n<p>[\/et_pb_accordion_item][\/et_pb_accordion][\/et_pb_column][\/et_pb_row][\/et_pb_section][et_pb_section fb_built=\u00bb1&#8243; admin_label=\u00bbcontacto\u00bb _builder_version=\u00bb4.19.0&#8243; background_size=\u00bbinitial\u00bb background_repeat=\u00bbrepeat-y\u00bb custom_padding=\u00bb0px|||||\u00bb saved_tabs=\u00bball\u00bb locked=\u00bboff\u00bb global_colors_info=\u00bb{}\u00bb][et_pb_row disabled_on=\u00bbon|on|on\u00bb _builder_version=\u00bb4.19.0&#8243; width=\u00bb74%\u00bb custom_margin=\u00bb|auto||auto|false|false\u00bb custom_padding=\u00bb||||false|false\u00bb border_width_top=\u00bb2px\u00bb disabled=\u00bbon\u00bb global_colors_info=\u00bb{}\u00bb][et_pb_column type=\u00bb4_4&#8243; _builder_version=\u00bb4.19.0&#8243; custom_padding=\u00bb|||\u00bb global_colors_info=\u00bb{}\u00bb custom_padding__hover=\u00bb|||\u00bb][et_pb_social_media_follow _builder_version=\u00bb4.19.0&#8243; text_orientation=\u00bbcenter\u00bb custom_margin=\u00bb-20px|||-10px\u00bb custom_margin_tablet=\u00bb\u00bb custom_margin_phone=\u00bb-20px||\u00bb custom_margin_last_edited=\u00bbon|desktop\u00bb filter_invert=\u00bb100%\u00bb locked=\u00bboff\u00bb global_colors_info=\u00bb{}\u00bb icon_color__hover=\u00bb#e02b20&#8243;][et_pb_social_media_follow_network social_network=\u00bbfacebook\u00bb _builder_version=\u00bb4.16&#8243; global_colors_info=\u00bb{}\u00bb follow_button=\u00bboff\u00bb url_new_window=\u00bbon\u00bb]facebook[\/et_pb_social_media_follow_network][et_pb_social_media_follow_network social_network=\u00bbtwitter\u00bb _builder_version=\u00bb4.16&#8243; global_colors_info=\u00bb{}\u00bb follow_button=\u00bboff\u00bb url_new_window=\u00bbon\u00bb]twitter[\/et_pb_social_media_follow_network][et_pb_social_media_follow_network social_network=\u00bbgoogle-plus\u00bb _builder_version=\u00bb4.16&#8243; global_colors_info=\u00bb{}\u00bb follow_button=\u00bboff\u00bb url_new_window=\u00bbon\u00bb]google-plus[\/et_pb_social_media_follow_network][et_pb_social_media_follow_network social_network=\u00bbinstagram\u00bb _builder_version=\u00bb4.16&#8243; global_colors_info=\u00bb{}\u00bb follow_button=\u00bboff\u00bb url_new_window=\u00bbon\u00bb]instagram[\/et_pb_social_media_follow_network][\/et_pb_social_media_follow][\/et_pb_column][\/et_pb_row][\/et_pb_section]<\/p>\n","protected":false},"excerpt":{"rendered":"<p>Fontourax (La Cruz, Corrientes, 1983) \u00a0Se involucra de manera l\u00fadica con el arte. En poes\u00eda public\u00f3 Marr\u00f3n (ECF, 2005). Particip\u00f3 de diferentes antolog\u00edas como Antolog\u00eda Federal de Poetas del NEA [&hellip;]<\/p>\n","protected":false},"author":138435,"featured_media":0,"parent":0,"menu_order":0,"comment_status":"closed","ping_status":"closed","template":"","meta":{"_acf_changed":false,"_et_pb_use_builder":"on","_et_pb_old_content":"","_et_gb_content_width":"","footnotes":""},"class_list":["post-1030","page","type-page","status-publish","hentry"],"acf":[],"yoast_head":"<!-- This site is optimized with the Yoast SEO plugin v27.2 - https:\/\/yoast.com\/product\/yoast-seo-wordpress\/ -->\n<title>Fontourax - Festival Internacional de Poes\u00eda de Rosario<\/title>\n<meta name=\"robots\" content=\"index, follow, max-snippet:-1, max-image-preview:large, max-video-preview:-1\" \/>\n<link rel=\"canonical\" href=\"https:\/\/www.santafe.gob.ar\/ms\/fipr\/fontourax\/\" \/>\n<meta property=\"og:locale\" content=\"es_ES\" \/>\n<meta property=\"og:type\" content=\"article\" \/>\n<meta property=\"og:title\" content=\"Fontourax - Festival Internacional de Poes\u00eda de Rosario\" \/>\n<meta property=\"og:description\" content=\"Fontourax (La Cruz, Corrientes, 1983) \u00a0Se involucra de manera l\u00fadica con el arte. En poes\u00eda public\u00f3 Marr\u00f3n (ECF, 2005). Particip\u00f3 de diferentes antolog\u00edas como Antolog\u00eda Federal de Poetas del NEA [&hellip;]\" \/>\n<meta property=\"og:url\" content=\"https:\/\/www.santafe.gob.ar\/ms\/fipr\/fontourax\/\" \/>\n<meta property=\"og:site_name\" content=\"Festival Internacional de Poes\u00eda de Rosario\" \/>\n<meta property=\"article:modified_time\" content=\"2025-11-11T10:22:27+00:00\" \/>\n<meta name=\"twitter:card\" content=\"summary_large_image\" \/>\n<meta name=\"twitter:label1\" content=\"Tiempo de lectura\" \/>\n\t<meta name=\"twitter:data1\" content=\"10 minutos\" \/>\n<script type=\"application\/ld+json\" class=\"yoast-schema-graph\">{\"@context\":\"https:\/\/schema.org\",\"@graph\":[{\"@type\":\"WebPage\",\"@id\":\"https:\/\/www.santafe.gob.ar\/ms\/fipr\/fontourax\/\",\"url\":\"https:\/\/www.santafe.gob.ar\/ms\/fipr\/fontourax\/\",\"name\":\"Fontourax - Festival Internacional de Poes\u00eda de Rosario\",\"isPartOf\":{\"@id\":\"https:\/\/www.santafe.gob.ar\/ms\/fipr\/#website\"},\"datePublished\":\"2025-11-08T21:13:32+00:00\",\"dateModified\":\"2025-11-11T10:22:27+00:00\",\"breadcrumb\":{\"@id\":\"https:\/\/www.santafe.gob.ar\/ms\/fipr\/fontourax\/#breadcrumb\"},\"inLanguage\":\"es\",\"potentialAction\":[{\"@type\":\"ReadAction\",\"target\":[\"https:\/\/www.santafe.gob.ar\/ms\/fipr\/fontourax\/\"]}]},{\"@type\":\"BreadcrumbList\",\"@id\":\"https:\/\/www.santafe.gob.ar\/ms\/fipr\/fontourax\/#breadcrumb\",\"itemListElement\":[{\"@type\":\"ListItem\",\"position\":1,\"name\":\"Portada\",\"item\":\"https:\/\/www.santafe.gob.ar\/ms\/fipr\/\"},{\"@type\":\"ListItem\",\"position\":2,\"name\":\"Fontourax\"}]},{\"@type\":\"WebSite\",\"@id\":\"https:\/\/www.santafe.gob.ar\/ms\/fipr\/#website\",\"url\":\"https:\/\/www.santafe.gob.ar\/ms\/fipr\/\",\"name\":\"Festival Internacional de Poes\u00eda de Rosario\",\"description\":\"\",\"potentialAction\":[{\"@type\":\"SearchAction\",\"target\":{\"@type\":\"EntryPoint\",\"urlTemplate\":\"https:\/\/www.santafe.gob.ar\/ms\/fipr\/?s={search_term_string}\"},\"query-input\":{\"@type\":\"PropertyValueSpecification\",\"valueRequired\":true,\"valueName\":\"search_term_string\"}}],\"inLanguage\":\"es\"}]}<\/script>\n<!-- \/ Yoast SEO plugin. -->","yoast_head_json":{"title":"Fontourax - Festival Internacional de Poes\u00eda de Rosario","robots":{"index":"index","follow":"follow","max-snippet":"max-snippet:-1","max-image-preview":"max-image-preview:large","max-video-preview":"max-video-preview:-1"},"canonical":"https:\/\/www.santafe.gob.ar\/ms\/fipr\/fontourax\/","og_locale":"es_ES","og_type":"article","og_title":"Fontourax - Festival Internacional de Poes\u00eda de Rosario","og_description":"Fontourax (La Cruz, Corrientes, 1983) \u00a0Se involucra de manera l\u00fadica con el arte. En poes\u00eda public\u00f3 Marr\u00f3n (ECF, 2005). Particip\u00f3 de diferentes antolog\u00edas como Antolog\u00eda Federal de Poetas del NEA [&hellip;]","og_url":"https:\/\/www.santafe.gob.ar\/ms\/fipr\/fontourax\/","og_site_name":"Festival Internacional de Poes\u00eda de Rosario","article_modified_time":"2025-11-11T10:22:27+00:00","twitter_card":"summary_large_image","twitter_misc":{"Tiempo de lectura":"10 minutos"},"schema":{"@context":"https:\/\/schema.org","@graph":[{"@type":"WebPage","@id":"https:\/\/www.santafe.gob.ar\/ms\/fipr\/fontourax\/","url":"https:\/\/www.santafe.gob.ar\/ms\/fipr\/fontourax\/","name":"Fontourax - Festival Internacional de Poes\u00eda de Rosario","isPartOf":{"@id":"https:\/\/www.santafe.gob.ar\/ms\/fipr\/#website"},"datePublished":"2025-11-08T21:13:32+00:00","dateModified":"2025-11-11T10:22:27+00:00","breadcrumb":{"@id":"https:\/\/www.santafe.gob.ar\/ms\/fipr\/fontourax\/#breadcrumb"},"inLanguage":"es","potentialAction":[{"@type":"ReadAction","target":["https:\/\/www.santafe.gob.ar\/ms\/fipr\/fontourax\/"]}]},{"@type":"BreadcrumbList","@id":"https:\/\/www.santafe.gob.ar\/ms\/fipr\/fontourax\/#breadcrumb","itemListElement":[{"@type":"ListItem","position":1,"name":"Portada","item":"https:\/\/www.santafe.gob.ar\/ms\/fipr\/"},{"@type":"ListItem","position":2,"name":"Fontourax"}]},{"@type":"WebSite","@id":"https:\/\/www.santafe.gob.ar\/ms\/fipr\/#website","url":"https:\/\/www.santafe.gob.ar\/ms\/fipr\/","name":"Festival Internacional de Poes\u00eda de Rosario","description":"","potentialAction":[{"@type":"SearchAction","target":{"@type":"EntryPoint","urlTemplate":"https:\/\/www.santafe.gob.ar\/ms\/fipr\/?s={search_term_string}"},"query-input":{"@type":"PropertyValueSpecification","valueRequired":true,"valueName":"search_term_string"}}],"inLanguage":"es"}]}},"_links":{"self":[{"href":"https:\/\/www.santafe.gob.ar\/ms\/fipr\/wp-json\/wp\/v2\/pages\/1030","targetHints":{"allow":["GET"]}}],"collection":[{"href":"https:\/\/www.santafe.gob.ar\/ms\/fipr\/wp-json\/wp\/v2\/pages"}],"about":[{"href":"https:\/\/www.santafe.gob.ar\/ms\/fipr\/wp-json\/wp\/v2\/types\/page"}],"author":[{"embeddable":true,"href":"https:\/\/www.santafe.gob.ar\/ms\/fipr\/wp-json\/wp\/v2\/users\/138435"}],"replies":[{"embeddable":true,"href":"https:\/\/www.santafe.gob.ar\/ms\/fipr\/wp-json\/wp\/v2\/comments?post=1030"}],"version-history":[{"count":9,"href":"https:\/\/www.santafe.gob.ar\/ms\/fipr\/wp-json\/wp\/v2\/pages\/1030\/revisions"}],"predecessor-version":[{"id":1648,"href":"https:\/\/www.santafe.gob.ar\/ms\/fipr\/wp-json\/wp\/v2\/pages\/1030\/revisions\/1648"}],"wp:attachment":[{"href":"https:\/\/www.santafe.gob.ar\/ms\/fipr\/wp-json\/wp\/v2\/media?parent=1030"}],"curies":[{"name":"wp","href":"https:\/\/api.w.org\/{rel}","templated":true}]}}