{"id":1040,"date":"2025-11-08T01:00:35","date_gmt":"2025-11-08T00:00:35","guid":{"rendered":"https:\/\/www.santafe.gob.ar\/ms\/fipr\/?page_id=1040"},"modified":"2025-11-11T11:26:01","modified_gmt":"2025-11-11T10:26:01","slug":"gabriel-reches-2","status":"publish","type":"page","link":"https:\/\/www.santafe.gob.ar\/ms\/fipr\/gabriel-reches-2\/","title":{"rendered":"Gabriel Reches"},"content":{"rendered":"<p>[et_pb_section fb_built=\u00bb1&#8243; custom_padding_last_edited=\u00bboff|desktop\u00bb admin_label=\u00bbHeader\u00bb _builder_version=\u00bb4.19.0&#8243; background_color_gradient_direction=\u00bb188deg\u00bb background_image=\u00bbhttps:\/\/www.santafe.gob.ar\/ms\/fipr\/wp-content\/uploads\/sites\/88\/2025\/11\/art-gallery-55.jpg\u00bb background_size=\u00bbinitial\u00bb background_repeat=\u00bbrepeat\u00bb width=\u00bb100%\u00bb custom_padding_tablet=\u00bb5vw||5vw||true\u00bb top_divider_style=\u00bbslant\u00bb top_divider_color=\u00bb#063A29&#8243; top_divider_height=\u00bb153px\u00bb top_divider_flip=\u00bbhorizontal\u00bb global_colors_info=\u00bb{}\u00bb][et_pb_row column_structure=\u00bb2_5,3_5&#8243; use_custom_gutter=\u00bbon\u00bb gutter_width=\u00bb2&#8243; make_equal=\u00bbon\u00bb admin_label=\u00bbFila\u00bb _builder_version=\u00bb4.19.0&#8243; use_custom_width=\u00bbon\u00bb width_unit=\u00bboff\u00bb custom_width_percent=\u00bb100%\u00bb locked=\u00bboff\u00bb global_colors_info=\u00bb{}\u00bb][et_pb_column type=\u00bb2_5&#8243; _builder_version=\u00bb4.16&#8243; custom_padding=\u00bb|||\u00bb global_colors_info=\u00bb{}\u00bb custom_padding__hover=\u00bb|||\u00bb][et_pb_text _builder_version=\u00bb4.19.0&#8243; text_font=\u00bbCrimson Pro||||||||\u00bb text_text_color=\u00bb#121212&#8243; text_font_size=\u00bb68px\u00bb text_line_height=\u00bb1em\u00bb header_font=\u00bb||||||||\u00bb header_2_font=\u00bbPrata|500|||||||\u00bb header_2_text_align=\u00bbleft\u00bb header_2_font_size=\u00bb56px\u00bb header_2_line_height=\u00bb1.3em\u00bb header_4_font=\u00bb|700|||||||\u00bb header_4_font_size=\u00bb20px\u00bb header_4_line_height=\u00bb1.2em\u00bb transform_translate_linked=\u00bboff\u00bb max_width=\u00bb100%\u00bb max_width_tablet=\u00bb70%\u00bb max_width_last_edited=\u00bboff|phone\u00bb hover_enabled=\u00bb0&#8243; header_2_font_size_tablet=\u00bb40px\u00bb header_2_font_size_phone=\u00bb26px\u00bb header_2_font_size_last_edited=\u00bbon|desktop\u00bb global_colors_info=\u00bb{}\u00bb text_font_size_last_edited=\u00bbon|phone\u00bb sticky_enabled=\u00bb0&#8243; text_font_size_phone=\u00bb42px\u00bb text_font_size_tablet=\u00bb68px\u00bb]<\/p>\n<p class=\"MsoNormal\" style=\"margin-bottom: 8pt;text-align: justify;line-height: 125%;background-color: white\"><strong>Gabriel Reches<\/strong><\/p>\n<p>[\/et_pb_text][et_pb_image src=\u00bbhttps:\/\/www.santafe.gob.ar\/ms\/fipr\/wp-content\/uploads\/sites\/88\/2025\/11\/Gabriel-Reches.jpg\u00bb title_text=\u00bbGabriel-Reches\u00bb _builder_version=\u00bb4.19.0&#8243; _module_preset=\u00bbdefault\u00bb global_colors_info=\u00bb{}\u00bb][\/et_pb_image][\/et_pb_column][et_pb_column type=\u00bb3_5&#8243; _builder_version=\u00bb4.19.0&#8243; custom_padding=\u00bb51px||||false|false\u00bb global_colors_info=\u00bb{}\u00bb custom_padding__hover=\u00bb|||\u00bb][et_pb_text _builder_version=\u00bb4.19.0&#8243; text_font=\u00bb||||||||\u00bb header_font=\u00bb|700|||||||\u00bb header_font_size=\u00bb20px\u00bb header_line_height=\u00bb1.3em\u00bb header_2_font=\u00bb|700|||||||\u00bb header_2_font_size=\u00bb20px\u00bb header_2_line_height=\u00bb1.3em\u00bb header_3_font=\u00bb|700|||||||\u00bb header_3_font_size=\u00bb16px\u00bb header_3_line_height=\u00bb1.3em\u00bb custom_padding=\u00bb||7px|||\u00bb header_font_size_tablet=\u00bb\u00bb header_font_size_phone=\u00bb\u00bb header_font_size_last_edited=\u00bbon|desktop\u00bb locked=\u00bboff\u00bb global_colors_info=\u00bb{}\u00bb]<\/p>\n<p>(Buenos Aires, 1968)<\/p>\n<p>\u00a0<span>Es escritor y creativo audiovisual. Public\u00f3 <em>Gomez<\/em> (Araucaria, 1997), <em>el resto<\/em> (Siesta, 2000), <em>Strip<\/em> (Bajo la Luna, 2001), <em>Hamster en la rueda <\/em>(Ediciones Obsoletas, 2002), <em>La Evoluci\u00f3n<\/em> (Siesta, 2005), <em>6 Series<\/em> (VOX, 2008), <em>Es el fin del mundo, t\u00eda Berta<\/em> (Bajo la Luna, 2013), <em>Sequ\u00eda<\/em> (poemas encriptados en los discursos de Mauricio Macri; Vos Tampoco Vas a Ser Feliz, 2016), <em>El a\u00f1o del fantasma<\/em> (Bajo la Luna, 2021), <em>Falta un motivo<\/em> (Salta el Pez, 2022) y <em>El realismo de la percepci\u00f3n<\/em> (Salta el Pez, 2025), entre otros. Sus obras fueron incluidas en diversas antolog\u00edas de poes\u00eda argentina e hispanoamericana. Se desempe\u00f1a como Jefe de Trabajos Pr\u00e1cticos de Poes\u00eda II en la UNA. Es responsable de la columna de poes\u00eda del programa radial <em>\u00bfY si sale bien?<\/em> (AM 530, Radio de las Madres). Coordina el Taller Virtual de Poemas de la Direcci\u00f3n Provincial de Promoci\u00f3n de la Lectura de la Provincia de Buenos Aires. <\/span><\/p>\n<p>[\/et_pb_text][\/et_pb_column][\/et_pb_row][\/et_pb_section][et_pb_section fb_built=\u00bb1&#8243; admin_label=\u00bbpoemas\u00bb _builder_version=\u00bb4.19.0&#8243; custom_margin=\u00bb0px||||false|false\u00bb custom_padding=\u00bb0px||||false|false\u00bb global_colors_info=\u00bb{}\u00bb][et_pb_row custom_padding_last_edited=\u00bboff|phone\u00bb _builder_version=\u00bb4.16&#8243; background_position=\u00bbbottom_center\u00bb custom_padding_tablet=\u00bb17vw||17vw||false\u00bb use_custom_width=\u00bbon\u00bb width_unit=\u00bboff\u00bb custom_width_percent=\u00bb100%\u00bb locked=\u00bboff\u00bb global_colors_info=\u00bb{}\u00bb][et_pb_column type=\u00bb4_4&#8243; _builder_version=\u00bb4.16&#8243; custom_padding=\u00bb|||\u00bb global_colors_info=\u00bb{}\u00bb custom_padding__hover=\u00bb|||\u00bb][et_pb_text _builder_version=\u00bb4.19.0&#8243; text_font=\u00bb||||||||\u00bb text_font_size=\u00bb41px\u00bb header_font=\u00bb||||||||\u00bb header_font_size=\u00bb60px\u00bb header_2_font=\u00bbPrata|500|||||||\u00bb header_2_font_size=\u00bb56px\u00bb header_2_line_height=\u00bb1.3em\u00bb header_3_font=\u00bb|700||on|||||\u00bb header_3_text_color=\u00bbrgba(0,0,0,0.35)\u00bb header_3_font_size=\u00bb12px\u00bb header_3_letter_spacing=\u00bb5px\u00bb header_3_line_height=\u00bb2em\u00bb transform_translate_linked=\u00bboff\u00bb text_orientation=\u00bbcenter\u00bb max_width=\u00bb700px\u00bb max_width_tablet=\u00bb70%\u00bb max_width_last_edited=\u00bboff|phone\u00bb module_alignment=\u00bbcenter\u00bb header_2_font_size_tablet=\u00bb40px\u00bb header_2_font_size_phone=\u00bb26px\u00bb header_2_font_size_last_edited=\u00bbon|phone\u00bb header_3_font_size_phone=\u00bb10px\u00bb header_3_font_size_last_edited=\u00bboff|desktop\u00bb module_alignment_last_edited=\u00bboff|desktop\u00bb text_text_align=\u00bbcenter\u00bb inline_fonts=\u00bbCrimson Pro\u00bb global_colors_info=\u00bb{}\u00bb]<\/p>\n<h1>poemas<\/h1>\n<p>[\/et_pb_text][\/et_pb_column][\/et_pb_row][et_pb_row _builder_version=\u00bb4.19.0&#8243; _module_preset=\u00bbdefault\u00bb global_colors_info=\u00bb{}\u00bb][et_pb_column type=\u00bb4_4&#8243; _builder_version=\u00bb4.19.0&#8243; _module_preset=\u00bbdefault\u00bb global_colors_info=\u00bb{}\u00bb][et_pb_accordion _builder_version=\u00bb4.19.0&#8243; _module_preset=\u00bbdefault\u00bb global_colors_info=\u00bb{}\u00bb][et_pb_accordion_item title=\u00bbSEGUNDO MARTES DE ABRIL. 18.20&#8243; open=\u00bbon\u00bb _builder_version=\u00bb4.19.0&#8243; _module_preset=\u00bbdefault\u00bb global_colors_info=\u00bb{}\u00bb]<\/p>\n<p>El tanque de reserva titila hace tres d\u00edas.<\/p>\n<p>Hemos de llegar, dir\u00e1 la combusti\u00f3n,<\/p>\n<p>chicas, a los rituales de la tarde.<\/p>\n<p>&nbsp;<\/p>\n<p>Hiena revolcada en restos<\/p>\n<p>solo reconoce mi voz.<\/p>\n<p>Hiena ven\u00ed. Hiena dej\u00e1. Basta.<\/p>\n<p>&nbsp;<\/p>\n<p>Con el sol detr\u00e1s y d\u00e9bil<\/p>\n<p>Senadora orbita hasta que el coraz\u00f3n<\/p>\n<p>le estalla. Cu\u00e1nto.<\/p>\n<p>Cu\u00e1nto Senadora. Cu\u00e1nto m\u00e1s.<\/p>\n<p>&nbsp;<\/p>\n<p>Kira palpita el temor original<\/p>\n<p>a que jam\u00e1s acaricien sus claritos<\/p>\n<p>a lo Rod Stewart. Kira. No te preocupes.<\/p>\n<p>Eres muy sexy. No pasa m\u00e1s.<\/p>\n<p>&nbsp;<\/p>\n<p>Lleno de materia en desuso<\/p>\n<p>a su pesar, este sed\u00e1n nos lleva<\/p>\n<p>de vuelta a casa, impulsados<\/p>\n<p>a fuerza de nuestros alientos<\/p>\n<p>regamos algunos dilemas<\/p>\n<p>que ya germinan.<\/p>\n<p>&nbsp;<\/p>\n<p>&nbsp;<\/p>\n<p><strong>Poemas de <em>Las perras del pante\u00edsta<\/em>. In\u00e9dito.<\/strong><\/p>\n<p>[\/et_pb_accordion_item][et_pb_accordion_item title=\u00bbASIMETR\u00cdA\u00bb _builder_version=\u00bb4.19.0&#8243; _module_preset=\u00bbdefault\u00bb global_colors_info=\u00bb{}\u00bb open=\u00bboff\u00bb]<\/p>\n<p>Me pregunt\u00f3 qu\u00e9 sienten los \u00e1rboles<\/p>\n<p>en el minuto de la escarcha.<\/p>\n<p>Nadie pregunta<\/p>\n<p>qu\u00e9 siente la escarcha<\/p>\n<p>a la hora de los \u00e1rboles.<\/p>\n<p>&nbsp;<\/p>\n<p>Por qu\u00e9 el roc\u00edo<\/p>\n<p>condensa en gotas<\/p>\n<p>sobre los alambrados<\/p>\n<p>por qu\u00e9 pod\u00e9s llevar<\/p>\n<p>una gota entre los dedos<\/p>\n<p>durante la ma\u00f1ana.<\/p>\n<p>&nbsp;<\/p>\n<p>Esto podr\u00eda aproximarse o no<\/p>\n<p>a los motivos que me ubican<\/p>\n<p>frente una olla que hierve hace tres generaciones.<\/p>\n<p>&nbsp;<\/p>\n<p>Buenas noches olla,<\/p>\n<p>soy una superficie fr\u00eda<\/p>\n<p>si encontrara en vos o en m\u00ed valor<\/p>\n<p>nos unir\u00eda.<\/p>\n<p>[\/et_pb_accordion_item][et_pb_accordion_item title=\u00bbLA VENTANA\u00bb _builder_version=\u00bb4.19.0&#8243; _module_preset=\u00bbdefault\u00bb global_colors_info=\u00bb{}\u00bb open=\u00bboff\u00bb]<\/p>\n<p>Anoche so\u00f1\u00e9 a Dios.<\/p>\n<p>Era un viento que entr\u00f3 por la ventana<\/p>\n<p>agit\u00f3 los postigos<\/p>\n<p>movi\u00f3 algunos papeles<\/p>\n<p>abnegaci\u00f3n de un comando policial<\/p>\n<p>cuando allana el escondiste<\/p>\n<p>de su izquierdista predilecto<\/p>\n<p>el gusto de inmiscuirse<\/p>\n<p>detr\u00e1s de una se\u00f1al<\/p>\n<p>la intimidad del enemigo.<\/p>\n<p>As\u00ed entr\u00f3 Dios, anoche.<\/p>\n<p>Lo so\u00f1\u00e9 como a Hiena<\/p>\n<p>que activada por sobras<\/p>\n<p>en la torpeza mueve el tacho<\/p>\n<p>alerta a quienes pueden reprenderla.<\/p>\n<p>O era un viejo, tu Dios, mortificado<\/p>\n<p>el insomnio, la pr\u00f3stata, imposible<\/p>\n<p>anular la par\u00e1bola, el sonido<\/p>\n<p>supo siempre Dios, que los dem\u00e1s<\/p>\n<p>igual ni se percatan<\/p>\n<p>de la presencia.<\/p>\n<p>En el sue\u00f1o de Dios<\/p>\n<p>Dios no me nombraba.<\/p>\n<p>Anoche so\u00f1\u00e9 a Dios.<\/p>\n<p>Era un viento que entr\u00f3<\/p>\n<p>por la ventana y yo era apenas<\/p>\n<p>la ventana que \u00e9l abr\u00eda.<\/p>\n<p>[\/et_pb_accordion_item][et_pb_accordion_item title=\u00bbLA PARTITURA EST\u00c1 SIENDO ESCRITA\u00bb _builder_version=\u00bb4.19.0&#8243; _module_preset=\u00bbdefault\u00bb global_colors_info=\u00bb{}\u00bb open=\u00bboff\u00bb]<\/p>\n<p>Indicio de sol en los alambres, secretos<\/p>\n<p>de un farol a pleno d\u00eda encendido<\/p>\n<p>Nadie repare en el suceso:<\/p>\n<p>la partitura est\u00e1 siendo escrita<\/p>\n<p>de eso ignora la venta de tickets<\/p>\n<p>a la casa vac\u00eda, que nadie silencia<\/p>\n<p>arritmia de una quincea\u00f1era cuando huele<\/p>\n<p>signos tempranos del cuerpo de su madre.<\/p>\n<p>No. La partitura aqu\u00ed<\/p>\n<p>est\u00e1 siendo escrita con rigor<\/p>\n<p>de cualquier manera. Cotorras<\/p>\n<p>teros, viento, polillas, cavidad occipital<\/p>\n<p>del desierto, hoja de eucalipto al caer<\/p>\n<p>sobre hojas de eucalipto<\/p>\n<p>al margen de lo que importa<\/p>\n<p>Hiena, Senadora, Kira<\/p>\n<p>a la sombra de notables acontecimientos<\/p>\n<p>culturales o ministros de carambola, aqu\u00ed<\/p>\n<p>chicas mientras, siendo escrita, la partitura chancletea<\/p>\n<p>gracias al, por culpa de<\/p>\n<p>la partitura. Y agradezca la polvareda que arremolina<\/p>\n<p>por encima de las copas de los \u00e1rboles del fondo<\/p>\n<p>de esta pampa, el horizonte crepuscular<\/p>\n<p>agradezca que ahora mismo<\/p>\n<p>cada filamento es signo<\/p>\n<p>viento de la sequ\u00eda, de algo m\u00e1s<\/p>\n<p>y a\u00fan resta tiempo:<\/p>\n<p>l\u00ednea recta de gusanotes<\/p>\n<p>reciban primeras solicitudes<\/p>\n<p>de este, nuevo centro autoral.<\/p>\n<p>Hoy los murci\u00e9lagos adolescentes no emiten se\u00f1al.<\/p>\n<p>Hoy cualquier mujer de edad mediana<\/p>\n<p>lee su tensi\u00f3metro en jas\u00eddico<\/p>\n<p>alguien andar\u00e1 extraviado<\/p>\n<p>en el ascensor, o bien se enamora<\/p>\n<p>del bolso de su acupunturista.<\/p>\n<p>Duerme Kira, muta Hiena tiembla Senadora<\/p>\n<p>irradia en ustedes la exhalaci\u00f3n \u00e1rida<\/p>\n<p>cada cosa en nuestro mundo<\/p>\n<p>obedece estrictamente a los designios<\/p>\n<p>de la gran partitura<\/p>\n<p>que a\u00fan no se escribi\u00f3.<\/p>\n<p>[\/et_pb_accordion_item][et_pb_accordion_item title=\u00bbPASADO RECIENTE\u00bb _builder_version=\u00bb4.19.0&#8243; _module_preset=\u00bbdefault\u00bb global_colors_info=\u00bb{}\u00bb open=\u00bboff\u00bb]<\/p>\n<p>Desde el centro del arroyo hacia dos m\u00e1rgenes<\/p>\n<p>ondas del agua; unas te cubren<\/p>\n<p>los pies, merecidamente desnudos<\/p>\n<p>sobre el muelle.<\/p>\n<p>&nbsp;<\/p>\n<p>\u00a0Alguna vez la piel va a secarse<\/p>\n<p>De aquella lancha que pas\u00f3 vac\u00eda<\/p>\n<p>nada queda salvo el surco.<\/p>\n<p>&nbsp;<\/p>\n<p>Qu\u00e9 nos mueve finalmente<\/p>\n<p>sino algo que fue.<\/p>\n<p>&nbsp;<\/p>\n<p>&nbsp;<\/p>\n<p><strong>Poemas de <em>Las perras del pante\u00edsta<\/em>. In\u00e9dito.<\/strong><\/p>\n<p>[\/et_pb_accordion_item][\/et_pb_accordion][\/et_pb_column][\/et_pb_row][\/et_pb_section][et_pb_section fb_built=\u00bb1&#8243; admin_label=\u00bbcontacto\u00bb _builder_version=\u00bb4.19.0&#8243; background_size=\u00bbinitial\u00bb background_repeat=\u00bbrepeat-y\u00bb custom_padding=\u00bb0px|||||\u00bb saved_tabs=\u00bball\u00bb locked=\u00bboff\u00bb global_colors_info=\u00bb{}\u00bb][et_pb_row disabled_on=\u00bbon|on|on\u00bb _builder_version=\u00bb4.19.0&#8243; width=\u00bb74%\u00bb custom_margin=\u00bb|auto||auto|false|false\u00bb custom_padding=\u00bb||||false|false\u00bb border_width_top=\u00bb2px\u00bb disabled=\u00bbon\u00bb global_colors_info=\u00bb{}\u00bb][et_pb_column type=\u00bb4_4&#8243; _builder_version=\u00bb4.19.0&#8243; custom_padding=\u00bb|||\u00bb global_colors_info=\u00bb{}\u00bb custom_padding__hover=\u00bb|||\u00bb][et_pb_social_media_follow _builder_version=\u00bb4.19.0&#8243; text_orientation=\u00bbcenter\u00bb custom_margin=\u00bb-20px|||-10px\u00bb custom_margin_tablet=\u00bb\u00bb custom_margin_phone=\u00bb-20px||\u00bb custom_margin_last_edited=\u00bbon|desktop\u00bb filter_invert=\u00bb100%\u00bb locked=\u00bboff\u00bb global_colors_info=\u00bb{}\u00bb icon_color__hover=\u00bb#e02b20&#8243;][et_pb_social_media_follow_network social_network=\u00bbfacebook\u00bb _builder_version=\u00bb4.16&#8243; global_colors_info=\u00bb{}\u00bb follow_button=\u00bboff\u00bb url_new_window=\u00bbon\u00bb]facebook[\/et_pb_social_media_follow_network][et_pb_social_media_follow_network social_network=\u00bbtwitter\u00bb _builder_version=\u00bb4.16&#8243; global_colors_info=\u00bb{}\u00bb follow_button=\u00bboff\u00bb url_new_window=\u00bbon\u00bb]twitter[\/et_pb_social_media_follow_network][et_pb_social_media_follow_network social_network=\u00bbgoogle-plus\u00bb _builder_version=\u00bb4.16&#8243; global_colors_info=\u00bb{}\u00bb follow_button=\u00bboff\u00bb url_new_window=\u00bbon\u00bb]google-plus[\/et_pb_social_media_follow_network][et_pb_social_media_follow_network social_network=\u00bbinstagram\u00bb _builder_version=\u00bb4.16&#8243; global_colors_info=\u00bb{}\u00bb follow_button=\u00bboff\u00bb url_new_window=\u00bbon\u00bb]instagram[\/et_pb_social_media_follow_network][\/et_pb_social_media_follow][\/et_pb_column][\/et_pb_row][\/et_pb_section]<\/p>\n","protected":false},"excerpt":{"rendered":"<p>Gabriel Reches(Buenos Aires, 1968) \u00a0Es escritor y creativo audiovisual. Public\u00f3 Gomez (Araucaria, 1997), el resto (Siesta, 2000), Strip (Bajo la Luna, 2001), Hamster en la rueda (Ediciones Obsoletas, 2002), La [&hellip;]<\/p>\n","protected":false},"author":138435,"featured_media":0,"parent":0,"menu_order":0,"comment_status":"closed","ping_status":"closed","template":"","meta":{"_acf_changed":false,"_et_pb_use_builder":"on","_et_pb_old_content":"","_et_gb_content_width":"","footnotes":""},"class_list":["post-1040","page","type-page","status-publish","hentry"],"acf":[],"yoast_head":"<!-- This site is optimized with the Yoast SEO plugin v27.2 - https:\/\/yoast.com\/product\/yoast-seo-wordpress\/ -->\n<title>Gabriel Reches - Festival Internacional de Poes\u00eda de Rosario<\/title>\n<meta name=\"robots\" content=\"index, follow, max-snippet:-1, max-image-preview:large, max-video-preview:-1\" \/>\n<link rel=\"canonical\" href=\"https:\/\/www.santafe.gob.ar\/ms\/fipr\/gabriel-reches-2\/\" \/>\n<meta property=\"og:locale\" content=\"es_ES\" \/>\n<meta property=\"og:type\" content=\"article\" \/>\n<meta property=\"og:title\" content=\"Gabriel Reches - Festival Internacional de Poes\u00eda de Rosario\" \/>\n<meta property=\"og:description\" content=\"Gabriel Reches(Buenos Aires, 1968) \u00a0Es escritor y creativo audiovisual. Public\u00f3 Gomez (Araucaria, 1997), el resto (Siesta, 2000), Strip (Bajo la Luna, 2001), Hamster en la rueda (Ediciones Obsoletas, 2002), La [&hellip;]\" \/>\n<meta property=\"og:url\" content=\"https:\/\/www.santafe.gob.ar\/ms\/fipr\/gabriel-reches-2\/\" \/>\n<meta property=\"og:site_name\" content=\"Festival Internacional de Poes\u00eda de Rosario\" \/>\n<meta property=\"article:modified_time\" content=\"2025-11-11T10:26:01+00:00\" \/>\n<meta name=\"twitter:card\" content=\"summary_large_image\" \/>\n<meta name=\"twitter:label1\" content=\"Tiempo de lectura\" \/>\n\t<meta name=\"twitter:data1\" content=\"9 minutos\" \/>\n<script type=\"application\/ld+json\" class=\"yoast-schema-graph\">{\"@context\":\"https:\/\/schema.org\",\"@graph\":[{\"@type\":\"WebPage\",\"@id\":\"https:\/\/www.santafe.gob.ar\/ms\/fipr\/gabriel-reches-2\/\",\"url\":\"https:\/\/www.santafe.gob.ar\/ms\/fipr\/gabriel-reches-2\/\",\"name\":\"Gabriel Reches - Festival Internacional de Poes\u00eda de Rosario\",\"isPartOf\":{\"@id\":\"https:\/\/www.santafe.gob.ar\/ms\/fipr\/#website\"},\"datePublished\":\"2025-11-08T00:00:35+00:00\",\"dateModified\":\"2025-11-11T10:26:01+00:00\",\"breadcrumb\":{\"@id\":\"https:\/\/www.santafe.gob.ar\/ms\/fipr\/gabriel-reches-2\/#breadcrumb\"},\"inLanguage\":\"es\",\"potentialAction\":[{\"@type\":\"ReadAction\",\"target\":[\"https:\/\/www.santafe.gob.ar\/ms\/fipr\/gabriel-reches-2\/\"]}]},{\"@type\":\"BreadcrumbList\",\"@id\":\"https:\/\/www.santafe.gob.ar\/ms\/fipr\/gabriel-reches-2\/#breadcrumb\",\"itemListElement\":[{\"@type\":\"ListItem\",\"position\":1,\"name\":\"Portada\",\"item\":\"https:\/\/www.santafe.gob.ar\/ms\/fipr\/\"},{\"@type\":\"ListItem\",\"position\":2,\"name\":\"Gabriel Reches\"}]},{\"@type\":\"WebSite\",\"@id\":\"https:\/\/www.santafe.gob.ar\/ms\/fipr\/#website\",\"url\":\"https:\/\/www.santafe.gob.ar\/ms\/fipr\/\",\"name\":\"Festival Internacional de Poes\u00eda de Rosario\",\"description\":\"\",\"potentialAction\":[{\"@type\":\"SearchAction\",\"target\":{\"@type\":\"EntryPoint\",\"urlTemplate\":\"https:\/\/www.santafe.gob.ar\/ms\/fipr\/?s={search_term_string}\"},\"query-input\":{\"@type\":\"PropertyValueSpecification\",\"valueRequired\":true,\"valueName\":\"search_term_string\"}}],\"inLanguage\":\"es\"}]}<\/script>\n<!-- \/ Yoast SEO plugin. -->","yoast_head_json":{"title":"Gabriel Reches - Festival Internacional de Poes\u00eda de Rosario","robots":{"index":"index","follow":"follow","max-snippet":"max-snippet:-1","max-image-preview":"max-image-preview:large","max-video-preview":"max-video-preview:-1"},"canonical":"https:\/\/www.santafe.gob.ar\/ms\/fipr\/gabriel-reches-2\/","og_locale":"es_ES","og_type":"article","og_title":"Gabriel Reches - Festival Internacional de Poes\u00eda de Rosario","og_description":"Gabriel Reches(Buenos Aires, 1968) \u00a0Es escritor y creativo audiovisual. Public\u00f3 Gomez (Araucaria, 1997), el resto (Siesta, 2000), Strip (Bajo la Luna, 2001), Hamster en la rueda (Ediciones Obsoletas, 2002), La [&hellip;]","og_url":"https:\/\/www.santafe.gob.ar\/ms\/fipr\/gabriel-reches-2\/","og_site_name":"Festival Internacional de Poes\u00eda de Rosario","article_modified_time":"2025-11-11T10:26:01+00:00","twitter_card":"summary_large_image","twitter_misc":{"Tiempo de lectura":"9 minutos"},"schema":{"@context":"https:\/\/schema.org","@graph":[{"@type":"WebPage","@id":"https:\/\/www.santafe.gob.ar\/ms\/fipr\/gabriel-reches-2\/","url":"https:\/\/www.santafe.gob.ar\/ms\/fipr\/gabriel-reches-2\/","name":"Gabriel Reches - Festival Internacional de Poes\u00eda de Rosario","isPartOf":{"@id":"https:\/\/www.santafe.gob.ar\/ms\/fipr\/#website"},"datePublished":"2025-11-08T00:00:35+00:00","dateModified":"2025-11-11T10:26:01+00:00","breadcrumb":{"@id":"https:\/\/www.santafe.gob.ar\/ms\/fipr\/gabriel-reches-2\/#breadcrumb"},"inLanguage":"es","potentialAction":[{"@type":"ReadAction","target":["https:\/\/www.santafe.gob.ar\/ms\/fipr\/gabriel-reches-2\/"]}]},{"@type":"BreadcrumbList","@id":"https:\/\/www.santafe.gob.ar\/ms\/fipr\/gabriel-reches-2\/#breadcrumb","itemListElement":[{"@type":"ListItem","position":1,"name":"Portada","item":"https:\/\/www.santafe.gob.ar\/ms\/fipr\/"},{"@type":"ListItem","position":2,"name":"Gabriel Reches"}]},{"@type":"WebSite","@id":"https:\/\/www.santafe.gob.ar\/ms\/fipr\/#website","url":"https:\/\/www.santafe.gob.ar\/ms\/fipr\/","name":"Festival Internacional de Poes\u00eda de Rosario","description":"","potentialAction":[{"@type":"SearchAction","target":{"@type":"EntryPoint","urlTemplate":"https:\/\/www.santafe.gob.ar\/ms\/fipr\/?s={search_term_string}"},"query-input":{"@type":"PropertyValueSpecification","valueRequired":true,"valueName":"search_term_string"}}],"inLanguage":"es"}]}},"_links":{"self":[{"href":"https:\/\/www.santafe.gob.ar\/ms\/fipr\/wp-json\/wp\/v2\/pages\/1040","targetHints":{"allow":["GET"]}}],"collection":[{"href":"https:\/\/www.santafe.gob.ar\/ms\/fipr\/wp-json\/wp\/v2\/pages"}],"about":[{"href":"https:\/\/www.santafe.gob.ar\/ms\/fipr\/wp-json\/wp\/v2\/types\/page"}],"author":[{"embeddable":true,"href":"https:\/\/www.santafe.gob.ar\/ms\/fipr\/wp-json\/wp\/v2\/users\/138435"}],"replies":[{"embeddable":true,"href":"https:\/\/www.santafe.gob.ar\/ms\/fipr\/wp-json\/wp\/v2\/comments?post=1040"}],"version-history":[{"count":10,"href":"https:\/\/www.santafe.gob.ar\/ms\/fipr\/wp-json\/wp\/v2\/pages\/1040\/revisions"}],"predecessor-version":[{"id":1656,"href":"https:\/\/www.santafe.gob.ar\/ms\/fipr\/wp-json\/wp\/v2\/pages\/1040\/revisions\/1656"}],"wp:attachment":[{"href":"https:\/\/www.santafe.gob.ar\/ms\/fipr\/wp-json\/wp\/v2\/media?parent=1040"}],"curies":[{"name":"wp","href":"https:\/\/api.w.org\/{rel}","templated":true}]}}