{"id":1053,"date":"2025-11-08T22:20:42","date_gmt":"2025-11-08T21:20:42","guid":{"rendered":"https:\/\/www.santafe.gob.ar\/ms\/fipr\/?page_id=1053"},"modified":"2025-11-11T11:29:37","modified_gmt":"2025-11-11T10:29:37","slug":"kako","status":"publish","type":"page","link":"https:\/\/www.santafe.gob.ar\/ms\/fipr\/kako\/","title":{"rendered":"Kako"},"content":{"rendered":"<p>[et_pb_section fb_built=\u00bb1&#8243; custom_padding_last_edited=\u00bboff|desktop\u00bb admin_label=\u00bbHeader\u00bb _builder_version=\u00bb4.19.0&#8243; background_color_gradient_direction=\u00bb188deg\u00bb background_image=\u00bbhttps:\/\/www.santafe.gob.ar\/ms\/fipr\/wp-content\/uploads\/sites\/88\/2025\/11\/art-gallery-55.jpg\u00bb background_size=\u00bbinitial\u00bb background_repeat=\u00bbrepeat\u00bb width=\u00bb100%\u00bb custom_padding_tablet=\u00bb5vw||5vw||true\u00bb top_divider_style=\u00bbslant\u00bb top_divider_color=\u00bb#063A29&#8243; top_divider_height=\u00bb153px\u00bb top_divider_flip=\u00bbhorizontal\u00bb global_colors_info=\u00bb{}\u00bb][et_pb_row column_structure=\u00bb2_5,3_5&#8243; use_custom_gutter=\u00bbon\u00bb gutter_width=\u00bb2&#8243; make_equal=\u00bbon\u00bb admin_label=\u00bbFila\u00bb _builder_version=\u00bb4.19.0&#8243; use_custom_width=\u00bbon\u00bb width_unit=\u00bboff\u00bb custom_width_percent=\u00bb100%\u00bb locked=\u00bboff\u00bb global_colors_info=\u00bb{}\u00bb][et_pb_column type=\u00bb2_5&#8243; _builder_version=\u00bb4.16&#8243; custom_padding=\u00bb|||\u00bb global_colors_info=\u00bb{}\u00bb custom_padding__hover=\u00bb|||\u00bb][et_pb_text _builder_version=\u00bb4.19.0&#8243; text_font=\u00bbCrimson Pro||||||||\u00bb text_text_color=\u00bb#121212&#8243; text_font_size=\u00bb68px\u00bb text_line_height=\u00bb1em\u00bb header_font=\u00bb||||||||\u00bb header_2_font=\u00bbPrata|500|||||||\u00bb header_2_text_align=\u00bbleft\u00bb header_2_font_size=\u00bb56px\u00bb header_2_line_height=\u00bb1.3em\u00bb header_4_font=\u00bb|700|||||||\u00bb header_4_font_size=\u00bb20px\u00bb header_4_line_height=\u00bb1.2em\u00bb transform_translate_linked=\u00bboff\u00bb max_width=\u00bb100%\u00bb max_width_tablet=\u00bb70%\u00bb max_width_last_edited=\u00bboff|phone\u00bb text_font_size_tablet=\u00bb68px\u00bb text_font_size_phone=\u00bb42px\u00bb text_font_size_last_edited=\u00bbon|phone\u00bb header_2_font_size_tablet=\u00bb40px\u00bb header_2_font_size_phone=\u00bb26px\u00bb header_2_font_size_last_edited=\u00bbon|desktop\u00bb global_colors_info=\u00bb{}\u00bb]<\/p>\n<p><strong>Kako <\/strong><\/p>\n<p>[\/et_pb_text][et_pb_image src=\u00bbhttps:\/\/www.santafe.gob.ar\/ms\/fipr\/wp-content\/uploads\/sites\/88\/2025\/11\/0Kako-Punta-Alta-Buenos-Aires-1978.jpg\u00bb title_text=\u00bb0Kako (Punta Alta, Buenos Aires, 1978)\u00bb _builder_version=\u00bb4.19.0&#8243; _module_preset=\u00bbdefault\u00bb global_colors_info=\u00bb{}\u00bb][\/et_pb_image][\/et_pb_column][et_pb_column type=\u00bb3_5&#8243; _builder_version=\u00bb4.19.0&#8243; custom_padding=\u00bb51px||||false|false\u00bb global_colors_info=\u00bb{}\u00bb custom_padding__hover=\u00bb|||\u00bb][et_pb_text _builder_version=\u00bb4.19.0&#8243; text_font=\u00bb||||||||\u00bb header_font=\u00bb|700|||||||\u00bb header_font_size=\u00bb20px\u00bb header_line_height=\u00bb1.3em\u00bb header_2_font=\u00bb|700|||||||\u00bb header_2_font_size=\u00bb20px\u00bb header_2_line_height=\u00bb1.3em\u00bb header_3_font=\u00bb|700|||||||\u00bb header_3_font_size=\u00bb16px\u00bb header_3_line_height=\u00bb1.3em\u00bb custom_padding=\u00bb||7px|||\u00bb header_font_size_tablet=\u00bb\u00bb header_font_size_phone=\u00bb\u00bb header_font_size_last_edited=\u00bbon|desktop\u00bb locked=\u00bboff\u00bb global_colors_info=\u00bb{}\u00bb]<\/p>\n<p><span>(Punta Alta, 1978) <\/span><\/p>\n<p>Public\u00f3 <em>Ancla-F\u00f3rceps-Negro<\/em> (Fi\u00fa! Ediciones, 2016), <em>La c\u00e1mara suicida<\/em> (Fi\u00fa! Ediciones, 2019), <em>Prrum<\/em> (Ediciones Arveja, 2022), <em>Cielo\/mar\/dunas<\/em> (Villa Mora Editorial, 2024), y <em>Trino y eucaliptos<\/em> (Necesidad y Urgencia, 2025). Integr\u00f3 la antolog\u00eda <em>Tropa voluntaria<\/em> (LUX, 2016). Desde 2018 codirige Villa Mora Editorial y, junto a Oxi, realiza el evento de poes\u00eda y sonidos generados con sintetizadores y samplers Humedal Sonoro.<\/p>\n<p>[\/et_pb_text][\/et_pb_column][\/et_pb_row][\/et_pb_section][et_pb_section fb_built=\u00bb1&#8243; admin_label=\u00bbpoemas\u00bb _builder_version=\u00bb4.19.0&#8243; custom_margin=\u00bb0px||||false|false\u00bb custom_padding=\u00bb0px||||false|false\u00bb global_colors_info=\u00bb{}\u00bb][et_pb_row custom_padding_last_edited=\u00bboff|phone\u00bb _builder_version=\u00bb4.16&#8243; background_position=\u00bbbottom_center\u00bb custom_padding_tablet=\u00bb17vw||17vw||false\u00bb use_custom_width=\u00bbon\u00bb width_unit=\u00bboff\u00bb custom_width_percent=\u00bb100%\u00bb locked=\u00bboff\u00bb global_colors_info=\u00bb{}\u00bb][et_pb_column type=\u00bb4_4&#8243; _builder_version=\u00bb4.16&#8243; custom_padding=\u00bb|||\u00bb global_colors_info=\u00bb{}\u00bb custom_padding__hover=\u00bb|||\u00bb][et_pb_text disabled_on=\u00bboff|off|off\u00bb _builder_version=\u00bb4.19.0&#8243; text_font=\u00bb||||||||\u00bb text_font_size=\u00bb41px\u00bb header_font=\u00bb||||||||\u00bb header_font_size=\u00bb60px\u00bb header_2_font=\u00bbPrata|500|||||||\u00bb header_2_font_size=\u00bb56px\u00bb header_2_line_height=\u00bb1.3em\u00bb header_3_font=\u00bb|700||on|||||\u00bb header_3_text_color=\u00bbrgba(0,0,0,0.35)\u00bb header_3_font_size=\u00bb12px\u00bb header_3_letter_spacing=\u00bb5px\u00bb header_3_line_height=\u00bb2em\u00bb transform_translate_linked=\u00bboff\u00bb text_orientation=\u00bbcenter\u00bb max_width=\u00bb700px\u00bb max_width_tablet=\u00bb70%\u00bb max_width_last_edited=\u00bboff|phone\u00bb module_alignment=\u00bbcenter\u00bb header_2_font_size_tablet=\u00bb40px\u00bb header_2_font_size_phone=\u00bb26px\u00bb header_2_font_size_last_edited=\u00bbon|phone\u00bb header_3_font_size_phone=\u00bb10px\u00bb header_3_font_size_last_edited=\u00bboff|desktop\u00bb module_alignment_last_edited=\u00bboff|desktop\u00bb text_text_align=\u00bbcenter\u00bb inline_fonts=\u00bbCrimson Pro\u00bb global_colors_info=\u00bb{}\u00bb]<\/p>\n<h1>poemas<\/h1>\n<p>[\/et_pb_text][\/et_pb_column][\/et_pb_row][et_pb_row _builder_version=\u00bb4.19.0&#8243; _module_preset=\u00bbdefault\u00bb global_colors_info=\u00bb{}\u00bb][et_pb_column type=\u00bb4_4&#8243; _builder_version=\u00bb4.19.0&#8243; _module_preset=\u00bbdefault\u00bb global_colors_info=\u00bb{}\u00bb][et_pb_accordion disabled_on=\u00bboff|off|off\u00bb _builder_version=\u00bb4.19.0&#8243; _module_preset=\u00bbdefault\u00bb global_colors_info=\u00bb{}\u00bb][et_pb_accordion_item title=\u00bbDunazul\u00bb open=\u00bbon\u00bb _builder_version=\u00bb4.19.0&#8243; _module_preset=\u00bbdefault\u00bb global_colors_info=\u00bb{}\u00bb]<\/p>\n<p>todas las estampitas de villa mora est\u00e1n por cruzar el lugar donde fuiste alumbrado<\/p>\n<p>una lluvia finoli perfora al chanchodromo al paseador y a la duna atl\u00e1ntica bajo la cruz del sur<\/p>\n<p>el viento otea perros que cavan zanjas<\/p>\n<p>buscan tucus sobre tul blanco escarchado<\/p>\n<p>entre la bruma los p\u00e1jaros velan trinan y alertan a la familia<\/p>\n<p>que llama al cisma de todos los d\u00edas<\/p>\n<p>entre el silencio de los coirones<\/p>\n<p>&nbsp;<\/p>\n<p>&nbsp;<\/p>\n<p><strong>(<em>La c\u00e1mara suicida<\/em>\u00a0&#8211; Fi\u00fa! Ediciones, 2019)<\/strong><\/p>\n<p>[\/et_pb_accordion_item][et_pb_accordion_item title=\u00bbBandera de polvo y augurios\u00bb _builder_version=\u00bb4.19.0&#8243; _module_preset=\u00bbdefault\u00bb global_colors_info=\u00bb{}\u00bb open=\u00bboff\u00bb]<\/p>\n<p><span>Atardeceres: rojos, negros, blancos, azules, amarillos y tambi\u00e9n rosas. Un ocaso a contraluz, con el sol yendo. La Cruz del Sur, permanente, espera el amanecer de ma\u00f1ana sobre mesetas y dunas.<\/span><\/p>\n<p><span>Cinco golondrinas negras se traban en el aire.<br \/>En los bald\u00edos siempre hay gatos, negros, de tres colores y colorados. Relojean entre el pasto, sentados y ocultos.<\/span><\/p>\n<p><span>Una paloma blanca posa en un olivo, saca pecho, mientras por debajo dos personas empujan un carrito y se\u00f1alan la distancia de lo que vendr\u00e1.<\/span><\/p>\n<p><span>Estrellas de flores de durazno, mandarinos, campanas blancas, amarillas y rosas, ortigas. En el aire tambi\u00e9n flota el perfume frutal de la conmoci\u00f3n interna de un bald\u00edo que desaparece.<\/span><\/p>\n<p><span>Largas nubes luminosas y alfombras de tr\u00e9boles, junto a cardos violetas y gramilla, verde, gris y amarilla.<\/span><\/p>\n<p><span>Una familia riega las semillas amargas de un para\u00edso y corta las hojas nerviosas de un sauce el\u00e9ctrico.<\/span><\/p>\n<p><span><\/span><\/p>\n<p><span><\/span><\/p>\n<p><strong>(<em>Trino y eucaliptos<\/em>\u00a0&#8211; Necesidad y Urgencia, 2025)<\/strong><\/p>\n<p>[\/et_pb_accordion_item][et_pb_accordion_item title=\u00bbOtra vez el idioma de las aves\u00bb _builder_version=\u00bb4.19.0&#8243; _module_preset=\u00bbdefault\u00bb global_colors_info=\u00bb{}\u00bb open=\u00bboff\u00bb]<\/p>\n<p><span>Gorriones marrones y negros, unos chingolos descarados, unos teros celosos, la cabeza de fuego de un hornero y su casa de barro trenzado.<\/span><\/p>\n<p><span>Un hombre con cuchillo en la cintura hace malabares y destrezas criollas por unas monedas en la esquina del sem\u00e1foro.\u00a0 Est\u00e1 secundado por charcos de agua servida.<\/span><\/p>\n<p><span>El eco de voces que festejan entre la niebla de un asado, de pantalones con cal, madera, clavos, alambres y transmisiones.<\/span><\/p>\n<p><span>La gente le comi\u00f3 un lado a la duna, ah\u00ed construyen sus casas de ladrillos y chapas. Cuando cae la tarde, el sol rebota en la arena y los torna a todos en virulana dorada.<\/span><\/p>\n<p><span>Mientras voy por las v\u00edas, me hago a un lado para que pase un padre en bici con sus dos hijas.<\/span><\/p>\n<p><span><\/span><\/p>\n<p><span><\/span><\/p>\n<p><strong>(<em>Trino y eucaliptos<\/em>\u00a0&#8211; Necesidad y Urgencia, 2025)<\/strong><\/p>\n<p>[\/et_pb_accordion_item][et_pb_accordion_item title=\u00bbABC Puntalteka\u00bb _builder_version=\u00bb4.19.0&#8243; _module_preset=\u00bbdefault\u00bb global_colors_info=\u00bb{}\u00bb open=\u00bboff\u00bb]<\/p>\n<p>A de cabeza<\/p>\n<p>de ancla<\/p>\n<p>B de bater\u00edas<\/p>\n<p>de infanter\u00eda<\/p>\n<p>C de corbeta<\/p>\n<p>de chanch\u00f3dromo<\/p>\n<p>D de destrucci\u00f3n<\/p>\n<p>E de espoleta<\/p>\n<p>polenta y poeta<\/p>\n<p>F de F.A.L.<\/p>\n<p>de fusil<\/p>\n<p>autom\u00e1tico<\/p>\n<p>ligero<\/p>\n<p>G de guerra<\/p>\n<p>guerrilla<\/p>\n<p>gliptodonte<\/p>\n<p>de gancho<\/p>\n<p>H de Hospital<\/p>\n<p>Naval<\/p>\n<p>Puerto<\/p>\n<p>Belgrano<\/p>\n<p>de humedad<\/p>\n<p>de humedal sonoro<\/p>\n<p>hostil<\/p>\n<p>helic\u00f3ptero<\/p>\n<p>I de indestructible<\/p>\n<p>ingland<\/p>\n<p>ingle<\/p>\n<p>invencible<\/p>\n<p>J de jabalina<\/p>\n<p>javelin<\/p>\n<p>jerarqu\u00eda<\/p>\n<p>jineta<\/p>\n<p>k de kilot\u00f3n<\/p>\n<p>de corte<\/p>\n<p>kamada<\/p>\n<p>L de Lu Bianco<\/p>\n<p>M de archipi\u00e9lago<\/p>\n<p>de mirage<\/p>\n<p>de fustigar<\/p>\n<p>la teta acerada<\/p>\n<p>de la t\u00eda marina<\/p>\n<p>de Meli Depetris<\/p>\n<p>y el megaterio<\/p>\n<p>N de naval<\/p>\n<p>de napalm death<\/p>\n<p>O de ob\u00fas<\/p>\n<p>de o\u00edd mortales<\/p>\n<p>el grito sagrado<\/p>\n<p>de Oxi<\/p>\n<p>P de proyectiles<\/p>\n<p>navales en el cuero<\/p>\n<p>percutido<\/p>\n<p>de perdigones<\/p>\n<p>de pida la baja<\/p>\n<p>de par\u00e1lisis facial<\/p>\n<p>Q de quilla<\/p>\n<p>a la parrilla<\/p>\n<p>R de refugiados<\/p>\n<p>de retiro<\/p>\n<p>voluntario<\/p>\n<p>de rango<\/p>\n<p>de rosales<\/p>\n<p>S de sirenas<\/p>\n<p>martillos<\/p>\n<p>y yunques<\/p>\n<p>T de tiras<\/p>\n<p>de teniente<\/p>\n<p>de fragata<\/p>\n<p>de tanque<\/p>\n<p>de tanqueta<\/p>\n<p>U de urbina<\/p>\n<p>de tripas<\/p>\n<p>unidad<\/p>\n<p>aero<\/p>\n<p>transportada<\/p>\n<p>V de vuelo<\/p>\n<p>rasante<\/p>\n<p>de reconocimiento<\/p>\n<p>de vuelo de la temuer<\/p>\n<p>W de la war<\/p>\n<p>(se pronuncia<\/p>\n<p>cruzando los brazos<\/p>\n<p>sobre el pecho)<\/p>\n<p>war<\/p>\n<p>X de Exocet<\/p>\n<p>Y de yuyo<\/p>\n<p>en pehu\u00e9n<\/p>\n<p>quemado<\/p>\n<p>por las maniobras<\/p>\n<p>Z de zafarrancho<\/p>\n<p>de zumbo retirado<\/p>\n<p>&nbsp;<\/p>\n<p>&nbsp;<\/p>\n<p><strong>(<em>Ancla-F\u00f3rceps-Negro<\/em>\u00a0&#8211; Fi\u00fa! Ediciones, 2016)<\/strong><\/p>\n<p>[\/et_pb_accordion_item][et_pb_accordion_item title=\u00bbGeomancia\u00bb _builder_version=\u00bb4.19.0&#8243; _module_preset=\u00bbdefault\u00bb global_colors_info=\u00bb{}\u00bb open=\u00bboff\u00bb]<\/p>\n<p>la ceremonia en la piedra silba<\/p>\n<p>sobre la semilla de las dunas<\/p>\n<p>sobre la duna un ca\u00f1on<\/p>\n<p>homenajea a los fogoneros<\/p>\n<p>los de alto calibre o de bajo rango<\/p>\n<p>de acci\u00f3n<\/p>\n<p>pasa del Eva Per\u00f3n hasta los tubos de oxido nitroso<\/p>\n<p>en el zumbido que atraviesa los o\u00eddos criollos<\/p>\n<p>en\u00a0 Alem al fondo o junto al sal\u00f3n de los catamarque\u00f1os\u00a0<\/p>\n<p>sobre caballos y lomas<\/p>\n<p>sobre el final de la nueva bah\u00eda<\/p>\n<p>campos con hilos electrificados<\/p>\n<p>murmuran en el per\u00edmetro<\/p>\n<p>que encierra animales y hombres<\/p>\n<p>las aves cantan y agradezco<\/p>\n<p>del arriba y abajo de vivir en el medio<\/p>\n<p>acompasado trabajar sobre el cielo alqu\u00edmico<\/p>\n<p>geom\u00e9trico siempre el maestro<\/p>\n<p>gira la llave de las ollas de arena<\/p>\n<p>madera o bronce en un eucalipto<\/p>\n<p>o un palo borracho y espinoso<\/p>\n<p>paseo entre romeros en un patio profundo<\/p>\n<p>las puertas tienen im\u00e1genes de virgencitas<\/p>\n<p>tres se\u00f1oras est\u00e1n orando en una esquina de Falucho<\/p>\n<p>entre los almendros tienen cofias de tela mosquera<\/p>\n<p>leen y rezan mirando pasar a los caminantes<\/p>\n<p>el vibrato que ejecutan forma im\u00e1genes de las islas<\/p>\n<p>de los vendajes y el seno materno<\/p>\n<p>amparadas en la imagen de la cazadora<\/p>\n<p>entre madera y bronce entre los troncos espinosos de los eucaliptos<\/p>\n<p><span>\u00a0<\/span><\/p>\n<p><span><\/span><\/p>\n<p><strong>(<em>La c\u00e1mara suicida<\/em>\u00a0&#8211; Fi\u00fa! Ediciones, 2019)<\/strong><\/p>\n<p>[\/et_pb_accordion_item][\/et_pb_accordion][\/et_pb_column][\/et_pb_row][\/et_pb_section][et_pb_section fb_built=\u00bb1&#8243; admin_label=\u00bbcontacto\u00bb _builder_version=\u00bb4.19.0&#8243; background_size=\u00bbinitial\u00bb background_repeat=\u00bbrepeat-y\u00bb custom_padding=\u00bb0px|||||\u00bb saved_tabs=\u00bball\u00bb locked=\u00bboff\u00bb global_colors_info=\u00bb{}\u00bb][et_pb_row disabled_on=\u00bbon|on|on\u00bb _builder_version=\u00bb4.19.0&#8243; width=\u00bb74%\u00bb custom_margin=\u00bb|auto||auto|false|false\u00bb custom_padding=\u00bb||||false|false\u00bb border_width_top=\u00bb2px\u00bb disabled=\u00bbon\u00bb global_colors_info=\u00bb{}\u00bb][et_pb_column type=\u00bb4_4&#8243; _builder_version=\u00bb4.19.0&#8243; custom_padding=\u00bb|||\u00bb global_colors_info=\u00bb{}\u00bb custom_padding__hover=\u00bb|||\u00bb][et_pb_social_media_follow _builder_version=\u00bb4.19.0&#8243; text_orientation=\u00bbcenter\u00bb custom_margin=\u00bb-20px|||-10px\u00bb custom_margin_tablet=\u00bb\u00bb custom_margin_phone=\u00bb-20px||\u00bb custom_margin_last_edited=\u00bbon|desktop\u00bb filter_invert=\u00bb100%\u00bb locked=\u00bboff\u00bb global_colors_info=\u00bb{}\u00bb icon_color__hover=\u00bb#e02b20&#8243;][et_pb_social_media_follow_network social_network=\u00bbfacebook\u00bb _builder_version=\u00bb4.16&#8243; global_colors_info=\u00bb{}\u00bb follow_button=\u00bboff\u00bb url_new_window=\u00bbon\u00bb]facebook[\/et_pb_social_media_follow_network][et_pb_social_media_follow_network social_network=\u00bbtwitter\u00bb _builder_version=\u00bb4.16&#8243; global_colors_info=\u00bb{}\u00bb follow_button=\u00bboff\u00bb url_new_window=\u00bbon\u00bb]twitter[\/et_pb_social_media_follow_network][et_pb_social_media_follow_network social_network=\u00bbgoogle-plus\u00bb _builder_version=\u00bb4.16&#8243; global_colors_info=\u00bb{}\u00bb follow_button=\u00bboff\u00bb url_new_window=\u00bbon\u00bb]google-plus[\/et_pb_social_media_follow_network][et_pb_social_media_follow_network social_network=\u00bbinstagram\u00bb _builder_version=\u00bb4.16&#8243; global_colors_info=\u00bb{}\u00bb follow_button=\u00bboff\u00bb url_new_window=\u00bbon\u00bb]instagram[\/et_pb_social_media_follow_network][\/et_pb_social_media_follow][\/et_pb_column][\/et_pb_row][\/et_pb_section]<\/p>\n","protected":false},"excerpt":{"rendered":"<p>Kako (Punta Alta, 1978) Public\u00f3 Ancla-F\u00f3rceps-Negro (Fi\u00fa! Ediciones, 2016), La c\u00e1mara suicida (Fi\u00fa! Ediciones, 2019), Prrum (Ediciones Arveja, 2022), Cielo\/mar\/dunas (Villa Mora Editorial, 2024), y Trino y eucaliptos (Necesidad y [&hellip;]<\/p>\n","protected":false},"author":138435,"featured_media":0,"parent":0,"menu_order":0,"comment_status":"closed","ping_status":"closed","template":"","meta":{"_acf_changed":false,"_et_pb_use_builder":"on","_et_pb_old_content":"","_et_gb_content_width":"","footnotes":""},"class_list":["post-1053","page","type-page","status-publish","hentry"],"acf":[],"yoast_head":"<!-- This site is optimized with the Yoast SEO plugin v27.2 - https:\/\/yoast.com\/product\/yoast-seo-wordpress\/ -->\n<title>Kako - Festival Internacional de Poes\u00eda de Rosario<\/title>\n<meta name=\"robots\" content=\"index, follow, max-snippet:-1, max-image-preview:large, max-video-preview:-1\" \/>\n<link rel=\"canonical\" href=\"https:\/\/www.santafe.gob.ar\/ms\/fipr\/kako\/\" \/>\n<meta property=\"og:locale\" content=\"es_ES\" \/>\n<meta property=\"og:type\" content=\"article\" \/>\n<meta property=\"og:title\" content=\"Kako - Festival Internacional de Poes\u00eda de Rosario\" \/>\n<meta property=\"og:description\" content=\"Kako (Punta Alta, 1978) Public\u00f3 Ancla-F\u00f3rceps-Negro (Fi\u00fa! Ediciones, 2016), La c\u00e1mara suicida (Fi\u00fa! Ediciones, 2019), Prrum (Ediciones Arveja, 2022), Cielo\/mar\/dunas (Villa Mora Editorial, 2024), y Trino y eucaliptos (Necesidad y [&hellip;]\" \/>\n<meta property=\"og:url\" content=\"https:\/\/www.santafe.gob.ar\/ms\/fipr\/kako\/\" \/>\n<meta property=\"og:site_name\" content=\"Festival Internacional de Poes\u00eda de Rosario\" \/>\n<meta property=\"article:modified_time\" content=\"2025-11-11T10:29:37+00:00\" \/>\n<meta name=\"twitter:card\" content=\"summary_large_image\" \/>\n<meta name=\"twitter:label1\" content=\"Tiempo de lectura\" \/>\n\t<meta name=\"twitter:data1\" content=\"9 minutos\" \/>\n<script type=\"application\/ld+json\" class=\"yoast-schema-graph\">{\"@context\":\"https:\/\/schema.org\",\"@graph\":[{\"@type\":\"WebPage\",\"@id\":\"https:\/\/www.santafe.gob.ar\/ms\/fipr\/kako\/\",\"url\":\"https:\/\/www.santafe.gob.ar\/ms\/fipr\/kako\/\",\"name\":\"Kako - Festival Internacional de Poes\u00eda de Rosario\",\"isPartOf\":{\"@id\":\"https:\/\/www.santafe.gob.ar\/ms\/fipr\/#website\"},\"datePublished\":\"2025-11-08T21:20:42+00:00\",\"dateModified\":\"2025-11-11T10:29:37+00:00\",\"breadcrumb\":{\"@id\":\"https:\/\/www.santafe.gob.ar\/ms\/fipr\/kako\/#breadcrumb\"},\"inLanguage\":\"es\",\"potentialAction\":[{\"@type\":\"ReadAction\",\"target\":[\"https:\/\/www.santafe.gob.ar\/ms\/fipr\/kako\/\"]}]},{\"@type\":\"BreadcrumbList\",\"@id\":\"https:\/\/www.santafe.gob.ar\/ms\/fipr\/kako\/#breadcrumb\",\"itemListElement\":[{\"@type\":\"ListItem\",\"position\":1,\"name\":\"Portada\",\"item\":\"https:\/\/www.santafe.gob.ar\/ms\/fipr\/\"},{\"@type\":\"ListItem\",\"position\":2,\"name\":\"Kako\"}]},{\"@type\":\"WebSite\",\"@id\":\"https:\/\/www.santafe.gob.ar\/ms\/fipr\/#website\",\"url\":\"https:\/\/www.santafe.gob.ar\/ms\/fipr\/\",\"name\":\"Festival Internacional de Poes\u00eda de Rosario\",\"description\":\"\",\"potentialAction\":[{\"@type\":\"SearchAction\",\"target\":{\"@type\":\"EntryPoint\",\"urlTemplate\":\"https:\/\/www.santafe.gob.ar\/ms\/fipr\/?s={search_term_string}\"},\"query-input\":{\"@type\":\"PropertyValueSpecification\",\"valueRequired\":true,\"valueName\":\"search_term_string\"}}],\"inLanguage\":\"es\"}]}<\/script>\n<!-- \/ Yoast SEO plugin. -->","yoast_head_json":{"title":"Kako - Festival Internacional de Poes\u00eda de Rosario","robots":{"index":"index","follow":"follow","max-snippet":"max-snippet:-1","max-image-preview":"max-image-preview:large","max-video-preview":"max-video-preview:-1"},"canonical":"https:\/\/www.santafe.gob.ar\/ms\/fipr\/kako\/","og_locale":"es_ES","og_type":"article","og_title":"Kako - Festival Internacional de Poes\u00eda de Rosario","og_description":"Kako (Punta Alta, 1978) Public\u00f3 Ancla-F\u00f3rceps-Negro (Fi\u00fa! Ediciones, 2016), La c\u00e1mara suicida (Fi\u00fa! Ediciones, 2019), Prrum (Ediciones Arveja, 2022), Cielo\/mar\/dunas (Villa Mora Editorial, 2024), y Trino y eucaliptos (Necesidad y [&hellip;]","og_url":"https:\/\/www.santafe.gob.ar\/ms\/fipr\/kako\/","og_site_name":"Festival Internacional de Poes\u00eda de Rosario","article_modified_time":"2025-11-11T10:29:37+00:00","twitter_card":"summary_large_image","twitter_misc":{"Tiempo de lectura":"9 minutos"},"schema":{"@context":"https:\/\/schema.org","@graph":[{"@type":"WebPage","@id":"https:\/\/www.santafe.gob.ar\/ms\/fipr\/kako\/","url":"https:\/\/www.santafe.gob.ar\/ms\/fipr\/kako\/","name":"Kako - Festival Internacional de Poes\u00eda de Rosario","isPartOf":{"@id":"https:\/\/www.santafe.gob.ar\/ms\/fipr\/#website"},"datePublished":"2025-11-08T21:20:42+00:00","dateModified":"2025-11-11T10:29:37+00:00","breadcrumb":{"@id":"https:\/\/www.santafe.gob.ar\/ms\/fipr\/kako\/#breadcrumb"},"inLanguage":"es","potentialAction":[{"@type":"ReadAction","target":["https:\/\/www.santafe.gob.ar\/ms\/fipr\/kako\/"]}]},{"@type":"BreadcrumbList","@id":"https:\/\/www.santafe.gob.ar\/ms\/fipr\/kako\/#breadcrumb","itemListElement":[{"@type":"ListItem","position":1,"name":"Portada","item":"https:\/\/www.santafe.gob.ar\/ms\/fipr\/"},{"@type":"ListItem","position":2,"name":"Kako"}]},{"@type":"WebSite","@id":"https:\/\/www.santafe.gob.ar\/ms\/fipr\/#website","url":"https:\/\/www.santafe.gob.ar\/ms\/fipr\/","name":"Festival Internacional de Poes\u00eda de Rosario","description":"","potentialAction":[{"@type":"SearchAction","target":{"@type":"EntryPoint","urlTemplate":"https:\/\/www.santafe.gob.ar\/ms\/fipr\/?s={search_term_string}"},"query-input":{"@type":"PropertyValueSpecification","valueRequired":true,"valueName":"search_term_string"}}],"inLanguage":"es"}]}},"_links":{"self":[{"href":"https:\/\/www.santafe.gob.ar\/ms\/fipr\/wp-json\/wp\/v2\/pages\/1053","targetHints":{"allow":["GET"]}}],"collection":[{"href":"https:\/\/www.santafe.gob.ar\/ms\/fipr\/wp-json\/wp\/v2\/pages"}],"about":[{"href":"https:\/\/www.santafe.gob.ar\/ms\/fipr\/wp-json\/wp\/v2\/types\/page"}],"author":[{"embeddable":true,"href":"https:\/\/www.santafe.gob.ar\/ms\/fipr\/wp-json\/wp\/v2\/users\/138435"}],"replies":[{"embeddable":true,"href":"https:\/\/www.santafe.gob.ar\/ms\/fipr\/wp-json\/wp\/v2\/comments?post=1053"}],"version-history":[{"count":15,"href":"https:\/\/www.santafe.gob.ar\/ms\/fipr\/wp-json\/wp\/v2\/pages\/1053\/revisions"}],"predecessor-version":[{"id":1661,"href":"https:\/\/www.santafe.gob.ar\/ms\/fipr\/wp-json\/wp\/v2\/pages\/1053\/revisions\/1661"}],"wp:attachment":[{"href":"https:\/\/www.santafe.gob.ar\/ms\/fipr\/wp-json\/wp\/v2\/media?parent=1053"}],"curies":[{"name":"wp","href":"https:\/\/api.w.org\/{rel}","templated":true}]}}