{"id":1060,"date":"2025-11-08T22:40:01","date_gmt":"2025-11-08T21:40:01","guid":{"rendered":"https:\/\/www.santafe.gob.ar\/ms\/fipr\/?page_id=1060"},"modified":"2025-11-11T12:02:16","modified_gmt":"2025-11-11T11:02:16","slug":"lara-pellegrini-y-ruperta-perez","status":"publish","type":"page","link":"https:\/\/www.santafe.gob.ar\/ms\/fipr\/lara-pellegrini-y-ruperta-perez\/","title":{"rendered":"Lara Pellegrini y Ruperta Perez"},"content":{"rendered":"<p>[et_pb_section fb_built=\u00bb1&#8243; custom_padding_last_edited=\u00bboff|desktop\u00bb admin_label=\u00bbHeader\u00bb _builder_version=\u00bb4.19.0&#8243; background_color_gradient_direction=\u00bb188deg\u00bb background_image=\u00bbhttps:\/\/www.santafe.gob.ar\/ms\/fipr\/wp-content\/uploads\/sites\/88\/2025\/11\/art-gallery-55.jpg\u00bb background_size=\u00bbinitial\u00bb background_repeat=\u00bbrepeat\u00bb width=\u00bb100%\u00bb custom_padding_tablet=\u00bb5vw||5vw||true\u00bb top_divider_style=\u00bbslant\u00bb top_divider_color=\u00bb#063A29&#8243; top_divider_height=\u00bb153px\u00bb top_divider_flip=\u00bbhorizontal\u00bb global_colors_info=\u00bb{}\u00bb][et_pb_row column_structure=\u00bb2_5,3_5&#8243; use_custom_gutter=\u00bbon\u00bb gutter_width=\u00bb2&#8243; make_equal=\u00bbon\u00bb admin_label=\u00bbFila\u00bb _builder_version=\u00bb4.19.0&#8243; use_custom_width=\u00bbon\u00bb width_unit=\u00bboff\u00bb custom_width_percent=\u00bb100%\u00bb locked=\u00bboff\u00bb global_colors_info=\u00bb{}\u00bb][et_pb_column type=\u00bb2_5&#8243; _builder_version=\u00bb4.16&#8243; custom_padding=\u00bb|||\u00bb global_colors_info=\u00bb{}\u00bb custom_padding__hover=\u00bb|||\u00bb][et_pb_text _builder_version=\u00bb4.19.0&#8243; text_font=\u00bbCrimson Pro||||||||\u00bb text_text_color=\u00bb#121212&#8243; text_font_size=\u00bb68px\u00bb text_line_height=\u00bb1em\u00bb header_font=\u00bb||||||||\u00bb header_2_font=\u00bbPrata|500|||||||\u00bb header_2_text_align=\u00bbleft\u00bb header_2_font_size=\u00bb56px\u00bb header_2_line_height=\u00bb1.3em\u00bb header_4_font=\u00bb|700|||||||\u00bb header_4_font_size=\u00bb20px\u00bb header_4_line_height=\u00bb1.2em\u00bb transform_translate_linked=\u00bboff\u00bb max_width=\u00bb100%\u00bb max_width_tablet=\u00bb70%\u00bb max_width_last_edited=\u00bboff|phone\u00bb hover_enabled=\u00bb0&#8243; header_2_font_size_tablet=\u00bb40px\u00bb header_2_font_size_phone=\u00bb26px\u00bb header_2_font_size_last_edited=\u00bbon|desktop\u00bb global_colors_info=\u00bb{}\u00bb text_font_size_last_edited=\u00bbon|phone\u00bb sticky_enabled=\u00bb0&#8243; text_font_size_phone=\u00bb42px\u00bb text_font_size_tablet=\u00bb68px\u00bb]<\/p>\n<p class=\"MsoNormal\" style=\"background-color: white\"><b><span lang=\"es\">Lara Pellegrini y Ruperta P\u00e9rez<\/span><\/b><\/p>\n<p>[\/et_pb_text][et_pb_image src=\u00bbhttps:\/\/www.santafe.gob.ar\/ms\/fipr\/wp-content\/uploads\/sites\/88\/2025\/11\/Ruperta-Perez-y-Lara-Pellegrini.jpg\u00bb title_text=\u00bbRuperta P\u00e9rez y Lara Pellegrini\u00bb _builder_version=\u00bb4.19.0&#8243; _module_preset=\u00bbdefault\u00bb global_colors_info=\u00bb{}\u00bb][\/et_pb_image][\/et_pb_column][et_pb_column type=\u00bb3_5&#8243; _builder_version=\u00bb4.19.0&#8243; custom_padding=\u00bb51px||||false|false\u00bb global_colors_info=\u00bb{}\u00bb custom_padding__hover=\u00bb|||\u00bb][et_pb_text _builder_version=\u00bb4.19.0&#8243; text_font=\u00bb||||||||\u00bb header_font=\u00bb|700|||||||\u00bb header_font_size=\u00bb20px\u00bb header_line_height=\u00bb1.3em\u00bb header_2_font=\u00bb|700|||||||\u00bb header_2_font_size=\u00bb20px\u00bb header_2_line_height=\u00bb1.3em\u00bb header_3_font=\u00bb|700|||||||\u00bb header_3_font_size=\u00bb16px\u00bb header_3_line_height=\u00bb1.3em\u00bb custom_padding=\u00bb||7px|||\u00bb header_font_size_tablet=\u00bb\u00bb header_font_size_phone=\u00bb\u00bb header_font_size_last_edited=\u00bbon|desktop\u00bb locked=\u00bboff\u00bb global_colors_info=\u00bb{}\u00bb]<\/p>\n<p><span>(Rosario, 1985) <\/span><\/p>\n<p><span>(Miraflores, Chaco, 1957)<\/span><\/p>\n<p><span>Lara Pellegrini es poeta, cantautora y Licenciada en Comunicaci\u00f3n Social. Edit\u00f3 un libro de poemas, <em>Formas del silencio<\/em> (2023), y dos discos con sus canciones: <em>Aprender a flotar<\/em> (2018) y <em>Salir de casa<\/em> (2019). Es co-autora, junto a Ruperta P\u00e9rez, del libro <em>Mapic, el \u00e1rbol que estuvo siempre<\/em>, basado en relatos de la comunidad qom de zona suroeste de Rosario. Trabaja en comunicaci\u00f3n cultural y coordina el medio digital <a href=\"http:\/\/decoplas.ar\">decoplas.ar<\/a>.<\/span><\/p>\n<p><strong><span>&#8211;<\/span><\/strong><\/p>\n<p><span>Ruperta P\u00e9rez naci\u00f3 en Miraflores en 1957, en el seno de la comunidad qom rapicoshec, en el impenetrable chaque\u00f1o. De ni\u00f1a aprendi\u00f3 el arte de la cester\u00eda qom realizada con fibras vegetales, oficio que realiza hasta la fecha y que transmite a sus hijos y nietos. A los 27 a\u00f1os dej\u00f3 su lugar de origen y lleg\u00f3 a Rosario en el a\u00f1o 1985 en busca de mejores oportunidades de trabajo junto a sus 3 hijos. Como muchas otras familias se asent\u00f3 precariamente en el Barrio Empalme Graneros, hasta que en 1991 fue relocalizada al complejo habitacional denominado Barrio Toba Rouill\u00f3n del Distrito Oeste, donde reside actualmente, siendo una de las principales referentes barriales. Es la actual sub-coordinadora general de la Direcci\u00f3n Municipal de Pueblos Originarios. Tambi\u00e9n escribe poes\u00eda.<\/span><\/p>\n<p>[\/et_pb_text][\/et_pb_column][\/et_pb_row][\/et_pb_section][et_pb_section fb_built=\u00bb1&#8243; admin_label=\u00bbpoemas\u00bb _builder_version=\u00bb4.19.0&#8243; custom_margin=\u00bb0px||||false|false\u00bb custom_padding=\u00bb0px||||false|false\u00bb global_colors_info=\u00bb{}\u00bb][et_pb_row custom_padding_last_edited=\u00bboff|phone\u00bb _builder_version=\u00bb4.16&#8243; background_position=\u00bbbottom_center\u00bb custom_padding_tablet=\u00bb17vw||17vw||false\u00bb use_custom_width=\u00bbon\u00bb width_unit=\u00bboff\u00bb custom_width_percent=\u00bb100%\u00bb locked=\u00bboff\u00bb global_colors_info=\u00bb{}\u00bb][et_pb_column type=\u00bb4_4&#8243; _builder_version=\u00bb4.16&#8243; custom_padding=\u00bb|||\u00bb global_colors_info=\u00bb{}\u00bb custom_padding__hover=\u00bb|||\u00bb][et_pb_text _builder_version=\u00bb4.19.0&#8243; text_font=\u00bb||||||||\u00bb text_font_size=\u00bb41px\u00bb header_font=\u00bb||||||||\u00bb header_font_size=\u00bb60px\u00bb header_2_font=\u00bbPrata|500|||||||\u00bb header_2_font_size=\u00bb56px\u00bb header_2_line_height=\u00bb1.3em\u00bb header_3_font=\u00bb|700||on|||||\u00bb header_3_text_color=\u00bbrgba(0,0,0,0.35)\u00bb header_3_font_size=\u00bb12px\u00bb header_3_letter_spacing=\u00bb5px\u00bb header_3_line_height=\u00bb2em\u00bb transform_translate_linked=\u00bboff\u00bb text_orientation=\u00bbcenter\u00bb max_width=\u00bb700px\u00bb max_width_tablet=\u00bb70%\u00bb max_width_last_edited=\u00bboff|phone\u00bb module_alignment=\u00bbcenter\u00bb header_2_font_size_tablet=\u00bb40px\u00bb header_2_font_size_phone=\u00bb26px\u00bb header_2_font_size_last_edited=\u00bbon|phone\u00bb header_3_font_size_phone=\u00bb10px\u00bb header_3_font_size_last_edited=\u00bboff|desktop\u00bb module_alignment_last_edited=\u00bboff|desktop\u00bb text_text_align=\u00bbcenter\u00bb inline_fonts=\u00bbCrimson Pro\u00bb global_colors_info=\u00bb{}\u00bb]<\/p>\n<h1>poemas<\/h1>\n<p>[\/et_pb_text][\/et_pb_column][\/et_pb_row][et_pb_row _builder_version=\u00bb4.19.0&#8243; _module_preset=\u00bbdefault\u00bb global_colors_info=\u00bb{}\u00bb][et_pb_column type=\u00bb4_4&#8243; _builder_version=\u00bb4.19.0&#8243; _module_preset=\u00bbdefault\u00bb global_colors_info=\u00bb{}\u00bb][et_pb_accordion _builder_version=\u00bb4.19.0&#8243; _module_preset=\u00bbdefault\u00bb global_colors_info=\u00bb{}\u00bb][et_pb_accordion_item title=\u00bbDel libro %22Mapic, el \u00e1rbol que estuvo siempre \/  Ara&#8217;ar\u00e1 mapic toGoshap\u00e9c%22&#8243; open=\u00bbon\u00bb _builder_version=\u00bb4.19.0&#8243; _module_preset=\u00bbdefault\u00bb global_colors_info=\u00bb{}\u00bb]<\/p>\n<p><span>el <em>mapic<\/em> es el \u00e1rbol <\/span><\/p>\n<p><span>que estuvo siempre <\/span><\/p>\n<p><span>una sombrilla gigante <\/span><\/p>\n<p><span>que nos cobija <\/span><\/p>\n<p><span>es semejante a nosotros <\/span><\/p>\n<p><span>y la respetamos<\/span><\/p>\n<p><span>\u00a0<\/span><\/p>\n<p><span>ella nos da el alimento <\/span><\/p>\n<p><span>no tenemos que pagarle nada <\/span><\/p>\n<p><span>nos brinda su sombra <\/span><\/p>\n<p><span>cuando hace calor <\/span><\/p>\n<p><span>sus chauchas para comer <\/span><\/p>\n<p><span>su tanino para te\u00f1ir <\/span><\/p>\n<p><span>su madera prende el fuego<\/span><\/p>\n<p><span>\u00a0<\/span><\/p>\n<p><span>llega el primer aroma <\/span><\/p>\n<p><span>del brote del<em> mapic<\/em> <\/span><\/p>\n<p><span>anuncia el <em>lavoG\u00f3<\/em><\/span><\/p>\n<p><span>\u00a0nos regala su perfume <\/span><\/p>\n<p><span>y ese regalo no es para uno <\/span><\/p>\n<p><span>es para todos por igual <\/span><\/p>\n<p><span>para quien lo quiera tomar<\/span><\/p>\n<p><span>\u00a0<\/span><\/p>\n<p><em><span>no\u00f3maGaye <\/span><\/em><\/p>\n<p><span>descansa el <em>mapic<\/em><\/span><\/p>\n<p><span>sus ramas est\u00e1n peladas <\/span><\/p>\n<p>nadie va a sombrear<\/p>\n<p><span>ya no canta la chicharra <\/span><\/p>\n<p><span>duerme bajo la tierra<\/span><\/p>\n<p><span>nosotros tambi\u00e9n <\/span><\/p>\n<p>hacemos silencio<\/p>\n<p>&nbsp;<\/p>\n<p>***<\/p>\n<p>&nbsp;<\/p>\n<p><em><span>ara\u2019ar\u00e1 mapic <\/span><\/em><\/p>\n<p><em><span>toGoshap\u00e9c <\/span><\/em><\/p>\n<p><em><span>qarpalaGalate iat\u00e1q\u2019ta\u2019 lat\u00e9eray<\/span><\/em><\/p>\n<p><em><span>\u00a0qom\u00ed ntela\u00e1lo <\/span><\/em><\/p>\n<p><em><span>qalta\u2019 enam qom\u00ed <\/span><\/em><\/p>\n<p><em><span>sel\u00f3GoGet<\/span><\/em><\/p>\n<p><span>\u00a0<\/span><\/p>\n<p><em><span>aramaye qomi iarema nam qonoq\u2019<\/span><\/em><\/p>\n<p><em><span>saishet ra seshetenaq\u2019 <\/span><\/em><\/p>\n<p><em><span>qomi iarema na l\u2019paq\u00e1l ra n\u2019tap\u2019 <\/span><\/em><\/p>\n<p><em><span>nam ahla qom\u00ed iarema na amap\u2019 <\/span><\/em><\/p>\n<p><em><span>nam l\u2019chaq\u2019 arqoilaGanat <\/span><\/em><\/p>\n<p><em><span>qa\u2019 nam l\u2019cove salonaGana yem q\u00e1rl\u00e9\u2019<\/span><\/em><\/p>\n<p><span>\u00a0<\/span><\/p>\n<p><em><span>n\u2019vi na n\u2019coraGat <\/span><\/em><\/p>\n<p><em><span>q\u00e1ltaq rasov\u00ed ara mapic <\/span><\/em><\/p>\n<p><em><span>ia\u2019aGataaGet na lavoG\u00f3 <\/span><\/em><\/p>\n<p><em><span>qomi iarema na n\u2019coraGat <\/span><\/em><\/p>\n<p><em>qa\u2019 som qanme saishet ram \u00f1e onolec <\/em><\/p>\n<p><em>t\u00e1iot inavac qomi <\/em><\/p>\n<p><em>maiche cam iaconGet<\/em><\/p>\n<p>&nbsp;<\/p>\n<p><em>no\u00f3maGaye <\/em><\/p>\n<p><em>n\u2019mat\u00e9c ara mapic <\/em><\/p>\n<p><em>qui\u2019it anam l\u2019cove <\/em><\/p>\n<p><em>qaica ca l\u2019paqal<\/em><\/p>\n<p><em><span>na n\u2019mio\u2019 sa ro\u00f3naGan <\/span><\/em><\/p>\n<p><em><span>taigui \u2018ana \u2019alh\u00faa <\/span><\/em><\/p>\n<p><em><span>qomi taq\u00e1ien <\/span><\/em><\/p>\n<p><em><span>shemaGasot\u00f3m<\/span><\/em><\/p>\n<p>[\/et_pb_accordion_item][\/et_pb_accordion][\/et_pb_column][\/et_pb_row][\/et_pb_section][et_pb_section fb_built=\u00bb1&#8243; admin_label=\u00bbcontacto\u00bb _builder_version=\u00bb4.19.0&#8243; background_size=\u00bbinitial\u00bb background_repeat=\u00bbrepeat-y\u00bb custom_padding=\u00bb0px|||||\u00bb saved_tabs=\u00bball\u00bb locked=\u00bboff\u00bb global_colors_info=\u00bb{}\u00bb][et_pb_row _builder_version=\u00bb4.19.0&#8243; width=\u00bb74%\u00bb custom_margin=\u00bb|auto||auto|false|false\u00bb custom_padding=\u00bb||||false|false\u00bb border_width_top=\u00bb2px\u00bb global_colors_info=\u00bb{}\u00bb][et_pb_column type=\u00bb4_4&#8243; _builder_version=\u00bb4.19.0&#8243; custom_padding=\u00bb|||\u00bb global_colors_info=\u00bb{}\u00bb custom_padding__hover=\u00bb|||\u00bb][et_pb_social_media_follow disabled_on=\u00bbon|on|on\u00bb _builder_version=\u00bb4.19.0&#8243; text_orientation=\u00bbcenter\u00bb custom_margin=\u00bb-20px|||-10px\u00bb custom_margin_tablet=\u00bb\u00bb custom_margin_phone=\u00bb-20px||\u00bb custom_margin_last_edited=\u00bbon|desktop\u00bb filter_invert=\u00bb100%\u00bb disabled=\u00bbon\u00bb locked=\u00bboff\u00bb global_colors_info=\u00bb{}\u00bb icon_color__hover=\u00bb#e02b20&#8243;][et_pb_social_media_follow_network social_network=\u00bbfacebook\u00bb _builder_version=\u00bb4.16&#8243; global_colors_info=\u00bb{}\u00bb follow_button=\u00bboff\u00bb url_new_window=\u00bbon\u00bb]facebook[\/et_pb_social_media_follow_network][et_pb_social_media_follow_network social_network=\u00bbtwitter\u00bb _builder_version=\u00bb4.16&#8243; global_colors_info=\u00bb{}\u00bb follow_button=\u00bboff\u00bb url_new_window=\u00bbon\u00bb]twitter[\/et_pb_social_media_follow_network][et_pb_social_media_follow_network social_network=\u00bbgoogle-plus\u00bb _builder_version=\u00bb4.16&#8243; global_colors_info=\u00bb{}\u00bb follow_button=\u00bboff\u00bb url_new_window=\u00bbon\u00bb]google-plus[\/et_pb_social_media_follow_network][et_pb_social_media_follow_network social_network=\u00bbinstagram\u00bb _builder_version=\u00bb4.16&#8243; global_colors_info=\u00bb{}\u00bb follow_button=\u00bboff\u00bb url_new_window=\u00bbon\u00bb]instagram[\/et_pb_social_media_follow_network][\/et_pb_social_media_follow][\/et_pb_column][\/et_pb_row][\/et_pb_section]<\/p>\n","protected":false},"excerpt":{"rendered":"<p>Lara Pellegrini y Ruperta P\u00e9rez(Rosario, 1985) (Miraflores, Chaco, 1957) Lara Pellegrini es poeta, cantautora y Licenciada en Comunicaci\u00f3n Social. Edit\u00f3 un libro de poemas, Formas del silencio (2023), y dos [&hellip;]<\/p>\n","protected":false},"author":138435,"featured_media":0,"parent":0,"menu_order":0,"comment_status":"closed","ping_status":"closed","template":"","meta":{"_acf_changed":false,"_et_pb_use_builder":"on","_et_pb_old_content":"","_et_gb_content_width":"","footnotes":""},"class_list":["post-1060","page","type-page","status-publish","hentry"],"acf":[],"yoast_head":"<!-- This site is optimized with the Yoast SEO plugin v27.2 - https:\/\/yoast.com\/product\/yoast-seo-wordpress\/ -->\n<title>Lara Pellegrini y Ruperta Perez - Festival Internacional de Poes\u00eda de Rosario<\/title>\n<meta name=\"robots\" content=\"index, follow, max-snippet:-1, max-image-preview:large, max-video-preview:-1\" \/>\n<link rel=\"canonical\" href=\"https:\/\/www.santafe.gob.ar\/ms\/fipr\/lara-pellegrini-y-ruperta-perez\/\" \/>\n<meta property=\"og:locale\" content=\"es_ES\" \/>\n<meta property=\"og:type\" content=\"article\" \/>\n<meta property=\"og:title\" content=\"Lara Pellegrini y Ruperta Perez - Festival Internacional de Poes\u00eda de Rosario\" \/>\n<meta property=\"og:description\" content=\"Lara Pellegrini y Ruperta P\u00e9rez(Rosario, 1985) (Miraflores, Chaco, 1957) Lara Pellegrini es poeta, cantautora y Licenciada en Comunicaci\u00f3n Social. Edit\u00f3 un libro de poemas, Formas del silencio (2023), y dos [&hellip;]\" \/>\n<meta property=\"og:url\" content=\"https:\/\/www.santafe.gob.ar\/ms\/fipr\/lara-pellegrini-y-ruperta-perez\/\" \/>\n<meta property=\"og:site_name\" content=\"Festival Internacional de Poes\u00eda de Rosario\" \/>\n<meta property=\"article:modified_time\" content=\"2025-11-11T11:02:16+00:00\" \/>\n<meta name=\"twitter:card\" content=\"summary_large_image\" \/>\n<meta name=\"twitter:label1\" content=\"Tiempo de lectura\" \/>\n\t<meta name=\"twitter:data1\" content=\"7 minutos\" \/>\n<script type=\"application\/ld+json\" class=\"yoast-schema-graph\">{\"@context\":\"https:\/\/schema.org\",\"@graph\":[{\"@type\":\"WebPage\",\"@id\":\"https:\/\/www.santafe.gob.ar\/ms\/fipr\/lara-pellegrini-y-ruperta-perez\/\",\"url\":\"https:\/\/www.santafe.gob.ar\/ms\/fipr\/lara-pellegrini-y-ruperta-perez\/\",\"name\":\"Lara Pellegrini y Ruperta Perez - Festival Internacional de Poes\u00eda de Rosario\",\"isPartOf\":{\"@id\":\"https:\/\/www.santafe.gob.ar\/ms\/fipr\/#website\"},\"datePublished\":\"2025-11-08T21:40:01+00:00\",\"dateModified\":\"2025-11-11T11:02:16+00:00\",\"breadcrumb\":{\"@id\":\"https:\/\/www.santafe.gob.ar\/ms\/fipr\/lara-pellegrini-y-ruperta-perez\/#breadcrumb\"},\"inLanguage\":\"es\",\"potentialAction\":[{\"@type\":\"ReadAction\",\"target\":[\"https:\/\/www.santafe.gob.ar\/ms\/fipr\/lara-pellegrini-y-ruperta-perez\/\"]}]},{\"@type\":\"BreadcrumbList\",\"@id\":\"https:\/\/www.santafe.gob.ar\/ms\/fipr\/lara-pellegrini-y-ruperta-perez\/#breadcrumb\",\"itemListElement\":[{\"@type\":\"ListItem\",\"position\":1,\"name\":\"Portada\",\"item\":\"https:\/\/www.santafe.gob.ar\/ms\/fipr\/\"},{\"@type\":\"ListItem\",\"position\":2,\"name\":\"Lara Pellegrini y Ruperta Perez\"}]},{\"@type\":\"WebSite\",\"@id\":\"https:\/\/www.santafe.gob.ar\/ms\/fipr\/#website\",\"url\":\"https:\/\/www.santafe.gob.ar\/ms\/fipr\/\",\"name\":\"Festival Internacional de Poes\u00eda de Rosario\",\"description\":\"\",\"potentialAction\":[{\"@type\":\"SearchAction\",\"target\":{\"@type\":\"EntryPoint\",\"urlTemplate\":\"https:\/\/www.santafe.gob.ar\/ms\/fipr\/?s={search_term_string}\"},\"query-input\":{\"@type\":\"PropertyValueSpecification\",\"valueRequired\":true,\"valueName\":\"search_term_string\"}}],\"inLanguage\":\"es\"}]}<\/script>\n<!-- \/ Yoast SEO plugin. -->","yoast_head_json":{"title":"Lara Pellegrini y Ruperta Perez - Festival Internacional de Poes\u00eda de Rosario","robots":{"index":"index","follow":"follow","max-snippet":"max-snippet:-1","max-image-preview":"max-image-preview:large","max-video-preview":"max-video-preview:-1"},"canonical":"https:\/\/www.santafe.gob.ar\/ms\/fipr\/lara-pellegrini-y-ruperta-perez\/","og_locale":"es_ES","og_type":"article","og_title":"Lara Pellegrini y Ruperta Perez - Festival Internacional de Poes\u00eda de Rosario","og_description":"Lara Pellegrini y Ruperta P\u00e9rez(Rosario, 1985) (Miraflores, Chaco, 1957) Lara Pellegrini es poeta, cantautora y Licenciada en Comunicaci\u00f3n Social. Edit\u00f3 un libro de poemas, Formas del silencio (2023), y dos [&hellip;]","og_url":"https:\/\/www.santafe.gob.ar\/ms\/fipr\/lara-pellegrini-y-ruperta-perez\/","og_site_name":"Festival Internacional de Poes\u00eda de Rosario","article_modified_time":"2025-11-11T11:02:16+00:00","twitter_card":"summary_large_image","twitter_misc":{"Tiempo de lectura":"7 minutos"},"schema":{"@context":"https:\/\/schema.org","@graph":[{"@type":"WebPage","@id":"https:\/\/www.santafe.gob.ar\/ms\/fipr\/lara-pellegrini-y-ruperta-perez\/","url":"https:\/\/www.santafe.gob.ar\/ms\/fipr\/lara-pellegrini-y-ruperta-perez\/","name":"Lara Pellegrini y Ruperta Perez - Festival Internacional de Poes\u00eda de Rosario","isPartOf":{"@id":"https:\/\/www.santafe.gob.ar\/ms\/fipr\/#website"},"datePublished":"2025-11-08T21:40:01+00:00","dateModified":"2025-11-11T11:02:16+00:00","breadcrumb":{"@id":"https:\/\/www.santafe.gob.ar\/ms\/fipr\/lara-pellegrini-y-ruperta-perez\/#breadcrumb"},"inLanguage":"es","potentialAction":[{"@type":"ReadAction","target":["https:\/\/www.santafe.gob.ar\/ms\/fipr\/lara-pellegrini-y-ruperta-perez\/"]}]},{"@type":"BreadcrumbList","@id":"https:\/\/www.santafe.gob.ar\/ms\/fipr\/lara-pellegrini-y-ruperta-perez\/#breadcrumb","itemListElement":[{"@type":"ListItem","position":1,"name":"Portada","item":"https:\/\/www.santafe.gob.ar\/ms\/fipr\/"},{"@type":"ListItem","position":2,"name":"Lara Pellegrini y Ruperta Perez"}]},{"@type":"WebSite","@id":"https:\/\/www.santafe.gob.ar\/ms\/fipr\/#website","url":"https:\/\/www.santafe.gob.ar\/ms\/fipr\/","name":"Festival Internacional de Poes\u00eda de Rosario","description":"","potentialAction":[{"@type":"SearchAction","target":{"@type":"EntryPoint","urlTemplate":"https:\/\/www.santafe.gob.ar\/ms\/fipr\/?s={search_term_string}"},"query-input":{"@type":"PropertyValueSpecification","valueRequired":true,"valueName":"search_term_string"}}],"inLanguage":"es"}]}},"_links":{"self":[{"href":"https:\/\/www.santafe.gob.ar\/ms\/fipr\/wp-json\/wp\/v2\/pages\/1060","targetHints":{"allow":["GET"]}}],"collection":[{"href":"https:\/\/www.santafe.gob.ar\/ms\/fipr\/wp-json\/wp\/v2\/pages"}],"about":[{"href":"https:\/\/www.santafe.gob.ar\/ms\/fipr\/wp-json\/wp\/v2\/types\/page"}],"author":[{"embeddable":true,"href":"https:\/\/www.santafe.gob.ar\/ms\/fipr\/wp-json\/wp\/v2\/users\/138435"}],"replies":[{"embeddable":true,"href":"https:\/\/www.santafe.gob.ar\/ms\/fipr\/wp-json\/wp\/v2\/comments?post=1060"}],"version-history":[{"count":11,"href":"https:\/\/www.santafe.gob.ar\/ms\/fipr\/wp-json\/wp\/v2\/pages\/1060\/revisions"}],"predecessor-version":[{"id":1695,"href":"https:\/\/www.santafe.gob.ar\/ms\/fipr\/wp-json\/wp\/v2\/pages\/1060\/revisions\/1695"}],"wp:attachment":[{"href":"https:\/\/www.santafe.gob.ar\/ms\/fipr\/wp-json\/wp\/v2\/media?parent=1060"}],"curies":[{"name":"wp","href":"https:\/\/api.w.org\/{rel}","templated":true}]}}