{"id":1098,"date":"2025-11-08T22:27:23","date_gmt":"2025-11-08T21:27:23","guid":{"rendered":"https:\/\/www.santafe.gob.ar\/ms\/fipr\/?page_id=1098"},"modified":"2025-11-11T11:35:37","modified_gmt":"2025-11-11T10:35:37","slug":"maria-victoria-rittiner-basaez","status":"publish","type":"page","link":"https:\/\/www.santafe.gob.ar\/ms\/fipr\/maria-victoria-rittiner-basaez\/","title":{"rendered":"Mar\u00eda Victoria Rittiner Basaez"},"content":{"rendered":"<p>[et_pb_section fb_built=\u00bb1&#8243; custom_padding_last_edited=\u00bboff|desktop\u00bb admin_label=\u00bbHeader\u00bb _builder_version=\u00bb4.19.0&#8243; background_color_gradient_direction=\u00bb188deg\u00bb background_image=\u00bbhttps:\/\/www.santafe.gob.ar\/ms\/fipr\/wp-content\/uploads\/sites\/88\/2025\/11\/art-gallery-55.jpg\u00bb background_size=\u00bbinitial\u00bb background_repeat=\u00bbrepeat\u00bb width=\u00bb100%\u00bb custom_padding_tablet=\u00bb5vw||5vw||true\u00bb top_divider_style=\u00bbslant\u00bb top_divider_color=\u00bb#063A29&#8243; top_divider_height=\u00bb153px\u00bb top_divider_flip=\u00bbhorizontal\u00bb global_colors_info=\u00bb{}\u00bb][et_pb_row column_structure=\u00bb2_5,3_5&#8243; use_custom_gutter=\u00bbon\u00bb gutter_width=\u00bb2&#8243; make_equal=\u00bbon\u00bb admin_label=\u00bbFila\u00bb _builder_version=\u00bb4.19.0&#8243; use_custom_width=\u00bbon\u00bb width_unit=\u00bboff\u00bb custom_width_percent=\u00bb100%\u00bb locked=\u00bboff\u00bb global_colors_info=\u00bb{}\u00bb][et_pb_column type=\u00bb2_5&#8243; _builder_version=\u00bb4.16&#8243; custom_padding=\u00bb|||\u00bb global_colors_info=\u00bb{}\u00bb custom_padding__hover=\u00bb|||\u00bb][et_pb_text _builder_version=\u00bb4.19.0&#8243; text_font=\u00bbCrimson Pro||||||||\u00bb text_text_color=\u00bb#121212&#8243; text_font_size=\u00bb60px\u00bb text_line_height=\u00bb1em\u00bb header_font=\u00bb||||||||\u00bb header_2_font=\u00bbPrata|500|||||||\u00bb header_2_text_align=\u00bbleft\u00bb header_2_font_size=\u00bb56px\u00bb header_2_line_height=\u00bb1.3em\u00bb header_4_font=\u00bb|700|||||||\u00bb header_4_font_size=\u00bb20px\u00bb header_4_line_height=\u00bb1.2em\u00bb transform_translate_linked=\u00bboff\u00bb max_width=\u00bb100%\u00bb max_width_tablet=\u00bb70%\u00bb max_width_last_edited=\u00bboff|phone\u00bb hover_enabled=\u00bb0&#8243; text_font_size_tablet=\u00bb60px\u00bb text_font_size_phone=\u00bb42px\u00bb text_font_size_last_edited=\u00bbon|phone\u00bb header_2_font_size_tablet=\u00bb40px\u00bb header_2_font_size_phone=\u00bb26px\u00bb header_2_font_size_last_edited=\u00bbon|desktop\u00bb global_colors_info=\u00bb{}\u00bb sticky_enabled=\u00bb0&#8243;]<\/p>\n<p><strong>Mar\u00eda Victoria Rittiner Basaez<\/strong><\/p>\n<p>[\/et_pb_text][et_pb_image src=\u00bbhttps:\/\/www.santafe.gob.ar\/ms\/fipr\/wp-content\/uploads\/sites\/88\/2025\/11\/0Maria-Victoria-Rittiner-Basaez-Santa-Fe-1992.jpg\u00bb title_text=\u00bb0Mar\u00eda Victoria Rittiner Basaez (Santa Fe, 1992)\u00bb _builder_version=\u00bb4.19.0&#8243; _module_preset=\u00bbdefault\u00bb global_colors_info=\u00bb{}\u00bb][\/et_pb_image][\/et_pb_column][et_pb_column type=\u00bb3_5&#8243; _builder_version=\u00bb4.19.0&#8243; custom_padding=\u00bb51px||||false|false\u00bb global_colors_info=\u00bb{}\u00bb custom_padding__hover=\u00bb|||\u00bb][et_pb_text _builder_version=\u00bb4.19.0&#8243; text_font=\u00bb||||||||\u00bb header_font=\u00bb|700|||||||\u00bb header_font_size=\u00bb20px\u00bb header_line_height=\u00bb1.3em\u00bb header_2_font=\u00bb|700|||||||\u00bb header_2_font_size=\u00bb20px\u00bb header_2_line_height=\u00bb1.3em\u00bb header_3_font=\u00bb|700|||||||\u00bb header_3_font_size=\u00bb16px\u00bb header_3_line_height=\u00bb1.3em\u00bb custom_padding=\u00bb||7px|||\u00bb header_font_size_tablet=\u00bb\u00bb header_font_size_phone=\u00bb\u00bb header_font_size_last_edited=\u00bbon|desktop\u00bb locked=\u00bboff\u00bb global_colors_info=\u00bb{}\u00bb]<\/p>\n<p>(Santa Fe, 1992)<\/p>\n<p><strong>\u00a0<\/strong>Naci\u00f3 en Santa Fe, donde actualmente reside. Durante su infancia y adolescencia vivi\u00f3 en Esperanza. Es docente, tallerista, m\u00fasica y poeta. Public\u00f3 los libros <em>Tropismos<\/em> (Autom\u00e1gica, 2021) y <em>La belleza de las cosas que salen mal<\/em> (Vera Cartonera, 2021). Integra las antolog\u00edas <em>Celof\u00e1n 2. Antolog\u00eda de poetas j\u00f3venes <\/em>(La carretilla roja, 2019), <em>Quedarse ac\u00e1<\/em> y <em>Pido la luna brillante<\/em> (Colectivo de Escritoras Feministas de Santa Fe Traza, 2020), <em>Jard\u00edn <\/em>(Camalote, 2021) y el fanzine n\u00b01 <em>Enramada<\/em> (Corteza, 2018). En narrativa, particip\u00f3 del <em>Diccionario Enciclop\u00e9dico de las cosas que nos gustan <\/em>(Libros Silvestres, 2022). En 2018 particip\u00f3 de la segunda Residencia para J\u00f3venes Poetas del FIPR. En 2025, junto a otrxs poetas de la ciudad de Santa Fe, fund\u00f3 el Grupo Afluente con el que gestion\u00f3 colaborativamente la primera edici\u00f3n de Afluente, un festival de poes\u00eda en Santa Fe. Desde 2017 forma parte de la banda de dream pop y shoegaze Anajunno. Bajo el nombre MVRB, realiza cruces entre poes\u00eda y m\u00fasica hecha con sintetizadores.<\/p>\n<p>[\/et_pb_text][\/et_pb_column][\/et_pb_row][\/et_pb_section][et_pb_section fb_built=\u00bb1&#8243; admin_label=\u00bbpoemas\u00bb _builder_version=\u00bb4.19.0&#8243; custom_margin=\u00bb0px||||false|false\u00bb custom_padding=\u00bb0px||||false|false\u00bb global_colors_info=\u00bb{}\u00bb][et_pb_row custom_padding_last_edited=\u00bboff|phone\u00bb _builder_version=\u00bb4.16&#8243; background_position=\u00bbbottom_center\u00bb custom_padding_tablet=\u00bb17vw||17vw||false\u00bb use_custom_width=\u00bbon\u00bb width_unit=\u00bboff\u00bb custom_width_percent=\u00bb100%\u00bb locked=\u00bboff\u00bb global_colors_info=\u00bb{}\u00bb][et_pb_column type=\u00bb4_4&#8243; _builder_version=\u00bb4.16&#8243; custom_padding=\u00bb|||\u00bb global_colors_info=\u00bb{}\u00bb custom_padding__hover=\u00bb|||\u00bb][et_pb_text _builder_version=\u00bb4.19.0&#8243; text_font=\u00bb||||||||\u00bb text_font_size=\u00bb41px\u00bb header_font=\u00bb||||||||\u00bb header_font_size=\u00bb60px\u00bb header_2_font=\u00bbPrata|500|||||||\u00bb header_2_font_size=\u00bb56px\u00bb header_2_line_height=\u00bb1.3em\u00bb header_3_font=\u00bb|700||on|||||\u00bb header_3_text_color=\u00bbrgba(0,0,0,0.35)\u00bb header_3_font_size=\u00bb12px\u00bb header_3_letter_spacing=\u00bb5px\u00bb header_3_line_height=\u00bb2em\u00bb transform_translate_linked=\u00bboff\u00bb text_orientation=\u00bbcenter\u00bb max_width=\u00bb700px\u00bb max_width_tablet=\u00bb70%\u00bb max_width_last_edited=\u00bboff|phone\u00bb module_alignment=\u00bbcenter\u00bb header_2_font_size_tablet=\u00bb40px\u00bb header_2_font_size_phone=\u00bb26px\u00bb header_2_font_size_last_edited=\u00bbon|phone\u00bb header_3_font_size_phone=\u00bb10px\u00bb header_3_font_size_last_edited=\u00bboff|desktop\u00bb module_alignment_last_edited=\u00bboff|desktop\u00bb text_text_align=\u00bbcenter\u00bb inline_fonts=\u00bbCrimson Pro\u00bb global_colors_info=\u00bb{}\u00bb]<\/p>\n<h1>poemas<\/h1>\n<p>[\/et_pb_text][\/et_pb_column][\/et_pb_row][et_pb_row _builder_version=\u00bb4.19.0&#8243; _module_preset=\u00bbdefault\u00bb global_colors_info=\u00bb{}\u00bb][et_pb_column type=\u00bb4_4&#8243; _builder_version=\u00bb4.19.0&#8243; _module_preset=\u00bbdefault\u00bb global_colors_info=\u00bb{}\u00bb][et_pb_accordion _builder_version=\u00bb4.19.0&#8243; _module_preset=\u00bbdefault\u00bb global_colors_info=\u00bb{}\u00bb][et_pb_accordion_item title=\u00bbCaballo de bronce\u00bb open=\u00bbon\u00bb _builder_version=\u00bb4.19.0&#8243; _module_preset=\u00bbdefault\u00bb global_colors_info=\u00bb{}\u00bb]<\/p>\n<p>Cuando era chica iba seguido<br \/>a la casa de mi abuela<br \/>etiquetaba todos sus adornos de bronce<br \/>les pon\u00eda mi nombre, el de mis hermanas<br \/>el de mis primos.<br \/>Es nuestra herencia, le dec\u00eda.<br \/>El abrecartas de perro salchicha<br \/>el cenicero con forma de tortuga<br \/>la flor que se pod\u00eda deshojar<br \/>p\u00e9talo por p\u00e9talo<br \/>un perro d\u00e1lmata con su cachorrito<br \/>y ese caballo macizo<br \/>que me costaba levantar.<br \/>Siempre que los nombres se despegaban<br \/>ella los volv\u00eda a poner en su lugar.<br \/>Reci\u00e9n a los dieciocho<br \/>vi por primera vez un cuerpo<br \/>dentro de un ata\u00fad.<br \/>Ten\u00eda examen de matem\u00e1ticas<br \/>pero saqu\u00e9 fuerza<br \/>para no llorar en la escuela<br \/>como cuando aprend\u00ed<br \/>a no sentir cosquillas.<br \/>Me pregunto si hoy nos llevar\u00edamos bien<br \/>cambi\u00e9 tanto que ya no me acuerdo<br \/>las cosas de las que habl\u00e1bamos.<br \/>Ahora pienso y no entiendo<br \/>por qu\u00e9 ten\u00edan rejas tus ventanas<br \/>si siempre dejabas la puerta abierta.<\/p>\n<p>&nbsp;<\/p>\n<p><em><strong>La belleza de las cosas que salen mal<\/strong><\/em> (Vera Cartonera, 2021)<\/p>\n<p>[\/et_pb_accordion_item][et_pb_accordion_item title=\u00bbQu\u00e9 bueno que est\u00e9n todas juntas\u00bb _builder_version=\u00bb4.19.0&#8243; _module_preset=\u00bbdefault\u00bb global_colors_info=\u00bb{}\u00bb open=\u00bboff\u00bb]<\/p>\n<p>El verano tiene una organizaci\u00f3n particular:<br \/>para compartir el ventilador<br \/>hay que modificar la postura de los cuerpos.<br \/>Siempre cre\u00ed llegar tarde a todo<br \/>conoc\u00ed bandas a punto de separarse<br \/>tuve mi primer tatuaje a los veinticinco<br \/>entend\u00ed una materia entera<br \/>despu\u00e9s de haber aprobado el examen.<br \/>Ahora que tengo veintiocho<br \/>estoy aprendiendo a dormir en mi propio cuarto.<br \/>Cambi\u00e9 la cama de lugar unas cinco veces<br \/>y encontr\u00e9 la forma casi perfecta<br \/>para acomodar los muebles cerca de los enchufes.<br \/>Ahora que dormimos en habitaciones separadas<br \/>cada una con su ventilador<br \/>los d\u00edas m\u00e1s calurosos compartimos el aire<br \/>como cuando \u00e9ramos chicas<br \/>y mam\u00e1 nos tiraba un colch\u00f3n en el suelo<br \/>para aprovechar el fresco.<\/p>\n<p>&nbsp;<\/p>\n<p>&nbsp;<\/p>\n<p><strong><em>La belleza de las cosas que salen mal<\/em> (Vera Cartonera, 2021)<\/strong><\/p>\n<p>[\/et_pb_accordion_item][et_pb_accordion_item title=\u00bbLos t\u00e1banos castigaron la piel\u00bb _builder_version=\u00bb4.19.0&#8243; _module_preset=\u00bbdefault\u00bb global_colors_info=\u00bb{}\u00bb open=\u00bboff\u00bb]<\/p>\n<p>Los t\u00e1banos castigaron la piel<br \/>como souvenir costero.<br \/>Gallinas, gallos y patos<br \/>carro\u00f1ean los restos del asado<br \/>van al asalto de lo que encuentren.<br \/>Cuido mis pies del picoteo<br \/>todo lo que se cae es un fest\u00edn.<br \/>Los gatos de ac\u00e1 no me buscan<br \/>me observan con prudencia<br \/>se alejan por si acaso.<br \/>El aire espesa la respiraci\u00f3n<br \/>empasta los suspiros en la boca.<br \/>Despu\u00e9s del festejo<br \/>los cuerpos de agua<br \/>se mueven lento, tardan<br \/>en volver a casa.<\/p>\n<p>&nbsp;<\/p>\n<p><strong>In\u00e9dito<\/strong><\/p>\n<p>[\/et_pb_accordion_item][et_pb_accordion_item title=\u00bbVeo la ciudad de espaldas\u00bb _builder_version=\u00bb4.19.0&#8243; _module_preset=\u00bbdefault\u00bb global_colors_info=\u00bb{}\u00bb open=\u00bboff\u00bb]<\/p>\n<p>Veo la ciudad de espaldas<br \/>esperando mi regreso<br \/>entre los yuyales y el agua estanca<br \/>de anteriores lluvias pesadas<br \/>una canci\u00f3n me revela una verdad<br \/>igual que la flor asomada<br \/>entre la fronda espesa<br \/>rompe la continuidad verde<br \/>estoica, regia, \u00fanica<br \/><em>qu\u00e9 suerte que nunca es el fin.<\/em><\/p>\n<p><em><\/em><\/p>\n<p><em><\/em><\/p>\n<p><strong>In\u00e9dito<\/strong><\/p>\n<p>[\/et_pb_accordion_item][\/et_pb_accordion][\/et_pb_column][\/et_pb_row][\/et_pb_section][et_pb_section fb_built=\u00bb1&#8243; admin_label=\u00bbcontacto\u00bb _builder_version=\u00bb4.19.0&#8243; background_size=\u00bbinitial\u00bb background_repeat=\u00bbrepeat-y\u00bb custom_padding=\u00bb0px|||||\u00bb saved_tabs=\u00bball\u00bb locked=\u00bboff\u00bb global_colors_info=\u00bb{}\u00bb][et_pb_row disabled_on=\u00bbon|on|on\u00bb _builder_version=\u00bb4.19.0&#8243; width=\u00bb74%\u00bb custom_margin=\u00bb|auto||auto|false|false\u00bb custom_padding=\u00bb||||false|false\u00bb border_width_top=\u00bb2px\u00bb disabled=\u00bbon\u00bb global_colors_info=\u00bb{}\u00bb][et_pb_column type=\u00bb4_4&#8243; _builder_version=\u00bb4.19.0&#8243; custom_padding=\u00bb|||\u00bb global_colors_info=\u00bb{}\u00bb custom_padding__hover=\u00bb|||\u00bb][et_pb_social_media_follow _builder_version=\u00bb4.19.0&#8243; text_orientation=\u00bbcenter\u00bb custom_margin=\u00bb-20px|||-10px\u00bb custom_margin_tablet=\u00bb\u00bb custom_margin_phone=\u00bb-20px||\u00bb custom_margin_last_edited=\u00bbon|desktop\u00bb filter_invert=\u00bb100%\u00bb locked=\u00bboff\u00bb global_colors_info=\u00bb{}\u00bb icon_color__hover=\u00bb#e02b20&#8243;][et_pb_social_media_follow_network social_network=\u00bbfacebook\u00bb _builder_version=\u00bb4.16&#8243; global_colors_info=\u00bb{}\u00bb follow_button=\u00bboff\u00bb url_new_window=\u00bbon\u00bb]facebook[\/et_pb_social_media_follow_network][et_pb_social_media_follow_network social_network=\u00bbtwitter\u00bb _builder_version=\u00bb4.16&#8243; global_colors_info=\u00bb{}\u00bb follow_button=\u00bboff\u00bb url_new_window=\u00bbon\u00bb]twitter[\/et_pb_social_media_follow_network][et_pb_social_media_follow_network social_network=\u00bbgoogle-plus\u00bb _builder_version=\u00bb4.16&#8243; global_colors_info=\u00bb{}\u00bb follow_button=\u00bboff\u00bb url_new_window=\u00bbon\u00bb]google-plus[\/et_pb_social_media_follow_network][et_pb_social_media_follow_network social_network=\u00bbinstagram\u00bb _builder_version=\u00bb4.16&#8243; global_colors_info=\u00bb{}\u00bb follow_button=\u00bboff\u00bb url_new_window=\u00bbon\u00bb]instagram[\/et_pb_social_media_follow_network][\/et_pb_social_media_follow][\/et_pb_column][\/et_pb_row][\/et_pb_section]<\/p>\n","protected":false},"excerpt":{"rendered":"<p>Mar\u00eda Victoria Rittiner Basaez(Santa Fe, 1992) \u00a0Naci\u00f3 en Santa Fe, donde actualmente reside. Durante su infancia y adolescencia vivi\u00f3 en Esperanza. Es docente, tallerista, m\u00fasica y poeta. Public\u00f3 los libros [&hellip;]<\/p>\n","protected":false},"author":138435,"featured_media":0,"parent":0,"menu_order":0,"comment_status":"closed","ping_status":"closed","template":"","meta":{"_acf_changed":false,"_et_pb_use_builder":"on","_et_pb_old_content":"","_et_gb_content_width":"","footnotes":""},"class_list":["post-1098","page","type-page","status-publish","hentry"],"acf":[],"yoast_head":"<!-- This site is optimized with the Yoast SEO plugin v27.2 - https:\/\/yoast.com\/product\/yoast-seo-wordpress\/ -->\n<title>Mar\u00eda Victoria Rittiner Basaez - Festival Internacional de Poes\u00eda de Rosario<\/title>\n<meta name=\"robots\" content=\"index, follow, max-snippet:-1, max-image-preview:large, max-video-preview:-1\" \/>\n<link rel=\"canonical\" href=\"https:\/\/www.santafe.gob.ar\/ms\/fipr\/maria-victoria-rittiner-basaez\/\" \/>\n<meta property=\"og:locale\" content=\"es_ES\" \/>\n<meta property=\"og:type\" content=\"article\" \/>\n<meta property=\"og:title\" content=\"Mar\u00eda Victoria Rittiner Basaez - Festival Internacional de Poes\u00eda de Rosario\" \/>\n<meta property=\"og:description\" content=\"Mar\u00eda Victoria Rittiner Basaez(Santa Fe, 1992) \u00a0Naci\u00f3 en Santa Fe, donde actualmente reside. Durante su infancia y adolescencia vivi\u00f3 en Esperanza. Es docente, tallerista, m\u00fasica y poeta. Public\u00f3 los libros [&hellip;]\" \/>\n<meta property=\"og:url\" content=\"https:\/\/www.santafe.gob.ar\/ms\/fipr\/maria-victoria-rittiner-basaez\/\" \/>\n<meta property=\"og:site_name\" content=\"Festival Internacional de Poes\u00eda de Rosario\" \/>\n<meta property=\"article:modified_time\" content=\"2025-11-11T10:35:37+00:00\" \/>\n<meta name=\"twitter:card\" content=\"summary_large_image\" \/>\n<meta name=\"twitter:label1\" content=\"Tiempo de lectura\" \/>\n\t<meta name=\"twitter:data1\" content=\"7 minutos\" \/>\n<script type=\"application\/ld+json\" class=\"yoast-schema-graph\">{\"@context\":\"https:\/\/schema.org\",\"@graph\":[{\"@type\":\"WebPage\",\"@id\":\"https:\/\/www.santafe.gob.ar\/ms\/fipr\/maria-victoria-rittiner-basaez\/\",\"url\":\"https:\/\/www.santafe.gob.ar\/ms\/fipr\/maria-victoria-rittiner-basaez\/\",\"name\":\"Mar\u00eda Victoria Rittiner Basaez - Festival Internacional de Poes\u00eda de Rosario\",\"isPartOf\":{\"@id\":\"https:\/\/www.santafe.gob.ar\/ms\/fipr\/#website\"},\"datePublished\":\"2025-11-08T21:27:23+00:00\",\"dateModified\":\"2025-11-11T10:35:37+00:00\",\"breadcrumb\":{\"@id\":\"https:\/\/www.santafe.gob.ar\/ms\/fipr\/maria-victoria-rittiner-basaez\/#breadcrumb\"},\"inLanguage\":\"es\",\"potentialAction\":[{\"@type\":\"ReadAction\",\"target\":[\"https:\/\/www.santafe.gob.ar\/ms\/fipr\/maria-victoria-rittiner-basaez\/\"]}]},{\"@type\":\"BreadcrumbList\",\"@id\":\"https:\/\/www.santafe.gob.ar\/ms\/fipr\/maria-victoria-rittiner-basaez\/#breadcrumb\",\"itemListElement\":[{\"@type\":\"ListItem\",\"position\":1,\"name\":\"Portada\",\"item\":\"https:\/\/www.santafe.gob.ar\/ms\/fipr\/\"},{\"@type\":\"ListItem\",\"position\":2,\"name\":\"Mar\u00eda Victoria Rittiner Basaez\"}]},{\"@type\":\"WebSite\",\"@id\":\"https:\/\/www.santafe.gob.ar\/ms\/fipr\/#website\",\"url\":\"https:\/\/www.santafe.gob.ar\/ms\/fipr\/\",\"name\":\"Festival Internacional de Poes\u00eda de Rosario\",\"description\":\"\",\"potentialAction\":[{\"@type\":\"SearchAction\",\"target\":{\"@type\":\"EntryPoint\",\"urlTemplate\":\"https:\/\/www.santafe.gob.ar\/ms\/fipr\/?s={search_term_string}\"},\"query-input\":{\"@type\":\"PropertyValueSpecification\",\"valueRequired\":true,\"valueName\":\"search_term_string\"}}],\"inLanguage\":\"es\"}]}<\/script>\n<!-- \/ Yoast SEO plugin. -->","yoast_head_json":{"title":"Mar\u00eda Victoria Rittiner Basaez - Festival Internacional de Poes\u00eda de Rosario","robots":{"index":"index","follow":"follow","max-snippet":"max-snippet:-1","max-image-preview":"max-image-preview:large","max-video-preview":"max-video-preview:-1"},"canonical":"https:\/\/www.santafe.gob.ar\/ms\/fipr\/maria-victoria-rittiner-basaez\/","og_locale":"es_ES","og_type":"article","og_title":"Mar\u00eda Victoria Rittiner Basaez - Festival Internacional de Poes\u00eda de Rosario","og_description":"Mar\u00eda Victoria Rittiner Basaez(Santa Fe, 1992) \u00a0Naci\u00f3 en Santa Fe, donde actualmente reside. Durante su infancia y adolescencia vivi\u00f3 en Esperanza. Es docente, tallerista, m\u00fasica y poeta. Public\u00f3 los libros [&hellip;]","og_url":"https:\/\/www.santafe.gob.ar\/ms\/fipr\/maria-victoria-rittiner-basaez\/","og_site_name":"Festival Internacional de Poes\u00eda de Rosario","article_modified_time":"2025-11-11T10:35:37+00:00","twitter_card":"summary_large_image","twitter_misc":{"Tiempo de lectura":"7 minutos"},"schema":{"@context":"https:\/\/schema.org","@graph":[{"@type":"WebPage","@id":"https:\/\/www.santafe.gob.ar\/ms\/fipr\/maria-victoria-rittiner-basaez\/","url":"https:\/\/www.santafe.gob.ar\/ms\/fipr\/maria-victoria-rittiner-basaez\/","name":"Mar\u00eda Victoria Rittiner Basaez - Festival Internacional de Poes\u00eda de Rosario","isPartOf":{"@id":"https:\/\/www.santafe.gob.ar\/ms\/fipr\/#website"},"datePublished":"2025-11-08T21:27:23+00:00","dateModified":"2025-11-11T10:35:37+00:00","breadcrumb":{"@id":"https:\/\/www.santafe.gob.ar\/ms\/fipr\/maria-victoria-rittiner-basaez\/#breadcrumb"},"inLanguage":"es","potentialAction":[{"@type":"ReadAction","target":["https:\/\/www.santafe.gob.ar\/ms\/fipr\/maria-victoria-rittiner-basaez\/"]}]},{"@type":"BreadcrumbList","@id":"https:\/\/www.santafe.gob.ar\/ms\/fipr\/maria-victoria-rittiner-basaez\/#breadcrumb","itemListElement":[{"@type":"ListItem","position":1,"name":"Portada","item":"https:\/\/www.santafe.gob.ar\/ms\/fipr\/"},{"@type":"ListItem","position":2,"name":"Mar\u00eda Victoria Rittiner Basaez"}]},{"@type":"WebSite","@id":"https:\/\/www.santafe.gob.ar\/ms\/fipr\/#website","url":"https:\/\/www.santafe.gob.ar\/ms\/fipr\/","name":"Festival Internacional de Poes\u00eda de Rosario","description":"","potentialAction":[{"@type":"SearchAction","target":{"@type":"EntryPoint","urlTemplate":"https:\/\/www.santafe.gob.ar\/ms\/fipr\/?s={search_term_string}"},"query-input":{"@type":"PropertyValueSpecification","valueRequired":true,"valueName":"search_term_string"}}],"inLanguage":"es"}]}},"_links":{"self":[{"href":"https:\/\/www.santafe.gob.ar\/ms\/fipr\/wp-json\/wp\/v2\/pages\/1098","targetHints":{"allow":["GET"]}}],"collection":[{"href":"https:\/\/www.santafe.gob.ar\/ms\/fipr\/wp-json\/wp\/v2\/pages"}],"about":[{"href":"https:\/\/www.santafe.gob.ar\/ms\/fipr\/wp-json\/wp\/v2\/types\/page"}],"author":[{"embeddable":true,"href":"https:\/\/www.santafe.gob.ar\/ms\/fipr\/wp-json\/wp\/v2\/users\/138435"}],"replies":[{"embeddable":true,"href":"https:\/\/www.santafe.gob.ar\/ms\/fipr\/wp-json\/wp\/v2\/comments?post=1098"}],"version-history":[{"count":13,"href":"https:\/\/www.santafe.gob.ar\/ms\/fipr\/wp-json\/wp\/v2\/pages\/1098\/revisions"}],"predecessor-version":[{"id":1673,"href":"https:\/\/www.santafe.gob.ar\/ms\/fipr\/wp-json\/wp\/v2\/pages\/1098\/revisions\/1673"}],"wp:attachment":[{"href":"https:\/\/www.santafe.gob.ar\/ms\/fipr\/wp-json\/wp\/v2\/media?parent=1098"}],"curies":[{"name":"wp","href":"https:\/\/api.w.org\/{rel}","templated":true}]}}